{"id":9439,"date":"2022-07-14T14:26:28","date_gmt":"2022-07-14T12:26:28","guid":{"rendered":"https:\/\/www.visbygk.com\/?page_id=9439"},"modified":"2025-08-08T10:19:31","modified_gmt":"2025-08-08T08:19:31","slug":"erbjudande","status":"publish","type":"page","link":"https:\/\/www.visbygk.com\/sv\/erbjudande\/","title":{"rendered":"Erbjudande Visby GK"},"content":{"rendered":"\n<figure class=\"wp-block-image size-large\"><img decoding=\"async\" width=\"1024\" height=\"683\" src=\"https:\/\/www.visbygk.com\/wp-content\/uploads\/2022\/07\/520_Visby_GC_JacobSjoman_V1_3x2-1024x683.jpg\" alt=\"\" class=\"wp-image-9440\" srcset=\"https:\/\/www.visbygk.com\/wp-content\/uploads\/2022\/07\/520_Visby_GC_JacobSjoman_V1_3x2-1024x683.jpg 1024w, https:\/\/www.visbygk.com\/wp-content\/uploads\/2022\/07\/520_Visby_GC_JacobSjoman_V1_3x2-300x200.jpg 300w, https:\/\/www.visbygk.com\/wp-content\/uploads\/2022\/07\/520_Visby_GC_JacobSjoman_V1_3x2-768x512.jpg 768w, https:\/\/www.visbygk.com\/wp-content\/uploads\/2022\/07\/520_Visby_GC_JacobSjoman_V1_3x2-1536x1024.jpg 1536w, https:\/\/www.visbygk.com\/wp-content\/uploads\/2022\/07\/520_Visby_GC_JacobSjoman_V1_3x2-2048x1365.jpg 2048w, https:\/\/www.visbygk.com\/wp-content\/uploads\/2022\/07\/520_Visby_GC_JacobSjoman_V1_3x2-1200x800.jpg 1200w, https:\/\/www.visbygk.com\/wp-content\/uploads\/2022\/07\/520_Visby_GC_JacobSjoman_V1_3x2-1980x1320.jpg 1980w\" sizes=\"(max-width: 1024px) 100vw, 1024px\" \/><figcaption class=\"wp-element-caption\">(C) Jacob Sj\u00f6man. jacob@sjomanart.com<\/figcaption><\/figure>\n\n\n\n<p class=\"has-text-align-center\"><strong>V\u00e4lkommen till Visby GK<\/strong><\/p>\n\n\n\n<p class=\"has-text-align-center\">Kul att du \u00e4r intresserad av v\u00e5rt erbjudande. <br>Boka en runda p\u00e5 v\u00e5r omtalade nioh\u00e5lsbana f\u00f6r <strong>300 kr\/9 h\u00e5l. <\/strong><br>I detta pris ing\u00e5r ocks\u00e5 en <strong>valfri lunch<\/strong> i v\u00e5r fina restaurang. &nbsp;<\/p>\n\n\n\n<p class=\"has-text-align-center\">Du betalar n\u00e4r du checkar in p\u00e5 golfklubben.<\/p>\n\n\n\n<p class=\"has-text-align-center\">Erbjudandet g\u00e4ller under perioden 8\/8-11\/9 2023.<br>Kan ej kombineras med \u00f6vriga bokningar.<\/p>\n\n\n\n<p class=\"has-text-align-center\">Boka <a href=\"https:\/\/mingolf.golf.se\/Login?ReturnUrl=%2F\">h\u00e4r <\/a>eller ring v\u00e5r reception p\u00e5 0498-200930<\/p>\n","protected":false},"excerpt":{"rendered":"<p>V\u00e4lkommen till Visby GK Kul att du \u00e4r intresserad av v\u00e5rt erbjudande. Boka en runda p\u00e5 v\u00e5r omtalade nioh\u00e5lsbana f\u00f6r 300 kr\/9 h\u00e5l. I detta pris ing\u00e5r ocks\u00e5 en valfri&hellip;<\/p>\n","protected":false},"author":391,"featured_media":0,"parent":0,"menu_order":0,"comment_status":"closed","ping_status":"closed","template":"","meta":{"_golfpress_post_requires_user":false,"footnotes":""},"class_list":["post-9439","page","type-page","status-publish","hentry"],"featured_image_urls_v2":{"full":"","thumbnail":"","medium":"","medium_large":"","large":"","1536x1536":"","2048x2048":"","post-thumbnail":"","twentytwenty-fullscreen":""},"post_excerpt_stackable_v2":"<p>(C) Jacob Sj\u00f6man. jacob@sjomanart.com V\u00e4lkommen till Visby GK Kul att du \u00e4r intresserad av v\u00e5rt erbjudande. Boka en runda p\u00e5 v\u00e5r omtalade nioh\u00e5lsbana f\u00f6r 300 kr\/9 h\u00e5l. I detta pris ing\u00e5r ocks\u00e5 en valfri lunch i v\u00e5r fina restaurang. &nbsp; Du betalar n\u00e4r du checkar in p\u00e5 golfklubben. Erbjudandet g\u00e4ller under perioden 8\/8-11\/9 2023.Kan ej kombineras med \u00f6vriga bokningar. Boka h\u00e4r eller ring v\u00e5r reception p\u00e5 0498-200930<\/p>\n","category_list_v2":"","author_info_v2":{"name":"000111-003","url":"https:\/\/www.visbygk.com\/sv\/author\/000111-003\/"},"comments_num_v2":"0 comments","yoast_head":"<!-- This site is optimized with the Yoast SEO plugin v24.7 - https:\/\/yoast.com\/wordpress\/plugins\/seo\/ -->\n<title>Erbjudande Visby GK - Visby GK<\/title>\n<meta name=\"robots\" content=\"index, follow, max-snippet:-1, max-image-preview:large, max-video-preview:-1\" \/>\n<link rel=\"canonical\" href=\"https:\/\/www.visbygk.com\/sv\/erbjudande\/\" \/>\n<meta property=\"og:locale\" content=\"sv_SE\" \/>\n<meta property=\"og:type\" content=\"article\" \/>\n<meta property=\"og:title\" content=\"Erbjudande Visby GK - Visby GK\" \/>\n<meta property=\"og:description\" content=\"V\u00e4lkommen till Visby GK Kul att du \u00e4r intresserad av v\u00e5rt erbjudande. Boka en runda p\u00e5 v\u00e5r omtalade nioh\u00e5lsbana f\u00f6r 300 kr\/9 h\u00e5l. I detta pris ing\u00e5r ocks\u00e5 en valfri&hellip;\" \/>\n<meta property=\"og:url\" content=\"https:\/\/www.visbygk.com\/sv\/erbjudande\/\" \/>\n<meta property=\"og:site_name\" content=\"Visby GK\" \/>\n<meta property=\"article:modified_time\" content=\"2025-08-08T08:19:31+00:00\" \/>\n<meta property=\"og:image\" content=\"https:\/\/www.visbygk.com\/wp-content\/uploads\/2022\/07\/520_Visby_GC_JacobSjoman_V1_3x2-scaled.jpg\" \/>\n\t<meta property=\"og:image:width\" content=\"2560\" \/>\n\t<meta property=\"og:image:height\" content=\"1707\" \/>\n\t<meta property=\"og:image:type\" content=\"image\/jpeg\" \/>\n<meta name=\"twitter:card\" content=\"summary_large_image\" \/>\n<meta name=\"twitter:label1\" content=\"Est. reading time\" \/>\n\t<meta name=\"twitter:data1\" content=\"1 minut\" \/>\n<script type=\"application\/ld+json\" class=\"yoast-schema-graph\">{\"@context\":\"https:\/\/schema.org\",\"@graph\":[{\"@type\":\"WebPage\",\"@id\":\"https:\/\/www.visbygk.com\/sv\/erbjudande\/\",\"url\":\"https:\/\/www.visbygk.com\/sv\/erbjudande\/\",\"name\":\"Erbjudande Visby GK - Visby GK\",\"isPartOf\":{\"@id\":\"https:\/\/www.visbygk.com\/sv\/#website\"},\"primaryImageOfPage\":{\"@id\":\"https:\/\/www.visbygk.com\/sv\/erbjudande\/#primaryimage\"},\"image\":{\"@id\":\"https:\/\/www.visbygk.com\/sv\/erbjudande\/#primaryimage\"},\"thumbnailUrl\":\"https:\/\/www.visbygk.com\/wp-content\/uploads\/2022\/07\/520_Visby_GC_JacobSjoman_V1_3x2-1024x683.jpg\",\"datePublished\":\"2022-07-14T12:26:28+00:00\",\"dateModified\":\"2025-08-08T08:19:31+00:00\",\"breadcrumb\":{\"@id\":\"https:\/\/www.visbygk.com\/sv\/erbjudande\/#breadcrumb\"},\"inLanguage\":\"sv-SE\",\"potentialAction\":[{\"@type\":\"ReadAction\",\"target\":[\"https:\/\/www.visbygk.com\/sv\/erbjudande\/\"]}]},{\"@type\":\"ImageObject\",\"inLanguage\":\"sv-SE\",\"@id\":\"https:\/\/www.visbygk.com\/sv\/erbjudande\/#primaryimage\",\"url\":\"https:\/\/www.visbygk.com\/wp-content\/uploads\/2022\/07\/520_Visby_GC_JacobSjoman_V1_3x2-1024x683.jpg\",\"contentUrl\":\"https:\/\/www.visbygk.com\/wp-content\/uploads\/2022\/07\/520_Visby_GC_JacobSjoman_V1_3x2-1024x683.jpg\"},{\"@type\":\"BreadcrumbList\",\"@id\":\"https:\/\/www.visbygk.com\/sv\/erbjudande\/#breadcrumb\",\"itemListElement\":[{\"@type\":\"ListItem\",\"position\":1,\"name\":\"Home\",\"item\":\"https:\/\/www.visbygk.com\/sv\/\"},{\"@type\":\"ListItem\",\"position\":2,\"name\":\"Erbjudande Visby GK\"}]},{\"@type\":\"WebSite\",\"@id\":\"https:\/\/www.visbygk.com\/sv\/#website\",\"url\":\"https:\/\/www.visbygk.com\/sv\/\",\"name\":\"Visby GK\",\"description\":\"Visby GK\",\"publisher\":{\"@id\":\"https:\/\/www.visbygk.com\/sv\/#organization\"},\"potentialAction\":[{\"@type\":\"SearchAction\",\"target\":{\"@type\":\"EntryPoint\",\"urlTemplate\":\"https:\/\/www.visbygk.com\/sv\/?s={search_term_string}\"},\"query-input\":{\"@type\":\"PropertyValueSpecification\",\"valueRequired\":true,\"valueName\":\"search_term_string\"}}],\"inLanguage\":\"sv-SE\"},{\"@type\":\"Organization\",\"@id\":\"https:\/\/www.visbygk.com\/sv\/#organization\",\"name\":\"Visby GK\",\"url\":\"https:\/\/www.visbygk.com\/sv\/\",\"logo\":{\"@type\":\"ImageObject\",\"inLanguage\":\"sv-SE\",\"@id\":\"https:\/\/www.visbygk.com\/sv\/#\/schema\/logo\/image\/\",\"url\":\"https:\/\/www.visbygk.com\/wp-content\/uploads\/2021\/01\/visbygk-svart-1.png\",\"contentUrl\":\"https:\/\/www.visbygk.com\/wp-content\/uploads\/2021\/01\/visbygk-svart-1.png\",\"width\":800,\"height\":800,\"caption\":\"Visby GK\"},\"image\":{\"@id\":\"https:\/\/www.visbygk.com\/sv\/#\/schema\/logo\/image\/\"}}]}<\/script>\n<!-- \/ Yoast SEO plugin. -->","yoast_head_json":{"title":"Erbjudande Visby GK - Visby GK","robots":{"index":"index","follow":"follow","max-snippet":"max-snippet:-1","max-image-preview":"max-image-preview:large","max-video-preview":"max-video-preview:-1"},"canonical":"https:\/\/www.visbygk.com\/sv\/erbjudande\/","og_locale":"sv_SE","og_type":"article","og_title":"Erbjudande Visby GK - Visby GK","og_description":"V\u00e4lkommen till Visby GK Kul att du \u00e4r intresserad av v\u00e5rt erbjudande. Boka en runda p\u00e5 v\u00e5r omtalade nioh\u00e5lsbana f\u00f6r 300 kr\/9 h\u00e5l. I detta pris ing\u00e5r ocks\u00e5 en valfri&hellip;","og_url":"https:\/\/www.visbygk.com\/sv\/erbjudande\/","og_site_name":"Visby GK","article_modified_time":"2025-08-08T08:19:31+00:00","og_image":[{"width":2560,"height":1707,"url":"https:\/\/www.visbygk.com\/wp-content\/uploads\/2022\/07\/520_Visby_GC_JacobSjoman_V1_3x2-scaled.jpg","type":"image\/jpeg"}],"twitter_card":"summary_large_image","twitter_misc":{"Est. reading time":"1 minut"},"schema":{"@context":"https:\/\/schema.org","@graph":[{"@type":"WebPage","@id":"https:\/\/www.visbygk.com\/sv\/erbjudande\/","url":"https:\/\/www.visbygk.com\/sv\/erbjudande\/","name":"Erbjudande Visby GK - Visby GK","isPartOf":{"@id":"https:\/\/www.visbygk.com\/sv\/#website"},"primaryImageOfPage":{"@id":"https:\/\/www.visbygk.com\/sv\/erbjudande\/#primaryimage"},"image":{"@id":"https:\/\/www.visbygk.com\/sv\/erbjudande\/#primaryimage"},"thumbnailUrl":"https:\/\/www.visbygk.com\/wp-content\/uploads\/2022\/07\/520_Visby_GC_JacobSjoman_V1_3x2-1024x683.jpg","datePublished":"2022-07-14T12:26:28+00:00","dateModified":"2025-08-08T08:19:31+00:00","breadcrumb":{"@id":"https:\/\/www.visbygk.com\/sv\/erbjudande\/#breadcrumb"},"inLanguage":"sv-SE","potentialAction":[{"@type":"ReadAction","target":["https:\/\/www.visbygk.com\/sv\/erbjudande\/"]}]},{"@type":"ImageObject","inLanguage":"sv-SE","@id":"https:\/\/www.visbygk.com\/sv\/erbjudande\/#primaryimage","url":"https:\/\/www.visbygk.com\/wp-content\/uploads\/2022\/07\/520_Visby_GC_JacobSjoman_V1_3x2-1024x683.jpg","contentUrl":"https:\/\/www.visbygk.com\/wp-content\/uploads\/2022\/07\/520_Visby_GC_JacobSjoman_V1_3x2-1024x683.jpg"},{"@type":"BreadcrumbList","@id":"https:\/\/www.visbygk.com\/sv\/erbjudande\/#breadcrumb","itemListElement":[{"@type":"ListItem","position":1,"name":"Home","item":"https:\/\/www.visbygk.com\/sv\/"},{"@type":"ListItem","position":2,"name":"Erbjudande Visby GK"}]},{"@type":"WebSite","@id":"https:\/\/www.visbygk.com\/sv\/#website","url":"https:\/\/www.visbygk.com\/sv\/","name":"Visby GK","description":"Visby GK","publisher":{"@id":"https:\/\/www.visbygk.com\/sv\/#organization"},"potentialAction":[{"@type":"SearchAction","target":{"@type":"EntryPoint","urlTemplate":"https:\/\/www.visbygk.com\/sv\/?s={search_term_string}"},"query-input":{"@type":"PropertyValueSpecification","valueRequired":true,"valueName":"search_term_string"}}],"inLanguage":"sv-SE"},{"@type":"Organization","@id":"https:\/\/www.visbygk.com\/sv\/#organization","name":"Visby GK","url":"https:\/\/www.visbygk.com\/sv\/","logo":{"@type":"ImageObject","inLanguage":"sv-SE","@id":"https:\/\/www.visbygk.com\/sv\/#\/schema\/logo\/image\/","url":"https:\/\/www.visbygk.com\/wp-content\/uploads\/2021\/01\/visbygk-svart-1.png","contentUrl":"https:\/\/www.visbygk.com\/wp-content\/uploads\/2021\/01\/visbygk-svart-1.png","width":800,"height":800,"caption":"Visby GK"},"image":{"@id":"https:\/\/www.visbygk.com\/sv\/#\/schema\/logo\/image\/"}}]}},"_links":{"self":[{"href":"https:\/\/www.visbygk.com\/sv\/wp-json\/wp\/v2\/pages\/9439","targetHints":{"allow":["GET"]}}],"collection":[{"href":"https:\/\/www.visbygk.com\/sv\/wp-json\/wp\/v2\/pages"}],"about":[{"href":"https:\/\/www.visbygk.com\/sv\/wp-json\/wp\/v2\/types\/page"}],"author":[{"embeddable":true,"href":"https:\/\/www.visbygk.com\/sv\/wp-json\/wp\/v2\/users\/391"}],"replies":[{"embeddable":true,"href":"https:\/\/www.visbygk.com\/sv\/wp-json\/wp\/v2\/comments?post=9439"}],"version-history":[{"count":9,"href":"https:\/\/www.visbygk.com\/sv\/wp-json\/wp\/v2\/pages\/9439\/revisions"}],"predecessor-version":[{"id":15743,"href":"https:\/\/www.visbygk.com\/sv\/wp-json\/wp\/v2\/pages\/9439\/revisions\/15743"}],"wp:attachment":[{"href":"https:\/\/www.visbygk.com\/sv\/wp-json\/wp\/v2\/media?parent=9439"}],"curies":[{"name":"wp","href":"https:\/\/api.w.org\/{rel}","templated":true}]}}