{"id":9291,"date":"2022-06-27T10:15:53","date_gmt":"2022-06-27T08:15:53","guid":{"rendered":"https:\/\/www.visbygk.com\/?page_id=9291"},"modified":"2022-07-06T17:40:01","modified_gmt":"2022-07-06T15:40:01","slug":"en-helg-for-medlemmar","status":"publish","type":"page","link":"https:\/\/www.visbygk.com\/sv\/en-helg-for-medlemmar\/","title":{"rendered":"En helg f\u00f6r medlemmar"},"content":{"rendered":"\n<figure class=\"wp-block-image size-large\"><img decoding=\"async\" width=\"1024\" height=\"768\" src=\"https:\/\/www.visbygk.com\/wp-content\/uploads\/2022\/06\/20190727_150945761_iOS-1024x768.jpg\" alt=\"\" class=\"wp-image-9319\" srcset=\"https:\/\/www.visbygk.com\/wp-content\/uploads\/2022\/06\/20190727_150945761_iOS-1024x768.jpg 1024w, https:\/\/www.visbygk.com\/wp-content\/uploads\/2022\/06\/20190727_150945761_iOS-300x225.jpg 300w, https:\/\/www.visbygk.com\/wp-content\/uploads\/2022\/06\/20190727_150945761_iOS-768x576.jpg 768w, https:\/\/www.visbygk.com\/wp-content\/uploads\/2022\/06\/20190727_150945761_iOS-1536x1152.jpg 1536w, https:\/\/www.visbygk.com\/wp-content\/uploads\/2022\/06\/20190727_150945761_iOS-2048x1536.jpg 2048w, https:\/\/www.visbygk.com\/wp-content\/uploads\/2022\/06\/20190727_150945761_iOS-1200x900.jpg 1200w, https:\/\/www.visbygk.com\/wp-content\/uploads\/2022\/06\/20190727_150945761_iOS-1980x1485.jpg 1980w\" sizes=\"(max-width: 1024px) 100vw, 1024px\" \/><\/figure>\n\n\n\n<p>Markera <strong>22 och 23 juli i kalendern<\/strong> och haka p\u00e5 en f\u00f6rhoppningsvis trevlig helg med golf, god mat och h\u00e4ng med medlemmarna i klubben. Under helgen kommer <strong>Klubbm\u00e4sterskap f\u00f6r damer, herrar, \u00e5ldersklasser och juniorer spelas.<\/strong> Det kommer \u00e4ven att avg\u00f6ras vem som \u00e4r <strong>b\u00e4st p\u00e5 att putta i klubben<\/strong>.<br><br>Vinnarna koras under l\u00f6rdagskv\u00e4llen i samband med <strong>sommarens Medlemsafton<\/strong>. <br>L\u00e4s mer om helgens olika h\u00e4ndelser nedan.<\/p>\n\n\n\n<div class=\"wp-block-media-text alignwide has-media-on-the-right is-stacked-on-mobile is-vertically-aligned-center\" style=\"grid-template-columns:auto 46%\"><figure class=\"wp-block-media-text__media\"><img decoding=\"async\" width=\"1000\" height=\"565\" src=\"https:\/\/www.visbygk.com\/wp-content\/uploads\/2022\/06\/helena-ekman-masterkocken-gabriel-liljevall-tv4.jpg\" alt=\"\" class=\"wp-image-9311 size-full\" srcset=\"https:\/\/www.visbygk.com\/wp-content\/uploads\/2022\/06\/helena-ekman-masterkocken-gabriel-liljevall-tv4.jpg 1000w, https:\/\/www.visbygk.com\/wp-content\/uploads\/2022\/06\/helena-ekman-masterkocken-gabriel-liljevall-tv4-300x170.jpg 300w, https:\/\/www.visbygk.com\/wp-content\/uploads\/2022\/06\/helena-ekman-masterkocken-gabriel-liljevall-tv4-768x434.jpg 768w\" sizes=\"(max-width: 1000px) 100vw, 1000px\" \/><\/figure><div class=\"wp-block-media-text__content\">\n<p><span style=\"color: #000000;\" class=\"stk-highlight\"><strong>MEDLEMSAFTON<\/strong><\/span><\/p>\n\n\n\n<p>&#8211; \u00c4ntligen dags att umg\u00e5s och ha trevligt tillsammans igen!!<\/p>\n\n\n\n<p><strong>L\u00f6rdagen den 23 juli<\/strong> <strong>cirka 18:00 <\/strong>hoppas vi att s\u00e5 m\u00e5nga som m\u00f6jligt vill vara med p\u00e5 en afton med mingel, musik, god mat och annat sm\u00e5tt &amp; gott. <\/p>\n\n\n\n<p>Under middagens f\u00e5r vi s\u00e4llskap av <strong>Helena Ekman fr\u00e5n Sveriges M\u00e4sterkock<\/strong> och \u00e4ven medlem i golfklubben.<\/p>\n\n\n\n<p>Vi korar \u00e5rets <strong>klubbm\u00e4stare<\/strong> och har vi tur slutar <strong>Putt-KM i s\u00e4rspel<\/strong> som alla f\u00e5r vara med och heja fram en vinnare p\u00e5! S\u00e5 kom g\u00e4rna lite tidigare f\u00f6r en f\u00f6rdrink och sp\u00e4nning.<\/p>\n\n\n\n<p>Per och hans g\u00e4ng bjuder in till en <strong>sommarbuff\u00e9 f\u00f6r 325 kr\/person. <\/strong><br>Till barnen finns m\u00f6jligheten att k\u00f6pa <strong>grillade hamburgare.<\/strong><\/p>\n\n\n\n<p>Anm\u00e4lan sker via <a href=\"https:\/\/mingolf.golf.se\/Competition\/3540878\">\u201dMin Golf\u201d<\/a> eller till <a href=\"mailto:info@visbygk.com\">info@visbygk.com<\/a> senast den 15 juli<\/p>\n<\/div><\/div>\n\n\n\n<div class=\"wp-block-media-text alignwide is-stacked-on-mobile is-vertically-aligned-center\" style=\"grid-template-columns:46% auto\"><figure class=\"wp-block-media-text__media\"><img decoding=\"async\" width=\"1024\" height=\"724\" src=\"https:\/\/www.visbygk.com\/wp-content\/uploads\/2022\/06\/KM-tavla-1024x724.jpg\" alt=\"\" class=\"wp-image-9292 size-full\" srcset=\"https:\/\/www.visbygk.com\/wp-content\/uploads\/2022\/06\/KM-tavla-1024x724.jpg 1024w, https:\/\/www.visbygk.com\/wp-content\/uploads\/2022\/06\/KM-tavla-300x212.jpg 300w, https:\/\/www.visbygk.com\/wp-content\/uploads\/2022\/06\/KM-tavla-768x543.jpg 768w, https:\/\/www.visbygk.com\/wp-content\/uploads\/2022\/06\/KM-tavla-1536x1086.jpg 1536w, https:\/\/www.visbygk.com\/wp-content\/uploads\/2022\/06\/KM-tavla-1200x849.jpg 1200w\" sizes=\"(max-width: 1024px) 100vw, 1024px\" \/><\/figure><div class=\"wp-block-media-text__content\">\n<p><span style=\"color: #000000;\" class=\"stk-highlight\"><strong>KLUBBM\u00c4STERSKAP<\/strong><\/span><\/p>\n\n\n\n<p>&#8211; Skall Rebecca vinna f\u00f6r 7:e g\u00e5ngen i rad och skall Peter vinna sitt 3:e raka?<br><br><strong>Fredagen den 22 juli<\/strong> avg\u00f6rs klubbm\u00e4sterskapet f\u00f6r <strong>herrar, damer och \u00e5ldersklasser.<\/strong><br>Anm\u00e4l dig till \u00f6ppna herr och damklassen \u00f6ver 36 h\u00e5l eller din \u00e5ldersklass p\u00e5 \u201dMin Golf\u201d.<\/p>\n\n\n\n<p><strong>Prisutdelning<\/strong> sker sedan p\u00e5 l\u00f6rdagskv\u00e4llen i samband med <strong>Medlemsafton<\/strong>. <br>Anm\u00e4lan till denna g\u00f6rs separat p\u00e5 <a href=\"https:\/\/mingolf.golf.se\/Competition\/3540878\">\u201dMin Golf\u201d<\/a> eller till <a href=\"mailto:info@visbygk.com\">info@visbygk.com<\/a><br><br><a href=\"https:\/\/mingolf.golf.se\/Competition\/3197919\">Anm\u00e4lan till Klubbm\u00e4sterskap Damer, Herrar, \u00c5ldersklasser 21-50 (Dam och Herr) <\/a><br><a href=\"https:\/\/mingolf.golf.se\/Competition\/3197920\">Anm\u00e4lan till Klubbm\u00e4sterskap \u00c5ldersklasser 60-80 (Dam och Herr)<\/a><\/p>\n<\/div><\/div>\n\n\n\n<div class=\"wp-block-media-text alignwide has-media-on-the-right is-stacked-on-mobile is-vertically-aligned-center\" style=\"grid-template-columns:auto 46%\"><figure class=\"wp-block-media-text__media\"><img decoding=\"async\" width=\"8535\" height=\"5690\" src=\"https:\/\/www.visbygk.com\/wp-content\/uploads\/2022\/06\/VISBY_GK_Sjoman_20210614_5328.jpg\" alt=\"\" class=\"wp-image-9307 size-full\"\/><\/figure><div class=\"wp-block-media-text__content\">\n<p class=\"has-large-font-size\"><strong>PUTT-KM<\/strong><\/p>\n\n\n\n<p>&#8211; Vem \u00e4r klubbens b\u00e4sta puttare?<\/p>\n\n\n\n<p><strong>L\u00f6rdagen den 23 juli<\/strong> avg\u00f6rs <strong>Putt-KM<\/strong> \u00f6ver 2&#215;12 h\u00e5l p\u00e5 puttbanan runt klubbhuset.<br>Vid lika resultat avg\u00f6rs t\u00e4vlingen i <strong>s\u00e4rspel cirka 17:30<\/strong> innan middagen p\u00e5 <strong>Medlemsaftonen!<\/strong><\/p>\n\n\n\n<p>Under t\u00e4vlingsdagen spelas lite sk\u00f6n <strong>musik <\/strong>i h\u00f6gtalarna. Restaurangen \u00e4r \u00f6ppen s\u00e5 varf\u00f6r inte avnjuta en <strong>god lunch, fika eller svalkande dryck<\/strong> p\u00e5 uteserveringen medan du bevittnar<strong> puttning i \u201dh\u00f6g\u201d klass.<\/strong><\/p>\n\n\n\n<p>Anm\u00e4lan sker via<a href=\"https:\/\/mingolf.golf.se\/Competition\/3197916\"> \u201dMin Golf\u201d h\u00e4r<\/a><\/p>\n<\/div><\/div>\n\n\n\n<div class=\"wp-block-media-text alignwide is-stacked-on-mobile is-vertically-aligned-center\" style=\"grid-template-columns:46% auto\"><figure class=\"wp-block-media-text__media\"><img decoding=\"async\" width=\"1024\" height=\"768\" src=\"https:\/\/www.visbygk.com\/wp-content\/uploads\/2022\/06\/20190714_093255609_iOS-1024x768.jpg\" alt=\"\" class=\"wp-image-9326 size-full\" srcset=\"https:\/\/www.visbygk.com\/wp-content\/uploads\/2022\/06\/20190714_093255609_iOS-1024x768.jpg 1024w, https:\/\/www.visbygk.com\/wp-content\/uploads\/2022\/06\/20190714_093255609_iOS-300x225.jpg 300w, https:\/\/www.visbygk.com\/wp-content\/uploads\/2022\/06\/20190714_093255609_iOS-768x576.jpg 768w, https:\/\/www.visbygk.com\/wp-content\/uploads\/2022\/06\/20190714_093255609_iOS-1536x1152.jpg 1536w, https:\/\/www.visbygk.com\/wp-content\/uploads\/2022\/06\/20190714_093255609_iOS-2048x1536.jpg 2048w, https:\/\/www.visbygk.com\/wp-content\/uploads\/2022\/06\/20190714_093255609_iOS-1200x900.jpg 1200w, https:\/\/www.visbygk.com\/wp-content\/uploads\/2022\/06\/20190714_093255609_iOS-1980x1485.jpg 1980w\" sizes=\"(max-width: 1024px) 100vw, 1024px\" \/><\/figure><div class=\"wp-block-media-text__content\">\n<p><strong>KOM IGEN NU TJEJER!<\/strong><\/p>\n\n\n\n<p>&#8211; G\u00f6r oss s\u00e4llskap!<\/p>\n\n\n\n<p>22 juli spelas 2022<strong> <\/strong>\u00e5rs klubbm\u00e4sterskap. <br><strong>\u00c4r det inte dags att fler damer st\u00e4ller upp?<\/strong><br><br>Vi vill mer \u00e4n g\u00e4rna att fler <strong>damer <\/strong>\u00e4r med och att vi tillsammans f\u00e5r en utmanande och <strong>rolig golfdag<\/strong>.<\/p>\n\n\n\n<p>H\u00e4lsningar Rebecca &amp; Lina<\/p>\n\n\n\n<p><a href=\"https:\/\/mingolf.golf.se\/Competition\/3197919\">Anm\u00e4lan till Klubbm\u00e4sterskap Damer och \u00c5ldersklasser 21-80<\/a><\/p>\n<\/div><\/div>\n\n\n\n<div class=\"wp-block-media-text alignwide has-media-on-the-right is-stacked-on-mobile is-vertically-aligned-center\" style=\"grid-template-columns:auto 46%\"><figure class=\"wp-block-media-text__media\"><img decoding=\"async\" width=\"1024\" height=\"768\" src=\"https:\/\/www.visbygk.com\/wp-content\/uploads\/2022\/06\/20200529_050153591_iOS-1024x768.jpg\" alt=\"\" class=\"wp-image-9321 size-full\" srcset=\"https:\/\/www.visbygk.com\/wp-content\/uploads\/2022\/06\/20200529_050153591_iOS-1024x768.jpg 1024w, https:\/\/www.visbygk.com\/wp-content\/uploads\/2022\/06\/20200529_050153591_iOS-300x225.jpg 300w, https:\/\/www.visbygk.com\/wp-content\/uploads\/2022\/06\/20200529_050153591_iOS-768x576.jpg 768w, https:\/\/www.visbygk.com\/wp-content\/uploads\/2022\/06\/20200529_050153591_iOS-1536x1152.jpg 1536w, https:\/\/www.visbygk.com\/wp-content\/uploads\/2022\/06\/20200529_050153591_iOS-2048x1536.jpg 2048w, https:\/\/www.visbygk.com\/wp-content\/uploads\/2022\/06\/20200529_050153591_iOS-1200x900.jpg 1200w, https:\/\/www.visbygk.com\/wp-content\/uploads\/2022\/06\/20200529_050153591_iOS-1980x1485.jpg 1980w\" sizes=\"(max-width: 1024px) 100vw, 1024px\" \/><\/figure><div class=\"wp-block-media-text__content\">\n<p><strong>BARNENS KLUBBM\u00c4STERSKAP<\/strong><\/p>\n\n\n\n<p>&#8211; Klart barnen skall ha klubbm\u00e4sterskap ocks\u00e5!<\/p>\n\n\n\n<p>P\u00e5 l\u00f6rdagen den 23 juli kommer alla <strong>kids <\/strong>ha m\u00f6jlighet att spela <strong>18 h\u00e5l, 9 h\u00e5l eller korth\u00e5lsbanan<\/strong>.<br>Mer info kommer.<br><br>I enlighet med Svenska Golff\u00f6rbundets rekommendationer skall golft\u00e4vlingar f\u00f6r barn, 12 \u00e5r och yngre vara roligt och lekfullt, Vi kommer d\u00e4rf\u00f6r inte att utse n\u00e5gon vinnare utan m\u00e5let \u00e4r att ha roligt tillsammans! Det g\u00e4ller \u00e4ven de som \u00e4r 13 \u00e5r och \u00e4ldre.<\/p>\n\n\n\n<p>Under <strong>Medlemsaftonen <\/strong>\u00e4r sj\u00e4lvklart barnen v\u00e4lkomna, f\u00f6r de som inte vill \u00e4ta buff\u00e9 finns m\u00f6jligheten att k\u00f6pa <strong>grillade hamburgare<\/strong> vid gamla klubbhuset.<\/p>\n\n\n\n<p>D\u00e4r kommer vi ha lite aktiviteter och <strong>hoppborg<\/strong>!<br><br>Missa inte heller att anm\u00e4la er till Putt-KM samma dag. Vi l\u00f6ser s\u00e5klart s\u00e5 att alla kan vara med p\u00e5 b\u00e5da t\u00e4vlingarna<br><br><a href=\"https:\/\/www9.golf.se\/Competition\/GBTour\/Competition.aspx?compid=3563100&amp;fbclid=IwAR2gpk2Mk1KIw1N7Xw0TepwOhjm2k-r1oeww-bSs2o6TI1OaIq9H24mYpRo\">KM Kids hittar ni h\u00e4r<\/a><\/p>\n<\/div><\/div>\n","protected":false},"excerpt":{"rendered":"<p>Markera 22 och 23 juli i kalendern och haka p\u00e5 en f\u00f6rhoppningsvis trevlig helg med golf, god mat och h\u00e4ng med medlemmarna i klubben. Under helgen kommer Klubbm\u00e4sterskap f\u00f6r damer,&hellip;<\/p>\n","protected":false},"author":391,"featured_media":0,"parent":0,"menu_order":0,"comment_status":"closed","ping_status":"closed","template":"","meta":{"_golfpress_post_requires_user":false,"footnotes":""},"class_list":["post-9291","page","type-page","status-publish","hentry"],"featured_image_urls_v2":{"full":"","thumbnail":"","medium":"","medium_large":"","large":"","1536x1536":"","2048x2048":"","post-thumbnail":"","twentytwenty-fullscreen":""},"post_excerpt_stackable_v2":"<p>Markera 22 och 23 juli i kalendern och haka p\u00e5 en f\u00f6rhoppningsvis trevlig helg med golf, god mat och h\u00e4ng med medlemmarna i klubben. Under helgen kommer Klubbm\u00e4sterskap f\u00f6r damer, herrar, \u00e5ldersklasser och juniorer spelas. Det kommer \u00e4ven att avg\u00f6ras vem som \u00e4r b\u00e4st p\u00e5 att putta i klubben.Vinnarna koras under l\u00f6rdagskv\u00e4llen i samband med sommarens Medlemsafton. L\u00e4s mer om helgens olika h\u00e4ndelser nedan. MEDLEMSAFTON &#8211; \u00c4ntligen dags att umg\u00e5s och ha trevligt tillsammans igen!! L\u00f6rdagen den 23 juli cirka 18:00 hoppas vi att s\u00e5 m\u00e5nga som m\u00f6jligt vill vara med p\u00e5 en afton med mingel, musik, god mat och&hellip;<\/p>\n","category_list_v2":"","author_info_v2":{"name":"000111-003","url":"https:\/\/www.visbygk.com\/sv\/author\/000111-003\/"},"comments_num_v2":"0 comments","yoast_head":"<!-- This site is optimized with the Yoast SEO plugin v24.7 - https:\/\/yoast.com\/wordpress\/plugins\/seo\/ -->\n<title>En helg f\u00f6r medlemmar - Visby GK<\/title>\n<meta name=\"robots\" content=\"index, follow, max-snippet:-1, max-image-preview:large, max-video-preview:-1\" \/>\n<link rel=\"canonical\" href=\"https:\/\/www.visbygk.com\/sv\/en-helg-for-medlemmar\/\" \/>\n<meta property=\"og:locale\" content=\"sv_SE\" \/>\n<meta property=\"og:type\" content=\"article\" \/>\n<meta property=\"og:title\" content=\"En helg f\u00f6r medlemmar - Visby GK\" \/>\n<meta property=\"og:description\" content=\"Markera 22 och 23 juli i kalendern och haka p\u00e5 en f\u00f6rhoppningsvis trevlig helg med golf, god mat och h\u00e4ng med medlemmarna i klubben. Under helgen kommer Klubbm\u00e4sterskap f\u00f6r damer,&hellip;\" \/>\n<meta property=\"og:url\" content=\"https:\/\/www.visbygk.com\/sv\/en-helg-for-medlemmar\/\" \/>\n<meta property=\"og:site_name\" content=\"Visby GK\" \/>\n<meta property=\"article:modified_time\" content=\"2022-07-06T15:40:01+00:00\" \/>\n<meta property=\"og:image\" content=\"https:\/\/www.visbygk.com\/wp-content\/uploads\/2022\/06\/20190727_150945761_iOS-1024x768.jpg\" \/>\n<meta name=\"twitter:card\" content=\"summary_large_image\" \/>\n<meta name=\"twitter:label1\" content=\"Est. reading time\" \/>\n\t<meta name=\"twitter:data1\" content=\"4 minuter\" \/>\n<script type=\"application\/ld+json\" class=\"yoast-schema-graph\">{\"@context\":\"https:\/\/schema.org\",\"@graph\":[{\"@type\":\"WebPage\",\"@id\":\"https:\/\/www.visbygk.com\/sv\/en-helg-for-medlemmar\/\",\"url\":\"https:\/\/www.visbygk.com\/sv\/en-helg-for-medlemmar\/\",\"name\":\"En helg f\u00f6r medlemmar - Visby GK\",\"isPartOf\":{\"@id\":\"https:\/\/www.visbygk.com\/sv\/#website\"},\"primaryImageOfPage\":{\"@id\":\"https:\/\/www.visbygk.com\/sv\/en-helg-for-medlemmar\/#primaryimage\"},\"image\":{\"@id\":\"https:\/\/www.visbygk.com\/sv\/en-helg-for-medlemmar\/#primaryimage\"},\"thumbnailUrl\":\"https:\/\/www.visbygk.com\/wp-content\/uploads\/2022\/06\/20190727_150945761_iOS-1024x768.jpg\",\"datePublished\":\"2022-06-27T08:15:53+00:00\",\"dateModified\":\"2022-07-06T15:40:01+00:00\",\"breadcrumb\":{\"@id\":\"https:\/\/www.visbygk.com\/sv\/en-helg-for-medlemmar\/#breadcrumb\"},\"inLanguage\":\"sv-SE\",\"potentialAction\":[{\"@type\":\"ReadAction\",\"target\":[\"https:\/\/www.visbygk.com\/sv\/en-helg-for-medlemmar\/\"]}]},{\"@type\":\"ImageObject\",\"inLanguage\":\"sv-SE\",\"@id\":\"https:\/\/www.visbygk.com\/sv\/en-helg-for-medlemmar\/#primaryimage\",\"url\":\"https:\/\/www.visbygk.com\/wp-content\/uploads\/2022\/06\/20190727_150945761_iOS-1024x768.jpg\",\"contentUrl\":\"https:\/\/www.visbygk.com\/wp-content\/uploads\/2022\/06\/20190727_150945761_iOS-1024x768.jpg\"},{\"@type\":\"BreadcrumbList\",\"@id\":\"https:\/\/www.visbygk.com\/sv\/en-helg-for-medlemmar\/#breadcrumb\",\"itemListElement\":[{\"@type\":\"ListItem\",\"position\":1,\"name\":\"Home\",\"item\":\"https:\/\/www.visbygk.com\/sv\/\"},{\"@type\":\"ListItem\",\"position\":2,\"name\":\"En helg f\u00f6r medlemmar\"}]},{\"@type\":\"WebSite\",\"@id\":\"https:\/\/www.visbygk.com\/sv\/#website\",\"url\":\"https:\/\/www.visbygk.com\/sv\/\",\"name\":\"Visby GK\",\"description\":\"Visby GK\",\"publisher\":{\"@id\":\"https:\/\/www.visbygk.com\/sv\/#organization\"},\"potentialAction\":[{\"@type\":\"SearchAction\",\"target\":{\"@type\":\"EntryPoint\",\"urlTemplate\":\"https:\/\/www.visbygk.com\/sv\/?s={search_term_string}\"},\"query-input\":{\"@type\":\"PropertyValueSpecification\",\"valueRequired\":true,\"valueName\":\"search_term_string\"}}],\"inLanguage\":\"sv-SE\"},{\"@type\":\"Organization\",\"@id\":\"https:\/\/www.visbygk.com\/sv\/#organization\",\"name\":\"Visby GK\",\"url\":\"https:\/\/www.visbygk.com\/sv\/\",\"logo\":{\"@type\":\"ImageObject\",\"inLanguage\":\"sv-SE\",\"@id\":\"https:\/\/www.visbygk.com\/sv\/#\/schema\/logo\/image\/\",\"url\":\"https:\/\/www.visbygk.com\/wp-content\/uploads\/2021\/01\/visbygk-svart-1.png\",\"contentUrl\":\"https:\/\/www.visbygk.com\/wp-content\/uploads\/2021\/01\/visbygk-svart-1.png\",\"width\":800,\"height\":800,\"caption\":\"Visby GK\"},\"image\":{\"@id\":\"https:\/\/www.visbygk.com\/sv\/#\/schema\/logo\/image\/\"}}]}<\/script>\n<!-- \/ Yoast SEO plugin. -->","yoast_head_json":{"title":"En helg f\u00f6r medlemmar - Visby GK","robots":{"index":"index","follow":"follow","max-snippet":"max-snippet:-1","max-image-preview":"max-image-preview:large","max-video-preview":"max-video-preview:-1"},"canonical":"https:\/\/www.visbygk.com\/sv\/en-helg-for-medlemmar\/","og_locale":"sv_SE","og_type":"article","og_title":"En helg f\u00f6r medlemmar - Visby GK","og_description":"Markera 22 och 23 juli i kalendern och haka p\u00e5 en f\u00f6rhoppningsvis trevlig helg med golf, god mat och h\u00e4ng med medlemmarna i klubben. Under helgen kommer Klubbm\u00e4sterskap f\u00f6r damer,&hellip;","og_url":"https:\/\/www.visbygk.com\/sv\/en-helg-for-medlemmar\/","og_site_name":"Visby GK","article_modified_time":"2022-07-06T15:40:01+00:00","og_image":[{"url":"https:\/\/www.visbygk.com\/wp-content\/uploads\/2022\/06\/20190727_150945761_iOS-1024x768.jpg","type":"","width":"","height":""}],"twitter_card":"summary_large_image","twitter_misc":{"Est. reading time":"4 minuter"},"schema":{"@context":"https:\/\/schema.org","@graph":[{"@type":"WebPage","@id":"https:\/\/www.visbygk.com\/sv\/en-helg-for-medlemmar\/","url":"https:\/\/www.visbygk.com\/sv\/en-helg-for-medlemmar\/","name":"En helg f\u00f6r medlemmar - Visby GK","isPartOf":{"@id":"https:\/\/www.visbygk.com\/sv\/#website"},"primaryImageOfPage":{"@id":"https:\/\/www.visbygk.com\/sv\/en-helg-for-medlemmar\/#primaryimage"},"image":{"@id":"https:\/\/www.visbygk.com\/sv\/en-helg-for-medlemmar\/#primaryimage"},"thumbnailUrl":"https:\/\/www.visbygk.com\/wp-content\/uploads\/2022\/06\/20190727_150945761_iOS-1024x768.jpg","datePublished":"2022-06-27T08:15:53+00:00","dateModified":"2022-07-06T15:40:01+00:00","breadcrumb":{"@id":"https:\/\/www.visbygk.com\/sv\/en-helg-for-medlemmar\/#breadcrumb"},"inLanguage":"sv-SE","potentialAction":[{"@type":"ReadAction","target":["https:\/\/www.visbygk.com\/sv\/en-helg-for-medlemmar\/"]}]},{"@type":"ImageObject","inLanguage":"sv-SE","@id":"https:\/\/www.visbygk.com\/sv\/en-helg-for-medlemmar\/#primaryimage","url":"https:\/\/www.visbygk.com\/wp-content\/uploads\/2022\/06\/20190727_150945761_iOS-1024x768.jpg","contentUrl":"https:\/\/www.visbygk.com\/wp-content\/uploads\/2022\/06\/20190727_150945761_iOS-1024x768.jpg"},{"@type":"BreadcrumbList","@id":"https:\/\/www.visbygk.com\/sv\/en-helg-for-medlemmar\/#breadcrumb","itemListElement":[{"@type":"ListItem","position":1,"name":"Home","item":"https:\/\/www.visbygk.com\/sv\/"},{"@type":"ListItem","position":2,"name":"En helg f\u00f6r medlemmar"}]},{"@type":"WebSite","@id":"https:\/\/www.visbygk.com\/sv\/#website","url":"https:\/\/www.visbygk.com\/sv\/","name":"Visby GK","description":"Visby GK","publisher":{"@id":"https:\/\/www.visbygk.com\/sv\/#organization"},"potentialAction":[{"@type":"SearchAction","target":{"@type":"EntryPoint","urlTemplate":"https:\/\/www.visbygk.com\/sv\/?s={search_term_string}"},"query-input":{"@type":"PropertyValueSpecification","valueRequired":true,"valueName":"search_term_string"}}],"inLanguage":"sv-SE"},{"@type":"Organization","@id":"https:\/\/www.visbygk.com\/sv\/#organization","name":"Visby GK","url":"https:\/\/www.visbygk.com\/sv\/","logo":{"@type":"ImageObject","inLanguage":"sv-SE","@id":"https:\/\/www.visbygk.com\/sv\/#\/schema\/logo\/image\/","url":"https:\/\/www.visbygk.com\/wp-content\/uploads\/2021\/01\/visbygk-svart-1.png","contentUrl":"https:\/\/www.visbygk.com\/wp-content\/uploads\/2021\/01\/visbygk-svart-1.png","width":800,"height":800,"caption":"Visby GK"},"image":{"@id":"https:\/\/www.visbygk.com\/sv\/#\/schema\/logo\/image\/"}}]}},"_links":{"self":[{"href":"https:\/\/www.visbygk.com\/sv\/wp-json\/wp\/v2\/pages\/9291","targetHints":{"allow":["GET"]}}],"collection":[{"href":"https:\/\/www.visbygk.com\/sv\/wp-json\/wp\/v2\/pages"}],"about":[{"href":"https:\/\/www.visbygk.com\/sv\/wp-json\/wp\/v2\/types\/page"}],"author":[{"embeddable":true,"href":"https:\/\/www.visbygk.com\/sv\/wp-json\/wp\/v2\/users\/391"}],"replies":[{"embeddable":true,"href":"https:\/\/www.visbygk.com\/sv\/wp-json\/wp\/v2\/comments?post=9291"}],"version-history":[{"count":10,"href":"https:\/\/www.visbygk.com\/sv\/wp-json\/wp\/v2\/pages\/9291\/revisions"}],"predecessor-version":[{"id":9382,"href":"https:\/\/www.visbygk.com\/sv\/wp-json\/wp\/v2\/pages\/9291\/revisions\/9382"}],"wp:attachment":[{"href":"https:\/\/www.visbygk.com\/sv\/wp-json\/wp\/v2\/media?parent=9291"}],"curies":[{"name":"wp","href":"https:\/\/api.w.org\/{rel}","templated":true}]}}