{"id":8970,"date":"2022-05-02T14:33:02","date_gmt":"2022-05-02T12:33:02","guid":{"rendered":"https:\/\/www.visbygk.com\/?page_id=8970"},"modified":"2022-05-06T12:11:13","modified_gmt":"2022-05-06T10:11:13","slug":"golfa-runt-gotland-2022","status":"publish","type":"page","link":"https:\/\/www.visbygk.com\/sv\/golfa-runt-gotland-2022\/","title":{"rendered":"Golfa Runt Gotland"},"content":{"rendered":"\n<figure class=\"wp-block-embed is-type-video is-provider-youtube wp-block-embed-youtube wp-embed-aspect-16-9 wp-has-aspect-ratio\"><div class=\"wp-block-embed__wrapper\">\n<iframe title=\"V\u00e4lkomna till Kronholmen och Golfa Runt Gotland 2022.\" width=\"800\" height=\"450\" src=\"https:\/\/www.youtube.com\/embed\/HR7UEtEZyBM?feature=oembed\" frameborder=\"0\" allow=\"accelerometer; autoplay; clipboard-write; encrypted-media; gyroscope; picture-in-picture; web-share\" referrerpolicy=\"strict-origin-when-cross-origin\" allowfullscreen><\/iframe>\n<\/div><\/figure>\n\n\n\n<div class=\"wp-block-media-text alignwide has-media-on-the-right is-stacked-on-mobile is-vertically-aligned-bottom\" style=\"grid-template-columns:auto 39%\"><figure class=\"wp-block-media-text__media\"><a href=\"https:\/\/youtu.be\/HR7UEtEZyBM\" target=\"_blank\" rel=\"noopener\"><img decoding=\"async\" src=\"https:\/\/www.visbygk.com\/wp-content\/uploads\/2022\/05\/088_VisbyGK_JacobSjoman_V1-copy.jpg\" alt=\"\" class=\"wp-image-8999 size-full\"\/><\/a><\/figure><div class=\"wp-block-media-text__content\">\n<p class=\"has-large-font-size\">V\u00e4lkomna till Visby Golfklubb!<\/p>\n\n\n\n<p>Banan lyser gr\u00f6n och solen str\u00e5lar fr\u00e5n bl\u00e5 himmel idag.<br>S\u00e5 glada att efter tv\u00e5 \u00e5rs uppeh\u00e5ll \u00e5ter vara en av banorna ni 640 spelare bes\u00f6ker!<\/p>\n\n\n\n<p>De sista detaljerna finslipas p\u00e5 just nu och allt kommer vara i topp till s\u00f6ndag<\/p>\n\n\n\n<p>Nytt f\u00f6r i \u00e5r \u00e4r att ni, f\u00f6rutom spel p\u00e5 18-h\u00e5lsbanan, \u00e4ven kommer spela v\u00e5r fantastiska 9-h\u00e5lsbana.<\/p>\n\n\n\n<p>D\u00e5 vi har flera kanonstarter per dag kommer vi <strong>inte<\/strong> att ha n\u00e5gon <strong>gemensam samling<\/strong> innan start.<br>Vi h\u00e4lsar er v\u00e4lkomna vid incheckningen och svarar d\u00e5 p\u00e5 eventuella fr\u00e5gor om t\u00e4vlingen.<br><br>Varmt v\u00e4lkomna \u00f6nskar vi alla p\u00e5 Visby Golfklubb<br><br>Nedan kommer lite information inf\u00f6r bes\u00f6ket.<br><br><\/p>\n<\/div><\/div>\n\n\n\n<div class=\"wp-block-media-text alignwide is-stacked-on-mobile\" style=\"grid-template-columns:15% auto\"><figure class=\"wp-block-media-text__media\"><img decoding=\"async\" width=\"193\" height=\"192\" src=\"https:\/\/www.visbygk.com\/wp-content\/uploads\/2022\/05\/Information.jpg\" alt=\"\" class=\"wp-image-8983 size-full\" srcset=\"https:\/\/www.visbygk.com\/wp-content\/uploads\/2022\/05\/Information.jpg 193w, https:\/\/www.visbygk.com\/wp-content\/uploads\/2022\/05\/Information-150x150.jpg 150w\" sizes=\"(max-width: 193px) 100vw, 193px\" \/><\/figure><div class=\"wp-block-media-text__content\">\n<p class=\"has-large-font-size\">Information och incheckning<\/p>\n\n\n\n<p>Incheckning 9-h\u00e5lsbanan sker vid svingstudion p\u00e5 driving rangen. <br>Incheckning 18-h\u00e5lsbanan sker vid Gamla Klubbhuset, bredvid Fyren.<br><br>Scorekortsinl\u00e4mning sker p\u00e5 samma st\u00e4lle som incheckning.<br><br>Vid fr\u00e5gor och annan info ta kontakt med vem som helst i personalen p\u00e5 plats eller i receptionen.<br>Reception och Shop har \u00f6ppet alla dagar 06:30-20:00 (med undantag f\u00f6r torsdagen d\u00e5 vi st\u00e4nger kl.17:00)<\/p>\n<\/div><\/div>\n\n\n\n<div class=\"wp-block-media-text alignwide is-stacked-on-mobile\" style=\"grid-template-columns:15% auto\"><figure class=\"wp-block-media-text__media\"><img decoding=\"async\" width=\"193\" height=\"192\" src=\"https:\/\/www.visbygk.com\/wp-content\/uploads\/2022\/05\/Lokala-regler.jpg\" alt=\"\" class=\"wp-image-8981 size-full\" srcset=\"https:\/\/www.visbygk.com\/wp-content\/uploads\/2022\/05\/Lokala-regler.jpg 193w, https:\/\/www.visbygk.com\/wp-content\/uploads\/2022\/05\/Lokala-regler-150x150.jpg 150w\" sizes=\"(max-width: 193px) 100vw, 193px\" \/><\/figure><div class=\"wp-block-media-text__content\">\n<p class=\"has-large-font-size\">Lokala regler<\/p>\n\n\n\n<p>Lokala regler kommer inom kort g\u00e5 att ladda ner h\u00e4r, men n\u00e5gra tillf\u00e4lliga regler vi redan nu vill informera om \u00e4r:<br>L\u00e4gesf\u00f6rb\u00e4ttring p\u00e5 finklippta delen av spelf\u00e4ltet samt bunkrar.<br>Bunkrarna d\u00e5 de \u00e4r nyrenoverade under vintern\/v\u00e5ren.<br><a href=\"https:\/\/www.visbygk.com\/wp-content\/uploads\/2022\/05\/Lokala-regler-Golfa-Runt-Gotland-2022-1.pdf\">H\u00e4r hittar du v\u00e5ra lokala regler och de tillf\u00e4lliga lokala reglerna f\u00f6r t\u00e4vlingen.<\/a><\/p>\n<\/div><\/div>\n\n\n\n<div class=\"wp-block-media-text alignwide is-stacked-on-mobile\" style=\"grid-template-columns:15% auto\"><figure class=\"wp-block-media-text__media\"><img decoding=\"async\" width=\"193\" height=\"192\" src=\"https:\/\/www.visbygk.com\/wp-content\/uploads\/2022\/05\/Golfbil.jpg\" alt=\"\" class=\"wp-image-8989 size-full\" srcset=\"https:\/\/www.visbygk.com\/wp-content\/uploads\/2022\/05\/Golfbil.jpg 193w, https:\/\/www.visbygk.com\/wp-content\/uploads\/2022\/05\/Golfbil-150x150.jpg 150w\" sizes=\"(max-width: 193px) 100vw, 193px\" \/><\/figure><div class=\"wp-block-media-text__content\">\n<p class=\"has-large-font-size\">Har du bokat golfbil?<\/p>\n\n\n\n<p>Du som bokat golfbil betalar (200 kr\/del i bil) och h\u00e4mtar nyckeln i receptionen i klubbhuset.<\/p>\n<\/div><\/div>\n\n\n\n<div class=\"wp-block-media-text alignwide is-stacked-on-mobile\" style=\"grid-template-columns:15% auto\"><figure class=\"wp-block-media-text__media\"><img decoding=\"async\" width=\"193\" height=\"192\" src=\"https:\/\/www.visbygk.com\/wp-content\/uploads\/2022\/05\/Golfguide.jpg\" alt=\"\" class=\"wp-image-8991 size-full\" srcset=\"https:\/\/www.visbygk.com\/wp-content\/uploads\/2022\/05\/Golfguide.jpg 193w, https:\/\/www.visbygk.com\/wp-content\/uploads\/2022\/05\/Golfguide-150x150.jpg 150w\" sizes=\"(max-width: 193px) 100vw, 193px\" \/><\/figure><div class=\"wp-block-media-text__content\">\n<p class=\"has-large-font-size\">Banguide<\/p>\n\n\n\n<p><a href=\"https:\/\/www.caddee.se\/klubb\/visby-gk\/\">H\u00e4r finner du den digitala banguiden f\u00f6r b\u00e5de 18- och 9-h\u00e5lsbanan.<\/a><\/p>\n\n\n\n<p><\/p>\n<\/div><\/div>\n\n\n\n<div class=\"wp-block-media-text alignwide is-stacked-on-mobile\" style=\"grid-template-columns:15% auto\"><figure class=\"wp-block-media-text__media\"><img decoding=\"async\" width=\"193\" height=\"192\" src=\"https:\/\/www.visbygk.com\/wp-content\/uploads\/2022\/05\/Restaurang.jpg\" alt=\"\" class=\"wp-image-8987 size-full\" srcset=\"https:\/\/www.visbygk.com\/wp-content\/uploads\/2022\/05\/Restaurang.jpg 193w, https:\/\/www.visbygk.com\/wp-content\/uploads\/2022\/05\/Restaurang-150x150.jpg 150w\" sizes=\"(max-width: 193px) 100vw, 193px\" \/><\/figure><div class=\"wp-block-media-text__content\">\n<p class=\"has-large-font-size\">Restaurang och Kiosk<\/p>\n\n\n\n<p>Under t\u00e4vlingsveckan kommer det finnas m\u00f6jlighet att \u00e4ta p\u00e5 Kronholmen Restaurang &amp; Bar.<br>Kiosken vid 10:ans tee p\u00e5 18-h\u00e5lsbanan kommer vara \u00f6ppen och f\u00f6r er som spelar p\u00e5 9-h\u00e5lsbanan kommer v\u00e5ra kioskbil vara uppst\u00e4lld vid puttinggreen mellan driving range och 1:a tee.<br><br>Restaurangen \u00f6ppen alla dagar 07:00-20:00 (med undantag f\u00f6r torsdag d\u00e5 vi st\u00e4nger 17:00)<\/p>\n\n\n\n<p> <\/p>\n<\/div><\/div>\n\n\n\n<div class=\"wp-block-media-text alignwide is-stacked-on-mobile\" style=\"grid-template-columns:15% auto\"><figure class=\"wp-block-media-text__media\"><img decoding=\"async\" width=\"193\" height=\"192\" src=\"https:\/\/www.visbygk.com\/wp-content\/uploads\/2022\/05\/Husbil-1.jpg\" alt=\"\" class=\"wp-image-8979 size-full\" srcset=\"https:\/\/www.visbygk.com\/wp-content\/uploads\/2022\/05\/Husbil-1.jpg 193w, https:\/\/www.visbygk.com\/wp-content\/uploads\/2022\/05\/Husbil-1-150x150.jpg 150w\" sizes=\"(max-width: 193px) 100vw, 193px\" \/><\/figure><div class=\"wp-block-media-text__content\">\n<p class=\"has-large-font-size\">F\u00f6r dig med husbil<\/p>\n\n\n\n<p>P\u00e5 parkeringen vid rangen finns v\u00e5ra el- och uppst\u00e4llningsplatser. 200kr\/dygn oavsett nyttjande av el.<br>Det \u00e4r m\u00e5nga som h\u00f6rt av sig s\u00e5 alla \u00e4r tyv\u00e4rr inte garanterade elplats \u00f6ver natten.<br>Vi har endast 4 fasta elplatser och brukar kunna ordna fram minst 4 extra.<br>Vi kommer st\u00e4lla upp en skylt med alla som f\u00f6rbokat med namn och reg.nr i tur och ordning, <br>s\u00e5 att ni det inte r\u00e5der tvekan om vem som har el.<\/p>\n\n\n\n<p>Vet, sedan tidigare, att det blir m\u00e5nga husbilar s\u00e5 t\u00e4nk p\u00e5 att parkera smart s\u00e5 alla f\u00e5r plats. <\/p>\n<\/div><\/div>\n\n\n\n<div class=\"wp-block-media-text alignwide is-stacked-on-mobile is-vertically-aligned-center\" style=\"grid-template-columns:53% auto\"><figure class=\"wp-block-media-text__media\"><img decoding=\"async\" width=\"724\" height=\"1024\" src=\"https:\/\/www.visbygk.com\/wp-content\/uploads\/2022\/05\/Oversikt-3-724x1024.jpg\" alt=\"\" class=\"wp-image-9003 size-full\" srcset=\"https:\/\/www.visbygk.com\/wp-content\/uploads\/2022\/05\/Oversikt-3-724x1024.jpg 724w, https:\/\/www.visbygk.com\/wp-content\/uploads\/2022\/05\/Oversikt-3-212x300.jpg 212w, https:\/\/www.visbygk.com\/wp-content\/uploads\/2022\/05\/Oversikt-3-768x1086.jpg 768w, https:\/\/www.visbygk.com\/wp-content\/uploads\/2022\/05\/Oversikt-3-scaled.jpg 1810w\" sizes=\"(max-width: 724px) 100vw, 724px\" \/><\/figure><div class=\"wp-block-media-text__content\">\n<p class=\"has-large-font-size\">Kontakt<\/p>\n\n\n\n<p>Telefon: 0498 &#8211; 20 09 30<br>Mail: info@visbygk.com<\/p>\n\n\n\n<p><\/p>\n<\/div><\/div>\n","protected":false},"excerpt":{"rendered":"<p>V\u00e4lkomna till Visby Golfklubb! Banan lyser gr\u00f6n och solen str\u00e5lar fr\u00e5n bl\u00e5 himmel idag.S\u00e5 glada att efter tv\u00e5 \u00e5rs uppeh\u00e5ll \u00e5ter vara en av banorna ni 640 spelare bes\u00f6ker! De&hellip;<\/p>\n","protected":false},"author":391,"featured_media":0,"parent":0,"menu_order":0,"comment_status":"closed","ping_status":"closed","template":"","meta":{"_golfpress_post_requires_user":false,"footnotes":""},"class_list":["post-8970","page","type-page","status-publish","hentry"],"featured_image_urls_v2":{"full":"","thumbnail":"","medium":"","medium_large":"","large":"","1536x1536":"","2048x2048":"","post-thumbnail":"","twentytwenty-fullscreen":""},"post_excerpt_stackable_v2":"<p>V\u00e4lkomna till Visby Golfklubb! Banan lyser gr\u00f6n och solen str\u00e5lar fr\u00e5n bl\u00e5 himmel idag.S\u00e5 glada att efter tv\u00e5 \u00e5rs uppeh\u00e5ll \u00e5ter vara en av banorna ni 640 spelare bes\u00f6ker! De sista detaljerna finslipas p\u00e5 just nu och allt kommer vara i topp till s\u00f6ndag Nytt f\u00f6r i \u00e5r \u00e4r att ni, f\u00f6rutom spel p\u00e5 18-h\u00e5lsbanan, \u00e4ven kommer spela v\u00e5r fantastiska 9-h\u00e5lsbana. D\u00e5 vi har flera kanonstarter per dag kommer vi inte att ha n\u00e5gon gemensam samling innan start.Vi h\u00e4lsar er v\u00e4lkomna vid incheckningen och svarar d\u00e5 p\u00e5 eventuella fr\u00e5gor om t\u00e4vlingen.Varmt v\u00e4lkomna \u00f6nskar vi alla p\u00e5 Visby GolfklubbNedan kommer lite&hellip;<\/p>\n","category_list_v2":"","author_info_v2":{"name":"000111-003","url":"https:\/\/www.visbygk.com\/sv\/author\/000111-003\/"},"comments_num_v2":"0 comments","yoast_head":"<!-- This site is optimized with the Yoast SEO plugin v24.7 - https:\/\/yoast.com\/wordpress\/plugins\/seo\/ -->\n<title>Golfa Runt Gotland - Visby GK<\/title>\n<meta name=\"robots\" content=\"index, follow, max-snippet:-1, max-image-preview:large, max-video-preview:-1\" \/>\n<link rel=\"canonical\" href=\"https:\/\/www.visbygk.com\/sv\/golfa-runt-gotland-2022\/\" \/>\n<meta property=\"og:locale\" content=\"sv_SE\" \/>\n<meta property=\"og:type\" content=\"article\" \/>\n<meta property=\"og:title\" content=\"Golfa Runt Gotland - Visby GK\" \/>\n<meta property=\"og:description\" content=\"V\u00e4lkomna till Visby Golfklubb! Banan lyser gr\u00f6n och solen str\u00e5lar fr\u00e5n bl\u00e5 himmel idag.S\u00e5 glada att efter tv\u00e5 \u00e5rs uppeh\u00e5ll \u00e5ter vara en av banorna ni 640 spelare bes\u00f6ker! De&hellip;\" \/>\n<meta property=\"og:url\" content=\"https:\/\/www.visbygk.com\/sv\/golfa-runt-gotland-2022\/\" \/>\n<meta property=\"og:site_name\" content=\"Visby GK\" \/>\n<meta property=\"article:modified_time\" content=\"2022-05-06T10:11:13+00:00\" \/>\n<meta property=\"og:image\" content=\"https:\/\/www.visbygk.com\/wp-content\/uploads\/2022\/05\/088_VisbyGK_JacobSjoman_V1-copy.jpg\" \/>\n<meta name=\"twitter:card\" content=\"summary_large_image\" \/>\n<meta name=\"twitter:label1\" content=\"Est. reading time\" \/>\n\t<meta name=\"twitter:data1\" content=\"4 minuter\" \/>\n<script type=\"application\/ld+json\" class=\"yoast-schema-graph\">{\"@context\":\"https:\/\/schema.org\",\"@graph\":[{\"@type\":\"WebPage\",\"@id\":\"https:\/\/www.visbygk.com\/sv\/golfa-runt-gotland-2022\/\",\"url\":\"https:\/\/www.visbygk.com\/sv\/golfa-runt-gotland-2022\/\",\"name\":\"Golfa Runt Gotland - Visby GK\",\"isPartOf\":{\"@id\":\"https:\/\/www.visbygk.com\/sv\/#website\"},\"primaryImageOfPage\":{\"@id\":\"https:\/\/www.visbygk.com\/sv\/golfa-runt-gotland-2022\/#primaryimage\"},\"image\":{\"@id\":\"https:\/\/www.visbygk.com\/sv\/golfa-runt-gotland-2022\/#primaryimage\"},\"thumbnailUrl\":\"https:\/\/www.visbygk.com\/wp-content\/uploads\/2022\/05\/088_VisbyGK_JacobSjoman_V1-copy.jpg\",\"datePublished\":\"2022-05-02T12:33:02+00:00\",\"dateModified\":\"2022-05-06T10:11:13+00:00\",\"breadcrumb\":{\"@id\":\"https:\/\/www.visbygk.com\/sv\/golfa-runt-gotland-2022\/#breadcrumb\"},\"inLanguage\":\"sv-SE\",\"potentialAction\":[{\"@type\":\"ReadAction\",\"target\":[\"https:\/\/www.visbygk.com\/sv\/golfa-runt-gotland-2022\/\"]}]},{\"@type\":\"ImageObject\",\"inLanguage\":\"sv-SE\",\"@id\":\"https:\/\/www.visbygk.com\/sv\/golfa-runt-gotland-2022\/#primaryimage\",\"url\":\"https:\/\/www.visbygk.com\/wp-content\/uploads\/2022\/05\/088_VisbyGK_JacobSjoman_V1-copy.jpg\",\"contentUrl\":\"https:\/\/www.visbygk.com\/wp-content\/uploads\/2022\/05\/088_VisbyGK_JacobSjoman_V1-copy.jpg\"},{\"@type\":\"BreadcrumbList\",\"@id\":\"https:\/\/www.visbygk.com\/sv\/golfa-runt-gotland-2022\/#breadcrumb\",\"itemListElement\":[{\"@type\":\"ListItem\",\"position\":1,\"name\":\"Home\",\"item\":\"https:\/\/www.visbygk.com\/sv\/\"},{\"@type\":\"ListItem\",\"position\":2,\"name\":\"Golfa Runt Gotland\"}]},{\"@type\":\"WebSite\",\"@id\":\"https:\/\/www.visbygk.com\/sv\/#website\",\"url\":\"https:\/\/www.visbygk.com\/sv\/\",\"name\":\"Visby GK\",\"description\":\"Visby GK\",\"publisher\":{\"@id\":\"https:\/\/www.visbygk.com\/sv\/#organization\"},\"potentialAction\":[{\"@type\":\"SearchAction\",\"target\":{\"@type\":\"EntryPoint\",\"urlTemplate\":\"https:\/\/www.visbygk.com\/sv\/?s={search_term_string}\"},\"query-input\":{\"@type\":\"PropertyValueSpecification\",\"valueRequired\":true,\"valueName\":\"search_term_string\"}}],\"inLanguage\":\"sv-SE\"},{\"@type\":\"Organization\",\"@id\":\"https:\/\/www.visbygk.com\/sv\/#organization\",\"name\":\"Visby GK\",\"url\":\"https:\/\/www.visbygk.com\/sv\/\",\"logo\":{\"@type\":\"ImageObject\",\"inLanguage\":\"sv-SE\",\"@id\":\"https:\/\/www.visbygk.com\/sv\/#\/schema\/logo\/image\/\",\"url\":\"https:\/\/www.visbygk.com\/wp-content\/uploads\/2021\/01\/visbygk-svart-1.png\",\"contentUrl\":\"https:\/\/www.visbygk.com\/wp-content\/uploads\/2021\/01\/visbygk-svart-1.png\",\"width\":800,\"height\":800,\"caption\":\"Visby GK\"},\"image\":{\"@id\":\"https:\/\/www.visbygk.com\/sv\/#\/schema\/logo\/image\/\"}}]}<\/script>\n<!-- \/ Yoast SEO plugin. -->","yoast_head_json":{"title":"Golfa Runt Gotland - Visby GK","robots":{"index":"index","follow":"follow","max-snippet":"max-snippet:-1","max-image-preview":"max-image-preview:large","max-video-preview":"max-video-preview:-1"},"canonical":"https:\/\/www.visbygk.com\/sv\/golfa-runt-gotland-2022\/","og_locale":"sv_SE","og_type":"article","og_title":"Golfa Runt Gotland - Visby GK","og_description":"V\u00e4lkomna till Visby Golfklubb! Banan lyser gr\u00f6n och solen str\u00e5lar fr\u00e5n bl\u00e5 himmel idag.S\u00e5 glada att efter tv\u00e5 \u00e5rs uppeh\u00e5ll \u00e5ter vara en av banorna ni 640 spelare bes\u00f6ker! De&hellip;","og_url":"https:\/\/www.visbygk.com\/sv\/golfa-runt-gotland-2022\/","og_site_name":"Visby GK","article_modified_time":"2022-05-06T10:11:13+00:00","og_image":[{"url":"https:\/\/www.visbygk.com\/wp-content\/uploads\/2022\/05\/088_VisbyGK_JacobSjoman_V1-copy.jpg","type":"","width":"","height":""}],"twitter_card":"summary_large_image","twitter_misc":{"Est. reading time":"4 minuter"},"schema":{"@context":"https:\/\/schema.org","@graph":[{"@type":"WebPage","@id":"https:\/\/www.visbygk.com\/sv\/golfa-runt-gotland-2022\/","url":"https:\/\/www.visbygk.com\/sv\/golfa-runt-gotland-2022\/","name":"Golfa Runt Gotland - Visby GK","isPartOf":{"@id":"https:\/\/www.visbygk.com\/sv\/#website"},"primaryImageOfPage":{"@id":"https:\/\/www.visbygk.com\/sv\/golfa-runt-gotland-2022\/#primaryimage"},"image":{"@id":"https:\/\/www.visbygk.com\/sv\/golfa-runt-gotland-2022\/#primaryimage"},"thumbnailUrl":"https:\/\/www.visbygk.com\/wp-content\/uploads\/2022\/05\/088_VisbyGK_JacobSjoman_V1-copy.jpg","datePublished":"2022-05-02T12:33:02+00:00","dateModified":"2022-05-06T10:11:13+00:00","breadcrumb":{"@id":"https:\/\/www.visbygk.com\/sv\/golfa-runt-gotland-2022\/#breadcrumb"},"inLanguage":"sv-SE","potentialAction":[{"@type":"ReadAction","target":["https:\/\/www.visbygk.com\/sv\/golfa-runt-gotland-2022\/"]}]},{"@type":"ImageObject","inLanguage":"sv-SE","@id":"https:\/\/www.visbygk.com\/sv\/golfa-runt-gotland-2022\/#primaryimage","url":"https:\/\/www.visbygk.com\/wp-content\/uploads\/2022\/05\/088_VisbyGK_JacobSjoman_V1-copy.jpg","contentUrl":"https:\/\/www.visbygk.com\/wp-content\/uploads\/2022\/05\/088_VisbyGK_JacobSjoman_V1-copy.jpg"},{"@type":"BreadcrumbList","@id":"https:\/\/www.visbygk.com\/sv\/golfa-runt-gotland-2022\/#breadcrumb","itemListElement":[{"@type":"ListItem","position":1,"name":"Home","item":"https:\/\/www.visbygk.com\/sv\/"},{"@type":"ListItem","position":2,"name":"Golfa Runt Gotland"}]},{"@type":"WebSite","@id":"https:\/\/www.visbygk.com\/sv\/#website","url":"https:\/\/www.visbygk.com\/sv\/","name":"Visby GK","description":"Visby GK","publisher":{"@id":"https:\/\/www.visbygk.com\/sv\/#organization"},"potentialAction":[{"@type":"SearchAction","target":{"@type":"EntryPoint","urlTemplate":"https:\/\/www.visbygk.com\/sv\/?s={search_term_string}"},"query-input":{"@type":"PropertyValueSpecification","valueRequired":true,"valueName":"search_term_string"}}],"inLanguage":"sv-SE"},{"@type":"Organization","@id":"https:\/\/www.visbygk.com\/sv\/#organization","name":"Visby GK","url":"https:\/\/www.visbygk.com\/sv\/","logo":{"@type":"ImageObject","inLanguage":"sv-SE","@id":"https:\/\/www.visbygk.com\/sv\/#\/schema\/logo\/image\/","url":"https:\/\/www.visbygk.com\/wp-content\/uploads\/2021\/01\/visbygk-svart-1.png","contentUrl":"https:\/\/www.visbygk.com\/wp-content\/uploads\/2021\/01\/visbygk-svart-1.png","width":800,"height":800,"caption":"Visby GK"},"image":{"@id":"https:\/\/www.visbygk.com\/sv\/#\/schema\/logo\/image\/"}}]}},"_links":{"self":[{"href":"https:\/\/www.visbygk.com\/sv\/wp-json\/wp\/v2\/pages\/8970","targetHints":{"allow":["GET"]}}],"collection":[{"href":"https:\/\/www.visbygk.com\/sv\/wp-json\/wp\/v2\/pages"}],"about":[{"href":"https:\/\/www.visbygk.com\/sv\/wp-json\/wp\/v2\/types\/page"}],"author":[{"embeddable":true,"href":"https:\/\/www.visbygk.com\/sv\/wp-json\/wp\/v2\/users\/391"}],"replies":[{"embeddable":true,"href":"https:\/\/www.visbygk.com\/sv\/wp-json\/wp\/v2\/comments?post=8970"}],"version-history":[{"count":22,"href":"https:\/\/www.visbygk.com\/sv\/wp-json\/wp\/v2\/pages\/8970\/revisions"}],"predecessor-version":[{"id":9044,"href":"https:\/\/www.visbygk.com\/sv\/wp-json\/wp\/v2\/pages\/8970\/revisions\/9044"}],"wp:attachment":[{"href":"https:\/\/www.visbygk.com\/sv\/wp-json\/wp\/v2\/media?parent=8970"}],"curies":[{"name":"wp","href":"https:\/\/api.w.org\/{rel}","templated":true}]}}