{"id":707,"date":"2021-01-28T13:03:23","date_gmt":"2021-01-28T13:03:23","guid":{"rendered":"https:\/\/www.visbygk.com\/?page_id=707"},"modified":"2022-02-23T13:22:25","modified_gmt":"2022-02-23T12:22:25","slug":"historia","status":"publish","type":"page","link":"https:\/\/www.visbygk.com\/sv\/historia\/","title":{"rendered":"Historia"},"content":{"rendered":"\n<div class=\"wp-block-cover alignfull has-background-dim-20 has-background-dim has-parallax\" style=\"background-image:url(https:\/\/www.visbygk.com\/wp-content\/uploads\/2021\/04\/481_VisbyGK_JacobSjoman_16BITS_V1-copy.jpg);min-height:100vh;aspect-ratio:unset;\"><div class=\"wp-block-cover__inner-container is-layout-flow wp-block-cover-is-layout-flow\">\n<h1 class=\"has-text-align-center wp-block-heading\">Historia<\/h1>\n<\/div><\/div>\n\n\n\n<p class=\"has-text-align-center\">1957 k\u00f6pte Gotlandsbolaget den mark p\u00e5 Kronholmen som idag \u00e4r Visby Golfklubb. Det var banarkitekterna Rafael Sundblom och Nils Sk\u00f6ld som tipsade Malte Wiman p\u00e5 Gotlandsbolaget om att den natursk\u00f6na udden mellan Tofta och V\u00e4stergarn skulle passa alldeles utm\u00e4rkt f\u00f6r golf. Hatten av f\u00f6r det tipset!&nbsp;<\/p>\n\n\n\n<hr class=\"wp-block-separator\"\/>\n\n\n\n<div class=\"wp-block-columns alignwide are-vertically-aligned-center tw-cols-stack-md is-layout-flex wp-container-core-columns-is-layout-1 wp-block-columns-is-layout-flex\">\n<div class=\"wp-block-column is-vertically-aligned-center is-layout-flow wp-block-column-is-layout-flow\">\n<figure class=\"wp-block-image size-full\"><img decoding=\"async\" width=\"1000\" height=\"750\" src=\"https:\/\/www.visbygk.com\/wp-content\/uploads\/2021\/01\/toftagarden-boende-gotland-4.jpg\" alt=\"\" class=\"wp-image-725\" srcset=\"https:\/\/www.visbygk.com\/wp-content\/uploads\/2021\/01\/toftagarden-boende-gotland-4.jpg 1000w, https:\/\/www.visbygk.com\/wp-content\/uploads\/2021\/01\/toftagarden-boende-gotland-4-600x450.jpg 600w, https:\/\/www.visbygk.com\/wp-content\/uploads\/2021\/01\/toftagarden-boende-gotland-4-300x225.jpg 300w, https:\/\/www.visbygk.com\/wp-content\/uploads\/2021\/01\/toftagarden-boende-gotland-4-768x576.jpg 768w\" sizes=\"(max-width: 1000px) 100vw, 1000px\" \/><\/figure>\n<\/div>\n\n\n\n<div class=\"wp-block-column is-vertically-aligned-center is-layout-flow wp-block-column-is-layout-flow\">\n<h2 class=\"wp-block-heading\">1957<\/h2>\n\n\n\n<h6 class=\"wp-block-heading\">Lammhage blir golfomr\u00e5de<\/h6>\n\n\n\n<p>D\u00e5varande ordf\u00f6randen i Gotlandsbolagets styrelse, bankdirekt\u00f6r Malte Wiman, arbetade intensivt f\u00f6r att hitta ett l\u00e4mpligt omr\u00e5de f\u00f6r en golfbana. En s\u00e5dan skulle ju onekligen gynna turismen och b\u00e5tresandet till Gotland. 1957 f\u00f6ll valet p\u00e5 Kronholmen. Omr\u00e5det p\u00e5 150 tunnland hade anv\u00e4nts som lammhage och k\u00f6peskillingen blev 70 000 kronor. S\u00e4ljare var Robert Appelgren.<\/p>\n<\/div>\n<\/div>\n\n\n\n<div class=\"wp-block-columns alignwide are-vertically-aligned-center tw-cols-stack-md is-layout-flex wp-container-core-columns-is-layout-2 wp-block-columns-is-layout-flex\">\n<div class=\"wp-block-column is-vertically-aligned-center is-layout-flow wp-block-column-is-layout-flow\">\n<figure class=\"wp-block-image size-large\"><img decoding=\"async\" width=\"1000\" height=\"750\" src=\"https:\/\/www.visbygk.com\/wp-content\/uploads\/2021\/01\/image-asset.jpeg\" alt=\"\" class=\"wp-image-726\" srcset=\"https:\/\/www.visbygk.com\/wp-content\/uploads\/2021\/01\/image-asset.jpeg 1000w, https:\/\/www.visbygk.com\/wp-content\/uploads\/2021\/01\/image-asset-600x450.jpeg 600w, https:\/\/www.visbygk.com\/wp-content\/uploads\/2021\/01\/image-asset-300x225.jpeg 300w, https:\/\/www.visbygk.com\/wp-content\/uploads\/2021\/01\/image-asset-768x576.jpeg 768w\" sizes=\"(max-width: 1000px) 100vw, 1000px\" \/><\/figure>\n<\/div>\n\n\n\n<div class=\"wp-block-column is-vertically-aligned-center is-layout-flow wp-block-column-is-layout-flow\">\n<h2 class=\"wp-block-heading\">1958<\/h2>\n\n\n\n<h6 class=\"wp-block-heading\">Klubben bildas<\/h6>\n\n\n\n<p>Vid klubbens bildande, den 2 oktober 1958, hade Visby GK en i det n\u00e4rmaste spelklar nioh\u00e5lsbana. Banan var 3090 meter l\u00e5ng och beskrevs av samst\u00e4mmig expertis som utomordentligt vackert bel\u00e4gen och utm\u00e4rkt planerad. Kostnad f\u00f6r anl\u00e4ggning: 130 000 kronor. Banarkitekter:&nbsp;Nils Sk\u00f6ld och Rafael Sundblom. Medlemsavgift:&nbsp;150 kr\/\u00e5r.<\/p>\n<\/div>\n<\/div>\n\n\n\n<div class=\"wp-block-columns alignwide are-vertically-aligned-center tw-cols-stack-md is-layout-flex wp-container-core-columns-is-layout-3 wp-block-columns-is-layout-flex\">\n<div class=\"wp-block-column is-vertically-aligned-center is-layout-flow wp-block-column-is-layout-flow\">\n<figure class=\"wp-block-image size-full\"><img decoding=\"async\" width=\"1000\" height=\"667\" src=\"https:\/\/www.visbygk.com\/wp-content\/uploads\/2021\/01\/image-asset-1.jpeg\" alt=\"\" class=\"wp-image-727\" srcset=\"https:\/\/www.visbygk.com\/wp-content\/uploads\/2021\/01\/image-asset-1.jpeg 1000w, https:\/\/www.visbygk.com\/wp-content\/uploads\/2021\/01\/image-asset-1-600x400.jpeg 600w, https:\/\/www.visbygk.com\/wp-content\/uploads\/2021\/01\/image-asset-1-300x200.jpeg 300w, https:\/\/www.visbygk.com\/wp-content\/uploads\/2021\/01\/image-asset-1-768x512.jpeg 768w\" sizes=\"(max-width: 1000px) 100vw, 1000px\" \/><\/figure>\n<\/div>\n\n\n\n<div class=\"wp-block-column is-vertically-aligned-center is-layout-flow wp-block-column-is-layout-flow\">\n<h2 class=\"wp-block-heading\">1964-1966<\/h2>\n\n\n\n<h6 class=\"wp-block-heading\">Fr\u00e5n 9 till 18 h\u00e5l<\/h6>\n\n\n\n<p>Den 29 oktober 1964 meddelar banchef Gunnar H\u00f6rnfeldt att s\u00e5v\u00e4l Klintehamn som Stenkumla kommun beviljat Visby GK ett anslag p\u00e5 vardera 15 000 kronor. Motsvarande belopp erh\u00f6lls som statsbidrag. Pengarna investerades i nio nya h\u00e5l. Utbyggnaden p\u00e5b\u00f6rjades 1 december samma \u00e5r och h\u00f6sten 1966 invigdes den nya artonh\u00e5lsbanan.<\/p>\n<\/div>\n<\/div>\n\n\n\n<div class=\"wp-block-columns alignwide are-vertically-aligned-center tw-cols-stack-md is-layout-flex wp-container-core-columns-is-layout-4 wp-block-columns-is-layout-flex\">\n<div class=\"wp-block-column is-vertically-aligned-center is-layout-flow wp-block-column-is-layout-flow\">\n<figure class=\"wp-block-image size-large\"><img decoding=\"async\" width=\"1000\" height=\"750\" src=\"https:\/\/www.visbygk.com\/wp-content\/uploads\/2021\/05\/Douglas-Brasier-crop.jpg\" alt=\"\" class=\"wp-image-7184\" srcset=\"https:\/\/www.visbygk.com\/wp-content\/uploads\/2021\/05\/Douglas-Brasier-crop.jpg 1000w, https:\/\/www.visbygk.com\/wp-content\/uploads\/2021\/05\/Douglas-Brasier-crop-600x450.jpg 600w, https:\/\/www.visbygk.com\/wp-content\/uploads\/2021\/05\/Douglas-Brasier-crop-300x225.jpg 300w, https:\/\/www.visbygk.com\/wp-content\/uploads\/2021\/05\/Douglas-Brasier-crop-768x576.jpg 768w\" sizes=\"(max-width: 1000px) 100vw, 1000px\" \/><\/figure>\n<\/div>\n\n\n\n<div class=\"wp-block-column is-vertically-aligned-center is-layout-flow wp-block-column-is-layout-flow\">\n<h2 class=\"wp-block-heading\">1968<\/h2>\n\n\n\n<h6 class=\"wp-block-heading\">Douglas Brasier g\u00f6r entr\u00e9<\/h6>\n\n\n\n<p>H\u00f6sten 1968 tar Visby GK kontakt med den brittiske spelaren, instrukt\u00f6ren och banarkitekten Douglas Brasier. Mr Brasier \u00e4r mycket imponerad av Kronholmen och l\u00e4gger ett f\u00f6rslag p\u00e5 hur banan kan utvecklas till en m\u00e4sterskapsbana. Hans f\u00f6rslag ligger ocks\u00e5 till grund f\u00f6r det fortsatta utvecklingsarbetet.<\/p>\n<\/div>\n<\/div>\n\n\n\n<div class=\"wp-block-columns alignwide are-vertically-aligned-center tw-cols-stack-md is-layout-flex wp-container-core-columns-is-layout-5 wp-block-columns-is-layout-flex\">\n<div class=\"wp-block-column is-vertically-aligned-center is-layout-flow wp-block-column-is-layout-flow\">\n<figure class=\"wp-block-image size-full\"><img decoding=\"async\" width=\"1000\" height=\"750\" src=\"https:\/\/www.visbygk.com\/wp-content\/uploads\/2021\/01\/image-asset-2.jpeg\" alt=\"\" class=\"wp-image-729\" srcset=\"https:\/\/www.visbygk.com\/wp-content\/uploads\/2021\/01\/image-asset-2.jpeg 1000w, https:\/\/www.visbygk.com\/wp-content\/uploads\/2021\/01\/image-asset-2-600x450.jpeg 600w, https:\/\/www.visbygk.com\/wp-content\/uploads\/2021\/01\/image-asset-2-300x225.jpeg 300w, https:\/\/www.visbygk.com\/wp-content\/uploads\/2021\/01\/image-asset-2-768x576.jpeg 768w\" sizes=\"(max-width: 1000px) 100vw, 1000px\" \/><\/figure>\n<\/div>\n\n\n\n<div class=\"wp-block-column is-vertically-aligned-center is-layout-flow wp-block-column-is-layout-flow\">\n<h2 class=\"wp-block-heading\">1990-1992<\/h2>\n\n\n\n<h6 class=\"wp-block-heading\">Ytterligare 9 h\u00e5l<\/h6>\n\n\n\n<p>Redan inf\u00f6r \u00e5rsm\u00f6tet 1988 fanns planer p\u00e5&nbsp;ytterligare nio h\u00e5l. Men debattens v\u00e5gor gick h\u00f6ga och det var f\u00f6rst p\u00e5 \u00e5rsm\u00f6tet 1990 som beslutet kunde klubbas, med 68 r\u00f6ster mot 42. Sista helgen i augusti 1992 var det dags f\u00f6r invigning av de nio nya h\u00e5len. P\u00e5 nuvarande h\u00e5l 8 p\u00e5 nioh\u00e5lsslingan kan du l\u00e4sa mer om Kronholmskoggen &#8211; som uppt\u00e4cktes under byggnationen.<\/p>\n<\/div>\n<\/div>\n\n\n\n<div class=\"wp-block-columns alignwide are-vertically-aligned-center tw-cols-stack-md is-layout-flex wp-container-core-columns-is-layout-6 wp-block-columns-is-layout-flex\">\n<div class=\"wp-block-column is-vertically-aligned-center is-layout-flow wp-block-column-is-layout-flow\">\n<figure class=\"wp-block-image size-full\"><img decoding=\"async\" width=\"1000\" height=\"750\" src=\"https:\/\/www.visbygk.com\/wp-content\/uploads\/2021\/01\/historia2.jpg\" alt=\"\" class=\"wp-image-730\" srcset=\"https:\/\/www.visbygk.com\/wp-content\/uploads\/2021\/01\/historia2.jpg 1000w, https:\/\/www.visbygk.com\/wp-content\/uploads\/2021\/01\/historia2-600x450.jpg 600w, https:\/\/www.visbygk.com\/wp-content\/uploads\/2021\/01\/historia2-300x225.jpg 300w, https:\/\/www.visbygk.com\/wp-content\/uploads\/2021\/01\/historia2-768x576.jpg 768w\" sizes=\"(max-width: 1000px) 100vw, 1000px\" \/><\/figure>\n<\/div>\n\n\n\n<div class=\"wp-block-column is-vertically-aligned-center is-layout-flow wp-block-column-is-layout-flow\">\n<h2 class=\"wp-block-heading\">2008<\/h2>\n\n\n\n<h6 class=\"wp-block-heading\">50-\u00e5rsjubileum med helt ny bana<\/h6>\n\n\n\n<p>Runt millenieskiftet blev greenerna s\u00e4mre och s\u00e4mre. Ett nytt sk\u00f6tselprogram antogs, men \u00f6nskad effekt uteblev. 2006 tog styrelsen ett avg\u00f6rande beslut om att renovera samtliga 27 greener och greenomr\u00e5den lagom till klubbens 50-\u00e5rsjubileum.\u00a0Som sakkunnig och arkitekt anlitades Pierre Fulke. Den helt ombyggda banan stod klar 2008 och fick mycket h\u00f6ga betyg fr\u00e5n medlemmar och tillresta g\u00e4ster som Kenta &#8221;Mr Magic&#8221; Nilsson, Tomas \u00a0Brolin, Christer Ulfb\u00e5ge, Peppe Eng m.fl.<\/p>\n<\/div>\n<\/div>\n\n\n\n<div class=\"wp-block-columns alignwide are-vertically-aligned-center tw-cols-stack-md is-layout-flex wp-container-core-columns-is-layout-7 wp-block-columns-is-layout-flex\">\n<div class=\"wp-block-column is-vertically-aligned-center is-layout-flow wp-block-column-is-layout-flow\">\n<figure class=\"wp-block-embed is-type-video is-provider-youtube wp-block-embed-youtube wp-embed-aspect-16-9 wp-has-aspect-ratio\"><div class=\"wp-block-embed__wrapper\">\n<iframe title=\"Resan mot nummer 1\" width=\"800\" height=\"450\" src=\"https:\/\/www.youtube.com\/embed\/5oO6hOV54QA?feature=oembed\" frameborder=\"0\" allow=\"accelerometer; autoplay; clipboard-write; encrypted-media; gyroscope; picture-in-picture; web-share\" referrerpolicy=\"strict-origin-when-cross-origin\" allowfullscreen><\/iframe>\n<\/div><\/figure>\n<\/div>\n\n\n\n<div class=\"wp-block-column is-vertically-aligned-center is-layout-flow wp-block-column-is-layout-flow\">\n<h2 class=\"wp-block-heading\">2020<\/h2>\n\n\n\n<h6 class=\"wp-block-heading\">Resan mot nummer 1<\/h6>\n\n\n\n<p>I juni 2020 blev Visby Golfklubb utsedd till Sveriges b\u00e4sta golfbana enligt Svensk Golf.<\/p>\n<\/div>\n<\/div>\n\n\n\n<p><\/p>\n","protected":false},"excerpt":{"rendered":"<p>1957 k\u00f6pte Gotlandsbolaget den mark p\u00e5 Kronholmen som idag \u00e4r Visby Golfklubb. Det var banarkitekterna Rafael Sundblom och Nils Sk\u00f6ld som tipsade Malte Wiman p\u00e5 Gotlandsbolaget om att den natursk\u00f6na&hellip;<\/p>\n","protected":false},"author":391,"featured_media":5309,"parent":0,"menu_order":0,"comment_status":"closed","ping_status":"closed","template":"tw-header-transparent-light.php","meta":{"_golfpress_post_requires_user":false,"footnotes":""},"class_list":["post-707","page","type-page","status-publish","has-post-thumbnail","hentry"],"featured_image_urls_v2":{"full":["https:\/\/www.visbygk.com\/wp-content\/uploads\/2021\/04\/481_VisbyGK_JacobSjoman_16BITS_V1-copy.jpg",2500,1666,false],"thumbnail":["https:\/\/www.visbygk.com\/wp-content\/uploads\/2021\/04\/481_VisbyGK_JacobSjoman_16BITS_V1-copy-150x150.jpg",150,150,true],"medium":["https:\/\/www.visbygk.com\/wp-content\/uploads\/2021\/04\/481_VisbyGK_JacobSjoman_16BITS_V1-copy-300x200.jpg",300,200,true],"medium_large":["https:\/\/www.visbygk.com\/wp-content\/uploads\/2021\/04\/481_VisbyGK_JacobSjoman_16BITS_V1-copy-768x512.jpg",768,512,true],"large":["https:\/\/www.visbygk.com\/wp-content\/uploads\/2021\/04\/481_VisbyGK_JacobSjoman_16BITS_V1-copy-1024x682.jpg",800,533,true],"1536x1536":["https:\/\/www.visbygk.com\/wp-content\/uploads\/2021\/04\/481_VisbyGK_JacobSjoman_16BITS_V1-copy-1536x1024.jpg",1536,1024,true],"2048x2048":["https:\/\/www.visbygk.com\/wp-content\/uploads\/2021\/04\/481_VisbyGK_JacobSjoman_16BITS_V1-copy-2048x1365.jpg",2048,1365,true],"post-thumbnail":["https:\/\/www.visbygk.com\/wp-content\/uploads\/2021\/04\/481_VisbyGK_JacobSjoman_16BITS_V1-copy-1200x800.jpg",1200,800,true],"twentytwenty-fullscreen":["https:\/\/www.visbygk.com\/wp-content\/uploads\/2021\/04\/481_VisbyGK_JacobSjoman_16BITS_V1-copy-1980x1319.jpg",1980,1319,true]},"post_excerpt_stackable_v2":"<p>Historia 1957 k\u00f6pte Gotlandsbolaget den mark p\u00e5 Kronholmen som idag \u00e4r Visby Golfklubb. Det var banarkitekterna Rafael Sundblom och Nils Sk\u00f6ld som tipsade Malte Wiman p\u00e5 Gotlandsbolaget om att den natursk\u00f6na udden mellan Tofta och V\u00e4stergarn skulle passa alldeles utm\u00e4rkt f\u00f6r golf. Hatten av f\u00f6r det tipset!&nbsp; 1957 Lammhage blir golfomr\u00e5de D\u00e5varande ordf\u00f6randen i Gotlandsbolagets styrelse, bankdirekt\u00f6r Malte Wiman, arbetade intensivt f\u00f6r att hitta ett l\u00e4mpligt omr\u00e5de f\u00f6r en golfbana. En s\u00e5dan skulle ju onekligen gynna turismen och b\u00e5tresandet till Gotland. 1957 f\u00f6ll valet p\u00e5 Kronholmen. Omr\u00e5det p\u00e5 150 tunnland hade anv\u00e4nts som lammhage och k\u00f6peskillingen blev 70 000 kronor.&hellip;<\/p>\n","category_list_v2":"","author_info_v2":{"name":"000111-003","url":"https:\/\/www.visbygk.com\/sv\/author\/000111-003\/"},"comments_num_v2":"0 comments","yoast_head":"<!-- This site is optimized with the Yoast SEO plugin v24.7 - https:\/\/yoast.com\/wordpress\/plugins\/seo\/ -->\n<title>Historia - Visby GK<\/title>\n<meta name=\"robots\" content=\"index, follow, max-snippet:-1, max-image-preview:large, max-video-preview:-1\" \/>\n<link rel=\"canonical\" href=\"https:\/\/www.visbygk.com\/sv\/historia\/\" \/>\n<meta property=\"og:locale\" content=\"sv_SE\" \/>\n<meta property=\"og:type\" content=\"article\" \/>\n<meta property=\"og:title\" content=\"Historia - Visby GK\" \/>\n<meta property=\"og:description\" content=\"1957 k\u00f6pte Gotlandsbolaget den mark p\u00e5 Kronholmen som idag \u00e4r Visby Golfklubb. Det var banarkitekterna Rafael Sundblom och Nils Sk\u00f6ld som tipsade Malte Wiman p\u00e5 Gotlandsbolaget om att den natursk\u00f6na&hellip;\" \/>\n<meta property=\"og:url\" content=\"https:\/\/www.visbygk.com\/sv\/historia\/\" \/>\n<meta property=\"og:site_name\" content=\"Visby GK\" \/>\n<meta property=\"article:modified_time\" content=\"2022-02-23T12:22:25+00:00\" \/>\n<meta property=\"og:image\" content=\"https:\/\/www.visbygk.com\/wp-content\/uploads\/2021\/04\/481_VisbyGK_JacobSjoman_16BITS_V1-copy.jpg\" \/>\n\t<meta property=\"og:image:width\" content=\"2500\" \/>\n\t<meta property=\"og:image:height\" content=\"1666\" \/>\n\t<meta property=\"og:image:type\" content=\"image\/jpeg\" \/>\n<meta name=\"twitter:card\" content=\"summary_large_image\" \/>\n<meta name=\"twitter:label1\" content=\"Est. reading time\" \/>\n\t<meta name=\"twitter:data1\" content=\"4 minuter\" \/>\n<script type=\"application\/ld+json\" class=\"yoast-schema-graph\">{\"@context\":\"https:\/\/schema.org\",\"@graph\":[{\"@type\":\"WebPage\",\"@id\":\"https:\/\/www.visbygk.com\/sv\/historia\/\",\"url\":\"https:\/\/www.visbygk.com\/sv\/historia\/\",\"name\":\"Historia - Visby GK\",\"isPartOf\":{\"@id\":\"https:\/\/www.visbygk.com\/sv\/#website\"},\"primaryImageOfPage\":{\"@id\":\"https:\/\/www.visbygk.com\/sv\/historia\/#primaryimage\"},\"image\":{\"@id\":\"https:\/\/www.visbygk.com\/sv\/historia\/#primaryimage\"},\"thumbnailUrl\":\"https:\/\/www.visbygk.com\/wp-content\/uploads\/2021\/04\/481_VisbyGK_JacobSjoman_16BITS_V1-copy.jpg\",\"datePublished\":\"2021-01-28T13:03:23+00:00\",\"dateModified\":\"2022-02-23T12:22:25+00:00\",\"breadcrumb\":{\"@id\":\"https:\/\/www.visbygk.com\/sv\/historia\/#breadcrumb\"},\"inLanguage\":\"sv-SE\",\"potentialAction\":[{\"@type\":\"ReadAction\",\"target\":[\"https:\/\/www.visbygk.com\/sv\/historia\/\"]}]},{\"@type\":\"ImageObject\",\"inLanguage\":\"sv-SE\",\"@id\":\"https:\/\/www.visbygk.com\/sv\/historia\/#primaryimage\",\"url\":\"https:\/\/www.visbygk.com\/wp-content\/uploads\/2021\/04\/481_VisbyGK_JacobSjoman_16BITS_V1-copy.jpg\",\"contentUrl\":\"https:\/\/www.visbygk.com\/wp-content\/uploads\/2021\/04\/481_VisbyGK_JacobSjoman_16BITS_V1-copy.jpg\",\"width\":2500,\"height\":1666},{\"@type\":\"BreadcrumbList\",\"@id\":\"https:\/\/www.visbygk.com\/sv\/historia\/#breadcrumb\",\"itemListElement\":[{\"@type\":\"ListItem\",\"position\":1,\"name\":\"Home\",\"item\":\"https:\/\/www.visbygk.com\/sv\/\"},{\"@type\":\"ListItem\",\"position\":2,\"name\":\"Historia\"}]},{\"@type\":\"WebSite\",\"@id\":\"https:\/\/www.visbygk.com\/sv\/#website\",\"url\":\"https:\/\/www.visbygk.com\/sv\/\",\"name\":\"Visby GK\",\"description\":\"Visby GK\",\"publisher\":{\"@id\":\"https:\/\/www.visbygk.com\/sv\/#organization\"},\"potentialAction\":[{\"@type\":\"SearchAction\",\"target\":{\"@type\":\"EntryPoint\",\"urlTemplate\":\"https:\/\/www.visbygk.com\/sv\/?s={search_term_string}\"},\"query-input\":{\"@type\":\"PropertyValueSpecification\",\"valueRequired\":true,\"valueName\":\"search_term_string\"}}],\"inLanguage\":\"sv-SE\"},{\"@type\":\"Organization\",\"@id\":\"https:\/\/www.visbygk.com\/sv\/#organization\",\"name\":\"Visby GK\",\"url\":\"https:\/\/www.visbygk.com\/sv\/\",\"logo\":{\"@type\":\"ImageObject\",\"inLanguage\":\"sv-SE\",\"@id\":\"https:\/\/www.visbygk.com\/sv\/#\/schema\/logo\/image\/\",\"url\":\"https:\/\/www.visbygk.com\/wp-content\/uploads\/2021\/01\/visbygk-svart-1.png\",\"contentUrl\":\"https:\/\/www.visbygk.com\/wp-content\/uploads\/2021\/01\/visbygk-svart-1.png\",\"width\":800,\"height\":800,\"caption\":\"Visby GK\"},\"image\":{\"@id\":\"https:\/\/www.visbygk.com\/sv\/#\/schema\/logo\/image\/\"}}]}<\/script>\n<!-- \/ Yoast SEO plugin. -->","yoast_head_json":{"title":"Historia - Visby GK","robots":{"index":"index","follow":"follow","max-snippet":"max-snippet:-1","max-image-preview":"max-image-preview:large","max-video-preview":"max-video-preview:-1"},"canonical":"https:\/\/www.visbygk.com\/sv\/historia\/","og_locale":"sv_SE","og_type":"article","og_title":"Historia - Visby GK","og_description":"1957 k\u00f6pte Gotlandsbolaget den mark p\u00e5 Kronholmen som idag \u00e4r Visby Golfklubb. Det var banarkitekterna Rafael Sundblom och Nils Sk\u00f6ld som tipsade Malte Wiman p\u00e5 Gotlandsbolaget om att den natursk\u00f6na&hellip;","og_url":"https:\/\/www.visbygk.com\/sv\/historia\/","og_site_name":"Visby GK","article_modified_time":"2022-02-23T12:22:25+00:00","og_image":[{"width":2500,"height":1666,"url":"https:\/\/www.visbygk.com\/wp-content\/uploads\/2021\/04\/481_VisbyGK_JacobSjoman_16BITS_V1-copy.jpg","type":"image\/jpeg"}],"twitter_card":"summary_large_image","twitter_misc":{"Est. reading time":"4 minuter"},"schema":{"@context":"https:\/\/schema.org","@graph":[{"@type":"WebPage","@id":"https:\/\/www.visbygk.com\/sv\/historia\/","url":"https:\/\/www.visbygk.com\/sv\/historia\/","name":"Historia - Visby GK","isPartOf":{"@id":"https:\/\/www.visbygk.com\/sv\/#website"},"primaryImageOfPage":{"@id":"https:\/\/www.visbygk.com\/sv\/historia\/#primaryimage"},"image":{"@id":"https:\/\/www.visbygk.com\/sv\/historia\/#primaryimage"},"thumbnailUrl":"https:\/\/www.visbygk.com\/wp-content\/uploads\/2021\/04\/481_VisbyGK_JacobSjoman_16BITS_V1-copy.jpg","datePublished":"2021-01-28T13:03:23+00:00","dateModified":"2022-02-23T12:22:25+00:00","breadcrumb":{"@id":"https:\/\/www.visbygk.com\/sv\/historia\/#breadcrumb"},"inLanguage":"sv-SE","potentialAction":[{"@type":"ReadAction","target":["https:\/\/www.visbygk.com\/sv\/historia\/"]}]},{"@type":"ImageObject","inLanguage":"sv-SE","@id":"https:\/\/www.visbygk.com\/sv\/historia\/#primaryimage","url":"https:\/\/www.visbygk.com\/wp-content\/uploads\/2021\/04\/481_VisbyGK_JacobSjoman_16BITS_V1-copy.jpg","contentUrl":"https:\/\/www.visbygk.com\/wp-content\/uploads\/2021\/04\/481_VisbyGK_JacobSjoman_16BITS_V1-copy.jpg","width":2500,"height":1666},{"@type":"BreadcrumbList","@id":"https:\/\/www.visbygk.com\/sv\/historia\/#breadcrumb","itemListElement":[{"@type":"ListItem","position":1,"name":"Home","item":"https:\/\/www.visbygk.com\/sv\/"},{"@type":"ListItem","position":2,"name":"Historia"}]},{"@type":"WebSite","@id":"https:\/\/www.visbygk.com\/sv\/#website","url":"https:\/\/www.visbygk.com\/sv\/","name":"Visby GK","description":"Visby GK","publisher":{"@id":"https:\/\/www.visbygk.com\/sv\/#organization"},"potentialAction":[{"@type":"SearchAction","target":{"@type":"EntryPoint","urlTemplate":"https:\/\/www.visbygk.com\/sv\/?s={search_term_string}"},"query-input":{"@type":"PropertyValueSpecification","valueRequired":true,"valueName":"search_term_string"}}],"inLanguage":"sv-SE"},{"@type":"Organization","@id":"https:\/\/www.visbygk.com\/sv\/#organization","name":"Visby GK","url":"https:\/\/www.visbygk.com\/sv\/","logo":{"@type":"ImageObject","inLanguage":"sv-SE","@id":"https:\/\/www.visbygk.com\/sv\/#\/schema\/logo\/image\/","url":"https:\/\/www.visbygk.com\/wp-content\/uploads\/2021\/01\/visbygk-svart-1.png","contentUrl":"https:\/\/www.visbygk.com\/wp-content\/uploads\/2021\/01\/visbygk-svart-1.png","width":800,"height":800,"caption":"Visby GK"},"image":{"@id":"https:\/\/www.visbygk.com\/sv\/#\/schema\/logo\/image\/"}}]}},"_links":{"self":[{"href":"https:\/\/www.visbygk.com\/sv\/wp-json\/wp\/v2\/pages\/707","targetHints":{"allow":["GET"]}}],"collection":[{"href":"https:\/\/www.visbygk.com\/sv\/wp-json\/wp\/v2\/pages"}],"about":[{"href":"https:\/\/www.visbygk.com\/sv\/wp-json\/wp\/v2\/types\/page"}],"author":[{"embeddable":true,"href":"https:\/\/www.visbygk.com\/sv\/wp-json\/wp\/v2\/users\/391"}],"replies":[{"embeddable":true,"href":"https:\/\/www.visbygk.com\/sv\/wp-json\/wp\/v2\/comments?post=707"}],"version-history":[{"count":24,"href":"https:\/\/www.visbygk.com\/sv\/wp-json\/wp\/v2\/pages\/707\/revisions"}],"predecessor-version":[{"id":7237,"href":"https:\/\/www.visbygk.com\/sv\/wp-json\/wp\/v2\/pages\/707\/revisions\/7237"}],"wp:featuredmedia":[{"embeddable":true,"href":"https:\/\/www.visbygk.com\/sv\/wp-json\/wp\/v2\/media\/5309"}],"wp:attachment":[{"href":"https:\/\/www.visbygk.com\/sv\/wp-json\/wp\/v2\/media?parent=707"}],"curies":[{"name":"wp","href":"https:\/\/api.w.org\/{rel}","templated":true}]}}