{"id":615,"date":"2021-01-28T08:22:44","date_gmt":"2021-01-28T08:22:44","guid":{"rendered":"https:\/\/www.visbygk.com\/?page_id=615"},"modified":"2025-06-16T20:18:00","modified_gmt":"2025-06-16T18:18:00","slug":"foretagsevent","status":"publish","type":"page","link":"https:\/\/www.visbygk.com\/sv\/foretagsevent\/","title":{"rendered":"F\u00f6retagsfest &amp; Kickoff"},"content":{"rendered":"\n<div class=\"wp-block-cover alignfull is-light has-parallax\" style=\"min-height:100vh;aspect-ratio:unset;\"><span aria-hidden=\"true\" class=\"wp-block-cover__background has-background-dim-20 has-background-dim\"><\/span><div class=\"wp-block-cover__image-background wp-image-5187 has-parallax\" style=\"background-position:50% 50%;background-image:url(https:\/\/www.visbygk.com\/wp-content\/uploads\/2021\/04\/958_VisbyGK_JSjoman_16BITS_V1-copy.jpg)\"><\/div><div class=\"wp-block-cover__inner-container is-layout-flow wp-block-cover-is-layout-flow\">\n<h1 class=\"wp-block-heading has-text-align-center\">F\u00f6retagsfest &amp; Kickoff<\/h1>\n<\/div><\/div>\n\n\n\n<h3 class=\"wp-block-heading has-text-align-center\">\u00c4r det sant? <br>Har du aldrig varit h\u00e4r? <\/h3>\n\n\n\n<p>Att ta med sina arbetskamrater, sina kompisar eller sl\u00e4ktingar f\u00f6r en fest p\u00e5 en plats som \u00e4r alldeles unik och som de dessutom aldrig varit p\u00e5 kan vara helt fantastiskt. Att se deras uppsp\u00e4rrade \u00f6gon och tappade hakor n\u00e4r de m\u00f6ter havet vid Gotlands mesta smultronst\u00e4lle \u00e4r helt underbart. F\u00f6r det \u00e4r d\u00e5, i det \u00f6gonblicket, du vet att du valde r\u00e4tt och att det kommer att bli en of\u00f6rgl\u00f6mlig kv\u00e4ll.<\/p>\n\n\n\n<p>Ni som har varit h\u00e4r vet. Och vi vet \u2013 att den som en g\u00e5ng varit h\u00e4r alltid kommer tillbaka.<\/p>\n\n\n\n<hr class=\"wp-block-separator has-css-opacity\"\/>\n\n\n\n<div class=\"wp-block-media-text alignwide is-stacked-on-mobile is-image-fill-element is-style-default has-background\" style=\"background-color:#ffffff\"><figure class=\"wp-block-media-text__media\"><img decoding=\"async\" width=\"667\" height=\"1000\" src=\"https:\/\/www.visbygk.com\/wp-content\/uploads\/2023\/05\/Kron12.jpg\" alt=\"\" class=\"wp-image-11328 size-full\" style=\"object-position:50% 50%\" srcset=\"https:\/\/www.visbygk.com\/wp-content\/uploads\/2023\/05\/Kron12.jpg 667w, https:\/\/www.visbygk.com\/wp-content\/uploads\/2023\/05\/Kron12-200x300.jpg 200w\" sizes=\"(max-width: 667px) 100vw, 667px\" \/><\/figure><div class=\"wp-block-media-text__content\">\n<h3 class=\"wp-block-heading\">M\u00e4ngder av m\u00f6jligheter p\u00e5 Visby Golfklubb och Kronholmen<\/h3>\n\n\n\n<ul class=\"wp-block-list\">\n<li>Spela f\u00f6retagsgolf p\u00e5 Sveriges vackraste golfbana<\/li>\n\n\n\n<li>Mat och dryck p\u00e5 Kronholmen Restaurang &amp; Bar<\/li>\n\n\n\n<li>Bastu precis vid havet<\/li>\n\n\n\n<li>M\u00f6teslokaler i klubbens gamla klubbhus nere vid havet<\/li>\n\n\n\n<li>M\u00f6jligheter till boende, andra aktiviteter och skr\u00e4ddarsydda arrangemang<\/li>\n<\/ul>\n\n\n\n<p>\u00c4r du intresserad av ett f\u00f6retagsevent p\u00e5 Sveriges vackraste holme? Ring restaurangchef Per Ramstr\u00f6m p\u00e5 <a href=\"tel:0707133435\">07<\/a><a href=\"tel:0735190931\">3-5190931<\/a> eller mejl <a href=\"mailto:per@visbygk.com\">per@visbygk.com<\/a><\/p>\n<\/div><\/div>\n\n\n\n<hr class=\"wp-block-separator has-css-opacity\"\/>\n\n\n\n<h3 class=\"wp-block-heading\">Skicka en f\u00f6rfr\u00e5gan!<\/h3>\n\n\n\n\n\n<hr class=\"wp-block-separator has-css-opacity\"\/>\n\n\n\n<h4 class=\"wp-block-heading has-text-align-center\">Vill du bli partner till Visby Golfklubb? <\/h4>\n\n\n\n<p class=\"has-text-align-center\"><a href=\"https:\/\/www.visbygk.com\/partners\/\">L\u00e4s mer om v\u00e5ra partners och hur vi kan hitta ett samarbete.<\/a><\/p>\n\n\n\n<hr class=\"wp-block-separator has-css-opacity\"\/>\n\n\n\n<div class=\"wp-block-media-text is-stacked-on-mobile\"><figure class=\"wp-block-media-text__media\"><img decoding=\"async\" width=\"1024\" height=\"1017\" src=\"https:\/\/www.visbygk.com\/wp-content\/uploads\/2021\/04\/kronholmen-logga-1024x1017.png\" alt=\"\" class=\"wp-image-6528 size-full\" srcset=\"https:\/\/www.visbygk.com\/wp-content\/uploads\/2021\/04\/kronholmen-logga-1024x1017.png 1024w, https:\/\/www.visbygk.com\/wp-content\/uploads\/2021\/04\/kronholmen-logga-100x100.png 100w, https:\/\/www.visbygk.com\/wp-content\/uploads\/2021\/04\/kronholmen-logga-600x596.png 600w, https:\/\/www.visbygk.com\/wp-content\/uploads\/2021\/04\/kronholmen-logga-300x298.png 300w, https:\/\/www.visbygk.com\/wp-content\/uploads\/2021\/04\/kronholmen-logga-150x150.png 150w, https:\/\/www.visbygk.com\/wp-content\/uploads\/2021\/04\/kronholmen-logga-768x763.png 768w, https:\/\/www.visbygk.com\/wp-content\/uploads\/2021\/04\/kronholmen-logga-1200x1192.png 1200w, https:\/\/www.visbygk.com\/wp-content\/uploads\/2021\/04\/kronholmen-logga.png 1470w\" sizes=\"(max-width: 1024px) 100vw, 1024px\" \/><\/figure><div class=\"wp-block-media-text__content\">\n<p class=\"has-text-align-center\">Kronholmen Restaurang &amp; Bar<br>c\/o Kronholmen Golf AB<br>V\u00e4stergarn Kronholmen 415<br>622 30 Gotlands Tofta<\/p>\n\n\n\n<p class=\"has-text-align-center\"><a href=\"https:\/\/www.visbygk.com\/sv\/restaurang\/\">Om Kronholmen Restaurang &amp; Bar<\/a><\/p>\n<\/div><\/div>\n","protected":false},"excerpt":{"rendered":"<p>\u00c4r det sant? Har du aldrig varit h\u00e4r? Att ta med sina arbetskamrater, sina kompisar eller sl\u00e4ktingar f\u00f6r en fest p\u00e5 en plats som \u00e4r alldeles unik och som de&hellip;<\/p>\n","protected":false},"author":391,"featured_media":5187,"parent":0,"menu_order":0,"comment_status":"closed","ping_status":"closed","template":"tw-header-transparent-light.php","meta":{"_golfpress_post_requires_user":false,"footnotes":""},"class_list":["post-615","page","type-page","status-publish","has-post-thumbnail","hentry"],"featured_image_urls_v2":{"full":["https:\/\/www.visbygk.com\/wp-content\/uploads\/2021\/04\/958_VisbyGK_JSjoman_16BITS_V1-copy.jpg",2500,1666,false],"thumbnail":["https:\/\/www.visbygk.com\/wp-content\/uploads\/2021\/04\/958_VisbyGK_JSjoman_16BITS_V1-copy-150x150.jpg",150,150,true],"medium":["https:\/\/www.visbygk.com\/wp-content\/uploads\/2021\/04\/958_VisbyGK_JSjoman_16BITS_V1-copy-300x200.jpg",300,200,true],"medium_large":["https:\/\/www.visbygk.com\/wp-content\/uploads\/2021\/04\/958_VisbyGK_JSjoman_16BITS_V1-copy-768x512.jpg",768,512,true],"large":["https:\/\/www.visbygk.com\/wp-content\/uploads\/2021\/04\/958_VisbyGK_JSjoman_16BITS_V1-copy-1024x682.jpg",800,533,true],"1536x1536":["https:\/\/www.visbygk.com\/wp-content\/uploads\/2021\/04\/958_VisbyGK_JSjoman_16BITS_V1-copy-1536x1024.jpg",1536,1024,true],"2048x2048":["https:\/\/www.visbygk.com\/wp-content\/uploads\/2021\/04\/958_VisbyGK_JSjoman_16BITS_V1-copy-2048x1365.jpg",2048,1365,true],"post-thumbnail":["https:\/\/www.visbygk.com\/wp-content\/uploads\/2021\/04\/958_VisbyGK_JSjoman_16BITS_V1-copy-1200x800.jpg",1200,800,true],"twentytwenty-fullscreen":["https:\/\/www.visbygk.com\/wp-content\/uploads\/2021\/04\/958_VisbyGK_JSjoman_16BITS_V1-copy-1980x1319.jpg",1980,1319,true]},"post_excerpt_stackable_v2":"<p>F\u00f6retagsfest &amp; Kickoff \u00c4r det sant? Har du aldrig varit h\u00e4r? Att ta med sina arbetskamrater, sina kompisar eller sl\u00e4ktingar f\u00f6r en fest p\u00e5 en plats som \u00e4r alldeles unik och som de dessutom aldrig varit p\u00e5 kan vara helt fantastiskt. Att se deras uppsp\u00e4rrade \u00f6gon och tappade hakor n\u00e4r de m\u00f6ter havet vid Gotlands mesta smultronst\u00e4lle \u00e4r helt underbart. F\u00f6r det \u00e4r d\u00e5, i det \u00f6gonblicket, du vet att du valde r\u00e4tt och att det kommer att bli en of\u00f6rgl\u00f6mlig kv\u00e4ll. Ni som har varit h\u00e4r vet. Och vi vet \u2013 att den som en g\u00e5ng varit h\u00e4r alltid&hellip;<\/p>\n","category_list_v2":"","author_info_v2":{"name":"000111-003","url":"https:\/\/www.visbygk.com\/sv\/author\/000111-003\/"},"comments_num_v2":"0 comments","yoast_head":"<!-- This site is optimized with the Yoast SEO plugin v24.7 - https:\/\/yoast.com\/wordpress\/plugins\/seo\/ -->\n<title>F\u00f6retagsfest &amp; Kickoff - Visby GK<\/title>\n<meta name=\"robots\" content=\"index, follow, max-snippet:-1, max-image-preview:large, max-video-preview:-1\" \/>\n<link rel=\"canonical\" href=\"https:\/\/www.visbygk.com\/sv\/foretagsevent\/\" \/>\n<meta property=\"og:locale\" content=\"sv_SE\" \/>\n<meta property=\"og:type\" content=\"article\" \/>\n<meta property=\"og:title\" content=\"F\u00f6retagsfest &amp; Kickoff - Visby GK\" \/>\n<meta property=\"og:description\" content=\"\u00c4r det sant? Har du aldrig varit h\u00e4r? Att ta med sina arbetskamrater, sina kompisar eller sl\u00e4ktingar f\u00f6r en fest p\u00e5 en plats som \u00e4r alldeles unik och som de&hellip;\" \/>\n<meta property=\"og:url\" content=\"https:\/\/www.visbygk.com\/sv\/foretagsevent\/\" \/>\n<meta property=\"og:site_name\" content=\"Visby GK\" \/>\n<meta property=\"article:modified_time\" content=\"2025-06-16T18:18:00+00:00\" \/>\n<meta property=\"og:image\" content=\"https:\/\/www.visbygk.com\/wp-content\/uploads\/2021\/04\/958_VisbyGK_JSjoman_16BITS_V1-copy.jpg\" \/>\n\t<meta property=\"og:image:width\" content=\"2500\" \/>\n\t<meta property=\"og:image:height\" content=\"1666\" \/>\n\t<meta property=\"og:image:type\" content=\"image\/jpeg\" \/>\n<meta name=\"twitter:card\" content=\"summary_large_image\" \/>\n<meta name=\"twitter:label1\" content=\"Est. reading time\" \/>\n\t<meta name=\"twitter:data1\" content=\"2 minuter\" \/>\n<script type=\"application\/ld+json\" class=\"yoast-schema-graph\">{\"@context\":\"https:\/\/schema.org\",\"@graph\":[{\"@type\":\"WebPage\",\"@id\":\"https:\/\/www.visbygk.com\/sv\/foretagsevent\/\",\"url\":\"https:\/\/www.visbygk.com\/sv\/foretagsevent\/\",\"name\":\"F\u00f6retagsfest &amp; Kickoff - Visby GK\",\"isPartOf\":{\"@id\":\"https:\/\/www.visbygk.com\/sv\/#website\"},\"primaryImageOfPage\":{\"@id\":\"https:\/\/www.visbygk.com\/sv\/foretagsevent\/#primaryimage\"},\"image\":{\"@id\":\"https:\/\/www.visbygk.com\/sv\/foretagsevent\/#primaryimage\"},\"thumbnailUrl\":\"https:\/\/www.visbygk.com\/wp-content\/uploads\/2021\/04\/958_VisbyGK_JSjoman_16BITS_V1-copy.jpg\",\"datePublished\":\"2021-01-28T08:22:44+00:00\",\"dateModified\":\"2025-06-16T18:18:00+00:00\",\"breadcrumb\":{\"@id\":\"https:\/\/www.visbygk.com\/sv\/foretagsevent\/#breadcrumb\"},\"inLanguage\":\"sv-SE\",\"potentialAction\":[{\"@type\":\"ReadAction\",\"target\":[\"https:\/\/www.visbygk.com\/sv\/foretagsevent\/\"]}]},{\"@type\":\"ImageObject\",\"inLanguage\":\"sv-SE\",\"@id\":\"https:\/\/www.visbygk.com\/sv\/foretagsevent\/#primaryimage\",\"url\":\"https:\/\/www.visbygk.com\/wp-content\/uploads\/2021\/04\/958_VisbyGK_JSjoman_16BITS_V1-copy.jpg\",\"contentUrl\":\"https:\/\/www.visbygk.com\/wp-content\/uploads\/2021\/04\/958_VisbyGK_JSjoman_16BITS_V1-copy.jpg\",\"width\":2500,\"height\":1666,\"caption\":\"(C) Jacob Sj\u00f6man. jacob@sjomanart.com\"},{\"@type\":\"BreadcrumbList\",\"@id\":\"https:\/\/www.visbygk.com\/sv\/foretagsevent\/#breadcrumb\",\"itemListElement\":[{\"@type\":\"ListItem\",\"position\":1,\"name\":\"Home\",\"item\":\"https:\/\/www.visbygk.com\/sv\/\"},{\"@type\":\"ListItem\",\"position\":2,\"name\":\"F\u00f6retagsfest &amp; Kickoff\"}]},{\"@type\":\"WebSite\",\"@id\":\"https:\/\/www.visbygk.com\/sv\/#website\",\"url\":\"https:\/\/www.visbygk.com\/sv\/\",\"name\":\"Visby GK\",\"description\":\"Visby GK\",\"publisher\":{\"@id\":\"https:\/\/www.visbygk.com\/sv\/#organization\"},\"potentialAction\":[{\"@type\":\"SearchAction\",\"target\":{\"@type\":\"EntryPoint\",\"urlTemplate\":\"https:\/\/www.visbygk.com\/sv\/?s={search_term_string}\"},\"query-input\":{\"@type\":\"PropertyValueSpecification\",\"valueRequired\":true,\"valueName\":\"search_term_string\"}}],\"inLanguage\":\"sv-SE\"},{\"@type\":\"Organization\",\"@id\":\"https:\/\/www.visbygk.com\/sv\/#organization\",\"name\":\"Visby GK\",\"url\":\"https:\/\/www.visbygk.com\/sv\/\",\"logo\":{\"@type\":\"ImageObject\",\"inLanguage\":\"sv-SE\",\"@id\":\"https:\/\/www.visbygk.com\/sv\/#\/schema\/logo\/image\/\",\"url\":\"https:\/\/www.visbygk.com\/wp-content\/uploads\/2021\/01\/visbygk-svart-1.png\",\"contentUrl\":\"https:\/\/www.visbygk.com\/wp-content\/uploads\/2021\/01\/visbygk-svart-1.png\",\"width\":800,\"height\":800,\"caption\":\"Visby GK\"},\"image\":{\"@id\":\"https:\/\/www.visbygk.com\/sv\/#\/schema\/logo\/image\/\"}}]}<\/script>\n<!-- \/ Yoast SEO plugin. -->","yoast_head_json":{"title":"F\u00f6retagsfest &amp; Kickoff - Visby GK","robots":{"index":"index","follow":"follow","max-snippet":"max-snippet:-1","max-image-preview":"max-image-preview:large","max-video-preview":"max-video-preview:-1"},"canonical":"https:\/\/www.visbygk.com\/sv\/foretagsevent\/","og_locale":"sv_SE","og_type":"article","og_title":"F\u00f6retagsfest &amp; Kickoff - Visby GK","og_description":"\u00c4r det sant? Har du aldrig varit h\u00e4r? Att ta med sina arbetskamrater, sina kompisar eller sl\u00e4ktingar f\u00f6r en fest p\u00e5 en plats som \u00e4r alldeles unik och som de&hellip;","og_url":"https:\/\/www.visbygk.com\/sv\/foretagsevent\/","og_site_name":"Visby GK","article_modified_time":"2025-06-16T18:18:00+00:00","og_image":[{"width":2500,"height":1666,"url":"https:\/\/www.visbygk.com\/wp-content\/uploads\/2021\/04\/958_VisbyGK_JSjoman_16BITS_V1-copy.jpg","type":"image\/jpeg"}],"twitter_card":"summary_large_image","twitter_misc":{"Est. reading time":"2 minuter"},"schema":{"@context":"https:\/\/schema.org","@graph":[{"@type":"WebPage","@id":"https:\/\/www.visbygk.com\/sv\/foretagsevent\/","url":"https:\/\/www.visbygk.com\/sv\/foretagsevent\/","name":"F\u00f6retagsfest &amp; Kickoff - Visby GK","isPartOf":{"@id":"https:\/\/www.visbygk.com\/sv\/#website"},"primaryImageOfPage":{"@id":"https:\/\/www.visbygk.com\/sv\/foretagsevent\/#primaryimage"},"image":{"@id":"https:\/\/www.visbygk.com\/sv\/foretagsevent\/#primaryimage"},"thumbnailUrl":"https:\/\/www.visbygk.com\/wp-content\/uploads\/2021\/04\/958_VisbyGK_JSjoman_16BITS_V1-copy.jpg","datePublished":"2021-01-28T08:22:44+00:00","dateModified":"2025-06-16T18:18:00+00:00","breadcrumb":{"@id":"https:\/\/www.visbygk.com\/sv\/foretagsevent\/#breadcrumb"},"inLanguage":"sv-SE","potentialAction":[{"@type":"ReadAction","target":["https:\/\/www.visbygk.com\/sv\/foretagsevent\/"]}]},{"@type":"ImageObject","inLanguage":"sv-SE","@id":"https:\/\/www.visbygk.com\/sv\/foretagsevent\/#primaryimage","url":"https:\/\/www.visbygk.com\/wp-content\/uploads\/2021\/04\/958_VisbyGK_JSjoman_16BITS_V1-copy.jpg","contentUrl":"https:\/\/www.visbygk.com\/wp-content\/uploads\/2021\/04\/958_VisbyGK_JSjoman_16BITS_V1-copy.jpg","width":2500,"height":1666,"caption":"(C) Jacob Sj\u00f6man. jacob@sjomanart.com"},{"@type":"BreadcrumbList","@id":"https:\/\/www.visbygk.com\/sv\/foretagsevent\/#breadcrumb","itemListElement":[{"@type":"ListItem","position":1,"name":"Home","item":"https:\/\/www.visbygk.com\/sv\/"},{"@type":"ListItem","position":2,"name":"F\u00f6retagsfest &amp; Kickoff"}]},{"@type":"WebSite","@id":"https:\/\/www.visbygk.com\/sv\/#website","url":"https:\/\/www.visbygk.com\/sv\/","name":"Visby GK","description":"Visby GK","publisher":{"@id":"https:\/\/www.visbygk.com\/sv\/#organization"},"potentialAction":[{"@type":"SearchAction","target":{"@type":"EntryPoint","urlTemplate":"https:\/\/www.visbygk.com\/sv\/?s={search_term_string}"},"query-input":{"@type":"PropertyValueSpecification","valueRequired":true,"valueName":"search_term_string"}}],"inLanguage":"sv-SE"},{"@type":"Organization","@id":"https:\/\/www.visbygk.com\/sv\/#organization","name":"Visby GK","url":"https:\/\/www.visbygk.com\/sv\/","logo":{"@type":"ImageObject","inLanguage":"sv-SE","@id":"https:\/\/www.visbygk.com\/sv\/#\/schema\/logo\/image\/","url":"https:\/\/www.visbygk.com\/wp-content\/uploads\/2021\/01\/visbygk-svart-1.png","contentUrl":"https:\/\/www.visbygk.com\/wp-content\/uploads\/2021\/01\/visbygk-svart-1.png","width":800,"height":800,"caption":"Visby GK"},"image":{"@id":"https:\/\/www.visbygk.com\/sv\/#\/schema\/logo\/image\/"}}]}},"_links":{"self":[{"href":"https:\/\/www.visbygk.com\/sv\/wp-json\/wp\/v2\/pages\/615","targetHints":{"allow":["GET"]}}],"collection":[{"href":"https:\/\/www.visbygk.com\/sv\/wp-json\/wp\/v2\/pages"}],"about":[{"href":"https:\/\/www.visbygk.com\/sv\/wp-json\/wp\/v2\/types\/page"}],"author":[{"embeddable":true,"href":"https:\/\/www.visbygk.com\/sv\/wp-json\/wp\/v2\/users\/391"}],"replies":[{"embeddable":true,"href":"https:\/\/www.visbygk.com\/sv\/wp-json\/wp\/v2\/comments?post=615"}],"version-history":[{"count":42,"href":"https:\/\/www.visbygk.com\/sv\/wp-json\/wp\/v2\/pages\/615\/revisions"}],"predecessor-version":[{"id":15375,"href":"https:\/\/www.visbygk.com\/sv\/wp-json\/wp\/v2\/pages\/615\/revisions\/15375"}],"wp:featuredmedia":[{"embeddable":true,"href":"https:\/\/www.visbygk.com\/sv\/wp-json\/wp\/v2\/media\/5187"}],"wp:attachment":[{"href":"https:\/\/www.visbygk.com\/sv\/wp-json\/wp\/v2\/media?parent=615"}],"curies":[{"name":"wp","href":"https:\/\/api.w.org\/{rel}","templated":true}]}}