{"id":55,"date":"2021-01-24T12:36:14","date_gmt":"2021-01-24T12:36:14","guid":{"rendered":"https:\/\/www.visbygk.com\/?page_id=55"},"modified":"2024-01-17T15:36:33","modified_gmt":"2024-01-17T14:36:33","slug":"hotell","status":"publish","type":"page","link":"https:\/\/www.visbygk.com\/sv\/hotell\/","title":{"rendered":"Hotell och boende p\u00e5 Gotland"},"content":{"rendered":"\n<div class=\"wp-block-cover alignfull is-light has-parallax has-background-dim-20 has-background-dim\" style=\"min-height:100vh;aspect-ratio:unset;\"><span aria-hidden=\"true\" class=\"wp-block-cover__background has-background-dim-20 has-background-dim\"><\/span><div role=\"img\" class=\"wp-block-cover__image-background wp-image-230 has-parallax\" style=\"background-position:50% 50%;background-image:url(https:\/\/www.visbygk.com\/wp-content\/uploads\/2021\/01\/725_Visby_GK_Jacob_Sjomanbild.jpg)\"><\/div><div class=\"wp-block-cover__inner-container is-layout-flow wp-block-cover-is-layout-flow\">\n<h1 class=\"has-text-align-center wp-block-heading\" id=\"hotell-och-boende-pa-gotland\"><span style=\"color: #ffffff;\" class=\"stk-highlight\">Hotell och boende p\u00e5 Gotland<\/span><\/h1>\n<\/div><\/div>\n\n\n\n<h5 class=\"wp-block-heading\" id=\"visby-golfklubb-samarbetar-med-flera-av-visbys-och-gotlands-basta-hotell-vi-erbjuder-aven-exklusivt-boende-i-fyrhuset-pa-kronholmen-nagra-meter-fran-forsta-tee-valkommen\">Visby Golfklubb samarbetar med flera av Visbys och Gotlands b\u00e4sta hotell. Vi erbjuder \u00e4ven exklusivt boende i Fyrhuset p\u00e5 Kronholmen, n\u00e5gra meter fr\u00e5n f\u00f6rsta tee. V\u00e4lkommen.<\/h5>\n\n\n\n<div class=\"alignwide wp-block-ugb-card ugb-card ugb-16e15e7 ugb-card--v2 ugb-card--design-basic ugb-card--columns-2 ugb-main-block\"><style>.ugb-16e15e7 .ugb-card__item{border-radius:0px !important}.ugb-16e15e7 .ugb-card__item1 .ugb-card__image{background-image:url(https:\/\/www.visbygk.com\/wp-content\/uploads\/2021\/01\/300_VisbyGK_JacobSjoman_16BITS_V1-copy-scaled.jpg)}.ugb-16e15e7 .ugb-card__item2 .ugb-card__image{background-image:url(https:\/\/www.visbygk.com\/wp-content\/uploads\/2021\/04\/003_VisbyGK_JacobSjoman_16BITS_V4NEW.jpg)}.ugb-16e15e7 .ugb-card__image{height:300px !important}<\/style><div class=\"ugb-inner-block\"><div class=\"ugb-block-content\"><div class=\"ugb-card__item ugb-card__item1 ugb--shadow-1\"><div class=\"ugb-card__image\"><\/div><div class=\"ugb-card__content\"><h4 class=\"ugb-card__title\">Fyrhuset p\u00e5 Kronholmen<\/h4><p class=\"ugb-card__description\">Bo bredvid f\u00f6rsta tee, med fri utsikt \u00f6ver \u00d6stersj\u00f6n, Karls\u00f6arna och V\u00e4stergarns Utholme. Exklusivt boende f\u00f6r upp till fyra personer. K\u00f6k finns. I priset ing\u00e5r frukost, lakan, handdukar samt rabatt p\u00e5 greenfee och fria bollar p\u00e5 rangen.<\/p><div class=\"ugb-button-container\"><a class=\"ugb-button ugb-button--size-normal ugb-button--design-link\" href=\"https:\/\/www.visbygk.com\/product\/fyrhuset\/\" rel=\"\" title=\"\"><span class=\"\">Boka Fyrhuset<\/span><\/a><\/div><\/div><\/div><div class=\"ugb-card__item ugb-card__item2 ugb--shadow-1\"><div class=\"ugb-card__image\"><\/div><div class=\"ugb-card__content\"><h4 class=\"ugb-card__title\">Scandic Hotell i Visby<\/h4><p class=\"ugb-card__description\">\u00c5k p\u00e5 golfresa till Gotland! Res med Destination Gotland och bo bekv\u00e4mt p\u00e5 Scandic Hotell mitt i Visby, med pool, bastu och relaxavdelning. En kort promenad fr\u00e5n Visbys enorma utbud av krogar, kultur och shopping. <br><\/p><div class=\"ugb-button-container\"><a class=\"ugb-button ugb-button--size-normal ugb-button--design-link\" href=\"https:\/\/www.visbygk.com\/sv\/golfpaket-pa-visby-golfklubb\/\" rel=\"\" title=\"\"><span class=\"\">L\u00e4s om Scandics golfpaket<\/span><\/a><\/div><\/div><\/div><\/div><\/div><\/div>\n\n\n\n<p><\/p>\n","protected":false},"excerpt":{"rendered":"<p>Visby Golfklubb samarbetar med flera av Visbys och Gotlands b\u00e4sta hotell. Vi erbjuder \u00e4ven exklusivt boende i Fyrhuset p\u00e5 Kronholmen, n\u00e5gra meter fr\u00e5n f\u00f6rsta tee. V\u00e4lkommen. Fyrhuset p\u00e5 Kronholmen Bo&hellip;<\/p>\n","protected":false},"author":391,"featured_media":230,"parent":0,"menu_order":0,"comment_status":"closed","ping_status":"closed","template":"tw-header-transparent-light.php","meta":{"_golfpress_post_requires_user":false,"footnotes":""},"class_list":["post-55","page","type-page","status-publish","has-post-thumbnail","hentry"],"featured_image_urls_v2":{"full":["https:\/\/www.visbygk.com\/wp-content\/uploads\/2021\/01\/725_Visby_GK_Jacob_Sjomanbild.jpg",1600,1067,false],"thumbnail":["https:\/\/www.visbygk.com\/wp-content\/uploads\/2021\/01\/725_Visby_GK_Jacob_Sjomanbild-150x150.jpg",150,150,true],"medium":["https:\/\/www.visbygk.com\/wp-content\/uploads\/2021\/01\/725_Visby_GK_Jacob_Sjomanbild-300x200.jpg",300,200,true],"medium_large":["https:\/\/www.visbygk.com\/wp-content\/uploads\/2021\/01\/725_Visby_GK_Jacob_Sjomanbild-768x512.jpg",768,512,true],"large":["https:\/\/www.visbygk.com\/wp-content\/uploads\/2021\/01\/725_Visby_GK_Jacob_Sjomanbild-1024x683.jpg",800,534,true],"1536x1536":["https:\/\/www.visbygk.com\/wp-content\/uploads\/2021\/01\/725_Visby_GK_Jacob_Sjomanbild-1536x1024.jpg",1536,1024,true],"2048x2048":["https:\/\/www.visbygk.com\/wp-content\/uploads\/2021\/01\/725_Visby_GK_Jacob_Sjomanbild.jpg",1600,1067,false],"post-thumbnail":["https:\/\/www.visbygk.com\/wp-content\/uploads\/2021\/01\/725_Visby_GK_Jacob_Sjomanbild-1200x800.jpg",1200,800,true],"twentytwenty-fullscreen":["https:\/\/www.visbygk.com\/wp-content\/uploads\/2021\/01\/725_Visby_GK_Jacob_Sjomanbild.jpg",1600,1067,false]},"post_excerpt_stackable_v2":"<p>Hotell och boende p\u00e5 Gotland Visby Golfklubb samarbetar med flera av Visbys och Gotlands b\u00e4sta hotell. Vi erbjuder \u00e4ven exklusivt boende i Fyrhuset p\u00e5 Kronholmen, n\u00e5gra meter fr\u00e5n f\u00f6rsta tee. V\u00e4lkommen. Fyrhuset p\u00e5 KronholmenBo bredvid f\u00f6rsta tee, med fri utsikt \u00f6ver \u00d6stersj\u00f6n, Karls\u00f6arna och V\u00e4stergarns Utholme. Exklusivt boende f\u00f6r upp till fyra personer. K\u00f6k finns. I priset ing\u00e5r frukost, lakan, handdukar samt rabatt p\u00e5 greenfee och fria bollar p\u00e5 rangen.Boka FyrhusetScandic Hotell i Visby\u00c5k p\u00e5 golfresa till Gotland! Res med Destination Gotland och bo bekv\u00e4mt p\u00e5 Scandic Hotell mitt i Visby, med pool, bastu och relaxavdelning. En kort promenad fr\u00e5n&hellip;<\/p>\n","category_list_v2":"","author_info_v2":{"name":"000111-003","url":"https:\/\/www.visbygk.com\/sv\/author\/000111-003\/"},"comments_num_v2":"0 comments","yoast_head":"<!-- This site is optimized with the Yoast SEO plugin v24.7 - https:\/\/yoast.com\/wordpress\/plugins\/seo\/ -->\n<title>Hotell och boende p\u00e5 Gotland - Visby GK<\/title>\n<meta name=\"robots\" content=\"index, follow, max-snippet:-1, max-image-preview:large, max-video-preview:-1\" \/>\n<link rel=\"canonical\" href=\"https:\/\/www.visbygk.com\/sv\/hotell\/\" \/>\n<meta property=\"og:locale\" content=\"sv_SE\" \/>\n<meta property=\"og:type\" content=\"article\" \/>\n<meta property=\"og:title\" content=\"Hotell och boende p\u00e5 Gotland - Visby GK\" \/>\n<meta property=\"og:description\" content=\"Visby Golfklubb samarbetar med flera av Visbys och Gotlands b\u00e4sta hotell. Vi erbjuder \u00e4ven exklusivt boende i Fyrhuset p\u00e5 Kronholmen, n\u00e5gra meter fr\u00e5n f\u00f6rsta tee. V\u00e4lkommen. Fyrhuset p\u00e5 Kronholmen Bo&hellip;\" \/>\n<meta property=\"og:url\" content=\"https:\/\/www.visbygk.com\/sv\/hotell\/\" \/>\n<meta property=\"og:site_name\" content=\"Visby GK\" \/>\n<meta property=\"article:modified_time\" content=\"2024-01-17T14:36:33+00:00\" \/>\n<meta property=\"og:image\" content=\"https:\/\/www.visbygk.com\/wp-content\/uploads\/2021\/01\/725_Visby_GK_Jacob_Sjomanbild.jpg\" \/>\n\t<meta property=\"og:image:width\" content=\"1600\" \/>\n\t<meta property=\"og:image:height\" content=\"1067\" \/>\n\t<meta property=\"og:image:type\" content=\"image\/jpeg\" \/>\n<meta name=\"twitter:card\" content=\"summary_large_image\" \/>\n<meta name=\"twitter:label1\" content=\"Est. reading time\" \/>\n\t<meta name=\"twitter:data1\" content=\"1 minut\" \/>\n<script type=\"application\/ld+json\" class=\"yoast-schema-graph\">{\"@context\":\"https:\/\/schema.org\",\"@graph\":[{\"@type\":\"WebPage\",\"@id\":\"https:\/\/www.visbygk.com\/sv\/hotell\/\",\"url\":\"https:\/\/www.visbygk.com\/sv\/hotell\/\",\"name\":\"Hotell och boende p\u00e5 Gotland - Visby GK\",\"isPartOf\":{\"@id\":\"https:\/\/www.visbygk.com\/sv\/#website\"},\"primaryImageOfPage\":{\"@id\":\"https:\/\/www.visbygk.com\/sv\/hotell\/#primaryimage\"},\"image\":{\"@id\":\"https:\/\/www.visbygk.com\/sv\/hotell\/#primaryimage\"},\"thumbnailUrl\":\"https:\/\/www.visbygk.com\/wp-content\/uploads\/2021\/01\/725_Visby_GK_Jacob_Sjomanbild.jpg\",\"datePublished\":\"2021-01-24T12:36:14+00:00\",\"dateModified\":\"2024-01-17T14:36:33+00:00\",\"breadcrumb\":{\"@id\":\"https:\/\/www.visbygk.com\/sv\/hotell\/#breadcrumb\"},\"inLanguage\":\"sv-SE\",\"potentialAction\":[{\"@type\":\"ReadAction\",\"target\":[\"https:\/\/www.visbygk.com\/sv\/hotell\/\"]}]},{\"@type\":\"ImageObject\",\"inLanguage\":\"sv-SE\",\"@id\":\"https:\/\/www.visbygk.com\/sv\/hotell\/#primaryimage\",\"url\":\"https:\/\/www.visbygk.com\/wp-content\/uploads\/2021\/01\/725_Visby_GK_Jacob_Sjomanbild.jpg\",\"contentUrl\":\"https:\/\/www.visbygk.com\/wp-content\/uploads\/2021\/01\/725_Visby_GK_Jacob_Sjomanbild.jpg\",\"width\":1600,\"height\":1067},{\"@type\":\"BreadcrumbList\",\"@id\":\"https:\/\/www.visbygk.com\/sv\/hotell\/#breadcrumb\",\"itemListElement\":[{\"@type\":\"ListItem\",\"position\":1,\"name\":\"Home\",\"item\":\"https:\/\/www.visbygk.com\/sv\/\"},{\"@type\":\"ListItem\",\"position\":2,\"name\":\"Hotell och boende p\u00e5 Gotland\"}]},{\"@type\":\"WebSite\",\"@id\":\"https:\/\/www.visbygk.com\/sv\/#website\",\"url\":\"https:\/\/www.visbygk.com\/sv\/\",\"name\":\"Visby GK\",\"description\":\"Visby GK\",\"publisher\":{\"@id\":\"https:\/\/www.visbygk.com\/sv\/#organization\"},\"potentialAction\":[{\"@type\":\"SearchAction\",\"target\":{\"@type\":\"EntryPoint\",\"urlTemplate\":\"https:\/\/www.visbygk.com\/sv\/?s={search_term_string}\"},\"query-input\":{\"@type\":\"PropertyValueSpecification\",\"valueRequired\":true,\"valueName\":\"search_term_string\"}}],\"inLanguage\":\"sv-SE\"},{\"@type\":\"Organization\",\"@id\":\"https:\/\/www.visbygk.com\/sv\/#organization\",\"name\":\"Visby GK\",\"url\":\"https:\/\/www.visbygk.com\/sv\/\",\"logo\":{\"@type\":\"ImageObject\",\"inLanguage\":\"sv-SE\",\"@id\":\"https:\/\/www.visbygk.com\/sv\/#\/schema\/logo\/image\/\",\"url\":\"https:\/\/www.visbygk.com\/wp-content\/uploads\/2021\/01\/visbygk-svart-1.png\",\"contentUrl\":\"https:\/\/www.visbygk.com\/wp-content\/uploads\/2021\/01\/visbygk-svart-1.png\",\"width\":800,\"height\":800,\"caption\":\"Visby GK\"},\"image\":{\"@id\":\"https:\/\/www.visbygk.com\/sv\/#\/schema\/logo\/image\/\"}}]}<\/script>\n<!-- \/ Yoast SEO plugin. -->","yoast_head_json":{"title":"Hotell och boende p\u00e5 Gotland - Visby GK","robots":{"index":"index","follow":"follow","max-snippet":"max-snippet:-1","max-image-preview":"max-image-preview:large","max-video-preview":"max-video-preview:-1"},"canonical":"https:\/\/www.visbygk.com\/sv\/hotell\/","og_locale":"sv_SE","og_type":"article","og_title":"Hotell och boende p\u00e5 Gotland - Visby GK","og_description":"Visby Golfklubb samarbetar med flera av Visbys och Gotlands b\u00e4sta hotell. Vi erbjuder \u00e4ven exklusivt boende i Fyrhuset p\u00e5 Kronholmen, n\u00e5gra meter fr\u00e5n f\u00f6rsta tee. V\u00e4lkommen. Fyrhuset p\u00e5 Kronholmen Bo&hellip;","og_url":"https:\/\/www.visbygk.com\/sv\/hotell\/","og_site_name":"Visby GK","article_modified_time":"2024-01-17T14:36:33+00:00","og_image":[{"width":1600,"height":1067,"url":"https:\/\/www.visbygk.com\/wp-content\/uploads\/2021\/01\/725_Visby_GK_Jacob_Sjomanbild.jpg","type":"image\/jpeg"}],"twitter_card":"summary_large_image","twitter_misc":{"Est. reading time":"1 minut"},"schema":{"@context":"https:\/\/schema.org","@graph":[{"@type":"WebPage","@id":"https:\/\/www.visbygk.com\/sv\/hotell\/","url":"https:\/\/www.visbygk.com\/sv\/hotell\/","name":"Hotell och boende p\u00e5 Gotland - Visby GK","isPartOf":{"@id":"https:\/\/www.visbygk.com\/sv\/#website"},"primaryImageOfPage":{"@id":"https:\/\/www.visbygk.com\/sv\/hotell\/#primaryimage"},"image":{"@id":"https:\/\/www.visbygk.com\/sv\/hotell\/#primaryimage"},"thumbnailUrl":"https:\/\/www.visbygk.com\/wp-content\/uploads\/2021\/01\/725_Visby_GK_Jacob_Sjomanbild.jpg","datePublished":"2021-01-24T12:36:14+00:00","dateModified":"2024-01-17T14:36:33+00:00","breadcrumb":{"@id":"https:\/\/www.visbygk.com\/sv\/hotell\/#breadcrumb"},"inLanguage":"sv-SE","potentialAction":[{"@type":"ReadAction","target":["https:\/\/www.visbygk.com\/sv\/hotell\/"]}]},{"@type":"ImageObject","inLanguage":"sv-SE","@id":"https:\/\/www.visbygk.com\/sv\/hotell\/#primaryimage","url":"https:\/\/www.visbygk.com\/wp-content\/uploads\/2021\/01\/725_Visby_GK_Jacob_Sjomanbild.jpg","contentUrl":"https:\/\/www.visbygk.com\/wp-content\/uploads\/2021\/01\/725_Visby_GK_Jacob_Sjomanbild.jpg","width":1600,"height":1067},{"@type":"BreadcrumbList","@id":"https:\/\/www.visbygk.com\/sv\/hotell\/#breadcrumb","itemListElement":[{"@type":"ListItem","position":1,"name":"Home","item":"https:\/\/www.visbygk.com\/sv\/"},{"@type":"ListItem","position":2,"name":"Hotell och boende p\u00e5 Gotland"}]},{"@type":"WebSite","@id":"https:\/\/www.visbygk.com\/sv\/#website","url":"https:\/\/www.visbygk.com\/sv\/","name":"Visby GK","description":"Visby GK","publisher":{"@id":"https:\/\/www.visbygk.com\/sv\/#organization"},"potentialAction":[{"@type":"SearchAction","target":{"@type":"EntryPoint","urlTemplate":"https:\/\/www.visbygk.com\/sv\/?s={search_term_string}"},"query-input":{"@type":"PropertyValueSpecification","valueRequired":true,"valueName":"search_term_string"}}],"inLanguage":"sv-SE"},{"@type":"Organization","@id":"https:\/\/www.visbygk.com\/sv\/#organization","name":"Visby GK","url":"https:\/\/www.visbygk.com\/sv\/","logo":{"@type":"ImageObject","inLanguage":"sv-SE","@id":"https:\/\/www.visbygk.com\/sv\/#\/schema\/logo\/image\/","url":"https:\/\/www.visbygk.com\/wp-content\/uploads\/2021\/01\/visbygk-svart-1.png","contentUrl":"https:\/\/www.visbygk.com\/wp-content\/uploads\/2021\/01\/visbygk-svart-1.png","width":800,"height":800,"caption":"Visby GK"},"image":{"@id":"https:\/\/www.visbygk.com\/sv\/#\/schema\/logo\/image\/"}}]}},"_links":{"self":[{"href":"https:\/\/www.visbygk.com\/sv\/wp-json\/wp\/v2\/pages\/55","targetHints":{"allow":["GET"]}}],"collection":[{"href":"https:\/\/www.visbygk.com\/sv\/wp-json\/wp\/v2\/pages"}],"about":[{"href":"https:\/\/www.visbygk.com\/sv\/wp-json\/wp\/v2\/types\/page"}],"author":[{"embeddable":true,"href":"https:\/\/www.visbygk.com\/sv\/wp-json\/wp\/v2\/users\/391"}],"replies":[{"embeddable":true,"href":"https:\/\/www.visbygk.com\/sv\/wp-json\/wp\/v2\/comments?post=55"}],"version-history":[{"count":48,"href":"https:\/\/www.visbygk.com\/sv\/wp-json\/wp\/v2\/pages\/55\/revisions"}],"predecessor-version":[{"id":12462,"href":"https:\/\/www.visbygk.com\/sv\/wp-json\/wp\/v2\/pages\/55\/revisions\/12462"}],"wp:featuredmedia":[{"embeddable":true,"href":"https:\/\/www.visbygk.com\/sv\/wp-json\/wp\/v2\/media\/230"}],"wp:attachment":[{"href":"https:\/\/www.visbygk.com\/sv\/wp-json\/wp\/v2\/media?parent=55"}],"curies":[{"name":"wp","href":"https:\/\/api.w.org\/{rel}","templated":true}]}}