{"id":541,"date":"2021-01-27T13:30:27","date_gmt":"2021-01-27T13:30:27","guid":{"rendered":"https:\/\/www.visbygk.com\/?page_id=541"},"modified":"2026-03-02T13:01:58","modified_gmt":"2026-03-02T12:01:58","slug":"tavlingar","status":"publish","type":"page","link":"https:\/\/www.visbygk.com\/sv\/tavlingar\/","title":{"rendered":"T\u00e4vla"},"content":{"rendered":"\n<div class=\"wp-block-cover alignfull is-light has-parallax\" style=\"min-height:100vh;aspect-ratio:unset;\"><span aria-hidden=\"true\" class=\"wp-block-cover__background has-background-dim-0 has-background-dim\"><\/span><div class=\"wp-block-cover__image-background wp-image-19 has-parallax\" style=\"background-position:50% 50%;background-image:url(https:\/\/www.visbygk.com\/wp-content\/uploads\/2021\/01\/Kronis87.jpg)\"><\/div><div class=\"wp-block-cover__inner-container is-layout-flow wp-block-cover-is-layout-flow\">\n<h1 class=\"wp-block-heading has-text-align-center has-white-color has-text-color\">T\u00e4vla<\/h1>\n<\/div><\/div>\n\n\n\n<h3 class=\"wp-block-heading has-text-align-center\" id=\"visst-ar-det-pirrigt-att-tavla-men-det-ar-ocksa-vansinnigt-kul-utmanande-och-utvecklande\">Visst \u00e4r det pirrigt att t\u00e4vla, <br>men det \u00e4r ocks\u00e5 vansinnigt kul, utmanande och utvecklande.<\/h3>\n\n\n\n<p><strong>Varmt v\u00e4lkomna till t\u00e4vlingss\u00e4songen p\u00e5 Visby Golfklubb!<\/strong><\/p>\n\n\n\n<p>Fredagen den 6 mars sl\u00e4pper vi t\u00e4vlingsprogrammet f\u00f6r 2026.<\/p>\n\n\n\n<p>Vi hoppas att du som medlem\/g\u00e4st skall hitta en eller flera t\u00e4vlingar att spela under s\u00e4songen. Vi har f\u00f6rs\u00f6kt hitta en balans och sprida ut t\u00e4vlingarna \u00f6ver hela \u00e5ret.<\/p>\n\n\n\n<p>Programmet blandas med olika typer av t\u00e4vlingar, alltifr\u00e5n traditionsenliga t\u00e4vlingar, singel- och part\u00e4vlingar, juniort\u00e4vlingar, t\u00e4vlingar med extra allt och t\u00e4vlingar f\u00f6r den som bara vill spela t\u00e4vlingsgolf med likasinnade.<\/p>\n\n\n\n<p>Med anledning av att vi hade ovanligt mycket avanm\u00e4lningar och \u00e4ndringar med kort varsel under tidigare \u00e5r, s\u00e5 forts\u00e4tter vi med att \u00f6ppna anm\u00e4lan till t\u00e4vling f\u00f6rst tv\u00e5 m\u00e5nader innan t\u00e4vling.  Anm\u00e4lan st\u00e4nger mellan fem-sju dagar innan.<br><br>V\u00e4lkommen att anm\u00e4la dig till alla h\u00e4rliga t\u00e4vlingar p\u00e5 <a href=\"https:\/\/mingolf.golf.se\/Login?ReturnUrl=%2F\">Min Golf.<\/a><\/p>\n\n\n\n<hr class=\"wp-block-separator has-css-opacity\"\/>\n\n\n\n<p><strong>LOKALA REGLER VISBY GOLFKLUBB 2026<\/strong><\/p>\n\n\n\n<p>F\u00f6ljande lokala regler g\u00e4ller f\u00f6r allt spel p\u00e5 klubben om inget annat beslutats f\u00f6r en specifik t\u00e4vling. <br><br><strong>Out of bounds (Regel 18.2)<\/strong><br>a. Banans gr\u00e4ns markeras med vita pinnar och gr\u00e4ns st\u00e4ngsel med stolpar med vita toppar<br>b. Intern out of bounds f\u00f6r h\u00e5l 10 och h\u00e5l 6 (S\u00e4kerhet) En boll som efter utslag fr\u00e5n samtliga tees p\u00e5 h\u00e5l 10 och h\u00e5l 6 befinner sig i vila p\u00e5 den finklippta delen av spelf\u00e4ltet (fairway) p\u00e5 h\u00e5l 18 respektive h\u00e5l 3 \u00e4r <strong>out of bounds<\/strong>. Gr\u00e4nsen \u00e4r inte markerad p\u00e5 banan. Spela en ny boll genom slag och distans.<br><\/p>\n\n\n\n<p><strong>Gult Pliktomr\u00e5de\/R\u00f6tt Pliktomr\u00e5de (Regel 17)<\/strong><br>a. Omarkerade diken, dammar, \u00e5ar, b\u00e4ckar eller annat vattendrag \u00e4r r\u00f6da pliktomr\u00e5den.<br>b. Det r\u00f6da pliktomr\u00e5det till h\u00f6ger p\u00e5 h\u00e5l 11, som bara \u00e4r definierad p\u00e5 en sida, \u00e4r o\u00e4ndligt.<br>c. Om en boll \u00e4r i eller om det \u00e4r k\u00e4nt eller s\u00e5 gott som s\u00e4kert att en boll som inte hittas \u00e4r i pliktomr\u00e5det p\u00e5 h\u00e5l 17 f\u00e5r spelaren forts\u00e4tta enligt Regel 17.1 eller som ytterligare alternativ, droppa en boll med ett slags plikt i droppzonen som utg\u00f6rs av fr\u00e4mre delen av tee 41 (h\u00e5l 17), \u00e4ven om denna droppzon \u00e4r n\u00e4rmare h\u00e5let \u00e4n den punkt d\u00e4r bollen sist skar gr\u00e4nsen till pliktomr\u00e5det.<br>d. Om efter ett slag fr\u00e5n tee p\u00e5 h\u00e5l 18, spelaren inte vet om spelarens boll \u00e4r i pliktomr\u00e5det till v\u00e4nster, f\u00e5r spelaren spela en provisorisk boll fr\u00e5n tee enligt Regel 18.3.<br>N\u00e4r spelaren spelar den provisoriska bollen kan spelaren endast anv\u00e4nda l\u00e4ttnadsalternativet slag och distans.<br>Efter att spelaren har spelat en provisorisk boll enligt denna regel f\u00e5r spelaren inte anv\u00e4nda n\u00e5got ytterligare alternativ enligt Regel 17.1 med avseende p\u00e5 den ursprungliga bollen.<br>Om den ursprungliga bollen hittas utanf\u00f6r pliktomr\u00e5det m\u00e5ste spelaren forts\u00e4tta med denna. Om den ursprungliga bollen hittas i pliktomr\u00e5det f\u00e5r spelaren antingen spela den ursprungliga bollen som den ligger eller forts\u00e4tta spelet med den provisoriska bollen. Om den ursprungliga bollen inte har hittats inom tre minuters s\u00f6ktid, m\u00e5ste spelaren forts\u00e4tta med den boll som spelats provisoriskt.<br><\/p>\n\n\n\n<p><strong>Onormalt banf\u00f6rh\u00e5llande (Regel 16.1)<\/strong><br>a. Omr\u00e5den markerade med bl\u00e5 pinnar.<br>b. Myrstackar.<br>c. Sev\u00e4rdhet p\u00e5 h\u00e5l 5 p\u00e5 9-h\u00e5lsbanan markerad med bl\u00e5vita pinnar \u00e4r en spelf\u00f6rbudzon<br><\/p>\n\n\n\n<p><strong>Oflyttbara hindrande f\u00f6rem\u00e5l (Regel 16.1)<\/strong><br>a, L\u00e4ttnad fr\u00e5n st\u00f6rande inverkan av ett oflyttbart tillverkat f\u00f6rem\u00e5l f\u00e5r tas. Se Modell f\u00f6r Lokal Regel 5.1. Boll p\u00e5 den finklippta delen av spelf\u00e4ltet f\u00e5r ta l\u00e4ttnad enligt regel 16.1 om ett oflyttbart tillverkat f\u00f6rem\u00e5l \u00e4r 1, p\u00e5 spellinjen, 2, p\u00e5 eller inom tv\u00e5 klubbl\u00e4ngder fr\u00e5n green 3, inom tv\u00e5 klubbl\u00e4ngder fr\u00e5n bollen. Alla tre f\u00f6ruts\u00e4ttningar ska vara uppfyllda f\u00f6r l\u00e4ttnad.<br><br>b, Omr\u00e5den vars gr\u00e4ns definieras av vita spraylinjer som ansluter till omr\u00e5den definierade som oflyttbara hindrande f\u00f6rem\u00e5l har samma status som det hindrande f\u00f6rem\u00e5let och \u00e4r inte mark under arbete.<br><br>c,Unga tr\u00e4d och buskar som har st\u00f6dpinne eller n\u00e4t runt stammen.<br><br>d, St\u00e4llning f\u00f6r bunkerkrattor. (i eller i anslutning till bunker)<br>e, Trappa i bunker<br>f, Gummimattor<br>g, Avst\u00e5ndsmarkeringar<br>h, Siktpinnar h\u00e5l 3 och h\u00e5l 6 p\u00e5 18 h\u00e5ls banan.<\/p>\n\n\n\n<p><strong>PLIKT F\u00d6R BROTT MOT LOKAL REGEL<\/strong> (om inget annat s\u00e4gs i den lokala regeln):<br>Matchspel &#8211; F\u00f6rlorat h\u00e5l; Slagspel &#8211; Tv\u00e5 slag<\/p>\n\n\n\n<p>VISBY Golfklubb 2024-05-24<\/p>\n\n\n\n<hr class=\"wp-block-separator has-css-opacity\"\/>\n\n\n\n<p><a href=\"https:\/\/www.gotlandsgdf.se\/index.php\/taevlingar\">Golf-Gotlands t\u00e4vlingsprogram hittar du h\u00e4r<\/a><\/p>\n\n\n\n<div class=\"wp-block-group alignwide tw-border has-background\" style=\"background-color:#ffffff\"><div class=\"wp-block-group__inner-container is-layout-flow wp-block-group-is-layout-flow\">\n<h2 class=\"wp-block-heading alignwide has-text-align-center\" id=\"tavlingskalendern\">T\u00e4vlingskalendern<\/h2>\n\n\n\n<p class=\"has-text-align-center tw-text-wide\">Hitta alla aktuella och alla tidigare t\u00e4vlingar h\u00e4r. <\/p>\n\n\n<div class=\"wp-block-golfpress-git-widget-competitions\">\n\t\t<script type=\"text\/javascript\" src=\"https:\/\/scores.golfbox.dk\/api\/js\/schedule\/customerid\/548\/language\/1053\/template\/GITWidget\"><\/script>\n\t<\/div>\n\n\n\n\n<div class=\"wp-block-ugb-button ugb-button-wrapper ugb-5aabe7d ugb-button--design-fullwidth ugb-main-block\"><style>.ugb-5aabe7d .ugb-block-content .ugb-button{border-radius:30px}.ugb-5aabe7d .ugb-button1{background-color:#000000;border-radius:30px !important}.ugb-5aabe7d .ugb-button1 .ugb-button--inner,.ugb-5aabe7d .ugb-button1 svg:not(.ugb-custom-icon){color:#ffffff !important}.ugb-5aabe7d .ugb-button1:hover .ugb-button--inner,.ugb-5aabe7d .ugb-button1:hover svg:not(.ugb-custom-icon){color:#222222 !important}.ugb-5aabe7d .ugb-button1:hover{background-color:#ffffff;opacity:1}.ugb-5aabe7d .ugb-button1:before{border-radius:30px !important}<\/style><div class=\"ugb-inner-block\"><div class=\"ugb-block-content\"><div class=\"ugb-button-container\"><a class=\"ugb-button1 ugb-button ugb-button--size-normal ugb-button--has-icon\" href=\"https:\/\/mingolf.golf.se\/\" rel=\"\" title=\"\"><div class=\"ugb-icon-inner-svg\"><svg data-prefix=\"fas\" data-icon=\"user\" class=\"svg-inline--fa fa-user fa-w-14\" role=\"img\" xmlns=\"http:\/\/www.w3.org\/2000\/svg\" viewBox=\"0 0 448 512\"><path fill=\"currentColor\" d=\"M224 256c70.7 0 128-57.3 128-128S294.7 0 224 0 96 57.3 96 128s57.3 128 128 128zm89.6 32h-16.7c-22.2 10.2-46.9 16-72.9 16s-50.6-5.8-72.9-16h-16.7C60.2 288 0 348.2 0 422.4V464c0 26.5 21.5 48 48 48h352c26.5 0 48-21.5 48-48v-41.6c0-74.2-60.2-134.4-134.4-134.4z\"><\/path><\/svg><\/div><span class=\"ugb-button--inner\">Anm\u00e4lan p\u00e5 Min Golf<\/span><\/a><\/div><\/div><\/div><\/div>\n<\/div><\/div>\n\n\n\n<figure class=\"wp-block-image alignfull size-full\"><img decoding=\"async\" width=\"1930\" height=\"1206\" src=\"https:\/\/www.visbygk.com\/wp-content\/uploads\/2021\/04\/410_VisbyGK_JacobSjoman_16BITS_V2-copy.jpg\" alt=\"\" class=\"wp-image-4979\" srcset=\"https:\/\/www.visbygk.com\/wp-content\/uploads\/2021\/04\/410_VisbyGK_JacobSjoman_16BITS_V2-copy.jpg 1930w, https:\/\/www.visbygk.com\/wp-content\/uploads\/2021\/04\/410_VisbyGK_JacobSjoman_16BITS_V2-copy-600x375.jpg 600w, https:\/\/www.visbygk.com\/wp-content\/uploads\/2021\/04\/410_VisbyGK_JacobSjoman_16BITS_V2-copy-300x187.jpg 300w, https:\/\/www.visbygk.com\/wp-content\/uploads\/2021\/04\/410_VisbyGK_JacobSjoman_16BITS_V2-copy-1024x640.jpg 1024w, https:\/\/www.visbygk.com\/wp-content\/uploads\/2021\/04\/410_VisbyGK_JacobSjoman_16BITS_V2-copy-768x480.jpg 768w, https:\/\/www.visbygk.com\/wp-content\/uploads\/2021\/04\/410_VisbyGK_JacobSjoman_16BITS_V2-copy-1536x960.jpg 1536w, https:\/\/www.visbygk.com\/wp-content\/uploads\/2021\/04\/410_VisbyGK_JacobSjoman_16BITS_V2-copy-1200x750.jpg 1200w\" sizes=\"(max-width: 1930px) 100vw, 1930px\" \/><\/figure>\n\n\n\n<hr class=\"wp-block-separator has-css-opacity\"\/>\n","protected":false},"excerpt":{"rendered":"<p>Visst \u00e4r det pirrigt att t\u00e4vla, men det \u00e4r ocks\u00e5 vansinnigt kul, utmanande och utvecklande. Varmt v\u00e4lkomna till t\u00e4vlingss\u00e4songen p\u00e5 Visby Golfklubb! Fredagen den 6 mars sl\u00e4pper vi t\u00e4vlingsprogrammet f\u00f6r&hellip;<\/p>\n","protected":false},"author":391,"featured_media":19,"parent":0,"menu_order":0,"comment_status":"closed","ping_status":"closed","template":"tw-header-transparent-light.php","meta":{"_golfpress_post_requires_user":false,"footnotes":""},"class_list":["post-541","page","type-page","status-publish","has-post-thumbnail","hentry"],"featured_image_urls_v2":{"full":["https:\/\/www.visbygk.com\/wp-content\/uploads\/2021\/01\/Kronis87.jpg",1500,1000,false],"thumbnail":["https:\/\/www.visbygk.com\/wp-content\/uploads\/2021\/01\/Kronis87-150x150.jpg",150,150,true],"medium":["https:\/\/www.visbygk.com\/wp-content\/uploads\/2021\/01\/Kronis87-300x200.jpg",300,200,true],"medium_large":["https:\/\/www.visbygk.com\/wp-content\/uploads\/2021\/01\/Kronis87-768x512.jpg",768,512,true],"large":["https:\/\/www.visbygk.com\/wp-content\/uploads\/2021\/01\/Kronis87-1024x683.jpg",800,534,true],"1536x1536":["https:\/\/www.visbygk.com\/wp-content\/uploads\/2021\/01\/Kronis87.jpg",1500,1000,false],"2048x2048":["https:\/\/www.visbygk.com\/wp-content\/uploads\/2021\/01\/Kronis87.jpg",1500,1000,false],"post-thumbnail":["https:\/\/www.visbygk.com\/wp-content\/uploads\/2021\/01\/Kronis87-1200x800.jpg",1200,800,true],"twentytwenty-fullscreen":["https:\/\/www.visbygk.com\/wp-content\/uploads\/2021\/01\/Kronis87.jpg",1500,1000,false]},"post_excerpt_stackable_v2":"<p>T\u00e4vla Visst \u00e4r det pirrigt att t\u00e4vla, men det \u00e4r ocks\u00e5 vansinnigt kul, utmanande och utvecklande. Varmt v\u00e4lkomna till t\u00e4vlingss\u00e4songen p\u00e5 Visby Golfklubb! Fredagen den 6 mars sl\u00e4pper vi t\u00e4vlingsprogrammet f\u00f6r 2026. Vi hoppas att du som medlem\/g\u00e4st skall hitta en eller flera t\u00e4vlingar att spela under s\u00e4songen. Vi har f\u00f6rs\u00f6kt hitta en balans och sprida ut t\u00e4vlingarna \u00f6ver hela \u00e5ret. Programmet blandas med olika typer av t\u00e4vlingar, alltifr\u00e5n traditionsenliga t\u00e4vlingar, singel- och part\u00e4vlingar, juniort\u00e4vlingar, t\u00e4vlingar med extra allt och t\u00e4vlingar f\u00f6r den som bara vill spela t\u00e4vlingsgolf med likasinnade. Med anledning av att vi hade ovanligt mycket avanm\u00e4lningar och&hellip;<\/p>\n","category_list_v2":"","author_info_v2":{"name":"000111-003","url":"https:\/\/www.visbygk.com\/sv\/author\/000111-003\/"},"comments_num_v2":"0 comments","yoast_head":"<!-- This site is optimized with the Yoast SEO plugin v24.7 - https:\/\/yoast.com\/wordpress\/plugins\/seo\/ -->\n<title>T\u00e4vla - Visby GK<\/title>\n<meta name=\"robots\" content=\"index, follow, max-snippet:-1, max-image-preview:large, max-video-preview:-1\" \/>\n<link rel=\"canonical\" href=\"https:\/\/www.visbygk.com\/sv\/tavlingar\/\" \/>\n<meta property=\"og:locale\" content=\"sv_SE\" \/>\n<meta property=\"og:type\" content=\"article\" \/>\n<meta property=\"og:title\" content=\"T\u00e4vla - Visby GK\" \/>\n<meta property=\"og:description\" content=\"Visst \u00e4r det pirrigt att t\u00e4vla, men det \u00e4r ocks\u00e5 vansinnigt kul, utmanande och utvecklande. Varmt v\u00e4lkomna till t\u00e4vlingss\u00e4songen p\u00e5 Visby Golfklubb! Fredagen den 6 mars sl\u00e4pper vi t\u00e4vlingsprogrammet f\u00f6r&hellip;\" \/>\n<meta property=\"og:url\" content=\"https:\/\/www.visbygk.com\/sv\/tavlingar\/\" \/>\n<meta property=\"og:site_name\" content=\"Visby GK\" \/>\n<meta property=\"article:modified_time\" content=\"2026-03-02T12:01:58+00:00\" \/>\n<meta property=\"og:image\" content=\"https:\/\/www.visbygk.com\/wp-content\/uploads\/2021\/01\/Kronis87.jpg\" \/>\n\t<meta property=\"og:image:width\" content=\"1500\" \/>\n\t<meta property=\"og:image:height\" content=\"1000\" \/>\n\t<meta property=\"og:image:type\" content=\"image\/jpeg\" \/>\n<meta name=\"twitter:card\" content=\"summary_large_image\" \/>\n<meta name=\"twitter:label1\" content=\"Est. reading time\" \/>\n\t<meta name=\"twitter:data1\" content=\"8 minuter\" \/>\n<script type=\"application\/ld+json\" class=\"yoast-schema-graph\">{\"@context\":\"https:\/\/schema.org\",\"@graph\":[{\"@type\":\"WebPage\",\"@id\":\"https:\/\/www.visbygk.com\/sv\/tavlingar\/\",\"url\":\"https:\/\/www.visbygk.com\/sv\/tavlingar\/\",\"name\":\"T\u00e4vla - Visby GK\",\"isPartOf\":{\"@id\":\"https:\/\/www.visbygk.com\/sv\/#website\"},\"primaryImageOfPage\":{\"@id\":\"https:\/\/www.visbygk.com\/sv\/tavlingar\/#primaryimage\"},\"image\":{\"@id\":\"https:\/\/www.visbygk.com\/sv\/tavlingar\/#primaryimage\"},\"thumbnailUrl\":\"https:\/\/www.visbygk.com\/wp-content\/uploads\/2021\/01\/Kronis87.jpg\",\"datePublished\":\"2021-01-27T13:30:27+00:00\",\"dateModified\":\"2026-03-02T12:01:58+00:00\",\"breadcrumb\":{\"@id\":\"https:\/\/www.visbygk.com\/sv\/tavlingar\/#breadcrumb\"},\"inLanguage\":\"sv-SE\",\"potentialAction\":[{\"@type\":\"ReadAction\",\"target\":[\"https:\/\/www.visbygk.com\/sv\/tavlingar\/\"]}]},{\"@type\":\"ImageObject\",\"inLanguage\":\"sv-SE\",\"@id\":\"https:\/\/www.visbygk.com\/sv\/tavlingar\/#primaryimage\",\"url\":\"https:\/\/www.visbygk.com\/wp-content\/uploads\/2021\/01\/Kronis87.jpg\",\"contentUrl\":\"https:\/\/www.visbygk.com\/wp-content\/uploads\/2021\/01\/Kronis87.jpg\",\"width\":1500,\"height\":1000},{\"@type\":\"BreadcrumbList\",\"@id\":\"https:\/\/www.visbygk.com\/sv\/tavlingar\/#breadcrumb\",\"itemListElement\":[{\"@type\":\"ListItem\",\"position\":1,\"name\":\"Home\",\"item\":\"https:\/\/www.visbygk.com\/sv\/\"},{\"@type\":\"ListItem\",\"position\":2,\"name\":\"T\u00e4vla\"}]},{\"@type\":\"WebSite\",\"@id\":\"https:\/\/www.visbygk.com\/sv\/#website\",\"url\":\"https:\/\/www.visbygk.com\/sv\/\",\"name\":\"Visby GK\",\"description\":\"Visby GK\",\"publisher\":{\"@id\":\"https:\/\/www.visbygk.com\/sv\/#organization\"},\"potentialAction\":[{\"@type\":\"SearchAction\",\"target\":{\"@type\":\"EntryPoint\",\"urlTemplate\":\"https:\/\/www.visbygk.com\/sv\/?s={search_term_string}\"},\"query-input\":{\"@type\":\"PropertyValueSpecification\",\"valueRequired\":true,\"valueName\":\"search_term_string\"}}],\"inLanguage\":\"sv-SE\"},{\"@type\":\"Organization\",\"@id\":\"https:\/\/www.visbygk.com\/sv\/#organization\",\"name\":\"Visby GK\",\"url\":\"https:\/\/www.visbygk.com\/sv\/\",\"logo\":{\"@type\":\"ImageObject\",\"inLanguage\":\"sv-SE\",\"@id\":\"https:\/\/www.visbygk.com\/sv\/#\/schema\/logo\/image\/\",\"url\":\"https:\/\/www.visbygk.com\/wp-content\/uploads\/2021\/01\/visbygk-svart-1.png\",\"contentUrl\":\"https:\/\/www.visbygk.com\/wp-content\/uploads\/2021\/01\/visbygk-svart-1.png\",\"width\":800,\"height\":800,\"caption\":\"Visby GK\"},\"image\":{\"@id\":\"https:\/\/www.visbygk.com\/sv\/#\/schema\/logo\/image\/\"}}]}<\/script>\n<!-- \/ Yoast SEO plugin. -->","yoast_head_json":{"title":"T\u00e4vla - Visby GK","robots":{"index":"index","follow":"follow","max-snippet":"max-snippet:-1","max-image-preview":"max-image-preview:large","max-video-preview":"max-video-preview:-1"},"canonical":"https:\/\/www.visbygk.com\/sv\/tavlingar\/","og_locale":"sv_SE","og_type":"article","og_title":"T\u00e4vla - Visby GK","og_description":"Visst \u00e4r det pirrigt att t\u00e4vla, men det \u00e4r ocks\u00e5 vansinnigt kul, utmanande och utvecklande. Varmt v\u00e4lkomna till t\u00e4vlingss\u00e4songen p\u00e5 Visby Golfklubb! Fredagen den 6 mars sl\u00e4pper vi t\u00e4vlingsprogrammet f\u00f6r&hellip;","og_url":"https:\/\/www.visbygk.com\/sv\/tavlingar\/","og_site_name":"Visby GK","article_modified_time":"2026-03-02T12:01:58+00:00","og_image":[{"width":1500,"height":1000,"url":"https:\/\/www.visbygk.com\/wp-content\/uploads\/2021\/01\/Kronis87.jpg","type":"image\/jpeg"}],"twitter_card":"summary_large_image","twitter_misc":{"Est. reading time":"8 minuter"},"schema":{"@context":"https:\/\/schema.org","@graph":[{"@type":"WebPage","@id":"https:\/\/www.visbygk.com\/sv\/tavlingar\/","url":"https:\/\/www.visbygk.com\/sv\/tavlingar\/","name":"T\u00e4vla - Visby GK","isPartOf":{"@id":"https:\/\/www.visbygk.com\/sv\/#website"},"primaryImageOfPage":{"@id":"https:\/\/www.visbygk.com\/sv\/tavlingar\/#primaryimage"},"image":{"@id":"https:\/\/www.visbygk.com\/sv\/tavlingar\/#primaryimage"},"thumbnailUrl":"https:\/\/www.visbygk.com\/wp-content\/uploads\/2021\/01\/Kronis87.jpg","datePublished":"2021-01-27T13:30:27+00:00","dateModified":"2026-03-02T12:01:58+00:00","breadcrumb":{"@id":"https:\/\/www.visbygk.com\/sv\/tavlingar\/#breadcrumb"},"inLanguage":"sv-SE","potentialAction":[{"@type":"ReadAction","target":["https:\/\/www.visbygk.com\/sv\/tavlingar\/"]}]},{"@type":"ImageObject","inLanguage":"sv-SE","@id":"https:\/\/www.visbygk.com\/sv\/tavlingar\/#primaryimage","url":"https:\/\/www.visbygk.com\/wp-content\/uploads\/2021\/01\/Kronis87.jpg","contentUrl":"https:\/\/www.visbygk.com\/wp-content\/uploads\/2021\/01\/Kronis87.jpg","width":1500,"height":1000},{"@type":"BreadcrumbList","@id":"https:\/\/www.visbygk.com\/sv\/tavlingar\/#breadcrumb","itemListElement":[{"@type":"ListItem","position":1,"name":"Home","item":"https:\/\/www.visbygk.com\/sv\/"},{"@type":"ListItem","position":2,"name":"T\u00e4vla"}]},{"@type":"WebSite","@id":"https:\/\/www.visbygk.com\/sv\/#website","url":"https:\/\/www.visbygk.com\/sv\/","name":"Visby GK","description":"Visby GK","publisher":{"@id":"https:\/\/www.visbygk.com\/sv\/#organization"},"potentialAction":[{"@type":"SearchAction","target":{"@type":"EntryPoint","urlTemplate":"https:\/\/www.visbygk.com\/sv\/?s={search_term_string}"},"query-input":{"@type":"PropertyValueSpecification","valueRequired":true,"valueName":"search_term_string"}}],"inLanguage":"sv-SE"},{"@type":"Organization","@id":"https:\/\/www.visbygk.com\/sv\/#organization","name":"Visby GK","url":"https:\/\/www.visbygk.com\/sv\/","logo":{"@type":"ImageObject","inLanguage":"sv-SE","@id":"https:\/\/www.visbygk.com\/sv\/#\/schema\/logo\/image\/","url":"https:\/\/www.visbygk.com\/wp-content\/uploads\/2021\/01\/visbygk-svart-1.png","contentUrl":"https:\/\/www.visbygk.com\/wp-content\/uploads\/2021\/01\/visbygk-svart-1.png","width":800,"height":800,"caption":"Visby GK"},"image":{"@id":"https:\/\/www.visbygk.com\/sv\/#\/schema\/logo\/image\/"}}]}},"_links":{"self":[{"href":"https:\/\/www.visbygk.com\/sv\/wp-json\/wp\/v2\/pages\/541","targetHints":{"allow":["GET"]}}],"collection":[{"href":"https:\/\/www.visbygk.com\/sv\/wp-json\/wp\/v2\/pages"}],"about":[{"href":"https:\/\/www.visbygk.com\/sv\/wp-json\/wp\/v2\/types\/page"}],"author":[{"embeddable":true,"href":"https:\/\/www.visbygk.com\/sv\/wp-json\/wp\/v2\/users\/391"}],"replies":[{"embeddable":true,"href":"https:\/\/www.visbygk.com\/sv\/wp-json\/wp\/v2\/comments?post=541"}],"version-history":[{"count":101,"href":"https:\/\/www.visbygk.com\/sv\/wp-json\/wp\/v2\/pages\/541\/revisions"}],"predecessor-version":[{"id":16548,"href":"https:\/\/www.visbygk.com\/sv\/wp-json\/wp\/v2\/pages\/541\/revisions\/16548"}],"wp:featuredmedia":[{"embeddable":true,"href":"https:\/\/www.visbygk.com\/sv\/wp-json\/wp\/v2\/media\/19"}],"wp:attachment":[{"href":"https:\/\/www.visbygk.com\/sv\/wp-json\/wp\/v2\/media?parent=541"}],"curies":[{"name":"wp","href":"https:\/\/api.w.org\/{rel}","templated":true}]}}