{"id":322,"date":"2021-01-25T14:58:17","date_gmt":"2021-01-25T14:58:17","guid":{"rendered":"https:\/\/www.visbygk.com\/?page_id=322"},"modified":"2026-04-06T11:54:31","modified_gmt":"2026-04-06T09:54:31","slug":"besoka-kronholmen","status":"publish","type":"page","link":"https:\/\/www.visbygk.com\/sv\/besoka-kronholmen\/","title":{"rendered":"Kontakta oss"},"content":{"rendered":"\n<h5 class=\"wp-block-heading has-text-align-center\" id=\"infor-ditt-besok-pa-kronholmen\">Inf\u00f6r ditt bes\u00f6k p\u00e5 Kronholmen.<\/h5>\n\n\n\n<hr class=\"wp-block-separator has-css-opacity\"\/>\n\n\n\n<div class=\"wp-block-group has-background tw-border\" style=\"background-color:#ffffff\"><div class=\"wp-block-group__inner-container is-layout-flow wp-block-group-is-layout-flow\">\n<h4 class=\"wp-block-heading\" id=\"oppettider\">\u00d6ppettider<\/h4>\n\n\n\n<figure class=\"wp-block-table is-style-tw-border-h\"><table class=\"has-fixed-layout\"><tbody><tr><td>Klubbhus<\/td><td>07:30 &#8211; 21:00<\/td><\/tr><tr><td>Shop \/ Reception<\/td><td>M\u00e5ndag &#8211; S\u00f6ndag 08:00 &#8211; 16:00<\/td><\/tr><tr><td>Restaurang<\/td><td><a href=\"https:\/\/www.visbygk.com\/sv\/restaurang\/\">\u00d6ppettider &amp; Aktuell meny<\/a><\/td><\/tr><tr><td>Kiosk<\/td><td><a href=\"https:\/\/www.visbygk.com\/sv\/restaurang\/\">\u00d6ppettider<\/a><\/td><\/tr><tr><td>Range<\/td><td>06:00 &#8211; 22:00<\/td><\/tr><tr><td>18-h\u00e5lsbanan &amp; 9-h\u00e5lsbanan<\/td><td>Hitta tillg\u00e4ngliga <a href=\"https:\/\/www.visbygk.com\/sv\/sample-page\/\">starttider<\/a><\/td><\/tr><\/tbody><\/table><\/figure>\n\n\n\n<h4 class=\"wp-block-heading\" id=\"till-kronholmen-ar-alla-valkomna\">Till Kronholmen \u00e4r alla v\u00e4lkomna.<\/h4>\n\n\n\n<p>Kronholmen har alltid \u00f6ppet. Fr\u00e5n tidiga morgonen till solen g\u00e5r ner samsas golfare med f\u00e5gelsk\u00e5dare, fritidsfiskare och restaurangg\u00e4ster. Utsikten mot Karls\u00f6arna ifr\u00e5n uteserveringen \u00e4r bl\u00e4ndande vacker och maten alltid lika uts\u00f6kt och v\u00e4llagad. Till Kronholmen kommer varje \u00e5r \u00f6ver 75 000 bes\u00f6kare. Alla \u00e4r lika v\u00e4lkomna.<\/p>\n\n\n\n<div class=\"wp-block-ugb-button ugb-button-wrapper ugb-7833351 ugb-button--design-fullwidth ugb-main-block\"><style>.ugb-7833351 .ugb-block-content .ugb-button{border-radius:40px}.ugb-7833351 .ugb-button1{background-color:#000000;border-radius:40px !important}.ugb-7833351 .ugb-button1 .ugb-button--inner,.ugb-7833351 .ugb-button1 svg:not(.ugb-custom-icon){color:#ffffff !important}.ugb-7833351 .ugb-button1:hover .ugb-button--inner,.ugb-7833351 .ugb-button1:hover svg:not(.ugb-custom-icon){color:#222222 !important}.ugb-7833351 .ugb-button1:hover{background-color:#ffffff;opacity:1}.ugb-7833351 .ugb-button1:before{border-radius:40px !important}<\/style><div class=\"ugb-inner-block\"><div class=\"ugb-block-content\"><div class=\"ugb-button-container\"><a class=\"ugb-button1 ugb-button ugb-button--size-normal ugb-button--has-icon\" href=\"tel:0046498200930\" rel=\"\" title=\"\"><div class=\"ugb-icon-inner-svg\"><svg data-prefix=\"fas\" data-icon=\"phone\" class=\"svg-inline--fa fa-phone fa-w-16\" role=\"img\" xmlns=\"http:\/\/www.w3.org\/2000\/svg\" viewBox=\"0 0 512 512\"><path fill=\"currentColor\" d=\"M493.4 24.6l-104-24c-11.3-2.6-22.9 3.3-27.5 13.9l-48 112c-4.2 9.8-1.4 21.3 6.9 28l60.6 49.6c-36 76.7-98.9 140.5-177.2 177.2l-49.6-60.6c-6.8-8.3-18.2-11.1-28-6.9l-112 48C3.9 366.5-2 378.1.6 389.4l24 104C27.1 504.2 36.7 512 48 512c256.1 0 464-207.5 464-464 0-11.2-7.7-20.9-18.6-23.4z\"><\/path><\/svg><\/div><span class=\"ugb-button--inner\">Ring 0498-20 09 30 <\/span><\/a><\/div><\/div><\/div><\/div>\n\n\n\n<p><\/p>\n<\/div><\/div>\n\n\n\n<figure class=\"wp-block-image alignfull size-full\"><img decoding=\"async\" width=\"2500\" height=\"1667\" src=\"https:\/\/www.visbygk.com\/wp-content\/uploads\/2021\/03\/672_VisbyGK_JacobSjoman_16BITS_V1-copy.jpg2_.jpg\" alt=\"\" class=\"wp-image-3805\" srcset=\"https:\/\/www.visbygk.com\/wp-content\/uploads\/2021\/03\/672_VisbyGK_JacobSjoman_16BITS_V1-copy.jpg2_.jpg 2500w, https:\/\/www.visbygk.com\/wp-content\/uploads\/2021\/03\/672_VisbyGK_JacobSjoman_16BITS_V1-copy.jpg2_-600x400.jpg 600w, https:\/\/www.visbygk.com\/wp-content\/uploads\/2021\/03\/672_VisbyGK_JacobSjoman_16BITS_V1-copy.jpg2_-300x200.jpg 300w, https:\/\/www.visbygk.com\/wp-content\/uploads\/2021\/03\/672_VisbyGK_JacobSjoman_16BITS_V1-copy.jpg2_-1024x683.jpg 1024w, https:\/\/www.visbygk.com\/wp-content\/uploads\/2021\/03\/672_VisbyGK_JacobSjoman_16BITS_V1-copy.jpg2_-768x512.jpg 768w, https:\/\/www.visbygk.com\/wp-content\/uploads\/2021\/03\/672_VisbyGK_JacobSjoman_16BITS_V1-copy.jpg2_-1536x1024.jpg 1536w, https:\/\/www.visbygk.com\/wp-content\/uploads\/2021\/03\/672_VisbyGK_JacobSjoman_16BITS_V1-copy.jpg2_-2048x1366.jpg 2048w, https:\/\/www.visbygk.com\/wp-content\/uploads\/2021\/03\/672_VisbyGK_JacobSjoman_16BITS_V1-copy.jpg2_-1200x800.jpg 1200w, https:\/\/www.visbygk.com\/wp-content\/uploads\/2021\/03\/672_VisbyGK_JacobSjoman_16BITS_V1-copy.jpg2_-1980x1320.jpg 1980w\" sizes=\"(max-width: 2500px) 100vw, 2500px\" \/><\/figure>\n\n\n\n<h1 class=\"wp-block-heading has-text-align-center\" id=\"valkomna\">V\u00e4lkomna!<\/h1>\n\n\n\n<figure class=\"wp-block-gallery alignwide has-nested-images columns-default is-cropped wp-block-gallery-1 is-layout-flex wp-block-gallery-is-layout-flex\"><\/figure>\n\n\n\n<hr class=\"wp-block-separator has-css-opacity\"\/>\n\n\n\n<h4 class=\"wp-block-heading\" id=\"adress\">Adress:<\/h4>\n\n\n\n<p><a href=\"https:\/\/goo.gl\/maps\/GwG3szcrvMo\" target=\"_blank\" rel=\"noreferrer noopener\">Visby Golfklubb \/ Kronholmen Golf AB<\/a><br><a href=\"https:\/\/goo.gl\/maps\/GwG3szcrvMo\" target=\"_blank\" rel=\"noreferrer noopener\">V\u00e4stergarn Kronholmen 415<br>622 30 Gotlands Tofta<\/a><\/p>\n\n\n\n<h4 class=\"wp-block-heading\" id=\"kontaktuppgifter\">Kontaktuppgifter<\/h4>\n\n\n\n<p><a href=\"mailto:info@visbygk.com\">info@visbygk.com<\/a>&nbsp;\/&nbsp;<a href=\"tel:0046498200930\">+46(0)498200930<\/a><\/p>\n\n\n<script type=\"text\/javascript\">var gform;gform||(document.addEventListener(\"gform_main_scripts_loaded\",function(){gform.scriptsLoaded=!0}),window.addEventListener(\"DOMContentLoaded\",function(){gform.domLoaded=!0}),gform={domLoaded:!1,scriptsLoaded:!1,initializeOnLoaded:function(o){gform.domLoaded&&gform.scriptsLoaded?o():!gform.domLoaded&&gform.scriptsLoaded?window.addEventListener(\"DOMContentLoaded\",o):document.addEventListener(\"gform_main_scripts_loaded\",o)},hooks:{action:{},filter:{}},addAction:function(o,n,r,t){gform.addHook(\"action\",o,n,r,t)},addFilter:function(o,n,r,t){gform.addHook(\"filter\",o,n,r,t)},doAction:function(o){gform.doHook(\"action\",o,arguments)},applyFilters:function(o){return gform.doHook(\"filter\",o,arguments)},removeAction:function(o,n){gform.removeHook(\"action\",o,n)},removeFilter:function(o,n,r){gform.removeHook(\"filter\",o,n,r)},addHook:function(o,n,r,t,i){null==gform.hooks[o][n]&&(gform.hooks[o][n]=[]);var e=gform.hooks[o][n];null==i&&(i=n+\"_\"+e.length),gform.hooks[o][n].push({tag:i,callable:r,priority:t=null==t?10:t})},doHook:function(n,o,r){var t;if(r=Array.prototype.slice.call(r,1),null!=gform.hooks[n][o]&&((o=gform.hooks[n][o]).sort(function(o,n){return o.priority-n.priority}),o.forEach(function(o){\"function\"!=typeof(t=o.callable)&&(t=window[t]),\"action\"==n?t.apply(null,r):r[0]=t.apply(null,r)})),\"filter\"==n)return r[0]},removeHook:function(o,n,t,i){var r;null!=gform.hooks[o][n]&&(r=(r=gform.hooks[o][n]).filter(function(o,n,r){return!!(null!=i&&i!=o.tag||null!=t&&t!=o.priority)}),gform.hooks[o][n]=r)}});<\/script>\n                <div class='gf_browser_gecko gform_wrapper gravity-theme' id='gform_wrapper_1' >\n                        <div class='gform_heading'>\n                            <h2 class=\"gform_title\">Skriv till oss<\/h2>\n                            <span class='gform_description'><\/span>\n\t\t\t\t\t\t\t<p class='gform_required_legend'>&quot;<span class=\"gfield_required gfield_required_asterisk\">*<\/span>&quot; indicates required fields<\/p>\n                        <\/div><form method='post' enctype='multipart\/form-data'  id='gform_1'  action='\/sv\/wp-json\/wp\/v2\/pages\/322' novalidate>\n                        <div class='gform_body gform-body'><div id='gform_fields_1' class='gform_fields top_label form_sublabel_below description_below'><div id=\"field_1_1\"  class=\"gfield gfield_contains_required field_sublabel_below field_description_below gfield_visibility_visible\"  data-js-reload=\"field_1_1\"><label class='gfield_label' for='input_1_1' >Namn<span class=\"gfield_required\"><span class=\"gfield_required gfield_required_asterisk\">*<\/span><\/span><\/label><div class='ginput_container ginput_container_text'><input name='input_1' id='input_1_1' type='text' value='' class='large'     aria-required=\"true\" aria-invalid=\"false\"   \/> <\/div><\/div><div id=\"field_1_3\"  class=\"gfield gfield_contains_required field_sublabel_below field_description_below gfield_visibility_visible\"  data-js-reload=\"field_1_3\"><label class='gfield_label' for='input_1_3' >E-post<span class=\"gfield_required\"><span class=\"gfield_required gfield_required_asterisk\">*<\/span><\/span><\/label><div class='ginput_container ginput_container_email'>\n                            <input name='input_3' id='input_1_3' type='email' value='' class='large'    aria-required=\"true\" aria-invalid=\"false\"  \/>\n                        <\/div><\/div><div id=\"field_1_4\"  class=\"gfield gfield_contains_required field_sublabel_below field_description_below gfield_visibility_visible\"  data-js-reload=\"field_1_4\"><label class='gfield_label' for='input_1_4' >Meddelande<span class=\"gfield_required\"><span class=\"gfield_required gfield_required_asterisk\">*<\/span><\/span><\/label><div class='ginput_container ginput_container_textarea'><textarea name='input_4' id='input_1_4' class='textarea medium'     aria-required=\"true\" aria-invalid=\"false\"   rows='10' cols='50'><\/textarea><\/div><\/div><fieldset id=\"field_1_5\"  class=\"gfield gfield--width-full gfield_contains_required field_sublabel_below field_description_below hidden_label gfield_visibility_visible\"  data-js-reload=\"field_1_5\"><legend class='gfield_label gfield_label_before_complex'  >Samtycke<span class=\"gfield_required\"><span class=\"gfield_required gfield_required_asterisk\">*<\/span><\/span><\/legend><div class='ginput_container ginput_container_consent'><input name='input_5.1' id='input_1_5_1' type='checkbox' value='1'   aria-required=\"true\" aria-invalid=\"false\"   \/> <label class=\"gfield_consent_label\" for='input_1_5_1' >Jag godk\u00e4nner <a href=\"https:\/\/www.visbygk.com\/sv\/integritetspolicy\/\">integritetspolicyn<\/a><\/label><span class=\"gfield_required gfield_required_asterisk\">*<\/span><input type='hidden' name='input_5.2' value='Jag godk\u00e4nner &lt;a href=&quot;https:\/\/www.visbygk.com\/sv\/integritetspolicy\/&quot;&gt;integritetspolicyn&lt;\/a&gt;' class='gform_hidden' \/><input type='hidden' name='input_5.3' value='1' class='gform_hidden' \/><\/div><\/fieldset><div id=\"field_1_6\"  class=\"gfield gfield--width-full field_sublabel_below field_description_below hidden_label gfield_visibility_visible\"  data-js-reload=\"field_1_6\"><label class='gfield_label' for='input_1_6' >CAPTCHA<\/label><div id='input_1_6' class='ginput_container ginput_recaptcha' data-sitekey='6LdjZDglAAAAAF_iJR66BE_HXKEwucmJX4XAJSv0'  data-theme='light' data-tabindex='0'  data-badge=''><\/div><\/div><\/div><\/div>\n        <div class='gform_footer top_label'> <input type='submit' id='gform_submit_button_1' class='gform_button button' value='Skicka'  onclick='if(window[\"gf_submitting_1\"]){return false;}  if( !jQuery(\"#gform_1\")[0].checkValidity || jQuery(\"#gform_1\")[0].checkValidity()){window[\"gf_submitting_1\"]=true;}  ' onkeypress='if( event.keyCode == 13 ){ if(window[\"gf_submitting_1\"]){return false;} if( !jQuery(\"#gform_1\")[0].checkValidity || jQuery(\"#gform_1\")[0].checkValidity()){window[\"gf_submitting_1\"]=true;}  jQuery(\"#gform_1\").trigger(\"submit\",[true]); }' \/> \n            <input type='hidden' class='gform_hidden' name='is_submit_1' value='1' \/>\n            <input type='hidden' class='gform_hidden' name='gform_submit' value='1' \/>\n            \n            <input type='hidden' class='gform_hidden' name='gform_unique_id' value='' \/>\n            <input type='hidden' class='gform_hidden' name='state_1' value='WyJ7XCI1LjFcIjpcIjc5MTlkOTRhM2ExNmMxZGNkMTJmODk2NThiNWVlN2JkXCIsXCI1LjJcIjpcImEzYWQ3ZWJjNWE5NGE3YTgxZWI2YWIyODZhMjk5ODM0XCIsXCI1LjNcIjpcIjc5MTlkOTRhM2ExNmMxZGNkMTJmODk2NThiNWVlN2JkXCJ9IiwiZTExYmUwZTMyMGY1NzgwMTk4MDBmYTY5MTIyMWVkZGQiXQ==' \/>\n            <input type='hidden' class='gform_hidden' name='gform_target_page_number_1' id='gform_target_page_number_1' value='0' \/>\n            <input type='hidden' class='gform_hidden' name='gform_source_page_number_1' id='gform_source_page_number_1' value='1' \/>\n            <input type='hidden' name='gform_field_values' value='' \/>\n            \n        <\/div>\n                        <\/form>\n                        <\/div>","protected":false},"excerpt":{"rendered":"<p>Inf\u00f6r ditt bes\u00f6k p\u00e5 Kronholmen. \u00d6ppettider Klubbhus 07:30 &#8211; 21:00 Shop \/ Reception M\u00e5ndag &#8211; S\u00f6ndag 08:00 &#8211; 16:00 Restaurang \u00d6ppettider &amp; Aktuell meny Kiosk \u00d6ppettider Range 06:00 &#8211; 22:00&hellip;<\/p>\n","protected":false},"author":391,"featured_media":0,"parent":0,"menu_order":0,"comment_status":"closed","ping_status":"closed","template":"","meta":{"_golfpress_post_requires_user":false,"footnotes":""},"class_list":["post-322","page","type-page","status-publish","hentry"],"featured_image_urls_v2":{"full":"","thumbnail":"","medium":"","medium_large":"","large":"","1536x1536":"","2048x2048":"","post-thumbnail":"","twentytwenty-fullscreen":""},"post_excerpt_stackable_v2":"<p>Inf\u00f6r ditt bes\u00f6k p\u00e5 Kronholmen. \u00d6ppettider Klubbhus07:30 &#8211; 21:00Shop \/ ReceptionM\u00e5ndag &#8211; S\u00f6ndag 08:00 &#8211; 16:00Restaurang\u00d6ppettider &amp; Aktuell menyKiosk\u00d6ppettiderRange06:00 &#8211; 22:0018-h\u00e5lsbanan &amp; 9-h\u00e5lsbananHitta tillg\u00e4ngliga starttider Till Kronholmen \u00e4r alla v\u00e4lkomna. Kronholmen har alltid \u00f6ppet. Fr\u00e5n tidiga morgonen till solen g\u00e5r ner samsas golfare med f\u00e5gelsk\u00e5dare, fritidsfiskare och restaurangg\u00e4ster. Utsikten mot Karls\u00f6arna ifr\u00e5n uteserveringen \u00e4r bl\u00e4ndande vacker och maten alltid lika uts\u00f6kt och v\u00e4llagad. Till Kronholmen kommer varje \u00e5r \u00f6ver 75 000 bes\u00f6kare. Alla \u00e4r lika v\u00e4lkomna. Ring 0498-20 09 30 V\u00e4lkomna! Adress: Visby Golfklubb \/ Kronholmen Golf ABV\u00e4stergarn Kronholmen 415622 30 Gotlands Tofta Kontaktuppgifter info@visbygk.com&nbsp;\/&nbsp;+46(0)498200930 Skriv till oss &quot;*&quot; indicates&hellip;<\/p>\n","category_list_v2":"","author_info_v2":{"name":"000111-003","url":"https:\/\/www.visbygk.com\/sv\/author\/000111-003\/"},"comments_num_v2":"0 comments","yoast_head":"<!-- This site is optimized with the Yoast SEO plugin v24.7 - https:\/\/yoast.com\/wordpress\/plugins\/seo\/ -->\n<title>Kontakta oss - Visby GK<\/title>\n<meta name=\"robots\" content=\"index, follow, max-snippet:-1, max-image-preview:large, max-video-preview:-1\" \/>\n<link rel=\"canonical\" href=\"https:\/\/www.visbygk.com\/sv\/besoka-kronholmen\/\" \/>\n<meta property=\"og:locale\" content=\"sv_SE\" \/>\n<meta property=\"og:type\" content=\"article\" \/>\n<meta property=\"og:title\" content=\"Kontakta oss - Visby GK\" \/>\n<meta property=\"og:description\" content=\"Inf\u00f6r ditt bes\u00f6k p\u00e5 Kronholmen. \u00d6ppettider Klubbhus 07:30 &#8211; 21:00 Shop \/ Reception M\u00e5ndag &#8211; S\u00f6ndag 08:00 &#8211; 16:00 Restaurang \u00d6ppettider &amp; Aktuell meny Kiosk \u00d6ppettider Range 06:00 &#8211; 22:00&hellip;\" \/>\n<meta property=\"og:url\" content=\"https:\/\/www.visbygk.com\/sv\/besoka-kronholmen\/\" \/>\n<meta property=\"og:site_name\" content=\"Visby GK\" \/>\n<meta property=\"article:modified_time\" content=\"2026-04-06T09:54:31+00:00\" \/>\n<meta property=\"og:image\" content=\"https:\/\/www.visbygk.com\/wp-content\/uploads\/2021\/03\/672_VisbyGK_JacobSjoman_16BITS_V1-copy.jpg2_.jpg\" \/>\n\t<meta property=\"og:image:width\" content=\"2500\" \/>\n\t<meta property=\"og:image:height\" content=\"1667\" \/>\n\t<meta property=\"og:image:type\" content=\"image\/jpeg\" \/>\n<meta name=\"twitter:card\" content=\"summary_large_image\" \/>\n<meta name=\"twitter:label1\" content=\"Est. reading time\" \/>\n\t<meta name=\"twitter:data1\" content=\"1 minut\" \/>\n<script type=\"application\/ld+json\" class=\"yoast-schema-graph\">{\"@context\":\"https:\/\/schema.org\",\"@graph\":[{\"@type\":\"WebPage\",\"@id\":\"https:\/\/www.visbygk.com\/sv\/besoka-kronholmen\/\",\"url\":\"https:\/\/www.visbygk.com\/sv\/besoka-kronholmen\/\",\"name\":\"Kontakta oss - Visby GK\",\"isPartOf\":{\"@id\":\"https:\/\/www.visbygk.com\/sv\/#website\"},\"primaryImageOfPage\":{\"@id\":\"https:\/\/www.visbygk.com\/sv\/besoka-kronholmen\/#primaryimage\"},\"image\":{\"@id\":\"https:\/\/www.visbygk.com\/sv\/besoka-kronholmen\/#primaryimage\"},\"thumbnailUrl\":\"https:\/\/www.visbygk.com\/wp-content\/uploads\/2021\/03\/672_VisbyGK_JacobSjoman_16BITS_V1-copy.jpg2_.jpg\",\"datePublished\":\"2021-01-25T14:58:17+00:00\",\"dateModified\":\"2026-04-06T09:54:31+00:00\",\"breadcrumb\":{\"@id\":\"https:\/\/www.visbygk.com\/sv\/besoka-kronholmen\/#breadcrumb\"},\"inLanguage\":\"sv-SE\",\"potentialAction\":[{\"@type\":\"ReadAction\",\"target\":[\"https:\/\/www.visbygk.com\/sv\/besoka-kronholmen\/\"]}]},{\"@type\":\"ImageObject\",\"inLanguage\":\"sv-SE\",\"@id\":\"https:\/\/www.visbygk.com\/sv\/besoka-kronholmen\/#primaryimage\",\"url\":\"https:\/\/www.visbygk.com\/wp-content\/uploads\/2021\/03\/672_VisbyGK_JacobSjoman_16BITS_V1-copy.jpg2_.jpg\",\"contentUrl\":\"https:\/\/www.visbygk.com\/wp-content\/uploads\/2021\/03\/672_VisbyGK_JacobSjoman_16BITS_V1-copy.jpg2_.jpg\"},{\"@type\":\"BreadcrumbList\",\"@id\":\"https:\/\/www.visbygk.com\/sv\/besoka-kronholmen\/#breadcrumb\",\"itemListElement\":[{\"@type\":\"ListItem\",\"position\":1,\"name\":\"Home\",\"item\":\"https:\/\/www.visbygk.com\/sv\/\"},{\"@type\":\"ListItem\",\"position\":2,\"name\":\"Kontakta oss\"}]},{\"@type\":\"WebSite\",\"@id\":\"https:\/\/www.visbygk.com\/sv\/#website\",\"url\":\"https:\/\/www.visbygk.com\/sv\/\",\"name\":\"Visby GK\",\"description\":\"Visby GK\",\"publisher\":{\"@id\":\"https:\/\/www.visbygk.com\/sv\/#organization\"},\"potentialAction\":[{\"@type\":\"SearchAction\",\"target\":{\"@type\":\"EntryPoint\",\"urlTemplate\":\"https:\/\/www.visbygk.com\/sv\/?s={search_term_string}\"},\"query-input\":{\"@type\":\"PropertyValueSpecification\",\"valueRequired\":true,\"valueName\":\"search_term_string\"}}],\"inLanguage\":\"sv-SE\"},{\"@type\":\"Organization\",\"@id\":\"https:\/\/www.visbygk.com\/sv\/#organization\",\"name\":\"Visby GK\",\"url\":\"https:\/\/www.visbygk.com\/sv\/\",\"logo\":{\"@type\":\"ImageObject\",\"inLanguage\":\"sv-SE\",\"@id\":\"https:\/\/www.visbygk.com\/sv\/#\/schema\/logo\/image\/\",\"url\":\"https:\/\/www.visbygk.com\/wp-content\/uploads\/2021\/01\/visbygk-svart-1.png\",\"contentUrl\":\"https:\/\/www.visbygk.com\/wp-content\/uploads\/2021\/01\/visbygk-svart-1.png\",\"width\":800,\"height\":800,\"caption\":\"Visby GK\"},\"image\":{\"@id\":\"https:\/\/www.visbygk.com\/sv\/#\/schema\/logo\/image\/\"}}]}<\/script>\n<!-- \/ Yoast SEO plugin. -->","yoast_head_json":{"title":"Kontakta oss - Visby GK","robots":{"index":"index","follow":"follow","max-snippet":"max-snippet:-1","max-image-preview":"max-image-preview:large","max-video-preview":"max-video-preview:-1"},"canonical":"https:\/\/www.visbygk.com\/sv\/besoka-kronholmen\/","og_locale":"sv_SE","og_type":"article","og_title":"Kontakta oss - Visby GK","og_description":"Inf\u00f6r ditt bes\u00f6k p\u00e5 Kronholmen. \u00d6ppettider Klubbhus 07:30 &#8211; 21:00 Shop \/ Reception M\u00e5ndag &#8211; S\u00f6ndag 08:00 &#8211; 16:00 Restaurang \u00d6ppettider &amp; Aktuell meny Kiosk \u00d6ppettider Range 06:00 &#8211; 22:00&hellip;","og_url":"https:\/\/www.visbygk.com\/sv\/besoka-kronholmen\/","og_site_name":"Visby GK","article_modified_time":"2026-04-06T09:54:31+00:00","og_image":[{"width":2500,"height":1667,"url":"https:\/\/www.visbygk.com\/wp-content\/uploads\/2021\/03\/672_VisbyGK_JacobSjoman_16BITS_V1-copy.jpg2_.jpg","type":"image\/jpeg"}],"twitter_card":"summary_large_image","twitter_misc":{"Est. reading time":"1 minut"},"schema":{"@context":"https:\/\/schema.org","@graph":[{"@type":"WebPage","@id":"https:\/\/www.visbygk.com\/sv\/besoka-kronholmen\/","url":"https:\/\/www.visbygk.com\/sv\/besoka-kronholmen\/","name":"Kontakta oss - Visby GK","isPartOf":{"@id":"https:\/\/www.visbygk.com\/sv\/#website"},"primaryImageOfPage":{"@id":"https:\/\/www.visbygk.com\/sv\/besoka-kronholmen\/#primaryimage"},"image":{"@id":"https:\/\/www.visbygk.com\/sv\/besoka-kronholmen\/#primaryimage"},"thumbnailUrl":"https:\/\/www.visbygk.com\/wp-content\/uploads\/2021\/03\/672_VisbyGK_JacobSjoman_16BITS_V1-copy.jpg2_.jpg","datePublished":"2021-01-25T14:58:17+00:00","dateModified":"2026-04-06T09:54:31+00:00","breadcrumb":{"@id":"https:\/\/www.visbygk.com\/sv\/besoka-kronholmen\/#breadcrumb"},"inLanguage":"sv-SE","potentialAction":[{"@type":"ReadAction","target":["https:\/\/www.visbygk.com\/sv\/besoka-kronholmen\/"]}]},{"@type":"ImageObject","inLanguage":"sv-SE","@id":"https:\/\/www.visbygk.com\/sv\/besoka-kronholmen\/#primaryimage","url":"https:\/\/www.visbygk.com\/wp-content\/uploads\/2021\/03\/672_VisbyGK_JacobSjoman_16BITS_V1-copy.jpg2_.jpg","contentUrl":"https:\/\/www.visbygk.com\/wp-content\/uploads\/2021\/03\/672_VisbyGK_JacobSjoman_16BITS_V1-copy.jpg2_.jpg"},{"@type":"BreadcrumbList","@id":"https:\/\/www.visbygk.com\/sv\/besoka-kronholmen\/#breadcrumb","itemListElement":[{"@type":"ListItem","position":1,"name":"Home","item":"https:\/\/www.visbygk.com\/sv\/"},{"@type":"ListItem","position":2,"name":"Kontakta oss"}]},{"@type":"WebSite","@id":"https:\/\/www.visbygk.com\/sv\/#website","url":"https:\/\/www.visbygk.com\/sv\/","name":"Visby GK","description":"Visby GK","publisher":{"@id":"https:\/\/www.visbygk.com\/sv\/#organization"},"potentialAction":[{"@type":"SearchAction","target":{"@type":"EntryPoint","urlTemplate":"https:\/\/www.visbygk.com\/sv\/?s={search_term_string}"},"query-input":{"@type":"PropertyValueSpecification","valueRequired":true,"valueName":"search_term_string"}}],"inLanguage":"sv-SE"},{"@type":"Organization","@id":"https:\/\/www.visbygk.com\/sv\/#organization","name":"Visby GK","url":"https:\/\/www.visbygk.com\/sv\/","logo":{"@type":"ImageObject","inLanguage":"sv-SE","@id":"https:\/\/www.visbygk.com\/sv\/#\/schema\/logo\/image\/","url":"https:\/\/www.visbygk.com\/wp-content\/uploads\/2021\/01\/visbygk-svart-1.png","contentUrl":"https:\/\/www.visbygk.com\/wp-content\/uploads\/2021\/01\/visbygk-svart-1.png","width":800,"height":800,"caption":"Visby GK"},"image":{"@id":"https:\/\/www.visbygk.com\/sv\/#\/schema\/logo\/image\/"}}]}},"_links":{"self":[{"href":"https:\/\/www.visbygk.com\/sv\/wp-json\/wp\/v2\/pages\/322","targetHints":{"allow":["GET"]}}],"collection":[{"href":"https:\/\/www.visbygk.com\/sv\/wp-json\/wp\/v2\/pages"}],"about":[{"href":"https:\/\/www.visbygk.com\/sv\/wp-json\/wp\/v2\/types\/page"}],"author":[{"embeddable":true,"href":"https:\/\/www.visbygk.com\/sv\/wp-json\/wp\/v2\/users\/391"}],"replies":[{"embeddable":true,"href":"https:\/\/www.visbygk.com\/sv\/wp-json\/wp\/v2\/comments?post=322"}],"version-history":[{"count":158,"href":"https:\/\/www.visbygk.com\/sv\/wp-json\/wp\/v2\/pages\/322\/revisions"}],"predecessor-version":[{"id":16754,"href":"https:\/\/www.visbygk.com\/sv\/wp-json\/wp\/v2\/pages\/322\/revisions\/16754"}],"wp:attachment":[{"href":"https:\/\/www.visbygk.com\/sv\/wp-json\/wp\/v2\/media?parent=322"}],"curies":[{"name":"wp","href":"https:\/\/api.w.org\/{rel}","templated":true}]}}