{"id":3205,"date":"2021-03-05T16:13:23","date_gmt":"2021-03-05T15:13:23","guid":{"rendered":"https:\/\/www.visbygk.com\/?page_id=3205"},"modified":"2025-10-08T11:34:24","modified_gmt":"2025-10-08T09:34:24","slug":"vart-team","status":"publish","type":"page","link":"https:\/\/www.visbygk.com\/sv\/vart-team\/","title":{"rendered":"V\u00e5rt team"},"content":{"rendered":"\n<h2 class=\"wp-block-heading has-text-align-center\" id=\"att-vara-en-del-av-en-helhet\">Att vara en del av en helhet.<\/h2>\n\n\n\n<p class=\"has-text-align-left\">Att var en del av en m\u00e5ngfacetterad sj\u00e4l. Att vara en del av n\u00e5got som varje dag str\u00e4var emot att bli b\u00e4ttre utifr\u00e5n de f\u00f6ruts\u00e4ttningar som finns \u00e4r fantastiskt. M\u00e5let har aldrig varit att bli b\u00e4st \u2013 bara att bli lite b\u00e4ttre.<\/p>\n\n\n\n<p class=\"has-text-align-left\">F\u00f6r det \u00e4r vi som sliter h\u00e5rt varje dag med att f\u00f6rb\u00e4ttra banan, det fantastiska k\u00f6ket, den st\u00e4ndigt servande styrkan i receptionen, tr\u00e4narna, en magiker till banarkitekt, vision\u00e4ra chefer och styrelser, fantastiska medlemmar, sponsorer och lojala g\u00e4ster som tillsammans skapat denna m\u00e5ngfacetterade och egensinniga sj\u00e4l som i dag \u00e4r Sveriges b\u00e4sta golfbana.<\/p>\n\n\n\n<p class=\"has-text-align-left\">Och den sj\u00e4len kommer aldrig att st\u00e5 still, aldrig n\u00f6ja sig, alltid r\u00f6ra sig fram\u00e5t mot nya m\u00e5l s\u00e5 l\u00e4nge det finns tillit, omtanke, gl\u00e4dje och gemenskap.<\/p>\n\n\n\n<p class=\"has-text-align-left\">F\u00f6r det vi g\u00f6r \u2013 det g\u00f6r vi tillsammans.<\/p>\n\n\n\n<hr class=\"wp-block-separator has-css-opacity\"\/>\n\n\n\n<figure class=\"wp-block-gallery alignfull has-nested-images columns-4 is-cropped is-style-default tw-fixed-cols wp-block-gallery-1 is-layout-flex wp-block-gallery-is-layout-flex\">\n<figure class=\"wp-block-image size-large\"><img decoding=\"async\" width=\"788\" height=\"1024\" data-id=\"14637\" src=\"https:\/\/www.visbygk.com\/wp-content\/uploads\/2025\/01\/Magnus-Berglund-vgk-st-2-788x1024.jpg\" alt=\"\" class=\"wp-image-14637\" srcset=\"https:\/\/www.visbygk.com\/wp-content\/uploads\/2025\/01\/Magnus-Berglund-vgk-st-2-788x1024.jpg 788w, https:\/\/www.visbygk.com\/wp-content\/uploads\/2025\/01\/Magnus-Berglund-vgk-st-2-231x300.jpg 231w, https:\/\/www.visbygk.com\/wp-content\/uploads\/2025\/01\/Magnus-Berglund-vgk-st-2-768x998.jpg 768w, https:\/\/www.visbygk.com\/wp-content\/uploads\/2025\/01\/Magnus-Berglund-vgk-st-2.jpg 1023w\" sizes=\"(max-width: 788px) 100vw, 788px\" \/><figcaption class=\"wp-element-caption\">Magnus Berglund, klubbchef<br><a href=\"mailto:magnus@visbygk.com\">magnus@visbygk.com<\/a><\/figcaption><\/figure>\n\n\n\n<figure class=\"wp-block-image size-large\"><img decoding=\"async\" width=\"667\" height=\"934\" data-id=\"6148\" src=\"https:\/\/www.visbygk.com\/wp-content\/uploads\/2021\/04\/petter-lindblad2-1.jpg\" alt=\"\" class=\"wp-image-6148\" srcset=\"https:\/\/www.visbygk.com\/wp-content\/uploads\/2021\/04\/petter-lindblad2-1.jpg 667w, https:\/\/www.visbygk.com\/wp-content\/uploads\/2021\/04\/petter-lindblad2-1-600x840.jpg 600w, https:\/\/www.visbygk.com\/wp-content\/uploads\/2021\/04\/petter-lindblad2-1-214x300.jpg 214w\" sizes=\"(max-width: 667px) 100vw, 667px\" \/><figcaption class=\"wp-element-caption\">Petter Lindblad, bana<br><a href=\"mailto:petter@visbygk.com\">petter@visbygk.com<\/a><\/figcaption><\/figure>\n\n\n\n<figure class=\"wp-block-image size-large\"><img decoding=\"async\" width=\"667\" height=\"934\" data-id=\"6138\" src=\"https:\/\/www.visbygk.com\/wp-content\/uploads\/2021\/04\/linda-westerholm-1.jpg\" alt=\"\" class=\"wp-image-6138\" srcset=\"https:\/\/www.visbygk.com\/wp-content\/uploads\/2021\/04\/linda-westerholm-1.jpg 667w, https:\/\/www.visbygk.com\/wp-content\/uploads\/2021\/04\/linda-westerholm-1-600x840.jpg 600w, https:\/\/www.visbygk.com\/wp-content\/uploads\/2021\/04\/linda-westerholm-1-214x300.jpg 214w\" sizes=\"(max-width: 667px) 100vw, 667px\" \/><figcaption class=\"wp-element-caption\">Linda Westerholm, service<br><a href=\"mailto:info@visbygk.com\">info@visbygk.com<\/a><\/figcaption><\/figure>\n\n\n\n<figure class=\"wp-block-image size-large\"><img decoding=\"async\" width=\"725\" height=\"1024\" data-id=\"12794\" src=\"https:\/\/www.visbygk.com\/wp-content\/uploads\/2024\/03\/01-1-725x1024.jpg\" alt=\"Jaqueline Sv\u00e4rd\" class=\"wp-image-12794\" srcset=\"https:\/\/www.visbygk.com\/wp-content\/uploads\/2024\/03\/01-1-725x1024.jpg 725w, https:\/\/www.visbygk.com\/wp-content\/uploads\/2024\/03\/01-1-213x300.jpg 213w, https:\/\/www.visbygk.com\/wp-content\/uploads\/2024\/03\/01-1-768x1084.jpg 768w, https:\/\/www.visbygk.com\/wp-content\/uploads\/2024\/03\/01-1-1088x1536.jpg 1088w, https:\/\/www.visbygk.com\/wp-content\/uploads\/2024\/03\/01-1-1451x2048.jpg 1451w, https:\/\/www.visbygk.com\/wp-content\/uploads\/2024\/03\/01-1-scaled.jpg 1814w\" sizes=\"(max-width: 725px) 100vw, 725px\" \/><figcaption class=\"wp-element-caption\">Jaqueline Sv\u00e4rd, service<\/figcaption><\/figure>\n\n\n\n<figure class=\"wp-block-image size-large\"><img decoding=\"async\" width=\"683\" height=\"1024\" data-id=\"12474\" src=\"https:\/\/www.visbygk.com\/wp-content\/uploads\/2024\/01\/foto-683x1024.png\" alt=\"\" class=\"wp-image-12474\" srcset=\"https:\/\/www.visbygk.com\/wp-content\/uploads\/2024\/01\/foto-683x1024.png 683w, https:\/\/www.visbygk.com\/wp-content\/uploads\/2024\/01\/foto-200x300.png 200w, https:\/\/www.visbygk.com\/wp-content\/uploads\/2024\/01\/foto-768x1152.png 768w, https:\/\/www.visbygk.com\/wp-content\/uploads\/2024\/01\/foto-1024x1536.png 1024w, https:\/\/www.visbygk.com\/wp-content\/uploads\/2024\/01\/foto-1365x2048.png 1365w, https:\/\/www.visbygk.com\/wp-content\/uploads\/2024\/01\/foto-1200x1800.png 1200w, https:\/\/www.visbygk.com\/wp-content\/uploads\/2024\/01\/foto-1980x2970.png 1980w\" sizes=\"(max-width: 683px) 100vw, 683px\" \/><figcaption class=\"wp-element-caption\">Stefan Pettersson, service<br><a href=\"mailto:shop@visbygk.com\">shop@visbygk.com<\/a><\/figcaption><\/figure>\n\n\n\n<figure class=\"wp-block-image size-large\"><img decoding=\"async\" width=\"683\" height=\"1024\" data-id=\"6952\" src=\"https:\/\/www.visbygk.com\/wp-content\/uploads\/2021\/05\/Martin-Bendelin-Munkhammar-Tranare-och-vart-team-683x1024.jpg\" alt=\"\" class=\"wp-image-6952\" srcset=\"https:\/\/www.visbygk.com\/wp-content\/uploads\/2021\/05\/Martin-Bendelin-Munkhammar-Tranare-och-vart-team-683x1024.jpg 683w, https:\/\/www.visbygk.com\/wp-content\/uploads\/2021\/05\/Martin-Bendelin-Munkhammar-Tranare-och-vart-team-scaled-600x899.jpg 600w, https:\/\/www.visbygk.com\/wp-content\/uploads\/2021\/05\/Martin-Bendelin-Munkhammar-Tranare-och-vart-team-200x300.jpg 200w, https:\/\/www.visbygk.com\/wp-content\/uploads\/2021\/05\/Martin-Bendelin-Munkhammar-Tranare-och-vart-team-768x1151.jpg 768w, https:\/\/www.visbygk.com\/wp-content\/uploads\/2021\/05\/Martin-Bendelin-Munkhammar-Tranare-och-vart-team-1025x1536.jpg 1025w, https:\/\/www.visbygk.com\/wp-content\/uploads\/2021\/05\/Martin-Bendelin-Munkhammar-Tranare-och-vart-team-1366x2048.jpg 1366w, https:\/\/www.visbygk.com\/wp-content\/uploads\/2021\/05\/Martin-Bendelin-Munkhammar-Tranare-och-vart-team-1200x1799.jpg 1200w, https:\/\/www.visbygk.com\/wp-content\/uploads\/2021\/05\/Martin-Bendelin-Munkhammar-Tranare-och-vart-team-1980x2969.jpg 1980w, https:\/\/www.visbygk.com\/wp-content\/uploads\/2021\/05\/Martin-Bendelin-Munkhammar-Tranare-och-vart-team-scaled.jpg 1708w\" sizes=\"(max-width: 683px) 100vw, 683px\" \/><figcaption class=\"wp-element-caption\">Martin Bendelin Munkhammar, tr\u00e4ning<br><a href=\"mailto:martin@visbygk.com\">martin@visbygk.com<\/a><\/figcaption><\/figure>\n\n\n\n<figure class=\"wp-block-image size-large\"><img decoding=\"async\" width=\"667\" height=\"934\" data-id=\"6144\" src=\"https:\/\/www.visbygk.com\/wp-content\/uploads\/2021\/04\/per-ramstrom-1.jpg\" alt=\"\" class=\"wp-image-6144\" srcset=\"https:\/\/www.visbygk.com\/wp-content\/uploads\/2021\/04\/per-ramstrom-1.jpg 667w, https:\/\/www.visbygk.com\/wp-content\/uploads\/2021\/04\/per-ramstrom-1-600x840.jpg 600w, https:\/\/www.visbygk.com\/wp-content\/uploads\/2021\/04\/per-ramstrom-1-214x300.jpg 214w\" sizes=\"(max-width: 667px) 100vw, 667px\" \/><figcaption class=\"wp-element-caption\">Per Ramstr\u00f6m, restaurang<\/figcaption><\/figure>\n\n\n\n<figure class=\"wp-block-image size-large\"><img decoding=\"async\" width=\"667\" height=\"1000\" data-id=\"6978\" src=\"https:\/\/www.visbygk.com\/wp-content\/uploads\/2021\/05\/Ellen.jpg\" alt=\"\" class=\"wp-image-6978\" srcset=\"https:\/\/www.visbygk.com\/wp-content\/uploads\/2021\/05\/Ellen.jpg 667w, https:\/\/www.visbygk.com\/wp-content\/uploads\/2021\/05\/Ellen-600x900.jpg 600w, https:\/\/www.visbygk.com\/wp-content\/uploads\/2021\/05\/Ellen-200x300.jpg 200w\" sizes=\"(max-width: 667px) 100vw, 667px\" \/><figcaption class=\"wp-element-caption\">Ellen, service och bana<\/figcaption><\/figure>\n\n\n\n<figure class=\"wp-block-image size-large\"><img decoding=\"async\" width=\"667\" height=\"934\" data-id=\"6122\" src=\"https:\/\/www.visbygk.com\/wp-content\/uploads\/2021\/04\/helena-hagg2-1.jpg\" alt=\"\" class=\"wp-image-6122\" srcset=\"https:\/\/www.visbygk.com\/wp-content\/uploads\/2021\/04\/helena-hagg2-1.jpg 667w, https:\/\/www.visbygk.com\/wp-content\/uploads\/2021\/04\/helena-hagg2-1-600x840.jpg 600w, https:\/\/www.visbygk.com\/wp-content\/uploads\/2021\/04\/helena-hagg2-1-214x300.jpg 214w\" sizes=\"(max-width: 667px) 100vw, 667px\" \/><figcaption class=\"wp-element-caption\">Helena H\u00e4gg, bana<\/figcaption><\/figure>\n\n\n\n<figure class=\"wp-block-image size-large\"><img decoding=\"async\" width=\"707\" height=\"1024\" data-id=\"12825\" src=\"https:\/\/www.visbygk.com\/wp-content\/uploads\/2024\/03\/01-5-707x1024.jpg\" alt=\"\" class=\"wp-image-12825\" srcset=\"https:\/\/www.visbygk.com\/wp-content\/uploads\/2024\/03\/01-5-707x1024.jpg 707w, https:\/\/www.visbygk.com\/wp-content\/uploads\/2024\/03\/01-5-207x300.jpg 207w, https:\/\/www.visbygk.com\/wp-content\/uploads\/2024\/03\/01-5-768x1113.jpg 768w, https:\/\/www.visbygk.com\/wp-content\/uploads\/2024\/03\/01-5-scaled.jpg 1766w\" sizes=\"(max-width: 707px) 100vw, 707px\" \/><figcaption class=\"wp-element-caption\">Kalle Utterberg, bana<\/figcaption><\/figure>\n\n\n\n<figure class=\"wp-block-image size-large\"><img decoding=\"async\" width=\"667\" height=\"934\" data-id=\"6114\" src=\"https:\/\/www.visbygk.com\/wp-content\/uploads\/2021\/04\/bo-rehnberg-1.jpg\" alt=\"\" class=\"wp-image-6114\" srcset=\"https:\/\/www.visbygk.com\/wp-content\/uploads\/2021\/04\/bo-rehnberg-1.jpg 667w, https:\/\/www.visbygk.com\/wp-content\/uploads\/2021\/04\/bo-rehnberg-1-600x840.jpg 600w, https:\/\/www.visbygk.com\/wp-content\/uploads\/2021\/04\/bo-rehnberg-1-214x300.jpg 214w\" sizes=\"(max-width: 667px) 100vw, 667px\" \/><figcaption class=\"wp-element-caption\">Bo Rehnberg, projektledare<\/figcaption><\/figure>\n\n\n\n<figure class=\"wp-block-image size-large\"><img decoding=\"async\" width=\"667\" height=\"1000\" data-id=\"6118\" src=\"https:\/\/www.visbygk.com\/wp-content\/uploads\/2021\/04\/emil-vernersson-1.jpg\" alt=\"\" class=\"wp-image-6118\" srcset=\"https:\/\/www.visbygk.com\/wp-content\/uploads\/2021\/04\/emil-vernersson-1.jpg 667w, https:\/\/www.visbygk.com\/wp-content\/uploads\/2021\/04\/emil-vernersson-1-600x900.jpg 600w, https:\/\/www.visbygk.com\/wp-content\/uploads\/2021\/04\/emil-vernersson-1-200x300.jpg 200w\" sizes=\"(max-width: 667px) 100vw, 667px\" \/><figcaption class=\"wp-element-caption\">Emil Vernersson, bana<\/figcaption><\/figure>\n\n\n\n<figure class=\"wp-block-image size-large\"><img decoding=\"async\" width=\"667\" height=\"934\" data-id=\"6124\" src=\"https:\/\/www.visbygk.com\/wp-content\/uploads\/2021\/04\/jan-utterberg-1.jpg\" alt=\"\" class=\"wp-image-6124\" srcset=\"https:\/\/www.visbygk.com\/wp-content\/uploads\/2021\/04\/jan-utterberg-1.jpg 667w, https:\/\/www.visbygk.com\/wp-content\/uploads\/2021\/04\/jan-utterberg-1-600x840.jpg 600w, https:\/\/www.visbygk.com\/wp-content\/uploads\/2021\/04\/jan-utterberg-1-214x300.jpg 214w\" sizes=\"(max-width: 667px) 100vw, 667px\" \/><figcaption class=\"wp-element-caption\">Jan Utterberg, bana<\/figcaption><\/figure>\n\n\n\n<figure class=\"wp-block-image size-large\"><img decoding=\"async\" width=\"667\" height=\"934\" data-id=\"6132\" src=\"https:\/\/www.visbygk.com\/wp-content\/uploads\/2021\/04\/jonathan-westerlund-1.jpg\" alt=\"\" class=\"wp-image-6132\" srcset=\"https:\/\/www.visbygk.com\/wp-content\/uploads\/2021\/04\/jonathan-westerlund-1.jpg 667w, https:\/\/www.visbygk.com\/wp-content\/uploads\/2021\/04\/jonathan-westerlund-1-600x840.jpg 600w, https:\/\/www.visbygk.com\/wp-content\/uploads\/2021\/04\/jonathan-westerlund-1-214x300.jpg 214w\" sizes=\"(max-width: 667px) 100vw, 667px\" \/><figcaption class=\"wp-element-caption\">Jonathan Westerlund, bana<\/figcaption><\/figure>\n\n\n\n<figure class=\"wp-block-image size-large\"><img decoding=\"async\" width=\"667\" height=\"934\" data-id=\"6142\" src=\"https:\/\/www.visbygk.com\/wp-content\/uploads\/2021\/04\/orjan-jacobsson-1.jpg\" alt=\"\" class=\"wp-image-6142\" srcset=\"https:\/\/www.visbygk.com\/wp-content\/uploads\/2021\/04\/orjan-jacobsson-1.jpg 667w, https:\/\/www.visbygk.com\/wp-content\/uploads\/2021\/04\/orjan-jacobsson-1-600x840.jpg 600w, https:\/\/www.visbygk.com\/wp-content\/uploads\/2021\/04\/orjan-jacobsson-1-214x300.jpg 214w\" sizes=\"(max-width: 667px) 100vw, 667px\" \/><figcaption class=\"wp-element-caption\">\u00d6rjan Jacobsson, bana<\/figcaption><\/figure>\n\n\n\n<figure class=\"wp-block-image size-large is-style-default\"><img decoding=\"async\" width=\"667\" height=\"934\" data-id=\"6146\" src=\"https:\/\/www.visbygk.com\/wp-content\/uploads\/2021\/04\/peter-sjogren-1.jpg\" alt=\"\" class=\"wp-image-6146\" srcset=\"https:\/\/www.visbygk.com\/wp-content\/uploads\/2021\/04\/peter-sjogren-1.jpg 667w, https:\/\/www.visbygk.com\/wp-content\/uploads\/2021\/04\/peter-sjogren-1-600x840.jpg 600w, https:\/\/www.visbygk.com\/wp-content\/uploads\/2021\/04\/peter-sjogren-1-214x300.jpg 214w\" sizes=\"(max-width: 667px) 100vw, 667px\" \/><figcaption class=\"wp-element-caption\">Peter Sj\u00f6gren, bana<\/figcaption><\/figure>\n\n\n\n<figure class=\"wp-block-image size-large\"><img decoding=\"async\" width=\"667\" height=\"934\" data-id=\"6154\" src=\"https:\/\/www.visbygk.com\/wp-content\/uploads\/2021\/04\/tomas-sjogren-1.jpg\" alt=\"\" class=\"wp-image-6154\" srcset=\"https:\/\/www.visbygk.com\/wp-content\/uploads\/2021\/04\/tomas-sjogren-1.jpg 667w, https:\/\/www.visbygk.com\/wp-content\/uploads\/2021\/04\/tomas-sjogren-1-600x840.jpg 600w, https:\/\/www.visbygk.com\/wp-content\/uploads\/2021\/04\/tomas-sjogren-1-214x300.jpg 214w\" sizes=\"(max-width: 667px) 100vw, 667px\" \/><figcaption class=\"wp-element-caption\">Tomas Sj\u00f6gren, bana<\/figcaption><\/figure>\n<\/figure>\n\n\n","protected":false},"excerpt":{"rendered":"<p>Att vara en del av en helhet. Att var en del av en m\u00e5ngfacetterad sj\u00e4l. Att vara en del av n\u00e5got som varje dag str\u00e4var emot att bli b\u00e4ttre utifr\u00e5n&hellip;<\/p>\n","protected":false},"author":1038,"featured_media":0,"parent":0,"menu_order":0,"comment_status":"closed","ping_status":"closed","template":"","meta":{"_golfpress_post_requires_user":false,"footnotes":""},"class_list":["post-3205","page","type-page","status-publish","hentry"],"featured_image_urls_v2":{"full":"","thumbnail":"","medium":"","medium_large":"","large":"","1536x1536":"","2048x2048":"","post-thumbnail":"","twentytwenty-fullscreen":""},"post_excerpt_stackable_v2":"<p>Att vara en del av en helhet. Att var en del av en m\u00e5ngfacetterad sj\u00e4l. Att vara en del av n\u00e5got som varje dag str\u00e4var emot att bli b\u00e4ttre utifr\u00e5n de f\u00f6ruts\u00e4ttningar som finns \u00e4r fantastiskt. M\u00e5let har aldrig varit att bli b\u00e4st \u2013 bara att bli lite b\u00e4ttre. F\u00f6r det \u00e4r vi som sliter h\u00e5rt varje dag med att f\u00f6rb\u00e4ttra banan, det fantastiska k\u00f6ket, den st\u00e4ndigt servande styrkan i receptionen, tr\u00e4narna, en magiker till banarkitekt, vision\u00e4ra chefer och styrelser, fantastiska medlemmar, sponsorer och lojala g\u00e4ster som tillsammans skapat denna m\u00e5ngfacetterade och egensinniga sj\u00e4l som i dag \u00e4r Sveriges b\u00e4sta&hellip;<\/p>\n","category_list_v2":"","author_info_v2":{"name":"Peter Bar\u00e5s","url":"https:\/\/www.visbygk.com\/sv\/author\/petervisbygk-com\/"},"comments_num_v2":"0 comments","yoast_head":"<!-- This site is optimized with the Yoast SEO plugin v24.7 - https:\/\/yoast.com\/wordpress\/plugins\/seo\/ -->\n<title>V\u00e5rt team - Visby GK<\/title>\n<meta name=\"robots\" content=\"index, follow, max-snippet:-1, max-image-preview:large, max-video-preview:-1\" \/>\n<link rel=\"canonical\" href=\"https:\/\/www.visbygk.com\/sv\/vart-team\/\" \/>\n<meta property=\"og:locale\" content=\"sv_SE\" \/>\n<meta property=\"og:type\" content=\"article\" \/>\n<meta property=\"og:title\" content=\"V\u00e5rt team - Visby GK\" \/>\n<meta property=\"og:description\" content=\"Att vara en del av en helhet. Att var en del av en m\u00e5ngfacetterad sj\u00e4l. Att vara en del av n\u00e5got som varje dag str\u00e4var emot att bli b\u00e4ttre utifr\u00e5n&hellip;\" \/>\n<meta property=\"og:url\" content=\"https:\/\/www.visbygk.com\/sv\/vart-team\/\" \/>\n<meta property=\"og:site_name\" content=\"Visby GK\" \/>\n<meta property=\"article:modified_time\" content=\"2025-10-08T09:34:24+00:00\" \/>\n<meta property=\"og:image\" content=\"https:\/\/www.visbygk.com\/wp-content\/uploads\/2025\/01\/Magnus-Berglund-vgk-st-2.jpg\" \/>\n\t<meta property=\"og:image:width\" content=\"1023\" \/>\n\t<meta property=\"og:image:height\" content=\"1329\" \/>\n\t<meta property=\"og:image:type\" content=\"image\/jpeg\" \/>\n<meta name=\"twitter:card\" content=\"summary_large_image\" \/>\n<meta name=\"twitter:label1\" content=\"Est. reading time\" \/>\n\t<meta name=\"twitter:data1\" content=\"5 minuter\" \/>\n<script type=\"application\/ld+json\" class=\"yoast-schema-graph\">{\"@context\":\"https:\/\/schema.org\",\"@graph\":[{\"@type\":\"WebPage\",\"@id\":\"https:\/\/www.visbygk.com\/sv\/vart-team\/\",\"url\":\"https:\/\/www.visbygk.com\/sv\/vart-team\/\",\"name\":\"V\u00e5rt team - Visby GK\",\"isPartOf\":{\"@id\":\"https:\/\/www.visbygk.com\/sv\/#website\"},\"primaryImageOfPage\":{\"@id\":\"https:\/\/www.visbygk.com\/sv\/vart-team\/#primaryimage\"},\"image\":{\"@id\":\"https:\/\/www.visbygk.com\/sv\/vart-team\/#primaryimage\"},\"thumbnailUrl\":\"https:\/\/www.visbygk.com\/wp-content\/uploads\/2025\/01\/Magnus-Berglund-vgk-st-2-788x1024.jpg\",\"datePublished\":\"2021-03-05T15:13:23+00:00\",\"dateModified\":\"2025-10-08T09:34:24+00:00\",\"breadcrumb\":{\"@id\":\"https:\/\/www.visbygk.com\/sv\/vart-team\/#breadcrumb\"},\"inLanguage\":\"sv-SE\",\"potentialAction\":[{\"@type\":\"ReadAction\",\"target\":[\"https:\/\/www.visbygk.com\/sv\/vart-team\/\"]}]},{\"@type\":\"ImageObject\",\"inLanguage\":\"sv-SE\",\"@id\":\"https:\/\/www.visbygk.com\/sv\/vart-team\/#primaryimage\",\"url\":\"https:\/\/www.visbygk.com\/wp-content\/uploads\/2025\/01\/Magnus-Berglund-vgk-st-2-788x1024.jpg\",\"contentUrl\":\"https:\/\/www.visbygk.com\/wp-content\/uploads\/2025\/01\/Magnus-Berglund-vgk-st-2-788x1024.jpg\"},{\"@type\":\"BreadcrumbList\",\"@id\":\"https:\/\/www.visbygk.com\/sv\/vart-team\/#breadcrumb\",\"itemListElement\":[{\"@type\":\"ListItem\",\"position\":1,\"name\":\"Home\",\"item\":\"https:\/\/www.visbygk.com\/sv\/\"},{\"@type\":\"ListItem\",\"position\":2,\"name\":\"V\u00e5rt team\"}]},{\"@type\":\"WebSite\",\"@id\":\"https:\/\/www.visbygk.com\/sv\/#website\",\"url\":\"https:\/\/www.visbygk.com\/sv\/\",\"name\":\"Visby GK\",\"description\":\"Visby GK\",\"publisher\":{\"@id\":\"https:\/\/www.visbygk.com\/sv\/#organization\"},\"potentialAction\":[{\"@type\":\"SearchAction\",\"target\":{\"@type\":\"EntryPoint\",\"urlTemplate\":\"https:\/\/www.visbygk.com\/sv\/?s={search_term_string}\"},\"query-input\":{\"@type\":\"PropertyValueSpecification\",\"valueRequired\":true,\"valueName\":\"search_term_string\"}}],\"inLanguage\":\"sv-SE\"},{\"@type\":\"Organization\",\"@id\":\"https:\/\/www.visbygk.com\/sv\/#organization\",\"name\":\"Visby GK\",\"url\":\"https:\/\/www.visbygk.com\/sv\/\",\"logo\":{\"@type\":\"ImageObject\",\"inLanguage\":\"sv-SE\",\"@id\":\"https:\/\/www.visbygk.com\/sv\/#\/schema\/logo\/image\/\",\"url\":\"https:\/\/www.visbygk.com\/wp-content\/uploads\/2021\/01\/visbygk-svart-1.png\",\"contentUrl\":\"https:\/\/www.visbygk.com\/wp-content\/uploads\/2021\/01\/visbygk-svart-1.png\",\"width\":800,\"height\":800,\"caption\":\"Visby GK\"},\"image\":{\"@id\":\"https:\/\/www.visbygk.com\/sv\/#\/schema\/logo\/image\/\"}}]}<\/script>\n<!-- \/ Yoast SEO plugin. -->","yoast_head_json":{"title":"V\u00e5rt team - Visby GK","robots":{"index":"index","follow":"follow","max-snippet":"max-snippet:-1","max-image-preview":"max-image-preview:large","max-video-preview":"max-video-preview:-1"},"canonical":"https:\/\/www.visbygk.com\/sv\/vart-team\/","og_locale":"sv_SE","og_type":"article","og_title":"V\u00e5rt team - Visby GK","og_description":"Att vara en del av en helhet. Att var en del av en m\u00e5ngfacetterad sj\u00e4l. Att vara en del av n\u00e5got som varje dag str\u00e4var emot att bli b\u00e4ttre utifr\u00e5n&hellip;","og_url":"https:\/\/www.visbygk.com\/sv\/vart-team\/","og_site_name":"Visby GK","article_modified_time":"2025-10-08T09:34:24+00:00","og_image":[{"width":1023,"height":1329,"url":"https:\/\/www.visbygk.com\/wp-content\/uploads\/2025\/01\/Magnus-Berglund-vgk-st-2.jpg","type":"image\/jpeg"}],"twitter_card":"summary_large_image","twitter_misc":{"Est. reading time":"5 minuter"},"schema":{"@context":"https:\/\/schema.org","@graph":[{"@type":"WebPage","@id":"https:\/\/www.visbygk.com\/sv\/vart-team\/","url":"https:\/\/www.visbygk.com\/sv\/vart-team\/","name":"V\u00e5rt team - Visby GK","isPartOf":{"@id":"https:\/\/www.visbygk.com\/sv\/#website"},"primaryImageOfPage":{"@id":"https:\/\/www.visbygk.com\/sv\/vart-team\/#primaryimage"},"image":{"@id":"https:\/\/www.visbygk.com\/sv\/vart-team\/#primaryimage"},"thumbnailUrl":"https:\/\/www.visbygk.com\/wp-content\/uploads\/2025\/01\/Magnus-Berglund-vgk-st-2-788x1024.jpg","datePublished":"2021-03-05T15:13:23+00:00","dateModified":"2025-10-08T09:34:24+00:00","breadcrumb":{"@id":"https:\/\/www.visbygk.com\/sv\/vart-team\/#breadcrumb"},"inLanguage":"sv-SE","potentialAction":[{"@type":"ReadAction","target":["https:\/\/www.visbygk.com\/sv\/vart-team\/"]}]},{"@type":"ImageObject","inLanguage":"sv-SE","@id":"https:\/\/www.visbygk.com\/sv\/vart-team\/#primaryimage","url":"https:\/\/www.visbygk.com\/wp-content\/uploads\/2025\/01\/Magnus-Berglund-vgk-st-2-788x1024.jpg","contentUrl":"https:\/\/www.visbygk.com\/wp-content\/uploads\/2025\/01\/Magnus-Berglund-vgk-st-2-788x1024.jpg"},{"@type":"BreadcrumbList","@id":"https:\/\/www.visbygk.com\/sv\/vart-team\/#breadcrumb","itemListElement":[{"@type":"ListItem","position":1,"name":"Home","item":"https:\/\/www.visbygk.com\/sv\/"},{"@type":"ListItem","position":2,"name":"V\u00e5rt team"}]},{"@type":"WebSite","@id":"https:\/\/www.visbygk.com\/sv\/#website","url":"https:\/\/www.visbygk.com\/sv\/","name":"Visby GK","description":"Visby GK","publisher":{"@id":"https:\/\/www.visbygk.com\/sv\/#organization"},"potentialAction":[{"@type":"SearchAction","target":{"@type":"EntryPoint","urlTemplate":"https:\/\/www.visbygk.com\/sv\/?s={search_term_string}"},"query-input":{"@type":"PropertyValueSpecification","valueRequired":true,"valueName":"search_term_string"}}],"inLanguage":"sv-SE"},{"@type":"Organization","@id":"https:\/\/www.visbygk.com\/sv\/#organization","name":"Visby GK","url":"https:\/\/www.visbygk.com\/sv\/","logo":{"@type":"ImageObject","inLanguage":"sv-SE","@id":"https:\/\/www.visbygk.com\/sv\/#\/schema\/logo\/image\/","url":"https:\/\/www.visbygk.com\/wp-content\/uploads\/2021\/01\/visbygk-svart-1.png","contentUrl":"https:\/\/www.visbygk.com\/wp-content\/uploads\/2021\/01\/visbygk-svart-1.png","width":800,"height":800,"caption":"Visby GK"},"image":{"@id":"https:\/\/www.visbygk.com\/sv\/#\/schema\/logo\/image\/"}}]}},"_links":{"self":[{"href":"https:\/\/www.visbygk.com\/sv\/wp-json\/wp\/v2\/pages\/3205","targetHints":{"allow":["GET"]}}],"collection":[{"href":"https:\/\/www.visbygk.com\/sv\/wp-json\/wp\/v2\/pages"}],"about":[{"href":"https:\/\/www.visbygk.com\/sv\/wp-json\/wp\/v2\/types\/page"}],"author":[{"embeddable":true,"href":"https:\/\/www.visbygk.com\/sv\/wp-json\/wp\/v2\/users\/1038"}],"replies":[{"embeddable":true,"href":"https:\/\/www.visbygk.com\/sv\/wp-json\/wp\/v2\/comments?post=3205"}],"version-history":[{"count":76,"href":"https:\/\/www.visbygk.com\/sv\/wp-json\/wp\/v2\/pages\/3205\/revisions"}],"predecessor-version":[{"id":15954,"href":"https:\/\/www.visbygk.com\/sv\/wp-json\/wp\/v2\/pages\/3205\/revisions\/15954"}],"wp:attachment":[{"href":"https:\/\/www.visbygk.com\/sv\/wp-json\/wp\/v2\/media?parent=3205"}],"curies":[{"name":"wp","href":"https:\/\/api.w.org\/{rel}","templated":true}]}}