{"id":1952,"date":"2021-02-10T22:34:11","date_gmt":"2021-02-10T22:34:11","guid":{"rendered":"https:\/\/www.visbygk.com\/?page_id=1952"},"modified":"2025-01-08T10:54:13","modified_gmt":"2025-01-08T09:54:13","slug":"press-media","status":"publish","type":"page","link":"https:\/\/www.visbygk.com\/sv\/press-media\/","title":{"rendered":"Press &amp; media"},"content":{"rendered":"\n<div class=\"wp-block-media-text alignwide is-stacked-on-mobile is-image-fill is-style-default has-background\" style=\"background-color:#ffffff\"><figure class=\"wp-block-media-text__media\" style=\"background-image:url(https:\/\/www.visbygk.com\/wp-content\/uploads\/2025\/01\/Magnus-Berglund-vgk-st-2-788x1024.jpg);background-position:50% 50%\"><img decoding=\"async\" width=\"788\" height=\"1024\" src=\"https:\/\/www.visbygk.com\/wp-content\/uploads\/2025\/01\/Magnus-Berglund-vgk-st-2-788x1024.jpg\" alt=\"\" class=\"wp-image-14637 size-full\" srcset=\"https:\/\/www.visbygk.com\/wp-content\/uploads\/2025\/01\/Magnus-Berglund-vgk-st-2-788x1024.jpg 788w, https:\/\/www.visbygk.com\/wp-content\/uploads\/2025\/01\/Magnus-Berglund-vgk-st-2-231x300.jpg 231w, https:\/\/www.visbygk.com\/wp-content\/uploads\/2025\/01\/Magnus-Berglund-vgk-st-2-768x998.jpg 768w, https:\/\/www.visbygk.com\/wp-content\/uploads\/2025\/01\/Magnus-Berglund-vgk-st-2.jpg 1023w\" sizes=\"(max-width: 788px) 100vw, 788px\" \/><\/figure><div class=\"wp-block-media-text__content\">\n<h3 class=\"wp-block-heading\">Ring mig!<br>Kan jag \u2013 svarar jag.<\/h3>\n\n\n\n<p>Att vara tillg\u00e4nglig f\u00f6r medlemmar, g\u00e4ster, journalister och alla andra som \u00e4r nyfikna och vill veta mer om Kronholmen och Visby Golfklubb \u00e4r en sj\u00e4lvklarhet f\u00f6r mig. Du kanske beh\u00f6ver en bra bild eller svar p\u00e5 n\u00e5gon eller n\u00e5gra fr\u00e5ga. Tveka inte \u2013 jag finns h\u00e4r. <\/p>\n\n\n\n<p>Vi h\u00f6rs.<\/p>\n\n\n\n<p>Magnus Berglund, Klubbchef<\/p>\n\n\n\n<p>Telefon: <a href=\"tel:073-519 13 71\">0<\/a><a href=\"tel:0707-239031\">707-23 90 31<\/a><br>Mejl: magnus<a href=\"mailto:magnus@visbygk.com\">@visbygk.com<\/a><\/p>\n<\/div><\/div>\n\n\n\n<hr class=\"wp-block-separator has-css-opacity\"\/>\n\n\n\n<h4 class=\"wp-block-heading has-text-align-center\"><\/h4>\n\n\n\n<p class=\"has-text-align-center\"><\/p>\n","protected":false},"excerpt":{"rendered":"<p>Ring mig!Kan jag \u2013 svarar jag. Att vara tillg\u00e4nglig f\u00f6r medlemmar, g\u00e4ster, journalister och alla andra som \u00e4r nyfikna och vill veta mer om Kronholmen och Visby Golfklubb \u00e4r en&hellip;<\/p>\n","protected":false},"author":391,"featured_media":0,"parent":0,"menu_order":0,"comment_status":"closed","ping_status":"closed","template":"","meta":{"_golfpress_post_requires_user":false,"footnotes":""},"class_list":["post-1952","page","type-page","status-publish","hentry"],"featured_image_urls_v2":{"full":"","thumbnail":"","medium":"","medium_large":"","large":"","1536x1536":"","2048x2048":"","post-thumbnail":"","twentytwenty-fullscreen":""},"post_excerpt_stackable_v2":"<p>Ring mig!Kan jag \u2013 svarar jag. Att vara tillg\u00e4nglig f\u00f6r medlemmar, g\u00e4ster, journalister och alla andra som \u00e4r nyfikna och vill veta mer om Kronholmen och Visby Golfklubb \u00e4r en sj\u00e4lvklarhet f\u00f6r mig. Du kanske beh\u00f6ver en bra bild eller svar p\u00e5 n\u00e5gon eller n\u00e5gra fr\u00e5ga. Tveka inte \u2013 jag finns h\u00e4r. Vi h\u00f6rs. Magnus Berglund, Klubbchef Telefon: 0707-23 90 31Mejl: magnus@visbygk.com<\/p>\n","category_list_v2":"","author_info_v2":{"name":"000111-003","url":"https:\/\/www.visbygk.com\/sv\/author\/000111-003\/"},"comments_num_v2":"0 comments","yoast_head":"<!-- This site is optimized with the Yoast SEO plugin v24.7 - https:\/\/yoast.com\/wordpress\/plugins\/seo\/ -->\n<title>Press &amp; media - Visby GK<\/title>\n<meta name=\"robots\" content=\"index, follow, max-snippet:-1, max-image-preview:large, max-video-preview:-1\" \/>\n<link rel=\"canonical\" href=\"https:\/\/www.visbygk.com\/sv\/press-media\/\" \/>\n<meta property=\"og:locale\" content=\"sv_SE\" \/>\n<meta property=\"og:type\" content=\"article\" \/>\n<meta property=\"og:title\" content=\"Press &amp; media - Visby GK\" \/>\n<meta property=\"og:description\" content=\"Ring mig!Kan jag \u2013 svarar jag. Att vara tillg\u00e4nglig f\u00f6r medlemmar, g\u00e4ster, journalister och alla andra som \u00e4r nyfikna och vill veta mer om Kronholmen och Visby Golfklubb \u00e4r en&hellip;\" \/>\n<meta property=\"og:url\" content=\"https:\/\/www.visbygk.com\/sv\/press-media\/\" \/>\n<meta property=\"og:site_name\" content=\"Visby GK\" \/>\n<meta property=\"article:modified_time\" content=\"2025-01-08T09:54:13+00:00\" \/>\n<meta property=\"og:image\" content=\"https:\/\/www.visbygk.com\/wp-content\/uploads\/2025\/01\/Magnus-Berglund-vgk-st-2.jpg\" \/>\n\t<meta property=\"og:image:width\" content=\"1023\" \/>\n\t<meta property=\"og:image:height\" content=\"1329\" \/>\n\t<meta property=\"og:image:type\" content=\"image\/jpeg\" \/>\n<meta name=\"twitter:card\" content=\"summary_large_image\" \/>\n<meta name=\"twitter:label1\" content=\"Est. reading time\" \/>\n\t<meta name=\"twitter:data1\" content=\"1 minut\" \/>\n<script type=\"application\/ld+json\" class=\"yoast-schema-graph\">{\"@context\":\"https:\/\/schema.org\",\"@graph\":[{\"@type\":\"WebPage\",\"@id\":\"https:\/\/www.visbygk.com\/sv\/press-media\/\",\"url\":\"https:\/\/www.visbygk.com\/sv\/press-media\/\",\"name\":\"Press &amp; media - Visby GK\",\"isPartOf\":{\"@id\":\"https:\/\/www.visbygk.com\/sv\/#website\"},\"primaryImageOfPage\":{\"@id\":\"https:\/\/www.visbygk.com\/sv\/press-media\/#primaryimage\"},\"image\":{\"@id\":\"https:\/\/www.visbygk.com\/sv\/press-media\/#primaryimage\"},\"thumbnailUrl\":\"https:\/\/www.visbygk.com\/wp-content\/uploads\/2025\/01\/Magnus-Berglund-vgk-st-2-788x1024.jpg\",\"datePublished\":\"2021-02-10T22:34:11+00:00\",\"dateModified\":\"2025-01-08T09:54:13+00:00\",\"breadcrumb\":{\"@id\":\"https:\/\/www.visbygk.com\/sv\/press-media\/#breadcrumb\"},\"inLanguage\":\"sv-SE\",\"potentialAction\":[{\"@type\":\"ReadAction\",\"target\":[\"https:\/\/www.visbygk.com\/sv\/press-media\/\"]}]},{\"@type\":\"ImageObject\",\"inLanguage\":\"sv-SE\",\"@id\":\"https:\/\/www.visbygk.com\/sv\/press-media\/#primaryimage\",\"url\":\"https:\/\/www.visbygk.com\/wp-content\/uploads\/2025\/01\/Magnus-Berglund-vgk-st-2-788x1024.jpg\",\"contentUrl\":\"https:\/\/www.visbygk.com\/wp-content\/uploads\/2025\/01\/Magnus-Berglund-vgk-st-2-788x1024.jpg\"},{\"@type\":\"BreadcrumbList\",\"@id\":\"https:\/\/www.visbygk.com\/sv\/press-media\/#breadcrumb\",\"itemListElement\":[{\"@type\":\"ListItem\",\"position\":1,\"name\":\"Home\",\"item\":\"https:\/\/www.visbygk.com\/sv\/\"},{\"@type\":\"ListItem\",\"position\":2,\"name\":\"Press &amp; media\"}]},{\"@type\":\"WebSite\",\"@id\":\"https:\/\/www.visbygk.com\/sv\/#website\",\"url\":\"https:\/\/www.visbygk.com\/sv\/\",\"name\":\"Visby GK\",\"description\":\"Visby GK\",\"publisher\":{\"@id\":\"https:\/\/www.visbygk.com\/sv\/#organization\"},\"potentialAction\":[{\"@type\":\"SearchAction\",\"target\":{\"@type\":\"EntryPoint\",\"urlTemplate\":\"https:\/\/www.visbygk.com\/sv\/?s={search_term_string}\"},\"query-input\":{\"@type\":\"PropertyValueSpecification\",\"valueRequired\":true,\"valueName\":\"search_term_string\"}}],\"inLanguage\":\"sv-SE\"},{\"@type\":\"Organization\",\"@id\":\"https:\/\/www.visbygk.com\/sv\/#organization\",\"name\":\"Visby GK\",\"url\":\"https:\/\/www.visbygk.com\/sv\/\",\"logo\":{\"@type\":\"ImageObject\",\"inLanguage\":\"sv-SE\",\"@id\":\"https:\/\/www.visbygk.com\/sv\/#\/schema\/logo\/image\/\",\"url\":\"https:\/\/www.visbygk.com\/wp-content\/uploads\/2021\/01\/visbygk-svart-1.png\",\"contentUrl\":\"https:\/\/www.visbygk.com\/wp-content\/uploads\/2021\/01\/visbygk-svart-1.png\",\"width\":800,\"height\":800,\"caption\":\"Visby GK\"},\"image\":{\"@id\":\"https:\/\/www.visbygk.com\/sv\/#\/schema\/logo\/image\/\"}}]}<\/script>\n<!-- \/ Yoast SEO plugin. -->","yoast_head_json":{"title":"Press &amp; media - Visby GK","robots":{"index":"index","follow":"follow","max-snippet":"max-snippet:-1","max-image-preview":"max-image-preview:large","max-video-preview":"max-video-preview:-1"},"canonical":"https:\/\/www.visbygk.com\/sv\/press-media\/","og_locale":"sv_SE","og_type":"article","og_title":"Press &amp; media - Visby GK","og_description":"Ring mig!Kan jag \u2013 svarar jag. Att vara tillg\u00e4nglig f\u00f6r medlemmar, g\u00e4ster, journalister och alla andra som \u00e4r nyfikna och vill veta mer om Kronholmen och Visby Golfklubb \u00e4r en&hellip;","og_url":"https:\/\/www.visbygk.com\/sv\/press-media\/","og_site_name":"Visby GK","article_modified_time":"2025-01-08T09:54:13+00:00","og_image":[{"width":1023,"height":1329,"url":"https:\/\/www.visbygk.com\/wp-content\/uploads\/2025\/01\/Magnus-Berglund-vgk-st-2.jpg","type":"image\/jpeg"}],"twitter_card":"summary_large_image","twitter_misc":{"Est. reading time":"1 minut"},"schema":{"@context":"https:\/\/schema.org","@graph":[{"@type":"WebPage","@id":"https:\/\/www.visbygk.com\/sv\/press-media\/","url":"https:\/\/www.visbygk.com\/sv\/press-media\/","name":"Press &amp; media - Visby GK","isPartOf":{"@id":"https:\/\/www.visbygk.com\/sv\/#website"},"primaryImageOfPage":{"@id":"https:\/\/www.visbygk.com\/sv\/press-media\/#primaryimage"},"image":{"@id":"https:\/\/www.visbygk.com\/sv\/press-media\/#primaryimage"},"thumbnailUrl":"https:\/\/www.visbygk.com\/wp-content\/uploads\/2025\/01\/Magnus-Berglund-vgk-st-2-788x1024.jpg","datePublished":"2021-02-10T22:34:11+00:00","dateModified":"2025-01-08T09:54:13+00:00","breadcrumb":{"@id":"https:\/\/www.visbygk.com\/sv\/press-media\/#breadcrumb"},"inLanguage":"sv-SE","potentialAction":[{"@type":"ReadAction","target":["https:\/\/www.visbygk.com\/sv\/press-media\/"]}]},{"@type":"ImageObject","inLanguage":"sv-SE","@id":"https:\/\/www.visbygk.com\/sv\/press-media\/#primaryimage","url":"https:\/\/www.visbygk.com\/wp-content\/uploads\/2025\/01\/Magnus-Berglund-vgk-st-2-788x1024.jpg","contentUrl":"https:\/\/www.visbygk.com\/wp-content\/uploads\/2025\/01\/Magnus-Berglund-vgk-st-2-788x1024.jpg"},{"@type":"BreadcrumbList","@id":"https:\/\/www.visbygk.com\/sv\/press-media\/#breadcrumb","itemListElement":[{"@type":"ListItem","position":1,"name":"Home","item":"https:\/\/www.visbygk.com\/sv\/"},{"@type":"ListItem","position":2,"name":"Press &amp; media"}]},{"@type":"WebSite","@id":"https:\/\/www.visbygk.com\/sv\/#website","url":"https:\/\/www.visbygk.com\/sv\/","name":"Visby GK","description":"Visby GK","publisher":{"@id":"https:\/\/www.visbygk.com\/sv\/#organization"},"potentialAction":[{"@type":"SearchAction","target":{"@type":"EntryPoint","urlTemplate":"https:\/\/www.visbygk.com\/sv\/?s={search_term_string}"},"query-input":{"@type":"PropertyValueSpecification","valueRequired":true,"valueName":"search_term_string"}}],"inLanguage":"sv-SE"},{"@type":"Organization","@id":"https:\/\/www.visbygk.com\/sv\/#organization","name":"Visby GK","url":"https:\/\/www.visbygk.com\/sv\/","logo":{"@type":"ImageObject","inLanguage":"sv-SE","@id":"https:\/\/www.visbygk.com\/sv\/#\/schema\/logo\/image\/","url":"https:\/\/www.visbygk.com\/wp-content\/uploads\/2021\/01\/visbygk-svart-1.png","contentUrl":"https:\/\/www.visbygk.com\/wp-content\/uploads\/2021\/01\/visbygk-svart-1.png","width":800,"height":800,"caption":"Visby GK"},"image":{"@id":"https:\/\/www.visbygk.com\/sv\/#\/schema\/logo\/image\/"}}]}},"_links":{"self":[{"href":"https:\/\/www.visbygk.com\/sv\/wp-json\/wp\/v2\/pages\/1952","targetHints":{"allow":["GET"]}}],"collection":[{"href":"https:\/\/www.visbygk.com\/sv\/wp-json\/wp\/v2\/pages"}],"about":[{"href":"https:\/\/www.visbygk.com\/sv\/wp-json\/wp\/v2\/types\/page"}],"author":[{"embeddable":true,"href":"https:\/\/www.visbygk.com\/sv\/wp-json\/wp\/v2\/users\/391"}],"replies":[{"embeddable":true,"href":"https:\/\/www.visbygk.com\/sv\/wp-json\/wp\/v2\/comments?post=1952"}],"version-history":[{"count":26,"href":"https:\/\/www.visbygk.com\/sv\/wp-json\/wp\/v2\/pages\/1952\/revisions"}],"predecessor-version":[{"id":14648,"href":"https:\/\/www.visbygk.com\/sv\/wp-json\/wp\/v2\/pages\/1952\/revisions\/14648"}],"wp:attachment":[{"href":"https:\/\/www.visbygk.com\/sv\/wp-json\/wp\/v2\/media?parent=1952"}],"curies":[{"name":"wp","href":"https:\/\/api.w.org\/{rel}","templated":true}]}}