{"id":15360,"date":"2025-06-16T13:30:11","date_gmt":"2025-06-16T11:30:11","guid":{"rendered":"https:\/\/www.visbygk.com\/?page_id=15360"},"modified":"2025-06-19T15:00:41","modified_gmt":"2025-06-19T13:00:41","slug":"boka","status":"publish","type":"page","link":"https:\/\/www.visbygk.com\/sv\/boka\/","title":{"rendered":"Boka"},"content":{"rendered":"\n<div class=\"wp-block-columns alignfull tw-cols-stack-md tw-gutter-no is-layout-flex wp-container-core-columns-is-layout-1 wp-block-columns-is-layout-flex\">\n<div class=\"wp-block-column is-layout-flow wp-block-column-is-layout-flow\">\n<div class=\"wp-block-cover has-custom-content-position is-position-bottom-center\" style=\"padding-right:var(--wp--preset--spacing--40);padding-bottom:60px;padding-left:var(--wp--preset--spacing--40);min-height:85vh;aspect-ratio:unset;\"><span aria-hidden=\"true\" class=\"wp-block-cover__background has-background-dim-70 has-background-dim wp-block-cover__gradient-background has-background-gradient\" style=\"background:linear-gradient(5deg,rgb(0,0,0) 0%,rgba(162,74,244,0) 87%)\"><\/span><img decoding=\"async\" width=\"1800\" height=\"1350\" sizes=\"(max-width: 799px) 200vw,(max-width: 1800px) 100vw,1800px\" class=\"wp-block-cover__image-background wp-image-15425\" alt=\"\" src=\"https:\/\/www.visbygk.com\/wp-content\/uploads\/2025\/06\/visbygk-bokagolf-1.jpg\" style=\"object-position:18% 88%\" data-object-fit=\"cover\" data-object-position=\"18% 88%\" srcset=\"https:\/\/www.visbygk.com\/wp-content\/uploads\/2025\/06\/visbygk-bokagolf-1.jpg 1800w, https:\/\/www.visbygk.com\/wp-content\/uploads\/2025\/06\/visbygk-bokagolf-1-300x225.jpg 300w, https:\/\/www.visbygk.com\/wp-content\/uploads\/2025\/06\/visbygk-bokagolf-1-1024x768.jpg 1024w, https:\/\/www.visbygk.com\/wp-content\/uploads\/2025\/06\/visbygk-bokagolf-1-768x576.jpg 768w, https:\/\/www.visbygk.com\/wp-content\/uploads\/2025\/06\/visbygk-bokagolf-1-1536x1152.jpg 1536w, https:\/\/www.visbygk.com\/wp-content\/uploads\/2025\/06\/visbygk-bokagolf-1-1200x900.jpg 1200w\" \/><div class=\"wp-block-cover__inner-container is-layout-constrained wp-container-core-cover-is-layout-1 wp-block-cover-is-layout-constrained\">\n<h2 class=\"wp-block-heading has-text-align-center has-text-color has-link-color has-h-5-font-size wp-elements-d535ff344bae363bc06112095c3fdeae\" style=\"color:#ffffff;font-style:normal;font-weight:800\"><strong>Golf<\/strong><\/h2>\n\n\n\n<div class=\"wp-block-buttons is-content-justification-center is-layout-flex wp-container-core-buttons-is-layout-1 wp-block-buttons-is-layout-flex\">\n<div class=\"wp-block-button\"><a class=\"wp-block-button__link wp-element-button\" href=\"https:\/\/www.visbygk.com\/sv\/golf\/\">Boka golf<\/a><\/div>\n<\/div>\n<\/div><\/div>\n<\/div>\n\n\n\n<div class=\"wp-block-column is-layout-flow wp-block-column-is-layout-flow\">\n<div class=\"wp-block-cover has-custom-content-position is-position-bottom-center\" style=\"padding-right:var(--wp--preset--spacing--40);padding-bottom:60px;padding-left:var(--wp--preset--spacing--40);min-height:85vh;aspect-ratio:unset;\"><span aria-hidden=\"true\" class=\"wp-block-cover__background has-background-dim-70 has-background-dim wp-block-cover__gradient-background has-background-gradient\" style=\"background:linear-gradient(5deg,rgb(0,0,0) 0%,rgba(162,74,244,0) 81%)\"><\/span><img decoding=\"async\" width=\"1536\" height=\"1920\" sizes=\"(max-width: 799px) 200vw,(max-width: 1536px) 100vw,1536px\" class=\"wp-block-cover__image-background wp-image-13898\" alt=\"\" src=\"https:\/\/www.visbygk.com\/wp-content\/uploads\/2024\/07\/Kronholmen-13.jpg\" data-object-fit=\"cover\" srcset=\"https:\/\/www.visbygk.com\/wp-content\/uploads\/2024\/07\/Kronholmen-13.jpg 1536w, https:\/\/www.visbygk.com\/wp-content\/uploads\/2024\/07\/Kronholmen-13-240x300.jpg 240w, https:\/\/www.visbygk.com\/wp-content\/uploads\/2024\/07\/Kronholmen-13-819x1024.jpg 819w, https:\/\/www.visbygk.com\/wp-content\/uploads\/2024\/07\/Kronholmen-13-768x960.jpg 768w, https:\/\/www.visbygk.com\/wp-content\/uploads\/2024\/07\/Kronholmen-13-1229x1536.jpg 1229w, https:\/\/www.visbygk.com\/wp-content\/uploads\/2024\/07\/Kronholmen-13-1200x1500.jpg 1200w\" \/><div class=\"wp-block-cover__inner-container is-layout-constrained wp-container-core-cover-is-layout-2 wp-block-cover-is-layout-constrained\">\n<h2 class=\"wp-block-heading has-text-align-center has-text-color has-link-color has-h-5-font-size wp-elements-47b57e44333c6ff8fe63ca382886c428\" style=\"color:#ffffff;font-style:normal;font-weight:800\"><strong>Restaurang<\/strong><\/h2>\n\n\n\n<div class=\"wp-block-buttons is-content-justification-center is-layout-flex wp-container-core-buttons-is-layout-2 wp-block-buttons-is-layout-flex\">\n<div class=\"wp-block-button\"><a class=\"wp-block-button__link wp-element-button\" href=\"https:\/\/www.visbygk.com\/sv\/restaurang\/\">Boka bord<\/a><\/div>\n<\/div>\n<\/div><\/div>\n<\/div>\n\n\n\n<div class=\"wp-block-column is-layout-flow wp-block-column-is-layout-flow\">\n<div class=\"wp-block-cover has-custom-content-position is-position-bottom-center\" style=\"padding-right:var(--wp--preset--spacing--40);padding-bottom:60px;padding-left:var(--wp--preset--spacing--40);min-height:85vh;aspect-ratio:unset;\"><span aria-hidden=\"true\" class=\"wp-block-cover__background has-background-dim-70 has-background-dim wp-block-cover__gradient-background has-background-gradient\" style=\"background:linear-gradient(5deg,rgb(0,0,0) 0%,rgba(162,74,244,0) 75%)\"><\/span><img decoding=\"async\" width=\"1920\" height=\"1439\" sizes=\"(max-width: 799px) 200vw,(max-width: 1920px) 100vw,1920px\" class=\"wp-block-cover__image-background wp-image-15429\" alt=\"\" src=\"https:\/\/www.visbygk.com\/wp-content\/uploads\/2025\/06\/visbygk-boende-1.jpg\" data-object-fit=\"cover\" srcset=\"https:\/\/www.visbygk.com\/wp-content\/uploads\/2025\/06\/visbygk-boende-1.jpg 1920w, https:\/\/www.visbygk.com\/wp-content\/uploads\/2025\/06\/visbygk-boende-1-300x225.jpg 300w, https:\/\/www.visbygk.com\/wp-content\/uploads\/2025\/06\/visbygk-boende-1-1024x767.jpg 1024w, https:\/\/www.visbygk.com\/wp-content\/uploads\/2025\/06\/visbygk-boende-1-768x576.jpg 768w, https:\/\/www.visbygk.com\/wp-content\/uploads\/2025\/06\/visbygk-boende-1-1536x1151.jpg 1536w, https:\/\/www.visbygk.com\/wp-content\/uploads\/2025\/06\/visbygk-boende-1-1200x899.jpg 1200w\" \/><div class=\"wp-block-cover__inner-container is-layout-constrained wp-container-core-cover-is-layout-3 wp-block-cover-is-layout-constrained\">\n<h2 class=\"wp-block-heading has-text-align-center has-text-color has-link-color has-h-5-font-size wp-elements-bee8f5dcd6b4c14b7e337e99e600d960\" style=\"color:#ffffff;font-style:normal;font-weight:800\"><strong>Boende<\/strong><\/h2>\n\n\n\n<div class=\"wp-block-buttons is-content-justification-center is-layout-flex wp-container-core-buttons-is-layout-3 wp-block-buttons-is-layout-flex\">\n<div class=\"wp-block-button\"><a class=\"wp-block-button__link wp-element-button\" href=\"https:\/\/www.visbygk.com\/sv\/fyrhuset1\/\">Boka boende<\/a><\/div>\n<\/div>\n<\/div><\/div>\n<\/div>\n<\/div>\n\n\n\n<p><\/p>\n","protected":false},"excerpt":{"rendered":"","protected":false},"author":12,"featured_media":0,"parent":0,"menu_order":0,"comment_status":"closed","ping_status":"closed","template":"tw-no-title.php","meta":{"_golfpress_post_requires_user":false,"footnotes":""},"class_list":["post-15360","page","type-page","status-publish","hentry"],"featured_image_urls_v2":{"full":"","thumbnail":"","medium":"","medium_large":"","large":"","1536x1536":"","2048x2048":"","post-thumbnail":"","twentytwenty-fullscreen":""},"post_excerpt_stackable_v2":"<p>Golf Boka golf Restaurang Boka bord Boende Boka boende<\/p>\n","category_list_v2":"","author_info_v2":{"name":"Rasmus Evensen","url":"https:\/\/www.visbygk.com\/sv\/author\/rasmus\/"},"comments_num_v2":"0 comments","yoast_head":"<!-- This site is optimized with the Yoast SEO plugin v24.7 - https:\/\/yoast.com\/wordpress\/plugins\/seo\/ -->\n<title>Boka - Visby GK<\/title>\n<meta name=\"description\" content=\"V\u00e4lkommen till en av Sveriges vackraste golfbanor! H\u00e4r p\u00e5 Visby GK och Kronholmen spelar vi golf och njuter av utsikten mot \u00d6stersj\u00f6n.\" \/>\n<meta name=\"robots\" content=\"index, follow, max-snippet:-1, max-image-preview:large, max-video-preview:-1\" \/>\n<link rel=\"canonical\" href=\"https:\/\/www.visbygk.com\/sv\/boka\/\" \/>\n<meta property=\"og:locale\" content=\"sv_SE\" \/>\n<meta property=\"og:type\" content=\"article\" \/>\n<meta property=\"og:title\" content=\"Boka - Visby GK\" \/>\n<meta property=\"og:description\" content=\"V\u00e4lkommen till en av Sveriges vackraste golfbanor! H\u00e4r p\u00e5 Visby GK och Kronholmen spelar vi golf och njuter av utsikten mot \u00d6stersj\u00f6n.\" \/>\n<meta property=\"og:url\" content=\"https:\/\/www.visbygk.com\/sv\/boka\/\" \/>\n<meta property=\"og:site_name\" content=\"Visby GK\" \/>\n<meta property=\"article:modified_time\" content=\"2025-06-19T13:00:41+00:00\" \/>\n<meta property=\"og:image\" content=\"https:\/\/www.visbygk.com\/wp-content\/uploads\/2025\/06\/visbygk-bokagolf-1.jpg\" \/>\n\t<meta property=\"og:image:width\" content=\"1800\" \/>\n\t<meta property=\"og:image:height\" content=\"1350\" \/>\n\t<meta property=\"og:image:type\" content=\"image\/jpeg\" \/>\n<meta name=\"twitter:card\" content=\"summary_large_image\" \/>\n<meta name=\"twitter:label1\" content=\"Est. reading time\" \/>\n\t<meta name=\"twitter:data1\" content=\"1 minut\" \/>\n<script type=\"application\/ld+json\" class=\"yoast-schema-graph\">{\"@context\":\"https:\/\/schema.org\",\"@graph\":[{\"@type\":\"WebPage\",\"@id\":\"https:\/\/www.visbygk.com\/sv\/boka\/\",\"url\":\"https:\/\/www.visbygk.com\/sv\/boka\/\",\"name\":\"Boka - Visby GK\",\"isPartOf\":{\"@id\":\"https:\/\/www.visbygk.com\/sv\/#website\"},\"primaryImageOfPage\":{\"@id\":\"https:\/\/www.visbygk.com\/sv\/boka\/#primaryimage\"},\"image\":{\"@id\":\"https:\/\/www.visbygk.com\/sv\/boka\/#primaryimage\"},\"thumbnailUrl\":\"https:\/\/www.visbygk.com\/wp-content\/uploads\/2025\/06\/visbygk-bokagolf-1.jpg\",\"datePublished\":\"2025-06-16T11:30:11+00:00\",\"dateModified\":\"2025-06-19T13:00:41+00:00\",\"description\":\"V\u00e4lkommen till en av Sveriges vackraste golfbanor! H\u00e4r p\u00e5 Visby GK och Kronholmen spelar vi golf och njuter av utsikten mot \u00d6stersj\u00f6n.\",\"breadcrumb\":{\"@id\":\"https:\/\/www.visbygk.com\/sv\/boka\/#breadcrumb\"},\"inLanguage\":\"sv-SE\",\"potentialAction\":[{\"@type\":\"ReadAction\",\"target\":[\"https:\/\/www.visbygk.com\/sv\/boka\/\"]}]},{\"@type\":\"ImageObject\",\"inLanguage\":\"sv-SE\",\"@id\":\"https:\/\/www.visbygk.com\/sv\/boka\/#primaryimage\",\"url\":\"https:\/\/www.visbygk.com\/wp-content\/uploads\/2025\/06\/visbygk-bokagolf-1.jpg\",\"contentUrl\":\"https:\/\/www.visbygk.com\/wp-content\/uploads\/2025\/06\/visbygk-bokagolf-1.jpg\"},{\"@type\":\"BreadcrumbList\",\"@id\":\"https:\/\/www.visbygk.com\/sv\/boka\/#breadcrumb\",\"itemListElement\":[{\"@type\":\"ListItem\",\"position\":1,\"name\":\"Home\",\"item\":\"https:\/\/www.visbygk.com\/sv\/\"},{\"@type\":\"ListItem\",\"position\":2,\"name\":\"Boka\"}]},{\"@type\":\"WebSite\",\"@id\":\"https:\/\/www.visbygk.com\/sv\/#website\",\"url\":\"https:\/\/www.visbygk.com\/sv\/\",\"name\":\"Visby GK\",\"description\":\"Visby GK\",\"publisher\":{\"@id\":\"https:\/\/www.visbygk.com\/sv\/#organization\"},\"potentialAction\":[{\"@type\":\"SearchAction\",\"target\":{\"@type\":\"EntryPoint\",\"urlTemplate\":\"https:\/\/www.visbygk.com\/sv\/?s={search_term_string}\"},\"query-input\":{\"@type\":\"PropertyValueSpecification\",\"valueRequired\":true,\"valueName\":\"search_term_string\"}}],\"inLanguage\":\"sv-SE\"},{\"@type\":\"Organization\",\"@id\":\"https:\/\/www.visbygk.com\/sv\/#organization\",\"name\":\"Visby GK\",\"url\":\"https:\/\/www.visbygk.com\/sv\/\",\"logo\":{\"@type\":\"ImageObject\",\"inLanguage\":\"sv-SE\",\"@id\":\"https:\/\/www.visbygk.com\/sv\/#\/schema\/logo\/image\/\",\"url\":\"https:\/\/www.visbygk.com\/wp-content\/uploads\/2021\/01\/visbygk-svart-1.png\",\"contentUrl\":\"https:\/\/www.visbygk.com\/wp-content\/uploads\/2021\/01\/visbygk-svart-1.png\",\"width\":800,\"height\":800,\"caption\":\"Visby GK\"},\"image\":{\"@id\":\"https:\/\/www.visbygk.com\/sv\/#\/schema\/logo\/image\/\"}}]}<\/script>\n<!-- \/ Yoast SEO plugin. -->","yoast_head_json":{"title":"Boka - Visby GK","description":"V\u00e4lkommen till en av Sveriges vackraste golfbanor! H\u00e4r p\u00e5 Visby GK och Kronholmen spelar vi golf och njuter av utsikten mot \u00d6stersj\u00f6n.","robots":{"index":"index","follow":"follow","max-snippet":"max-snippet:-1","max-image-preview":"max-image-preview:large","max-video-preview":"max-video-preview:-1"},"canonical":"https:\/\/www.visbygk.com\/sv\/boka\/","og_locale":"sv_SE","og_type":"article","og_title":"Boka - Visby GK","og_description":"V\u00e4lkommen till en av Sveriges vackraste golfbanor! H\u00e4r p\u00e5 Visby GK och Kronholmen spelar vi golf och njuter av utsikten mot \u00d6stersj\u00f6n.","og_url":"https:\/\/www.visbygk.com\/sv\/boka\/","og_site_name":"Visby GK","article_modified_time":"2025-06-19T13:00:41+00:00","og_image":[{"width":1800,"height":1350,"url":"https:\/\/www.visbygk.com\/wp-content\/uploads\/2025\/06\/visbygk-bokagolf-1.jpg","type":"image\/jpeg"}],"twitter_card":"summary_large_image","twitter_misc":{"Est. reading time":"1 minut"},"schema":{"@context":"https:\/\/schema.org","@graph":[{"@type":"WebPage","@id":"https:\/\/www.visbygk.com\/sv\/boka\/","url":"https:\/\/www.visbygk.com\/sv\/boka\/","name":"Boka - Visby GK","isPartOf":{"@id":"https:\/\/www.visbygk.com\/sv\/#website"},"primaryImageOfPage":{"@id":"https:\/\/www.visbygk.com\/sv\/boka\/#primaryimage"},"image":{"@id":"https:\/\/www.visbygk.com\/sv\/boka\/#primaryimage"},"thumbnailUrl":"https:\/\/www.visbygk.com\/wp-content\/uploads\/2025\/06\/visbygk-bokagolf-1.jpg","datePublished":"2025-06-16T11:30:11+00:00","dateModified":"2025-06-19T13:00:41+00:00","description":"V\u00e4lkommen till en av Sveriges vackraste golfbanor! H\u00e4r p\u00e5 Visby GK och Kronholmen spelar vi golf och njuter av utsikten mot \u00d6stersj\u00f6n.","breadcrumb":{"@id":"https:\/\/www.visbygk.com\/sv\/boka\/#breadcrumb"},"inLanguage":"sv-SE","potentialAction":[{"@type":"ReadAction","target":["https:\/\/www.visbygk.com\/sv\/boka\/"]}]},{"@type":"ImageObject","inLanguage":"sv-SE","@id":"https:\/\/www.visbygk.com\/sv\/boka\/#primaryimage","url":"https:\/\/www.visbygk.com\/wp-content\/uploads\/2025\/06\/visbygk-bokagolf-1.jpg","contentUrl":"https:\/\/www.visbygk.com\/wp-content\/uploads\/2025\/06\/visbygk-bokagolf-1.jpg"},{"@type":"BreadcrumbList","@id":"https:\/\/www.visbygk.com\/sv\/boka\/#breadcrumb","itemListElement":[{"@type":"ListItem","position":1,"name":"Home","item":"https:\/\/www.visbygk.com\/sv\/"},{"@type":"ListItem","position":2,"name":"Boka"}]},{"@type":"WebSite","@id":"https:\/\/www.visbygk.com\/sv\/#website","url":"https:\/\/www.visbygk.com\/sv\/","name":"Visby GK","description":"Visby GK","publisher":{"@id":"https:\/\/www.visbygk.com\/sv\/#organization"},"potentialAction":[{"@type":"SearchAction","target":{"@type":"EntryPoint","urlTemplate":"https:\/\/www.visbygk.com\/sv\/?s={search_term_string}"},"query-input":{"@type":"PropertyValueSpecification","valueRequired":true,"valueName":"search_term_string"}}],"inLanguage":"sv-SE"},{"@type":"Organization","@id":"https:\/\/www.visbygk.com\/sv\/#organization","name":"Visby GK","url":"https:\/\/www.visbygk.com\/sv\/","logo":{"@type":"ImageObject","inLanguage":"sv-SE","@id":"https:\/\/www.visbygk.com\/sv\/#\/schema\/logo\/image\/","url":"https:\/\/www.visbygk.com\/wp-content\/uploads\/2021\/01\/visbygk-svart-1.png","contentUrl":"https:\/\/www.visbygk.com\/wp-content\/uploads\/2021\/01\/visbygk-svart-1.png","width":800,"height":800,"caption":"Visby GK"},"image":{"@id":"https:\/\/www.visbygk.com\/sv\/#\/schema\/logo\/image\/"}}]}},"_links":{"self":[{"href":"https:\/\/www.visbygk.com\/sv\/wp-json\/wp\/v2\/pages\/15360","targetHints":{"allow":["GET"]}}],"collection":[{"href":"https:\/\/www.visbygk.com\/sv\/wp-json\/wp\/v2\/pages"}],"about":[{"href":"https:\/\/www.visbygk.com\/sv\/wp-json\/wp\/v2\/types\/page"}],"author":[{"embeddable":true,"href":"https:\/\/www.visbygk.com\/sv\/wp-json\/wp\/v2\/users\/12"}],"replies":[{"embeddable":true,"href":"https:\/\/www.visbygk.com\/sv\/wp-json\/wp\/v2\/comments?post=15360"}],"version-history":[{"count":17,"href":"https:\/\/www.visbygk.com\/sv\/wp-json\/wp\/v2\/pages\/15360\/revisions"}],"predecessor-version":[{"id":15479,"href":"https:\/\/www.visbygk.com\/sv\/wp-json\/wp\/v2\/pages\/15360\/revisions\/15479"}],"wp:attachment":[{"href":"https:\/\/www.visbygk.com\/sv\/wp-json\/wp\/v2\/media?parent=15360"}],"curies":[{"name":"wp","href":"https:\/\/api.w.org\/{rel}","templated":true}]}}