{"id":13709,"date":"2024-06-27T14:32:38","date_gmt":"2024-06-27T12:32:38","guid":{"rendered":"https:\/\/www.visbygk.com\/?page_id=13709"},"modified":"2024-06-28T13:19:31","modified_gmt":"2024-06-28T11:19:31","slug":"etta-i-sverige","status":"publish","type":"page","link":"https:\/\/www.visbygk.com\/sv\/etta-i-sverige\/","title":{"rendered":"Visby GK &#8211; Etta i Sverige"},"content":{"rendered":"\n<div class=\"wp-block-cover alignfull is-light has-parallax\" style=\"min-height:100vh;aspect-ratio:unset;\"><span aria-hidden=\"true\" class=\"wp-block-cover__background has-background-dim-20 has-background-dim\"><\/span><div role=\"img\" class=\"wp-block-cover__image-background wp-image-10604 has-parallax\" style=\"background-position:50% 50%;background-image:url(https:\/\/www.visbygk.com\/wp-content\/uploads\/2023\/02\/large-VisbyGC_JacobSjoman_20210615_3118_v1.jpg)\"><\/div><div class=\"wp-block-cover__inner-container is-layout-flow wp-block-cover-is-layout-flow\">\n<h1 class=\"has-text-align-center wp-block-heading\">Etta i Sverige<\/h1>\n<\/div><\/div>\n\n\n\n<h3 class=\"has-text-align-center wp-block-heading\">Visby Golfklubb \u00e4r Sveriges b\u00e4sta golfbana<\/h3>\n\n\n\n<p>Vi \u00e4r hedrade att \u00e5terigen bli rankade som Sveriges b\u00e4sta bana i tidning Svensk Golf. Detta inspirerar oss att forts\u00e4tta p\u00e5 inslagen v\u00e4g och att \u00e4ven i morgon g\u00f6ra upplevelsen p\u00e5 Visby Golfklubb lite b\u00e4ttre!&nbsp;<\/p>\n\n\n\n<p>Dessutom \u00e4r Visby Golfklubb etta i Players 1:st \u00e5rliga medlems- och g\u00e4stunders\u00f6kning. L\u00e4s mer nedan.<\/p>\n\n\n\n<blockquote class=\"wp-block-quote is-layout-flow wp-block-quote-is-layout-flow\">\n<p>&#8221;Sommaren 2020 uts\u00e5gs stoltheten p\u00e5 Kronholmen f\u00f6r f\u00f6rsta g\u00e5ngen till Sveriges b\u00e4sta bana. Det fick ett team med gotl\u00e4ndsk sj\u00e4l att direkt jobba \u00e4nnu h\u00e5rdare. \u00c4nnu mera kreativt. F\u00f6r att g\u00f6ra det b\u00e4sta \u00e4nnu b\u00e4ttre. Platsen, l\u00e4get och den unika gotlandsmilj\u00f6n fanns redan. Nya golfh\u00e5l och en ny str\u00e4ckning hade skapats av arkitekter med en genuin k\u00e4nsla f\u00f6r den dr\u00f6mmark de fick f\u00f6r\u00e4dla. Mycket hade gjorts. Mer fanns att g\u00f6ra.\/\u2026..\/Bunkersystem med nya friare former och en ny sand f\u00f6rh\u00f6jde den visuella spelupplevelsen och f\u00f6rb\u00e4ttrade golfh\u00e5lens strategiska egenskaper. Vilda Visby blev \u00e4nnu vildare och r\u00e5are, \u00e4nnu mera lik f\u00f6rebilderna i det australienska sandb\u00e4ltet. Sommaren 2024 beh\u00e5ller Visby GK sin position som Sveriges b\u00e4sta golfbana.&#8221;<\/p>\n<cite>Svensk Golf 2024<\/cite><\/blockquote>\n\n\n\n<hr class=\"wp-block-separator has-css-opacity\"\/>\n\n\n\n<h2 class=\"has-text-align-center wp-block-heading\" style=\"font-size:30px;text-transform:uppercase\">Reportage om Visby Golfklubb:<\/h2>\n\n\n\n<div class=\"wp-block-media-text alignwide is-stacked-on-mobile is-image-fill is-style-default has-background\" style=\"background-color:#ffffff\"><figure class=\"wp-block-media-text__media\" style=\"background-image:url(https:\/\/www.visbygk.com\/wp-content\/uploads\/2024\/06\/SVG-Topp50-En-dag-pa_ny-1024x1024.jpg);background-position:28% 50%\"><img decoding=\"async\" width=\"1024\" height=\"1024\" src=\"https:\/\/www.visbygk.com\/wp-content\/uploads\/2024\/06\/SVG-Topp50-En-dag-pa_ny-1024x1024.jpg\" alt=\"\" class=\"wp-image-13760 size-full\" srcset=\"https:\/\/www.visbygk.com\/wp-content\/uploads\/2024\/06\/SVG-Topp50-En-dag-pa_ny-1024x1024.jpg 1024w, https:\/\/www.visbygk.com\/wp-content\/uploads\/2024\/06\/SVG-Topp50-En-dag-pa_ny-300x300.jpg 300w, https:\/\/www.visbygk.com\/wp-content\/uploads\/2024\/06\/SVG-Topp50-En-dag-pa_ny-150x150.jpg 150w, https:\/\/www.visbygk.com\/wp-content\/uploads\/2024\/06\/SVG-Topp50-En-dag-pa_ny-768x768.jpg 768w\" sizes=\"(max-width: 1024px) 100vw, 1024px\" \/><\/figure><div class=\"wp-block-media-text__content\">\n<h3 class=\"wp-block-heading\">&#8221;F\u00f6lj med till Visby GK&#8217;s magiska h\u00e5l 18&#8221;<\/h3>\n\n\n\n<p>GOLFH\u00c5LET D\u00c4R ALLT B\u00d6RJADE.<\/p>\n\n\n\n<p>&#8221;Det hade siffran nummer 1. Det var \u00f6ppningsh\u00e5let. Det var h\u00e4r alla rundor startade. Fr\u00e5n 1958 och 50 \u00e5r fram\u00e5t, \u00e4nda till de stora f\u00f6r\u00e4ndringarnas tid p\u00e5 Visby GK.<\/p>\n\n\n\n<p>Utslaget slogs fr\u00e5n en tee utmed havet, nedanf\u00f6r den d\u00e5varande klubbhusstugan och Skansudde fyr. H\u00f6ger- spelaren med tendenser till en slicande h\u00f6gerskruv s\u00e5g sina bollar landa p\u00e5 stranden, n\u00e5gonstans bland t\u00e5ngen och stenarna, vid h\u00f6gvatten lika ofta i \u00d6stersj\u00f6n. H\u00e5let var sv\u00e5rt men spektakul\u00e4rt, och det blev omtalat som ett av Sveriges mest minnesv\u00e4rda \u00f6ppningsh\u00e5l.&#8221; <\/p>\n\n\n\n<p>Svensk Golf 2024<\/p>\n\n\n\n<div class=\"wp-block-buttons is-layout-flex wp-block-buttons-is-layout-flex\">\n<div class=\"wp-block-button has-custom-font-size has-small-font-size\"><a class=\"wp-block-button__link wp-element-button\" href=\"https:\/\/www.visbygk.com\/wp-content\/uploads\/2024\/06\/SVG-Topp50-En-dag-pa_24_05.pdf\" target=\"_blank\" rel=\"noreferrer noopener\">L\u00e4s hela reportaget<\/a><\/div>\n<\/div>\n\n\n\n<div class=\"wp-block-buttons is-layout-flex wp-block-buttons-is-layout-flex\"><\/div>\n<\/div><\/div>\n\n\n\n<div class=\"wp-block-media-text alignwide has-media-on-the-right is-stacked-on-mobile is-image-fill is-style-default has-background\" style=\"background-color:#ffffff\"><div class=\"wp-block-media-text__content\">\n<h3 class=\"wp-block-heading\">&#8221;Visby GK \u00e4r nummer ett&#8221;<\/h3>\n\n\n\n<p>&#8221;Vild, vacker och f\u00e4ngslande. Men ocks\u00e5 fullmatad med omska- kande och t\u00e4nkv\u00e4rda golfh\u00e5l. Vi kastas mellan ytterligheter som tekniska doglegpassager i skogen, det taktiskt delikata elfte och ett storskaligt avslutningsh\u00e5l som spelas med \u00d6stersj\u00f6n v\u00e4sandes i \u00f6ronen.&#8221;<\/p>\n\n\n\n<p>Svensk Golf <\/p>\n\n\n\n<div class=\"wp-block-buttons is-layout-flex wp-block-buttons-is-layout-flex\">\n<div class=\"wp-block-button has-custom-font-size has-small-font-size\"><a class=\"wp-block-button__link wp-element-button\" href=\"https:\/\/www.visbygk.com\/sv\/om-banorna\/\" target=\"_blank\" rel=\"noreferrer noopener\">L\u00e4s mer<\/a><\/div>\n<\/div>\n\n\n\n<div class=\"wp-block-buttons is-layout-flex wp-block-buttons-is-layout-flex\"><\/div>\n<\/div><figure class=\"wp-block-media-text__media\" style=\"background-image:url(https:\/\/www.visbygk.com\/wp-content\/uploads\/2023\/05\/520_Visby_GC_JacobSjoman_V1_3x2-2-1024x683.jpg);background-position:50% 50%\"><img decoding=\"async\" width=\"1024\" height=\"683\" src=\"https:\/\/www.visbygk.com\/wp-content\/uploads\/2023\/05\/520_Visby_GC_JacobSjoman_V1_3x2-2-1024x683.jpg\" alt=\"\" class=\"wp-image-11394 size-full\" srcset=\"https:\/\/www.visbygk.com\/wp-content\/uploads\/2023\/05\/520_Visby_GC_JacobSjoman_V1_3x2-2-1024x683.jpg 1024w, https:\/\/www.visbygk.com\/wp-content\/uploads\/2023\/05\/520_Visby_GC_JacobSjoman_V1_3x2-2-300x200.jpg 300w, https:\/\/www.visbygk.com\/wp-content\/uploads\/2023\/05\/520_Visby_GC_JacobSjoman_V1_3x2-2-768x512.jpg 768w, https:\/\/www.visbygk.com\/wp-content\/uploads\/2023\/05\/520_Visby_GC_JacobSjoman_V1_3x2-2-1536x1024.jpg 1536w, https:\/\/www.visbygk.com\/wp-content\/uploads\/2023\/05\/520_Visby_GC_JacobSjoman_V1_3x2-2-2048x1365.jpg 2048w, https:\/\/www.visbygk.com\/wp-content\/uploads\/2023\/05\/520_Visby_GC_JacobSjoman_V1_3x2-2-1200x800.jpg 1200w, https:\/\/www.visbygk.com\/wp-content\/uploads\/2023\/05\/520_Visby_GC_JacobSjoman_V1_3x2-2-1980x1320.jpg 1980w\" sizes=\"(max-width: 1024px) 100vw, 1024px\" \/><\/figure><\/div>\n\n\n\n<div class=\"wp-block-media-text alignwide is-stacked-on-mobile is-image-fill is-style-default has-background\" style=\"background-color:#ffffff\"><figure class=\"wp-block-media-text__media\" style=\"background-image:url(https:\/\/www.visbygk.com\/wp-content\/uploads\/2023\/02\/large-VisbyGC_JacobSjoman_20210615_3138-1024x683.jpg);background-position:50% 50%\"><img decoding=\"async\" width=\"1024\" height=\"683\" src=\"https:\/\/www.visbygk.com\/wp-content\/uploads\/2023\/02\/large-VisbyGC_JacobSjoman_20210615_3138-1024x683.jpg\" alt=\"\" class=\"wp-image-10607 size-full\" srcset=\"https:\/\/www.visbygk.com\/wp-content\/uploads\/2023\/02\/large-VisbyGC_JacobSjoman_20210615_3138-1024x683.jpg 1024w, https:\/\/www.visbygk.com\/wp-content\/uploads\/2023\/02\/large-VisbyGC_JacobSjoman_20210615_3138-300x200.jpg 300w, https:\/\/www.visbygk.com\/wp-content\/uploads\/2023\/02\/large-VisbyGC_JacobSjoman_20210615_3138-768x512.jpg 768w, https:\/\/www.visbygk.com\/wp-content\/uploads\/2023\/02\/large-VisbyGC_JacobSjoman_20210615_3138-1536x1024.jpg 1536w, https:\/\/www.visbygk.com\/wp-content\/uploads\/2023\/02\/large-VisbyGC_JacobSjoman_20210615_3138-1200x800.jpg 1200w, https:\/\/www.visbygk.com\/wp-content\/uploads\/2023\/02\/large-VisbyGC_JacobSjoman_20210615_3138.jpg 1920w\" sizes=\"(max-width: 1024px) 100vw, 1024px\" \/><\/figure><div class=\"wp-block-media-text__content\">\n<h3 class=\"wp-block-heading\">&#8221;Visby Golf Club conquers the top of satisfaction through feedback from&nbsp;golfers&#8221;<\/h3>\n\n\n\n<p>&#8221;In recent years, Visby Golf Club has dominated the top ranking in member and guest satisfaction in Sweden, reaching a peak in 2023 as they could see themselves as no. 1 in both categories. It turns out that dedication and attention to the golfers has been the secret recipe for them to stay in the lead for consecutive&nbsp;years.&#8221;<\/p>\n\n\n\n<p>Players 1st<\/p>\n\n\n\n<div class=\"wp-block-buttons is-layout-flex wp-block-buttons-is-layout-flex\">\n<div class=\"wp-block-button has-custom-font-size has-small-font-size\"><a class=\"wp-block-button__link wp-element-button\" href=\"https:\/\/players1st.sport\/blog\/visby-golf-club-conquers-the-top-of-satisfaction-through-feedback-from\" target=\"_blank\" rel=\"noreferrer noopener\">L\u00e4s hela reportaget<\/a><\/div>\n<\/div>\n\n\n\n<div class=\"wp-block-buttons is-layout-flex wp-block-buttons-is-layout-flex\"><\/div>\n<\/div><\/div>\n\n\n\n<hr class=\"wp-block-separator has-css-opacity\"\/>\n\n\n\n<div class=\"wp-block-buttons has-custom-font-size has-normal-font-size is-content-justification-center is-layout-flex wp-container-core-buttons-is-layout-7 wp-block-buttons-is-layout-flex\">\n<div class=\"wp-block-button\"><a class=\"wp-block-button__link wp-element-button\" href=\"https:\/\/www.visbygk.com\/sv\/golf\/\">Spela Golf p\u00e5 Visby Golfklubb<\/a><\/div>\n<\/div>\n","protected":false},"excerpt":{"rendered":"<p>Visby Golfklubb \u00e4r Sveriges b\u00e4sta golfbana Vi \u00e4r hedrade att \u00e5terigen bli rankade som Sveriges b\u00e4sta bana i tidning Svensk Golf. Detta inspirerar oss att forts\u00e4tta p\u00e5 inslagen v\u00e4g och&hellip;<\/p>\n","protected":false},"author":12,"featured_media":5187,"parent":0,"menu_order":0,"comment_status":"closed","ping_status":"closed","template":"tw-header-transparent-light.php","meta":{"_golfpress_post_requires_user":false,"footnotes":""},"class_list":["post-13709","page","type-page","status-publish","has-post-thumbnail","hentry"],"featured_image_urls_v2":{"full":["https:\/\/www.visbygk.com\/wp-content\/uploads\/2021\/04\/958_VisbyGK_JSjoman_16BITS_V1-copy.jpg",2500,1666,false],"thumbnail":["https:\/\/www.visbygk.com\/wp-content\/uploads\/2021\/04\/958_VisbyGK_JSjoman_16BITS_V1-copy-150x150.jpg",150,150,true],"medium":["https:\/\/www.visbygk.com\/wp-content\/uploads\/2021\/04\/958_VisbyGK_JSjoman_16BITS_V1-copy-300x200.jpg",300,200,true],"medium_large":["https:\/\/www.visbygk.com\/wp-content\/uploads\/2021\/04\/958_VisbyGK_JSjoman_16BITS_V1-copy-768x512.jpg",768,512,true],"large":["https:\/\/www.visbygk.com\/wp-content\/uploads\/2021\/04\/958_VisbyGK_JSjoman_16BITS_V1-copy-1024x682.jpg",800,533,true],"1536x1536":["https:\/\/www.visbygk.com\/wp-content\/uploads\/2021\/04\/958_VisbyGK_JSjoman_16BITS_V1-copy-1536x1024.jpg",1536,1024,true],"2048x2048":["https:\/\/www.visbygk.com\/wp-content\/uploads\/2021\/04\/958_VisbyGK_JSjoman_16BITS_V1-copy-2048x1365.jpg",2048,1365,true],"post-thumbnail":["https:\/\/www.visbygk.com\/wp-content\/uploads\/2021\/04\/958_VisbyGK_JSjoman_16BITS_V1-copy-1200x800.jpg",1200,800,true],"twentytwenty-fullscreen":["https:\/\/www.visbygk.com\/wp-content\/uploads\/2021\/04\/958_VisbyGK_JSjoman_16BITS_V1-copy-1980x1319.jpg",1980,1319,true]},"post_excerpt_stackable_v2":"<p>Etta i Sverige Visby Golfklubb \u00e4r Sveriges b\u00e4sta golfbana Vi \u00e4r hedrade att \u00e5terigen bli rankade som Sveriges b\u00e4sta bana i tidning Svensk Golf. Detta inspirerar oss att forts\u00e4tta p\u00e5 inslagen v\u00e4g och att \u00e4ven i morgon g\u00f6ra upplevelsen p\u00e5 Visby Golfklubb lite b\u00e4ttre!&nbsp; Dessutom \u00e4r Visby Golfklubb etta i Players 1:st \u00e5rliga medlems- och g\u00e4stunders\u00f6kning. L\u00e4s mer nedan. &#8221;Sommaren 2020 uts\u00e5gs stoltheten p\u00e5 Kronholmen f\u00f6r f\u00f6rsta g\u00e5ngen till Sveriges b\u00e4sta bana. Det fick ett team med gotl\u00e4ndsk sj\u00e4l att direkt jobba \u00e4nnu h\u00e5rdare. \u00c4nnu mera kreativt. F\u00f6r att g\u00f6ra det b\u00e4sta \u00e4nnu b\u00e4ttre. Platsen, l\u00e4get och den unika gotlandsmilj\u00f6n&hellip;<\/p>\n","category_list_v2":"","author_info_v2":{"name":"Rasmus Evensen","url":"https:\/\/www.visbygk.com\/sv\/author\/rasmus\/"},"comments_num_v2":"0 comments","yoast_head":"<!-- This site is optimized with the Yoast SEO plugin v24.7 - https:\/\/yoast.com\/wordpress\/plugins\/seo\/ -->\n<title>Visby GK - Etta i Sverige - Visby GK<\/title>\n<meta name=\"robots\" content=\"index, follow, max-snippet:-1, max-image-preview:large, max-video-preview:-1\" \/>\n<link rel=\"canonical\" href=\"https:\/\/www.visbygk.com\/sv\/etta-i-sverige\/\" \/>\n<meta property=\"og:locale\" content=\"sv_SE\" \/>\n<meta property=\"og:type\" content=\"article\" \/>\n<meta property=\"og:title\" content=\"Visby GK - Etta i Sverige - Visby GK\" \/>\n<meta property=\"og:description\" content=\"Visby Golfklubb \u00e4r Sveriges b\u00e4sta golfbana Vi \u00e4r hedrade att \u00e5terigen bli rankade som Sveriges b\u00e4sta bana i tidning Svensk Golf. Detta inspirerar oss att forts\u00e4tta p\u00e5 inslagen v\u00e4g och&hellip;\" \/>\n<meta property=\"og:url\" content=\"https:\/\/www.visbygk.com\/sv\/etta-i-sverige\/\" \/>\n<meta property=\"og:site_name\" content=\"Visby GK\" \/>\n<meta property=\"article:modified_time\" content=\"2024-06-28T11:19:31+00:00\" \/>\n<meta property=\"og:image\" content=\"https:\/\/www.visbygk.com\/wp-content\/uploads\/2021\/04\/958_VisbyGK_JSjoman_16BITS_V1-copy.jpg\" \/>\n\t<meta property=\"og:image:width\" content=\"2500\" \/>\n\t<meta property=\"og:image:height\" content=\"1666\" \/>\n\t<meta property=\"og:image:type\" content=\"image\/jpeg\" \/>\n<meta name=\"twitter:card\" content=\"summary_large_image\" \/>\n<meta name=\"twitter:label1\" content=\"Est. reading time\" \/>\n\t<meta name=\"twitter:data1\" content=\"3 minuter\" \/>\n<script type=\"application\/ld+json\" class=\"yoast-schema-graph\">{\"@context\":\"https:\/\/schema.org\",\"@graph\":[{\"@type\":\"WebPage\",\"@id\":\"https:\/\/www.visbygk.com\/sv\/etta-i-sverige\/\",\"url\":\"https:\/\/www.visbygk.com\/sv\/etta-i-sverige\/\",\"name\":\"Visby GK - Etta i Sverige - Visby GK\",\"isPartOf\":{\"@id\":\"https:\/\/www.visbygk.com\/sv\/#website\"},\"primaryImageOfPage\":{\"@id\":\"https:\/\/www.visbygk.com\/sv\/etta-i-sverige\/#primaryimage\"},\"image\":{\"@id\":\"https:\/\/www.visbygk.com\/sv\/etta-i-sverige\/#primaryimage\"},\"thumbnailUrl\":\"https:\/\/www.visbygk.com\/wp-content\/uploads\/2021\/04\/958_VisbyGK_JSjoman_16BITS_V1-copy.jpg\",\"datePublished\":\"2024-06-27T12:32:38+00:00\",\"dateModified\":\"2024-06-28T11:19:31+00:00\",\"breadcrumb\":{\"@id\":\"https:\/\/www.visbygk.com\/sv\/etta-i-sverige\/#breadcrumb\"},\"inLanguage\":\"sv-SE\",\"potentialAction\":[{\"@type\":\"ReadAction\",\"target\":[\"https:\/\/www.visbygk.com\/sv\/etta-i-sverige\/\"]}]},{\"@type\":\"ImageObject\",\"inLanguage\":\"sv-SE\",\"@id\":\"https:\/\/www.visbygk.com\/sv\/etta-i-sverige\/#primaryimage\",\"url\":\"https:\/\/www.visbygk.com\/wp-content\/uploads\/2021\/04\/958_VisbyGK_JSjoman_16BITS_V1-copy.jpg\",\"contentUrl\":\"https:\/\/www.visbygk.com\/wp-content\/uploads\/2021\/04\/958_VisbyGK_JSjoman_16BITS_V1-copy.jpg\",\"width\":2500,\"height\":1666,\"caption\":\"(C) Jacob Sj\u00f6man. jacob@sjomanart.com\"},{\"@type\":\"BreadcrumbList\",\"@id\":\"https:\/\/www.visbygk.com\/sv\/etta-i-sverige\/#breadcrumb\",\"itemListElement\":[{\"@type\":\"ListItem\",\"position\":1,\"name\":\"Home\",\"item\":\"https:\/\/www.visbygk.com\/sv\/\"},{\"@type\":\"ListItem\",\"position\":2,\"name\":\"Visby GK &#8211; Etta i Sverige\"}]},{\"@type\":\"WebSite\",\"@id\":\"https:\/\/www.visbygk.com\/sv\/#website\",\"url\":\"https:\/\/www.visbygk.com\/sv\/\",\"name\":\"Visby GK\",\"description\":\"Visby GK\",\"publisher\":{\"@id\":\"https:\/\/www.visbygk.com\/sv\/#organization\"},\"potentialAction\":[{\"@type\":\"SearchAction\",\"target\":{\"@type\":\"EntryPoint\",\"urlTemplate\":\"https:\/\/www.visbygk.com\/sv\/?s={search_term_string}\"},\"query-input\":{\"@type\":\"PropertyValueSpecification\",\"valueRequired\":true,\"valueName\":\"search_term_string\"}}],\"inLanguage\":\"sv-SE\"},{\"@type\":\"Organization\",\"@id\":\"https:\/\/www.visbygk.com\/sv\/#organization\",\"name\":\"Visby GK\",\"url\":\"https:\/\/www.visbygk.com\/sv\/\",\"logo\":{\"@type\":\"ImageObject\",\"inLanguage\":\"sv-SE\",\"@id\":\"https:\/\/www.visbygk.com\/sv\/#\/schema\/logo\/image\/\",\"url\":\"https:\/\/www.visbygk.com\/wp-content\/uploads\/2021\/01\/visbygk-svart-1.png\",\"contentUrl\":\"https:\/\/www.visbygk.com\/wp-content\/uploads\/2021\/01\/visbygk-svart-1.png\",\"width\":800,\"height\":800,\"caption\":\"Visby GK\"},\"image\":{\"@id\":\"https:\/\/www.visbygk.com\/sv\/#\/schema\/logo\/image\/\"}}]}<\/script>\n<!-- \/ Yoast SEO plugin. -->","yoast_head_json":{"title":"Visby GK - Etta i Sverige - Visby GK","robots":{"index":"index","follow":"follow","max-snippet":"max-snippet:-1","max-image-preview":"max-image-preview:large","max-video-preview":"max-video-preview:-1"},"canonical":"https:\/\/www.visbygk.com\/sv\/etta-i-sverige\/","og_locale":"sv_SE","og_type":"article","og_title":"Visby GK - Etta i Sverige - Visby GK","og_description":"Visby Golfklubb \u00e4r Sveriges b\u00e4sta golfbana Vi \u00e4r hedrade att \u00e5terigen bli rankade som Sveriges b\u00e4sta bana i tidning Svensk Golf. Detta inspirerar oss att forts\u00e4tta p\u00e5 inslagen v\u00e4g och&hellip;","og_url":"https:\/\/www.visbygk.com\/sv\/etta-i-sverige\/","og_site_name":"Visby GK","article_modified_time":"2024-06-28T11:19:31+00:00","og_image":[{"width":2500,"height":1666,"url":"https:\/\/www.visbygk.com\/wp-content\/uploads\/2021\/04\/958_VisbyGK_JSjoman_16BITS_V1-copy.jpg","type":"image\/jpeg"}],"twitter_card":"summary_large_image","twitter_misc":{"Est. reading time":"3 minuter"},"schema":{"@context":"https:\/\/schema.org","@graph":[{"@type":"WebPage","@id":"https:\/\/www.visbygk.com\/sv\/etta-i-sverige\/","url":"https:\/\/www.visbygk.com\/sv\/etta-i-sverige\/","name":"Visby GK - Etta i Sverige - Visby GK","isPartOf":{"@id":"https:\/\/www.visbygk.com\/sv\/#website"},"primaryImageOfPage":{"@id":"https:\/\/www.visbygk.com\/sv\/etta-i-sverige\/#primaryimage"},"image":{"@id":"https:\/\/www.visbygk.com\/sv\/etta-i-sverige\/#primaryimage"},"thumbnailUrl":"https:\/\/www.visbygk.com\/wp-content\/uploads\/2021\/04\/958_VisbyGK_JSjoman_16BITS_V1-copy.jpg","datePublished":"2024-06-27T12:32:38+00:00","dateModified":"2024-06-28T11:19:31+00:00","breadcrumb":{"@id":"https:\/\/www.visbygk.com\/sv\/etta-i-sverige\/#breadcrumb"},"inLanguage":"sv-SE","potentialAction":[{"@type":"ReadAction","target":["https:\/\/www.visbygk.com\/sv\/etta-i-sverige\/"]}]},{"@type":"ImageObject","inLanguage":"sv-SE","@id":"https:\/\/www.visbygk.com\/sv\/etta-i-sverige\/#primaryimage","url":"https:\/\/www.visbygk.com\/wp-content\/uploads\/2021\/04\/958_VisbyGK_JSjoman_16BITS_V1-copy.jpg","contentUrl":"https:\/\/www.visbygk.com\/wp-content\/uploads\/2021\/04\/958_VisbyGK_JSjoman_16BITS_V1-copy.jpg","width":2500,"height":1666,"caption":"(C) Jacob Sj\u00f6man. jacob@sjomanart.com"},{"@type":"BreadcrumbList","@id":"https:\/\/www.visbygk.com\/sv\/etta-i-sverige\/#breadcrumb","itemListElement":[{"@type":"ListItem","position":1,"name":"Home","item":"https:\/\/www.visbygk.com\/sv\/"},{"@type":"ListItem","position":2,"name":"Visby GK &#8211; Etta i Sverige"}]},{"@type":"WebSite","@id":"https:\/\/www.visbygk.com\/sv\/#website","url":"https:\/\/www.visbygk.com\/sv\/","name":"Visby GK","description":"Visby GK","publisher":{"@id":"https:\/\/www.visbygk.com\/sv\/#organization"},"potentialAction":[{"@type":"SearchAction","target":{"@type":"EntryPoint","urlTemplate":"https:\/\/www.visbygk.com\/sv\/?s={search_term_string}"},"query-input":{"@type":"PropertyValueSpecification","valueRequired":true,"valueName":"search_term_string"}}],"inLanguage":"sv-SE"},{"@type":"Organization","@id":"https:\/\/www.visbygk.com\/sv\/#organization","name":"Visby GK","url":"https:\/\/www.visbygk.com\/sv\/","logo":{"@type":"ImageObject","inLanguage":"sv-SE","@id":"https:\/\/www.visbygk.com\/sv\/#\/schema\/logo\/image\/","url":"https:\/\/www.visbygk.com\/wp-content\/uploads\/2021\/01\/visbygk-svart-1.png","contentUrl":"https:\/\/www.visbygk.com\/wp-content\/uploads\/2021\/01\/visbygk-svart-1.png","width":800,"height":800,"caption":"Visby GK"},"image":{"@id":"https:\/\/www.visbygk.com\/sv\/#\/schema\/logo\/image\/"}}]}},"_links":{"self":[{"href":"https:\/\/www.visbygk.com\/sv\/wp-json\/wp\/v2\/pages\/13709","targetHints":{"allow":["GET"]}}],"collection":[{"href":"https:\/\/www.visbygk.com\/sv\/wp-json\/wp\/v2\/pages"}],"about":[{"href":"https:\/\/www.visbygk.com\/sv\/wp-json\/wp\/v2\/types\/page"}],"author":[{"embeddable":true,"href":"https:\/\/www.visbygk.com\/sv\/wp-json\/wp\/v2\/users\/12"}],"replies":[{"embeddable":true,"href":"https:\/\/www.visbygk.com\/sv\/wp-json\/wp\/v2\/comments?post=13709"}],"version-history":[{"count":26,"href":"https:\/\/www.visbygk.com\/sv\/wp-json\/wp\/v2\/pages\/13709\/revisions"}],"predecessor-version":[{"id":13778,"href":"https:\/\/www.visbygk.com\/sv\/wp-json\/wp\/v2\/pages\/13709\/revisions\/13778"}],"wp:featuredmedia":[{"embeddable":true,"href":"https:\/\/www.visbygk.com\/sv\/wp-json\/wp\/v2\/media\/5187"}],"wp:attachment":[{"href":"https:\/\/www.visbygk.com\/sv\/wp-json\/wp\/v2\/media?parent=13709"}],"curies":[{"name":"wp","href":"https:\/\/api.w.org\/{rel}","templated":true}]}}