{"id":13582,"date":"2024-06-18T14:14:43","date_gmt":"2024-06-18T12:14:43","guid":{"rendered":"https:\/\/www.visbygk.com\/?page_id=13582"},"modified":"2025-06-26T13:36:11","modified_gmt":"2025-06-26T11:36:11","slug":"grillkvallar","status":"publish","type":"page","link":"https:\/\/www.visbygk.com\/sv\/grillkvallar\/","title":{"rendered":"Grillkv\u00e4llar"},"content":{"rendered":"\n<div class=\"wp-block-cover alignfull is-light has-parallax\" style=\"min-height:66vh;aspect-ratio:unset;\"><span aria-hidden=\"true\" class=\"wp-block-cover__background has-background-dim-30 has-background-dim\"><\/span><div class=\"wp-block-cover__image-background wp-image-5007 has-parallax\" style=\"background-position:50% 50%;background-image:url(https:\/\/www.visbygk.com\/wp-content\/uploads\/2021\/04\/restauran-kronholmen-gotland3.jpg)\"><\/div><div class=\"wp-block-cover__inner-container is-layout-flow wp-block-cover-is-layout-flow\">\n<h1 class=\"wp-block-heading has-text-align-center has-white-color has-text-color\" id=\"kronholmen-restaurang-bar\">Grillkv\u00e4llar p\u00e5 Kronholmen<\/h1>\n<\/div><\/div>\n\n\n\n<p>\u00c5rets grillkv\u00e4llar kommer att \u00e4ga rum f\u00f6ljande datum:<br>Onsdag 2 juli<br>Onsdag 9 juli<br>Onsdag 16 juli<br>Onsdag 23 juli<\/p>\n\n\n\n<p>Boka ditt bord, restaurangen@visbygk.com eller <a href=\"https:\/\/booking.caspeco.net\/se_krovis\/14\" target=\"_blank\" rel=\"noreferrer noopener\">H\u00c4R<\/a><\/p>\n\n\n\n<p>Priser:<br>525 kr vuxna (medlem 425 kr)<br>225 kr barn 8-14 \u00e5r (medlem 195 kr)<br>125 kr barn 3-7 (medlem 95 kr)<\/p>\n\n\n\n<p><\/p>\n\n\n\n<figure class=\"wp-block-gallery alignfull has-nested-images columns-3 is-cropped wp-block-gallery-1 is-layout-flex wp-block-gallery-is-layout-flex\">\n<figure class=\"wp-block-image size-full\"><img decoding=\"async\" width=\"2560\" height=\"2560\" data-id=\"12750\" src=\"https:\/\/www.visbygk.com\/wp-content\/uploads\/2024\/02\/07b-2-scaled.jpg\" alt=\"\" class=\"wp-image-12750\" srcset=\"https:\/\/www.visbygk.com\/wp-content\/uploads\/2024\/02\/07b-2-scaled.jpg 2560w, https:\/\/www.visbygk.com\/wp-content\/uploads\/2024\/02\/07b-2-300x300.jpg 300w, https:\/\/www.visbygk.com\/wp-content\/uploads\/2024\/02\/07b-2-1024x1024.jpg 1024w, https:\/\/www.visbygk.com\/wp-content\/uploads\/2024\/02\/07b-2-150x150.jpg 150w, https:\/\/www.visbygk.com\/wp-content\/uploads\/2024\/02\/07b-2-768x768.jpg 768w, https:\/\/www.visbygk.com\/wp-content\/uploads\/2024\/02\/07b-2-1536x1536.jpg 1536w, https:\/\/www.visbygk.com\/wp-content\/uploads\/2024\/02\/07b-2-2048x2048.jpg 2048w\" sizes=\"(max-width: 2560px) 100vw, 2560px\" \/><\/figure>\n\n\n\n<figure class=\"wp-block-image size-full\"><img decoding=\"async\" width=\"1708\" height=\"2560\" data-id=\"12710\" src=\"https:\/\/www.visbygk.com\/wp-content\/uploads\/2024\/02\/11-1-scaled.jpg\" alt=\"\" class=\"wp-image-12710\" srcset=\"https:\/\/www.visbygk.com\/wp-content\/uploads\/2024\/02\/11-1-scaled.jpg 1708w, https:\/\/www.visbygk.com\/wp-content\/uploads\/2024\/02\/11-1-200x300.jpg 200w, https:\/\/www.visbygk.com\/wp-content\/uploads\/2024\/02\/11-1-683x1024.jpg 683w, https:\/\/www.visbygk.com\/wp-content\/uploads\/2024\/02\/11-1-768x1151.jpg 768w\" sizes=\"(max-width: 1708px) 100vw, 1708px\" \/><\/figure>\n\n\n\n<figure class=\"wp-block-image size-full\"><img decoding=\"async\" width=\"1708\" height=\"2560\" data-id=\"12712\" src=\"https:\/\/www.visbygk.com\/wp-content\/uploads\/2024\/02\/03-scaled.jpg\" alt=\"\" class=\"wp-image-12712\" srcset=\"https:\/\/www.visbygk.com\/wp-content\/uploads\/2024\/02\/03-scaled.jpg 1708w, https:\/\/www.visbygk.com\/wp-content\/uploads\/2024\/02\/03-200x300.jpg 200w, https:\/\/www.visbygk.com\/wp-content\/uploads\/2024\/02\/03-683x1024.jpg 683w, https:\/\/www.visbygk.com\/wp-content\/uploads\/2024\/02\/03-768x1151.jpg 768w\" sizes=\"(max-width: 1708px) 100vw, 1708px\" \/><\/figure>\n<\/figure>\n\n\n\n<p><\/p>\n\n\n\n<div class=\"wp-block-media-text is-stacked-on-mobile\"><figure class=\"wp-block-media-text__media\"><img decoding=\"async\" width=\"1024\" height=\"1017\" src=\"https:\/\/www.visbygk.com\/wp-content\/uploads\/2021\/04\/kronholmen-logga-1024x1017.png\" alt=\"\" class=\"wp-image-6528 size-full\" srcset=\"https:\/\/www.visbygk.com\/wp-content\/uploads\/2021\/04\/kronholmen-logga-1024x1017.png 1024w, https:\/\/www.visbygk.com\/wp-content\/uploads\/2021\/04\/kronholmen-logga-100x100.png 100w, https:\/\/www.visbygk.com\/wp-content\/uploads\/2021\/04\/kronholmen-logga-600x596.png 600w, https:\/\/www.visbygk.com\/wp-content\/uploads\/2021\/04\/kronholmen-logga-300x298.png 300w, https:\/\/www.visbygk.com\/wp-content\/uploads\/2021\/04\/kronholmen-logga-150x150.png 150w, https:\/\/www.visbygk.com\/wp-content\/uploads\/2021\/04\/kronholmen-logga-768x763.png 768w, https:\/\/www.visbygk.com\/wp-content\/uploads\/2021\/04\/kronholmen-logga-1200x1192.png 1200w, https:\/\/www.visbygk.com\/wp-content\/uploads\/2021\/04\/kronholmen-logga.png 1470w\" sizes=\"(max-width: 1024px) 100vw, 1024px\" \/><\/figure><div class=\"wp-block-media-text__content\">\n<p class=\"has-text-align-center\">Kronholmen Restaurang &amp; Bar<br>c\/o Kronholmen Golf AB<br>V\u00e4stergarn Kronholmen 415<br>622 30 Gotlands Tofta<br><a href=\"https:\/\/www.visbygk.com\/sv\/hitta-hit\/\">Hitta hit &gt;<\/a><\/p>\n\n\n\n<p class=\"has-text-align-center\"><a href=\"tel:0498200937\">0498-20 09 37<\/a><br>restaurangen@visbygk.com<\/p>\n<\/div><\/div>\n\n\n\n<p><\/p>\n","protected":false},"excerpt":{"rendered":"<p>\u00c5rets grillkv\u00e4llar kommer att \u00e4ga rum f\u00f6ljande datum:Onsdag 2 juliOnsdag 9 juliOnsdag 16 juliOnsdag 23 juli Boka ditt bord, restaurangen@visbygk.com eller H\u00c4R Priser:525 kr vuxna (medlem 425 kr)225 kr barn&hellip;<\/p>\n","protected":false},"author":12,"featured_media":0,"parent":0,"menu_order":0,"comment_status":"closed","ping_status":"closed","template":"tw-header-transparent-light.php","meta":{"_golfpress_post_requires_user":false,"footnotes":""},"class_list":["post-13582","page","type-page","status-publish","hentry"],"featured_image_urls_v2":{"full":"","thumbnail":"","medium":"","medium_large":"","large":"","1536x1536":"","2048x2048":"","post-thumbnail":"","twentytwenty-fullscreen":""},"post_excerpt_stackable_v2":"<p>Grillkv\u00e4llar p\u00e5 Kronholmen \u00c5rets grillkv\u00e4llar kommer att \u00e4ga rum f\u00f6ljande datum:Onsdag 2 juliOnsdag 9 juliOnsdag 16 juliOnsdag 23 juli Boka ditt bord, restaurangen@visbygk.com eller H\u00c4R Priser:525 kr vuxna (medlem 425 kr)225 kr barn 8-14 \u00e5r (medlem 195 kr)125 kr barn 3-7 (medlem 95 kr) Kronholmen Restaurang &amp; Barc\/o Kronholmen Golf ABV\u00e4stergarn Kronholmen 415622 30 Gotlands ToftaHitta hit &gt; 0498-20 09 37restaurangen@visbygk.com<\/p>\n","category_list_v2":"","author_info_v2":{"name":"Rasmus Evensen","url":"https:\/\/www.visbygk.com\/sv\/author\/rasmus\/"},"comments_num_v2":"0 comments","yoast_head":"<!-- This site is optimized with the Yoast SEO plugin v24.7 - https:\/\/yoast.com\/wordpress\/plugins\/seo\/ -->\n<title>Grillkv\u00e4llar - Visby GK<\/title>\n<meta name=\"robots\" content=\"index, follow, max-snippet:-1, max-image-preview:large, max-video-preview:-1\" \/>\n<link rel=\"canonical\" href=\"https:\/\/www.visbygk.com\/sv\/grillkvallar\/\" \/>\n<meta property=\"og:locale\" content=\"sv_SE\" \/>\n<meta property=\"og:type\" content=\"article\" \/>\n<meta property=\"og:title\" content=\"Grillkv\u00e4llar - Visby GK\" \/>\n<meta property=\"og:description\" content=\"\u00c5rets grillkv\u00e4llar kommer att \u00e4ga rum f\u00f6ljande datum:Onsdag 2 juliOnsdag 9 juliOnsdag 16 juliOnsdag 23 juli Boka ditt bord, restaurangen@visbygk.com eller H\u00c4R Priser:525 kr vuxna (medlem 425 kr)225 kr barn&hellip;\" \/>\n<meta property=\"og:url\" content=\"https:\/\/www.visbygk.com\/sv\/grillkvallar\/\" \/>\n<meta property=\"og:site_name\" content=\"Visby GK\" \/>\n<meta property=\"article:modified_time\" content=\"2025-06-26T11:36:11+00:00\" \/>\n<meta property=\"og:image\" content=\"https:\/\/www.visbygk.com\/wp-content\/uploads\/2024\/02\/07b-2-scaled.jpg\" \/>\n\t<meta property=\"og:image:width\" content=\"2560\" \/>\n\t<meta property=\"og:image:height\" content=\"2560\" \/>\n\t<meta property=\"og:image:type\" content=\"image\/jpeg\" \/>\n<meta name=\"twitter:card\" content=\"summary_large_image\" \/>\n<meta name=\"twitter:label1\" content=\"Est. reading time\" \/>\n\t<meta name=\"twitter:data1\" content=\"2 minuter\" \/>\n<script type=\"application\/ld+json\" class=\"yoast-schema-graph\">{\"@context\":\"https:\/\/schema.org\",\"@graph\":[{\"@type\":\"WebPage\",\"@id\":\"https:\/\/www.visbygk.com\/sv\/grillkvallar\/\",\"url\":\"https:\/\/www.visbygk.com\/sv\/grillkvallar\/\",\"name\":\"Grillkv\u00e4llar - Visby GK\",\"isPartOf\":{\"@id\":\"https:\/\/www.visbygk.com\/sv\/#website\"},\"primaryImageOfPage\":{\"@id\":\"https:\/\/www.visbygk.com\/sv\/grillkvallar\/#primaryimage\"},\"image\":{\"@id\":\"https:\/\/www.visbygk.com\/sv\/grillkvallar\/#primaryimage\"},\"thumbnailUrl\":\"https:\/\/www.visbygk.com\/wp-content\/uploads\/2024\/02\/07b-2-scaled.jpg\",\"datePublished\":\"2024-06-18T12:14:43+00:00\",\"dateModified\":\"2025-06-26T11:36:11+00:00\",\"breadcrumb\":{\"@id\":\"https:\/\/www.visbygk.com\/sv\/grillkvallar\/#breadcrumb\"},\"inLanguage\":\"sv-SE\",\"potentialAction\":[{\"@type\":\"ReadAction\",\"target\":[\"https:\/\/www.visbygk.com\/sv\/grillkvallar\/\"]}]},{\"@type\":\"ImageObject\",\"inLanguage\":\"sv-SE\",\"@id\":\"https:\/\/www.visbygk.com\/sv\/grillkvallar\/#primaryimage\",\"url\":\"https:\/\/www.visbygk.com\/wp-content\/uploads\/2024\/02\/07b-2-scaled.jpg\",\"contentUrl\":\"https:\/\/www.visbygk.com\/wp-content\/uploads\/2024\/02\/07b-2-scaled.jpg\"},{\"@type\":\"BreadcrumbList\",\"@id\":\"https:\/\/www.visbygk.com\/sv\/grillkvallar\/#breadcrumb\",\"itemListElement\":[{\"@type\":\"ListItem\",\"position\":1,\"name\":\"Home\",\"item\":\"https:\/\/www.visbygk.com\/sv\/\"},{\"@type\":\"ListItem\",\"position\":2,\"name\":\"Grillkv\u00e4llar\"}]},{\"@type\":\"WebSite\",\"@id\":\"https:\/\/www.visbygk.com\/sv\/#website\",\"url\":\"https:\/\/www.visbygk.com\/sv\/\",\"name\":\"Visby GK\",\"description\":\"Visby GK\",\"publisher\":{\"@id\":\"https:\/\/www.visbygk.com\/sv\/#organization\"},\"potentialAction\":[{\"@type\":\"SearchAction\",\"target\":{\"@type\":\"EntryPoint\",\"urlTemplate\":\"https:\/\/www.visbygk.com\/sv\/?s={search_term_string}\"},\"query-input\":{\"@type\":\"PropertyValueSpecification\",\"valueRequired\":true,\"valueName\":\"search_term_string\"}}],\"inLanguage\":\"sv-SE\"},{\"@type\":\"Organization\",\"@id\":\"https:\/\/www.visbygk.com\/sv\/#organization\",\"name\":\"Visby GK\",\"url\":\"https:\/\/www.visbygk.com\/sv\/\",\"logo\":{\"@type\":\"ImageObject\",\"inLanguage\":\"sv-SE\",\"@id\":\"https:\/\/www.visbygk.com\/sv\/#\/schema\/logo\/image\/\",\"url\":\"https:\/\/www.visbygk.com\/wp-content\/uploads\/2021\/01\/visbygk-svart-1.png\",\"contentUrl\":\"https:\/\/www.visbygk.com\/wp-content\/uploads\/2021\/01\/visbygk-svart-1.png\",\"width\":800,\"height\":800,\"caption\":\"Visby GK\"},\"image\":{\"@id\":\"https:\/\/www.visbygk.com\/sv\/#\/schema\/logo\/image\/\"}}]}<\/script>\n<!-- \/ Yoast SEO plugin. -->","yoast_head_json":{"title":"Grillkv\u00e4llar - Visby GK","robots":{"index":"index","follow":"follow","max-snippet":"max-snippet:-1","max-image-preview":"max-image-preview:large","max-video-preview":"max-video-preview:-1"},"canonical":"https:\/\/www.visbygk.com\/sv\/grillkvallar\/","og_locale":"sv_SE","og_type":"article","og_title":"Grillkv\u00e4llar - Visby GK","og_description":"\u00c5rets grillkv\u00e4llar kommer att \u00e4ga rum f\u00f6ljande datum:Onsdag 2 juliOnsdag 9 juliOnsdag 16 juliOnsdag 23 juli Boka ditt bord, restaurangen@visbygk.com eller H\u00c4R Priser:525 kr vuxna (medlem 425 kr)225 kr barn&hellip;","og_url":"https:\/\/www.visbygk.com\/sv\/grillkvallar\/","og_site_name":"Visby GK","article_modified_time":"2025-06-26T11:36:11+00:00","og_image":[{"width":2560,"height":2560,"url":"https:\/\/www.visbygk.com\/wp-content\/uploads\/2024\/02\/07b-2-scaled.jpg","type":"image\/jpeg"}],"twitter_card":"summary_large_image","twitter_misc":{"Est. reading time":"2 minuter"},"schema":{"@context":"https:\/\/schema.org","@graph":[{"@type":"WebPage","@id":"https:\/\/www.visbygk.com\/sv\/grillkvallar\/","url":"https:\/\/www.visbygk.com\/sv\/grillkvallar\/","name":"Grillkv\u00e4llar - Visby GK","isPartOf":{"@id":"https:\/\/www.visbygk.com\/sv\/#website"},"primaryImageOfPage":{"@id":"https:\/\/www.visbygk.com\/sv\/grillkvallar\/#primaryimage"},"image":{"@id":"https:\/\/www.visbygk.com\/sv\/grillkvallar\/#primaryimage"},"thumbnailUrl":"https:\/\/www.visbygk.com\/wp-content\/uploads\/2024\/02\/07b-2-scaled.jpg","datePublished":"2024-06-18T12:14:43+00:00","dateModified":"2025-06-26T11:36:11+00:00","breadcrumb":{"@id":"https:\/\/www.visbygk.com\/sv\/grillkvallar\/#breadcrumb"},"inLanguage":"sv-SE","potentialAction":[{"@type":"ReadAction","target":["https:\/\/www.visbygk.com\/sv\/grillkvallar\/"]}]},{"@type":"ImageObject","inLanguage":"sv-SE","@id":"https:\/\/www.visbygk.com\/sv\/grillkvallar\/#primaryimage","url":"https:\/\/www.visbygk.com\/wp-content\/uploads\/2024\/02\/07b-2-scaled.jpg","contentUrl":"https:\/\/www.visbygk.com\/wp-content\/uploads\/2024\/02\/07b-2-scaled.jpg"},{"@type":"BreadcrumbList","@id":"https:\/\/www.visbygk.com\/sv\/grillkvallar\/#breadcrumb","itemListElement":[{"@type":"ListItem","position":1,"name":"Home","item":"https:\/\/www.visbygk.com\/sv\/"},{"@type":"ListItem","position":2,"name":"Grillkv\u00e4llar"}]},{"@type":"WebSite","@id":"https:\/\/www.visbygk.com\/sv\/#website","url":"https:\/\/www.visbygk.com\/sv\/","name":"Visby GK","description":"Visby GK","publisher":{"@id":"https:\/\/www.visbygk.com\/sv\/#organization"},"potentialAction":[{"@type":"SearchAction","target":{"@type":"EntryPoint","urlTemplate":"https:\/\/www.visbygk.com\/sv\/?s={search_term_string}"},"query-input":{"@type":"PropertyValueSpecification","valueRequired":true,"valueName":"search_term_string"}}],"inLanguage":"sv-SE"},{"@type":"Organization","@id":"https:\/\/www.visbygk.com\/sv\/#organization","name":"Visby GK","url":"https:\/\/www.visbygk.com\/sv\/","logo":{"@type":"ImageObject","inLanguage":"sv-SE","@id":"https:\/\/www.visbygk.com\/sv\/#\/schema\/logo\/image\/","url":"https:\/\/www.visbygk.com\/wp-content\/uploads\/2021\/01\/visbygk-svart-1.png","contentUrl":"https:\/\/www.visbygk.com\/wp-content\/uploads\/2021\/01\/visbygk-svart-1.png","width":800,"height":800,"caption":"Visby GK"},"image":{"@id":"https:\/\/www.visbygk.com\/sv\/#\/schema\/logo\/image\/"}}]}},"_links":{"self":[{"href":"https:\/\/www.visbygk.com\/sv\/wp-json\/wp\/v2\/pages\/13582","targetHints":{"allow":["GET"]}}],"collection":[{"href":"https:\/\/www.visbygk.com\/sv\/wp-json\/wp\/v2\/pages"}],"about":[{"href":"https:\/\/www.visbygk.com\/sv\/wp-json\/wp\/v2\/types\/page"}],"author":[{"embeddable":true,"href":"https:\/\/www.visbygk.com\/sv\/wp-json\/wp\/v2\/users\/12"}],"replies":[{"embeddable":true,"href":"https:\/\/www.visbygk.com\/sv\/wp-json\/wp\/v2\/comments?post=13582"}],"version-history":[{"count":12,"href":"https:\/\/www.visbygk.com\/sv\/wp-json\/wp\/v2\/pages\/13582\/revisions"}],"predecessor-version":[{"id":15530,"href":"https:\/\/www.visbygk.com\/sv\/wp-json\/wp\/v2\/pages\/13582\/revisions\/15530"}],"wp:attachment":[{"href":"https:\/\/www.visbygk.com\/sv\/wp-json\/wp\/v2\/media?parent=13582"}],"curies":[{"name":"wp","href":"https:\/\/api.w.org\/{rel}","templated":true}]}}