{"id":10757,"date":"2023-02-27T11:58:39","date_gmt":"2023-02-27T10:58:39","guid":{"rendered":"https:\/\/www.visbygk.com\/?page_id=10757"},"modified":"2023-03-09T15:41:24","modified_gmt":"2023-03-09T14:41:24","slug":"gemenskap","status":"publish","type":"page","link":"https:\/\/www.visbygk.com\/sv\/hallbarhet\/gemenskap\/","title":{"rendered":"Gemenskap"},"content":{"rendered":"\n<div class=\"wp-block-cover alignfull is-light has-parallax has-background-dim-20 has-background-dim\" style=\"min-height:100vh;aspect-ratio:unset;\"><span aria-hidden=\"true\" class=\"wp-block-cover__background has-background-dim-0 has-background-dim\"><\/span><div role=\"img\" class=\"wp-block-cover__image-background wp-image-10882 has-parallax\" style=\"background-position:50% 50%;background-image:url(https:\/\/www.visbygk.com\/wp-content\/uploads\/2023\/03\/hero-gemenskap.jpg)\"><\/div><div class=\"wp-block-cover__inner-container is-layout-flow wp-block-cover-is-layout-flow\">\n<h1 class=\"has-text-align-center wp-block-heading\" id=\"visby-golfklubb\" style=\"font-size:45px\"><span style=\"color: #ededed;\" class=\"stk-highlight\">Att n\u00e5 ut i samh\u00e4llet<\/span><br><span style=\"color: #ededed;\" class=\"stk-highlight\">Medlemmar, g\u00e4ster och anst\u00e4llda<\/span><br><span style=\"color: #ededed;\" class=\"stk-highlight\">Kommunikation<\/span><\/h1>\n\n\n<div class=\"wp-block-image\">\n<figure class=\"aligncenter size-full\"><img decoding=\"async\" width=\"100\" height=\"104\" sizes=\"(max-width: 799px) 200vw,(max-width: 1920px) 100vw,1920px\" src=\"https:\/\/www.visbygk.com\/wp-content\/uploads\/2023\/03\/Certified_Logo_Reverse.png\" alt=\"\" class=\"wp-image-10906\"\/><\/figure><\/div><\/div><\/div>\n\n\n\n<h2 class=\"wp-block-heading\">Alla lika \u2013 alla olika<\/h2>\n\n\n\n<p>Golf kan spela en viktig roll och vara en m\u00f6jlighet f\u00f6r alla som vill omfamna h\u00e5llbarhet \u2013 f\u00f6r spelets, samh\u00e4llets och v\u00e5r planets b\u00e4sta.<\/p>\n\n\n\n<h5 class=\"wp-block-heading\"><strong>F\u00f6r att \u00f6ka tillg\u00e4ngligheten p\u00e5 Kronholmen har Visby Golfklubb f\u00f6ljande<\/strong><\/h5>\n\n\n\n<ul class=\"is-style-tw-checkmark wp-block-list\">\n<li>V\u00e4derleksprognoser<\/li>\n\n\n\n<li>Promenadstigar \/vandringsleder<\/li>\n\n\n\n<li>Stigar l\u00e4mpliga f\u00f6r cykling<\/li>\n\n\n\n<li>Slingor f\u00f6r l\u00e4ngdskid\u00e5kning<\/li>\n\n\n\n<li>Intressanta kulturhistoriska l\u00e4mningar med information<\/li>\n\n\n\n<li>F\u00e5gelsk\u00e5dning<\/li>\n\n\n\n<li>Fritidsfiske<\/li>\n<\/ul>\n\n\n\n<h5 class=\"wp-block-heading\"><strong><strong><strong>Visby Golfklubb tillg\u00e4ngligg\u00f6r faciliteterna genom att<\/strong><\/strong><\/strong><\/h5>\n\n\n\n<ul class=\"is-style-tw-checkmark wp-block-list\">\n<li>Marknadsf\u00f6ra restaurangen och catering i n\u00e4romr\u00e5det<\/li>\n\n\n\n<li>Hyra ut restaurangdelen<\/li>\n\n\n\n<li>Erbjuder andra tj\u00e4nster externt, till exempel catering, hantering av evenemang mm<\/li>\n\n\n\n<li>Erbjuder anl\u00e4ggningen f\u00f6r allm\u00e4n anv\u00e4ndning, till exempel omkl\u00e4dningsrum eller f\u00f6rvaring<\/li>\n<\/ul>\n\n\n\n<h5 class=\"wp-block-heading\"><strong>Visby Golfklubb samarbetar med f\u00f6ljande instanser<\/strong><\/h5>\n\n\n\n<ul class=\"is-style-tw-checkmark wp-block-list\">\n<li>Lokala skolor<\/li>\n\n\n\n<li>Gymnasieskolor och universitet \/h\u00f6gskolor<\/li>\n\n\n\n<li>Vi tar emot l\u00e4rlingar \/praktikanter<\/li>\n\n\n\n<li>Diverse samh\u00e4llsprojekt s\u00e5 som regionens &#8221;h\u00e5llbara f\u00f6retag&#8221;-satsningar<\/li>\n<\/ul>\n\n\n\n<h5 class=\"wp-block-heading\"><strong>Visby Golfklubb arbetar med j\u00e4mlikhet och j\u00e4mst\u00e4lldhet enligt f\u00f6ljande<\/strong><\/h5>\n\n\n\n<ul class=\"is-style-tw-checkmark wp-block-list\">\n<li>J\u00e4mst\u00e4lldhetsplan (l\u00e4nk) som uppdateras \u00e5rligen och g\u00e5s igenom med alla anst\u00e4llda<\/li>\n\n\n\n<li>Har etisk policy (l\u00e4nk) som uppdateras \u00e5rligen och g\u00e5s igenom med alla anst\u00e4llda<\/li>\n\n\n\n<li>H\u00e5ller \u00e5rlig h\u00e5llbarhetsrond med personalen d\u00e4r fr\u00e5gor om sexism, h\u00e4rskartekniker och annan diskriminering diskuteras<\/li>\n\n\n\n<li>Personalen anm\u00e4ler all eventuell sexism, h\u00e4rskarteknik och annan diskriminering till n\u00e4rmaste chef<\/li>\n\n\n\n<li>Genomf\u00f6r aktiviteter f\u00f6r att \u00f6ka j\u00e4mst\u00e4lldheten<\/li>\n\n\n\n<li>Behandlar alla, oberoende av \u00e5lder, k\u00f6n, sexuell l\u00e4ggning, religion och etnisk bakgrund<\/li>\n\n\n\n<li>p\u00e5 samma s\u00e4tt<\/li>\n\n\n\n<li>Alla anst\u00e4llda har \u201dlika l\u00f6n f\u00f6r lika arbete\u201d<\/li>\n\n\n\n<li>J\u00e4mlik rekryterings- och anst\u00e4llningspolicy<\/li>\n\n\n\n<li>Utbildning i psykisk h\u00e4lsa<\/li>\n<\/ul>\n\n\n\n<h5 class=\"wp-block-heading\"><strong>Visby Golfklubb arbetar s\u00e5 h\u00e4r med anst\u00e4llningss\u00e4kerhet och r\u00e4ttvisa<\/strong><\/h5>\n\n\n\n<ul class=\"is-style-tw-checkmark wp-block-list\">\n<li>Lagstadgade minimil\u00f6ner<\/li>\n\n\n\n<li>Skriftliga anst\u00e4llningskontrakt<\/li>\n\n\n\n<li>Betalar f\u00f6r \u00f6vertidstimmar<\/li>\n\n\n\n<li>F\u00f6ljer alla relevanta regler f\u00f6r egen och inhyrd personal<\/li>\n\n\n\n<li>F\u00f6ljer lagstiftning f\u00f6r s\u00e4kerhet p\u00e5 arbetsplatsen<\/li>\n<\/ul>\n\n\n\n<h5 class=\"wp-block-heading\"><strong>Visby Golfklubb uppmuntrar till personlig utveckling genom att<\/strong><\/h5>\n\n\n\n<ul class=\"is-style-tw-checkmark wp-block-list\">\n<li>Erbjuda vidareutbildningar f\u00f6r olika yrkeskategorier<\/li>\n\n\n\n<li>Arrangera utbildningsdagar p\u00e5 anl\u00e4ggningen<\/li>\n<\/ul>\n\n\n\n<h5 class=\"wp-block-heading\"><strong>Visby Golfklubb tar emot l\u00e4rlingar och praktiks\u00f6kande vid\/genom att<\/strong><\/h5>\n\n\n\n<ul class=\"is-style-tw-checkmark wp-block-list\">\n<li>Erbjuda arbetslivserfarenhet p\u00e5 banan (bansk\u00f6tsel)<\/li>\n\n\n\n<li>Att erbjuda arbetslivserfarenhet genom praktik i klubbhuset<\/li>\n\n\n\n<li>Samarbeten med lokala arbetsf\u00f6rmedlingen eller verksamheter f\u00f6r att hitta finansiering \/ kandidater<\/li>\n\n\n\n<li>Samarbeten med lokala skolor och h\u00f6gskolor<\/li>\n<\/ul>\n\n\n\n<h5 class=\"wp-block-heading\"><strong>S\u00e5 h\u00e4r engagerar och involverar Visby Golfklubb personalen i anl\u00e4ggningens h\u00e5llbarhetsl\u00f6ften<\/strong><\/h5>\n\n\n\n<ul class=\"is-style-tw-checkmark wp-block-list\">\n<li>Informerar om anl\u00e4ggningens h\u00e5llbarhets\u00e5taganden och personalens eget ansvar<\/li>\n\n\n\n<li>Ordnar ytterligare kurser f\u00f6r personalen om relevanta s\u00e4tt att arbete h\u00e5llbart (t ex seminarier f\u00f6r bansk\u00f6tare)<\/li>\n<\/ul>\n\n\n\n<h5 class=\"wp-block-heading\"><strong>S\u00e5 h\u00e4r intresserar och involverar Visby Golfklubb medlemmarna i h\u00e5llbarhetsarbetet<\/strong><\/h5>\n\n\n\n<ul class=\"is-style-tw-checkmark wp-block-list\">\n<li>Anv\u00e4nder sociala medier f\u00f6r att ber\u00e4tta f\u00f6r medlemmar och g\u00e4stande golfare om anl\u00e4ggningens h\u00e5llbarhetsarbete&nbsp;<\/li>\n\n\n\n<li>L\u00e4gger ut information om anl\u00e4ggningens h\u00e5llbarhetsarbete p\u00e5 klubbens hemsida<\/li>\n\n\n\n<li>S\u00e4tter upp information om anl\u00e4ggningens \u00e5taganden\/uppdateringar p\u00e5 TV-sk\u00e4rm<\/li>\n<\/ul>\n\n\n\n<h5 class=\"wp-block-heading\"><strong>S\u00e5 h\u00e4r marknadsf\u00f6r Visby Golfklubb Kronholmens ekologiska v\u00e4rden<\/strong><\/h5>\n\n\n\n<ul class=\"is-style-tw-checkmark wp-block-list\">\n<li>Bjuder in allm\u00e4nhet, kommun mm f\u00f6r att ber\u00e4tta om anl\u00e4ggningens naturv\u00e5rdsarbete<\/li>\n\n\n\n<li>S\u00e4tt upp skyltar p\u00e5 golfbanan som markerar viktiga naturv\u00e4rden livsmilj\u00f6er<\/li>\n\n\n\n<li>Involvera golfarna i banans naturv\u00e5rd<\/li>\n\n\n\n<li>Bjuder in eller p\u00e5 annat s\u00e4tt uppmuntrar lokala grupper att anv\u00e4nda klubbens faciliteter<\/li>\n\n\n\n<li>F\u00e5r &#8221;f\u00f6ljare&#8221; p\u00e5 v\u00e5ra egna sociala medier<\/li>\n<\/ul>\n\n\n\n<div class=\"wp-block-buttons is-layout-flex wp-block-buttons-is-layout-flex\">\n<div class=\"wp-block-button has-custom-font-size has-small-font-size\"><a class=\"wp-block-button__link wp-element-button\" href=\"https:\/\/www.visbygk.com\/sv\/besoka-kronholmen\/\">Vill du veta mer? Kontakta oss<\/a><\/div>\n<\/div>\n\n\n\n<div class=\"wp-block-buttons is-layout-flex wp-block-buttons-is-layout-flex\"><\/div>\n\n\n\n<hr class=\"wp-block-separator has-css-opacity\"\/>\n","protected":false},"excerpt":{"rendered":"<p>Alla lika \u2013 alla olika Golf kan spela en viktig roll och vara en m\u00f6jlighet f\u00f6r alla som vill omfamna h\u00e5llbarhet \u2013 f\u00f6r spelets, samh\u00e4llets och v\u00e5r planets b\u00e4sta. F\u00f6r&hellip;<\/p>\n","protected":false},"author":12,"featured_media":0,"parent":10715,"menu_order":0,"comment_status":"closed","ping_status":"closed","template":"tw-header-transparent-light.php","meta":{"_golfpress_post_requires_user":false,"footnotes":""},"class_list":["post-10757","page","type-page","status-publish","hentry"],"featured_image_urls_v2":{"full":"","thumbnail":"","medium":"","medium_large":"","large":"","1536x1536":"","2048x2048":"","post-thumbnail":"","twentytwenty-fullscreen":""},"post_excerpt_stackable_v2":"<p>Att n\u00e5 ut i samh\u00e4lletMedlemmar, g\u00e4ster och anst\u00e4lldaKommunikation Alla lika \u2013 alla olika Golf kan spela en viktig roll och vara en m\u00f6jlighet f\u00f6r alla som vill omfamna h\u00e5llbarhet \u2013 f\u00f6r spelets, samh\u00e4llets och v\u00e5r planets b\u00e4sta. F\u00f6r att \u00f6ka tillg\u00e4ngligheten p\u00e5 Kronholmen har Visby Golfklubb f\u00f6ljande V\u00e4derleksprognoser Promenadstigar \/vandringsleder Stigar l\u00e4mpliga f\u00f6r cykling Slingor f\u00f6r l\u00e4ngdskid\u00e5kning Intressanta kulturhistoriska l\u00e4mningar med information F\u00e5gelsk\u00e5dning Fritidsfiske Visby Golfklubb tillg\u00e4ngligg\u00f6r faciliteterna genom att Marknadsf\u00f6ra restaurangen och catering i n\u00e4romr\u00e5det Hyra ut restaurangdelen Erbjuder andra tj\u00e4nster externt, till exempel catering, hantering av evenemang mm Erbjuder anl\u00e4ggningen f\u00f6r allm\u00e4n anv\u00e4ndning, till exempel omkl\u00e4dningsrum eller f\u00f6rvaring&hellip;<\/p>\n","category_list_v2":"","author_info_v2":{"name":"Rasmus Evensen","url":"https:\/\/www.visbygk.com\/sv\/author\/rasmus\/"},"comments_num_v2":"0 comments","yoast_head":"<!-- This site is optimized with the Yoast SEO plugin v24.7 - https:\/\/yoast.com\/wordpress\/plugins\/seo\/ -->\n<title>Gemenskap - Visby GK<\/title>\n<meta name=\"description\" content=\"V\u00e4lkommen till en av Sveriges vackraste golfbanor! H\u00e4r p\u00e5 Visby GK och Kronholmen spelar vi golf och njuter av utsikten mot \u00d6stersj\u00f6n.\" \/>\n<meta name=\"robots\" content=\"index, follow, max-snippet:-1, max-image-preview:large, max-video-preview:-1\" \/>\n<link rel=\"canonical\" href=\"https:\/\/www.visbygk.com\/sv\/hallbarhet\/gemenskap\/\" \/>\n<meta property=\"og:locale\" content=\"sv_SE\" \/>\n<meta property=\"og:type\" content=\"article\" \/>\n<meta property=\"og:title\" content=\"Gemenskap - Visby GK\" \/>\n<meta property=\"og:description\" content=\"V\u00e4lkommen till en av Sveriges vackraste golfbanor! H\u00e4r p\u00e5 Visby GK och Kronholmen spelar vi golf och njuter av utsikten mot \u00d6stersj\u00f6n.\" \/>\n<meta property=\"og:url\" content=\"https:\/\/www.visbygk.com\/sv\/hallbarhet\/gemenskap\/\" \/>\n<meta property=\"og:site_name\" content=\"Visby GK\" \/>\n<meta property=\"article:modified_time\" content=\"2023-03-09T14:41:24+00:00\" \/>\n<meta property=\"og:image\" content=\"https:\/\/www.visbygk.com\/wp-content\/uploads\/2023\/03\/Certified_Logo_Reverse.png\" \/>\n<meta name=\"twitter:card\" content=\"summary_large_image\" \/>\n<meta name=\"twitter:label1\" content=\"Est. reading time\" \/>\n\t<meta name=\"twitter:data1\" content=\"3 minuter\" \/>\n<script type=\"application\/ld+json\" class=\"yoast-schema-graph\">{\"@context\":\"https:\/\/schema.org\",\"@graph\":[{\"@type\":\"WebPage\",\"@id\":\"https:\/\/www.visbygk.com\/sv\/hallbarhet\/gemenskap\/\",\"url\":\"https:\/\/www.visbygk.com\/sv\/hallbarhet\/gemenskap\/\",\"name\":\"Gemenskap - Visby GK\",\"isPartOf\":{\"@id\":\"https:\/\/www.visbygk.com\/sv\/#website\"},\"primaryImageOfPage\":{\"@id\":\"https:\/\/www.visbygk.com\/sv\/hallbarhet\/gemenskap\/#primaryimage\"},\"image\":{\"@id\":\"https:\/\/www.visbygk.com\/sv\/hallbarhet\/gemenskap\/#primaryimage\"},\"thumbnailUrl\":\"https:\/\/www.visbygk.com\/wp-content\/uploads\/2023\/03\/Certified_Logo_Reverse.png\",\"datePublished\":\"2023-02-27T10:58:39+00:00\",\"dateModified\":\"2023-03-09T14:41:24+00:00\",\"description\":\"V\u00e4lkommen till en av Sveriges vackraste golfbanor! H\u00e4r p\u00e5 Visby GK och Kronholmen spelar vi golf och njuter av utsikten mot \u00d6stersj\u00f6n.\",\"breadcrumb\":{\"@id\":\"https:\/\/www.visbygk.com\/sv\/hallbarhet\/gemenskap\/#breadcrumb\"},\"inLanguage\":\"sv-SE\",\"potentialAction\":[{\"@type\":\"ReadAction\",\"target\":[\"https:\/\/www.visbygk.com\/sv\/hallbarhet\/gemenskap\/\"]}]},{\"@type\":\"ImageObject\",\"inLanguage\":\"sv-SE\",\"@id\":\"https:\/\/www.visbygk.com\/sv\/hallbarhet\/gemenskap\/#primaryimage\",\"url\":\"https:\/\/www.visbygk.com\/wp-content\/uploads\/2023\/03\/Certified_Logo_Reverse.png\",\"contentUrl\":\"https:\/\/www.visbygk.com\/wp-content\/uploads\/2023\/03\/Certified_Logo_Reverse.png\"},{\"@type\":\"BreadcrumbList\",\"@id\":\"https:\/\/www.visbygk.com\/sv\/hallbarhet\/gemenskap\/#breadcrumb\",\"itemListElement\":[{\"@type\":\"ListItem\",\"position\":1,\"name\":\"Home\",\"item\":\"https:\/\/www.visbygk.com\/sv\/\"},{\"@type\":\"ListItem\",\"position\":2,\"name\":\"H\u00e5llbarhet\",\"item\":\"https:\/\/www.visbygk.com\/sv\/hallbarhet\/\"},{\"@type\":\"ListItem\",\"position\":3,\"name\":\"Gemenskap\"}]},{\"@type\":\"WebSite\",\"@id\":\"https:\/\/www.visbygk.com\/sv\/#website\",\"url\":\"https:\/\/www.visbygk.com\/sv\/\",\"name\":\"Visby GK\",\"description\":\"Visby GK\",\"publisher\":{\"@id\":\"https:\/\/www.visbygk.com\/sv\/#organization\"},\"potentialAction\":[{\"@type\":\"SearchAction\",\"target\":{\"@type\":\"EntryPoint\",\"urlTemplate\":\"https:\/\/www.visbygk.com\/sv\/?s={search_term_string}\"},\"query-input\":{\"@type\":\"PropertyValueSpecification\",\"valueRequired\":true,\"valueName\":\"search_term_string\"}}],\"inLanguage\":\"sv-SE\"},{\"@type\":\"Organization\",\"@id\":\"https:\/\/www.visbygk.com\/sv\/#organization\",\"name\":\"Visby GK\",\"url\":\"https:\/\/www.visbygk.com\/sv\/\",\"logo\":{\"@type\":\"ImageObject\",\"inLanguage\":\"sv-SE\",\"@id\":\"https:\/\/www.visbygk.com\/sv\/#\/schema\/logo\/image\/\",\"url\":\"https:\/\/www.visbygk.com\/wp-content\/uploads\/2021\/01\/visbygk-svart-1.png\",\"contentUrl\":\"https:\/\/www.visbygk.com\/wp-content\/uploads\/2021\/01\/visbygk-svart-1.png\",\"width\":800,\"height\":800,\"caption\":\"Visby GK\"},\"image\":{\"@id\":\"https:\/\/www.visbygk.com\/sv\/#\/schema\/logo\/image\/\"}}]}<\/script>\n<!-- \/ Yoast SEO plugin. -->","yoast_head_json":{"title":"Gemenskap - Visby GK","description":"V\u00e4lkommen till en av Sveriges vackraste golfbanor! H\u00e4r p\u00e5 Visby GK och Kronholmen spelar vi golf och njuter av utsikten mot \u00d6stersj\u00f6n.","robots":{"index":"index","follow":"follow","max-snippet":"max-snippet:-1","max-image-preview":"max-image-preview:large","max-video-preview":"max-video-preview:-1"},"canonical":"https:\/\/www.visbygk.com\/sv\/hallbarhet\/gemenskap\/","og_locale":"sv_SE","og_type":"article","og_title":"Gemenskap - Visby GK","og_description":"V\u00e4lkommen till en av Sveriges vackraste golfbanor! H\u00e4r p\u00e5 Visby GK och Kronholmen spelar vi golf och njuter av utsikten mot \u00d6stersj\u00f6n.","og_url":"https:\/\/www.visbygk.com\/sv\/hallbarhet\/gemenskap\/","og_site_name":"Visby GK","article_modified_time":"2023-03-09T14:41:24+00:00","og_image":[{"url":"https:\/\/www.visbygk.com\/wp-content\/uploads\/2023\/03\/Certified_Logo_Reverse.png","type":"","width":"","height":""}],"twitter_card":"summary_large_image","twitter_misc":{"Est. reading time":"3 minuter"},"schema":{"@context":"https:\/\/schema.org","@graph":[{"@type":"WebPage","@id":"https:\/\/www.visbygk.com\/sv\/hallbarhet\/gemenskap\/","url":"https:\/\/www.visbygk.com\/sv\/hallbarhet\/gemenskap\/","name":"Gemenskap - Visby GK","isPartOf":{"@id":"https:\/\/www.visbygk.com\/sv\/#website"},"primaryImageOfPage":{"@id":"https:\/\/www.visbygk.com\/sv\/hallbarhet\/gemenskap\/#primaryimage"},"image":{"@id":"https:\/\/www.visbygk.com\/sv\/hallbarhet\/gemenskap\/#primaryimage"},"thumbnailUrl":"https:\/\/www.visbygk.com\/wp-content\/uploads\/2023\/03\/Certified_Logo_Reverse.png","datePublished":"2023-02-27T10:58:39+00:00","dateModified":"2023-03-09T14:41:24+00:00","description":"V\u00e4lkommen till en av Sveriges vackraste golfbanor! H\u00e4r p\u00e5 Visby GK och Kronholmen spelar vi golf och njuter av utsikten mot \u00d6stersj\u00f6n.","breadcrumb":{"@id":"https:\/\/www.visbygk.com\/sv\/hallbarhet\/gemenskap\/#breadcrumb"},"inLanguage":"sv-SE","potentialAction":[{"@type":"ReadAction","target":["https:\/\/www.visbygk.com\/sv\/hallbarhet\/gemenskap\/"]}]},{"@type":"ImageObject","inLanguage":"sv-SE","@id":"https:\/\/www.visbygk.com\/sv\/hallbarhet\/gemenskap\/#primaryimage","url":"https:\/\/www.visbygk.com\/wp-content\/uploads\/2023\/03\/Certified_Logo_Reverse.png","contentUrl":"https:\/\/www.visbygk.com\/wp-content\/uploads\/2023\/03\/Certified_Logo_Reverse.png"},{"@type":"BreadcrumbList","@id":"https:\/\/www.visbygk.com\/sv\/hallbarhet\/gemenskap\/#breadcrumb","itemListElement":[{"@type":"ListItem","position":1,"name":"Home","item":"https:\/\/www.visbygk.com\/sv\/"},{"@type":"ListItem","position":2,"name":"H\u00e5llbarhet","item":"https:\/\/www.visbygk.com\/sv\/hallbarhet\/"},{"@type":"ListItem","position":3,"name":"Gemenskap"}]},{"@type":"WebSite","@id":"https:\/\/www.visbygk.com\/sv\/#website","url":"https:\/\/www.visbygk.com\/sv\/","name":"Visby GK","description":"Visby GK","publisher":{"@id":"https:\/\/www.visbygk.com\/sv\/#organization"},"potentialAction":[{"@type":"SearchAction","target":{"@type":"EntryPoint","urlTemplate":"https:\/\/www.visbygk.com\/sv\/?s={search_term_string}"},"query-input":{"@type":"PropertyValueSpecification","valueRequired":true,"valueName":"search_term_string"}}],"inLanguage":"sv-SE"},{"@type":"Organization","@id":"https:\/\/www.visbygk.com\/sv\/#organization","name":"Visby GK","url":"https:\/\/www.visbygk.com\/sv\/","logo":{"@type":"ImageObject","inLanguage":"sv-SE","@id":"https:\/\/www.visbygk.com\/sv\/#\/schema\/logo\/image\/","url":"https:\/\/www.visbygk.com\/wp-content\/uploads\/2021\/01\/visbygk-svart-1.png","contentUrl":"https:\/\/www.visbygk.com\/wp-content\/uploads\/2021\/01\/visbygk-svart-1.png","width":800,"height":800,"caption":"Visby GK"},"image":{"@id":"https:\/\/www.visbygk.com\/sv\/#\/schema\/logo\/image\/"}}]}},"_links":{"self":[{"href":"https:\/\/www.visbygk.com\/sv\/wp-json\/wp\/v2\/pages\/10757","targetHints":{"allow":["GET"]}}],"collection":[{"href":"https:\/\/www.visbygk.com\/sv\/wp-json\/wp\/v2\/pages"}],"about":[{"href":"https:\/\/www.visbygk.com\/sv\/wp-json\/wp\/v2\/types\/page"}],"author":[{"embeddable":true,"href":"https:\/\/www.visbygk.com\/sv\/wp-json\/wp\/v2\/users\/12"}],"replies":[{"embeddable":true,"href":"https:\/\/www.visbygk.com\/sv\/wp-json\/wp\/v2\/comments?post=10757"}],"version-history":[{"count":10,"href":"https:\/\/www.visbygk.com\/sv\/wp-json\/wp\/v2\/pages\/10757\/revisions"}],"predecessor-version":[{"id":10917,"href":"https:\/\/www.visbygk.com\/sv\/wp-json\/wp\/v2\/pages\/10757\/revisions\/10917"}],"up":[{"embeddable":true,"href":"https:\/\/www.visbygk.com\/sv\/wp-json\/wp\/v2\/pages\/10715"}],"wp:attachment":[{"href":"https:\/\/www.visbygk.com\/sv\/wp-json\/wp\/v2\/media?parent=10757"}],"curies":[{"name":"wp","href":"https:\/\/api.w.org\/{rel}","templated":true}]}}