{"id":10747,"date":"2023-02-27T11:57:08","date_gmt":"2023-02-27T10:57:08","guid":{"rendered":"https:\/\/www.visbygk.com\/?page_id=10747"},"modified":"2023-03-10T11:48:26","modified_gmt":"2023-03-10T10:48:26","slug":"resurser","status":"publish","type":"page","link":"https:\/\/www.visbygk.com\/sv\/hallbarhet\/resurser\/","title":{"rendered":"Resurser"},"content":{"rendered":"\n<div class=\"wp-block-cover alignfull is-light has-parallax has-background-dim-20 has-background-dim\" style=\"min-height:100vh;aspect-ratio:unset;\"><span aria-hidden=\"true\" class=\"wp-block-cover__background has-background-dim-0 has-background-dim\"><\/span><div role=\"img\" class=\"wp-block-cover__image-background wp-image-10750 has-parallax\" style=\"background-position:50% 50%;background-image:url(https:\/\/www.visbygk.com\/wp-content\/uploads\/2023\/02\/hero-resurser.jpg)\"><\/div><div class=\"wp-block-cover__inner-container is-layout-flow wp-block-cover-is-layout-flow\">\n<h1 class=\"has-text-align-center wp-block-heading\" id=\"visby-golfklubb\" style=\"font-size:50px\"><span style=\"color: #ededed;\" class=\"stk-highlight\">Vatten<\/span><br>Energi<br>Material<\/h1>\n\n\n<div class=\"wp-block-image\">\n<figure class=\"aligncenter size-full\"><img decoding=\"async\" width=\"100\" height=\"104\" sizes=\"(max-width: 799px) 200vw,(max-width: 1920px) 100vw,1920px\" src=\"https:\/\/www.visbygk.com\/wp-content\/uploads\/2023\/03\/Certified_Logo_Reverse.png\" alt=\"\" class=\"wp-image-10906\"\/><\/figure><\/div><\/div><\/div>\n\n\n\n<h2 class=\"wp-block-heading\">V\u00e5rda resurserna \u2013 nyckeln till framg\u00e5ng<\/h2>\n\n\n\n<p>Vatten \u00e4r nyckeln till v\u00e5r \u00e4lskade golfbanas v\u00e4lm\u00e5ende. Vatten \u00e4r blodomloppet som f\u00f6rser och ingjuter varje organ; greener, fairway och ruff med liv. Jorden \u00e4r musklerna. Gr\u00e4set huden. Inget vatten \u2013 inget liv.<\/p>\n\n\n\n<h5 class=\"wp-block-heading\"><strong><strong>S\u00e5 h\u00e4r arbetar Visby Golfklubb f\u00f6r att minska den totala bevattningsytan<\/strong><\/strong><\/h5>\n\n\n\n<ul class=\"is-style-tw-checkmark wp-block-list\">\n<li>Bevattning styrs endast till viktigaste spelytorna<\/li>\n\n\n\n<li>L\u00e5ter banan bli naturligare, genom att anpassa v\u00e5ra v\u00e4xter \/ planteringar<\/li>\n\n\n\n<li>Byter till v\u00e4xter som klarar torka, d\u00e4r det fungerar<\/li>\n\n\n\n<li>V\u00e4ljer gr\u00e4ssorter som passar i v\u00e5rt klimat och lokala f\u00f6rh\u00e5llanden<\/li>\n<\/ul>\n\n\n\n<h5 class=\"wp-block-heading\"><strong><strong>Detta tar Visby Golfklubb h\u00e4nsyn till vid schemal\u00e4ggning av bevattning<\/strong><\/strong><\/h5>\n\n\n\n<ul class=\"is-style-tw-checkmark wp-block-list\">\n<li>V\u00e4derleksprognoser<\/li>\n\n\n\n<li>Lokalt mikroklimat<\/li>\n\n\n\n<li>Fuktighetsm\u00e4tare (TDR)<\/li>\n\n\n\n<li>Data fr\u00e5n andra v\u00e4derstationer<\/li>\n\n\n\n<li>Tidigare klimat-och v\u00e4dernoteringar<\/li>\n<\/ul>\n\n\n\n<h5 class=\"wp-block-heading\"><strong><strong>S\u00e5 h\u00e4r g\u00f6r Visby Golfklubb f\u00f6r att begr\u00e4nsa\/effektivisera bevattningen<\/strong><\/strong><\/h5>\n\n\n\n<ul class=\"is-style-tw-checkmark wp-block-list\">\n<li>Utbildar banpersonal i god bevattningsteknik<\/li>\n\n\n\n<li>Justerar spridarmunstycken s\u00e5 att endast spelytor vattnas<\/li>\n\n\n\n<li>Genomf\u00f6r bevattningsrevision<\/li>\n\n\n\n<li>Anv\u00e4nder moderna spridare<\/li>\n\n\n\n<li>Genomf\u00f6r en spridartest f\u00f6r att kolla spridningsbilden<\/li>\n\n\n\n<li>Handvattnar n\u00e4r det beh\u00f6vs<\/li>\n\n\n\n<li>Vattnar p\u00e5 kv\u00e4llar och n\u00e4tter<\/li>\n\n\n\n<li>Investerat i dubbelradig bevattning i st\u00e4llet f\u00f6r enkelradig vilket minskar f\u00f6rbrukningen med 30%<\/li>\n\n\n\n<li>Allt vatten tas ur egna dammar, slutet kretslopp<\/li>\n\n\n\n<li>All dr\u00e4nering rinner till dammarna<\/li>\n\n\n\n<li>Utv\u00e4rderar nya tekniska r\u00f6n kring bevattning<\/li>\n\n\n\n<li>Anv\u00e4nder system som kan finjusteras (Dator, mobil)<\/li>\n<\/ul>\n\n\n\n<h5 class=\"wp-block-heading\"><strong>F\u00f6ljande f\u00f6rb\u00e4ttringar har Visby Golfklubb gjort de senaste 10 \u00e5ren<\/strong><\/h5>\n\n\n\n<ul class=\"is-style-tw-checkmark wp-block-list\">\n<li>Inventerar alla livsmilj\u00f6er (Biotoper) p\u00e5 och runt anl\u00e4ggningen<\/li>\n\n\n\n<li>Pump\/styrning (Programvara)<\/li>\n\n\n\n<li>Sprinklers och munstycken<\/li>\n\n\n\n<li>Filter<\/li>\n\n\n\n<li>Investerat i dubbelradig bevattning<\/li>\n\n\n\n<li>Ombyggnad av greener f\u00f6r att minska bevattningen<\/li>\n<\/ul>\n\n\n\n<h5 class=\"wp-block-heading\"><strong><strong><strong>Visby Golfklubb har f\u00f6ljande vattenbesparande installationer<\/strong><\/strong><\/strong><\/h5>\n\n\n\n<ul class=\"is-style-tw-checkmark wp-block-list\">\n<li>Sn\u00e5lspolande toaletter<\/li>\n\n\n\n<li>Diskmaskin, Vattensn\u00e5l<\/li>\n\n\n\n<li>Tv\u00e4ttmaskin, Vattensn\u00e5l<\/li>\n<\/ul>\n\n\n\n<h5 class=\"wp-block-heading\"><strong>Visby Golfklubb hanterar vattenresurserna ansvarsfullt genom att<\/strong><\/h5>\n\n\n\n<ul class=\"is-style-tw-checkmark wp-block-list\">\n<li>Ha de tillst\u00e5nd som kr\u00e4vs (ex vattendom)<\/li>\n\n\n\n<li>Registrera och rapportera vattenf\u00f6rbrukning till ex. kommunen<\/li>\n<\/ul>\n\n\n\n<h5 class=\"wp-block-heading\"><strong><strong><strong>F\u00f6ljande alternativa vattenresurser anv\u00e4nds p\u00e5 Visby Golfklubb<\/strong><\/strong><\/strong><\/h5>\n\n\n\n<ul class=\"is-style-tw-checkmark wp-block-list\">\n<li>Anv\u00e4nder inte dricksvatten f\u00f6r bevattning<\/li>\n\n\n\n<li>Samlar regnvatten fr\u00e5n h\u00e5rdgjorda ytor (ex. parkering, tak mm)<\/li>\n<\/ul>\n\n\n\n<h3 class=\"wp-block-heading\"><strong><strong><strong>Energi<\/strong><\/strong><\/strong><\/h3>\n\n\n\n<h5 class=\"wp-block-heading\"><strong><strong><strong>S\u00e5 h\u00e4r arbetar Visby Golfklubb f\u00f6r att undvika on\u00f6dig sk\u00f6tsel<\/strong><\/strong><\/strong><\/h5>\n\n\n\n<ul class=\"is-style-tw-checkmark wp-block-list\">\n<li>Minskar p\u00e5 klippning, bevattning och andra energikr\u00e4vande insatser p\u00e5 naturomr\u00e5den som inte \u00e4r i spel<\/li>\n\n\n\n<li>Byter v\u00e4xtlighet mot sorter som inte kr\u00e4ver mycket vatten eller sk\u00f6tsel<\/li>\n<\/ul>\n\n\n\n<h5 class=\"wp-block-heading\"><strong><strong>Visby Golfklubb har f\u00f6ljande fordon som drivs med alternativa br\u00e4nslen<\/strong><\/strong><\/h5>\n\n\n\n<ul class=\"is-style-tw-checkmark wp-block-list\">\n<li>Laddningsbara golfbilar<\/li>\n\n\n\n<li>Laddningsbara transportfordon<\/li>\n\n\n\n<li>Laddningsbara klippare \/annan utrustning<\/li>\n\n\n\n<li>Hybridfordon<\/li>\n\n\n\n<li>Hybridklippare \/annan utrustning<\/li>\n<\/ul>\n\n\n\n<h5 class=\"wp-block-heading\"><strong><strong>Visby Golfklubb jobbar med att minska elf\u00f6rbrukningen genom att<\/strong><\/strong><\/h5>\n\n\n\n<ul class=\"is-style-tw-checkmark wp-block-list\">\n<li>Regelbundet g\u00e5 igenom elr\u00e4kningen<\/li>\n\n\n\n<li>Best\u00e4lla professionell energirevision<\/li>\n\n\n\n<li>Kategoriserar och f\u00f6ljer energif\u00f6rbrukningen<\/li>\n\n\n\n<li>G\u00e5 in p\u00e5 energileverant\u00f6rens hemsida f\u00f6r tips och r\u00e5d<\/li>\n\n\n\n<li>Kontrollera anl\u00e4ggningens upps\u00e4kring s\u00e5 att den \u00e4r optimal f\u00f6r verksamheten<\/li>\n\n\n\n<li>Anv\u00e4nda automatiska str\u00f6mbrytare<\/li>\n\n\n\n<li>Anv\u00e4nda bergv\u00e4rme<\/li>\n<\/ul>\n\n\n\n<h5 class=\"wp-block-heading\"><strong><strong>Visby Golfklubb uppmuntrar till energisparande genom<\/strong><\/strong><\/h5>\n\n\n\n<ul class=\"is-style-tw-checkmark wp-block-list\">\n<li>Personalutbildning<\/li>\n<\/ul>\n\n\n\n<h5 class=\"wp-block-heading\"><strong><strong>H\u00e5llbart byggande och passiv design p\u00e5 Visby Golfklubbs anl\u00e4ggning<\/strong><\/strong><\/h5>\n\n\n\n<ul class=\"is-style-tw-checkmark wp-block-list\">\n<li>Utnyttja naturligt ljus (takf\u00f6nster, stora f\u00f6nster, r\u00f6r som omvandlar solsken till v\u00e4rme, etc)<\/li>\n\n\n\n<li>Utnyttjar l\u00e4get f\u00f6r god, naturlig ventilation<\/li>\n\n\n\n<li>Planterade tr\u00e4d och buskar f\u00f6r att skydda fr\u00e5n vind och ge skugga<\/li>\n<\/ul>\n\n\n\n<h5 class=\"wp-block-heading\"><strong><strong>Visby Golfklubb har h\u00e5llbarhetscertifiering f\u00f6r byggnader genom<\/strong><\/strong><\/h5>\n\n\n\n<ul class=\"is-style-tw-checkmark wp-block-list\">\n<li>Uppfylla lokala byggnormer mm<\/li>\n<\/ul>\n\n\n\n<h5 class=\"wp-block-heading\"><strong><strong>Visby Golfklubb effektiviserar energianv\u00e4ndningen genom att ha<\/strong><\/strong><\/h5>\n\n\n\n<ul class=\"is-style-tw-checkmark wp-block-list\">\n<li>Sensorer f\u00f6r inomhusbelysning<\/li>\n\n\n\n<li>Automatiska timers f\u00f6r belysning (justeras efter s\u00e4song)<\/li>\n\n\n\n<li>Energieffektiv utomhusbelysning (sol, r\u00f6relsedetektorer, timers)<\/li>\n\n\n\n<li>LED lampor<\/li>\n<\/ul>\n\n\n\n<h5 class=\"wp-block-heading\"><strong><strong>F\u00f6ljande \u00f6versyn av Visby Golfklubbs v\u00e4rme- och kylanl\u00e4ggningar g\u00f6rs \/\u00e4r gjort<\/strong><\/strong><\/h5>\n\n\n\n<ul class=\"is-style-tw-checkmark wp-block-list\">\n<li>Justerat v\u00e4rme- och kyla efter s\u00e4song och utbildat v\u00e5r personalen<\/li>\n\n\n\n<li>Uppgraderat till ett effektivare system v\u00e4rme\/kyla<\/li>\n<\/ul>\n\n\n\n<h5 class=\"wp-block-heading\"><strong><strong><strong>Visby Golfklubb blir mer h\u00e5llbara n\u00e4r det g\u00e4ller energi genom att<\/strong><\/strong><\/strong><\/h5>\n\n\n\n<ul class=\"is-style-tw-checkmark wp-block-list\">\n<li>Identifiera vilken typ av el vi k\u00f6per<\/li>\n\n\n\n<li>Byta till milj\u00f6v\u00e4nlig el<\/li>\n\n\n\n<li>Byta till el- eller hybridfordon, om m\u00f6jligt<\/li>\n\n\n\n<li>Ta in experter f\u00f6r att titta p\u00e5 potentiella sm\u00e5skaliga f\u00f6rnybara energik\u00e4llor, som solenergi, solceller, biomassa, vindkraftverk, mikrokraft etc.<\/li>\n\n\n\n<li>Ha elverk som s\u00e4kerhet mot str\u00f6mavbrott<\/li>\n<\/ul>\n\n\n\n<h3 class=\"wp-block-heading\"><strong>Material<\/strong><\/h3>\n\n\n\n<h5 class=\"wp-block-heading\"><strong><strong><strong><strong>Visby Golfklubb har slutat med f\u00f6ljande eng\u00e5ngsartiklar<\/strong><\/strong><\/strong><\/strong><\/h5>\n\n\n\n<ul class=\"is-style-tw-checkmark wp-block-list\">\n<li>Plastbestick<\/li>\n\n\n\n<li>Plastmuggar<\/li>\n\n\n\n<li>Plastp\u00e5sar (f\u00f6r ink\u00f6p)<\/li>\n<\/ul>\n\n\n\n<h5 class=\"wp-block-heading\"><strong><strong><strong><strong><strong>Visby Golfklubb minskar f\u00f6rbrukningen genom att<\/strong><\/strong><\/strong><\/strong><\/strong><\/h5>\n\n\n\n<ul class=\"is-style-tw-checkmark wp-block-list\">\n<li>Tar h\u00e4nsyn till produkters h\u00e5llbarhet \u00f6ver tid vid best\u00e4llning<\/li>\n\n\n\n<li>Har god koll p\u00e5 lagerh\u00e5llning f\u00f6r restaurang och drift, f\u00f6r att undvika on\u00f6diga best\u00e4llningar<\/li>\n<\/ul>\n\n\n\n<h5 class=\"wp-block-heading\"><strong><strong><strong><strong><strong>Visby Golfklubb skapar en h\u00e5llbar ink\u00f6pspolicy genom att<\/strong><\/strong><\/strong><\/strong><\/strong><\/h5>\n\n\n\n<ul class=\"is-style-tw-checkmark wp-block-list\">\n<li>K\u00f6per i storpack, om m\u00f6jligt, f\u00f6r att undvika on\u00f6diga f\u00f6rpackningar<\/li>\n\n\n\n<li>K\u00f6per milj\u00f6v\u00e4nliga reng\u00f6ringsprodukter<\/li>\n\n\n\n<li>S\u00e4songsanpassar restaurangens menyer f\u00f6r att anv\u00e4nda lokala r\u00e5varor<\/li>\n\n\n\n<li>Fundera p\u00e5 att samordna ink\u00f6p med n\u00e4rliggande f\u00f6retag<\/li>\n<\/ul>\n\n\n\n<h5 class=\"wp-block-heading\"><strong><strong><strong><strong><strong>Visby Golfklubb funderar p\u00e5 att<\/strong><\/strong><\/strong><\/strong><\/strong><\/h5>\n\n\n\n<ul class=\"is-style-tw-checkmark wp-block-list\">\n<li>I h\u00f6gre grad k\u00f6pa varor gjorda av \u00e5tervunnet eller h\u00e5llbart material<\/li>\n\n\n\n<li>St\u00e4lla krav p\u00e5 att leverant\u00f6rer \u00e4r engagerade i h\u00e5llbarhet<\/li>\n\n\n\n<li>Efterlysa \u00e5tervinningsbara alt. komposterbara f\u00f6rpackningar av leverant\u00f6rer<\/li>\n\n\n\n<li>Kr\u00e4va att leverant\u00f6rer har h\u00e5llbarhetspolicy \/ansvar<\/li>\n<\/ul>\n\n\n\n<h5 class=\"wp-block-heading\"><strong><strong><strong><strong><strong>Visby Golfklubb k\u00f6per ekologiska och milj\u00f6certifierade produkter exempelvis<\/strong><\/strong><\/strong><\/strong><\/strong><\/h5>\n\n\n\n<ul class=\"is-style-tw-checkmark wp-block-list\">\n<li>MSC-m\u00e4rkt fisk och skaldjur<\/li>\n\n\n\n<li>KRAV-m\u00e4rkta livsmedel<\/li>\n\n\n\n<li>Rainforest Alliance-m\u00e4rkta produkter<\/li>\n<\/ul>\n\n\n\n<h5 class=\"wp-block-heading\"><strong><strong><strong><strong><strong>Visby Golfklubb v\u00e4ljer \u00e5teranv\u00e4nt\/\u00e5tervunnet material s\u00e5 som<\/strong><\/strong><\/strong><\/strong><\/strong><\/h5>\n\n\n\n<ul class=\"is-style-tw-checkmark wp-block-list\">\n<li>Krossad sten, betong etc.<\/li>\n\n\n\n<li>Komposterad jord<\/li>\n<\/ul>\n\n\n\n<h5 class=\"wp-block-heading\"><strong>Visby Golfklubb samlar in och \u00e5teranv\u00e4nder eller komposterar f\u00f6ljande material<\/strong><\/h5>\n\n\n\n<ul class=\"is-style-tw-checkmark wp-block-list\">\n<li>Jord och sand<\/li>\n\n\n\n<li>Upptaget material vid h\u00e5lpipning<\/li>\n\n\n\n<li>Avtorvad turf<\/li>\n\n\n\n<li>Gr\u00e4sklipp<\/li>\n\n\n\n<li>Avfall fr\u00e5n k\u00f6k<\/li>\n<\/ul>\n\n\n\n<h5 class=\"wp-block-heading\"><strong><strong>Visby Golfklubb utbildar sin personal i \u00e5tervinning och hanterar avfall s\u00e5 h\u00e4r<\/strong><\/strong><\/h5>\n\n\n\n<ul class=\"is-style-tw-checkmark wp-block-list\">\n<li>G\u00e5r igenom soph\u00e4mtningsr\u00e4kningarna<\/li>\n\n\n\n<li>Kontaktar avfallsentrepren\u00f6ren f\u00f6r g\u00e5 igenom tj\u00e4nster, f\u00f6reskrifter och f\u00e5 r\u00e5d samt f\u00f6rhandla fram det b\u00e4sta avtalet<\/li>\n\n\n\n<li>Samarbetar med andra lokala f\u00f6retag f\u00f6r att f\u00e5 de b\u00e4sta priserna fr\u00e5n avfallsentrepren\u00f6rerna<\/li>\n\n\n\n<li>Beg\u00e4r minsta m\u00f6jliga, \u00e5teranv\u00e4ndbara eller \u00e5tervinningsbara f\u00f6rpackningar fr\u00e5n leverant\u00f6rer<\/li>\n<\/ul>\n\n\n\n<h5 class=\"wp-block-heading\"><strong>Visby Golfklubb och Kronholmen Restaurang &amp; Bar minskar matsvinn genom att<\/strong><\/h5>\n\n\n\n<ul class=\"is-style-tw-checkmark wp-block-list\">\n<li>Noggranna med planering av v\u00e5r meny<\/li>\n\n\n\n<li>Anpassning av portionsstorlek<\/li>\n\n\n\n<li>Planera ink\u00f6p av f\u00e4rskvaror<\/li>\n<\/ul>\n\n\n\n<h5 class=\"wp-block-heading\"><strong>Visby Golfklubb anv\u00e4nder godk\u00e4nda avfallsf\u00f6retag f\u00f6r<\/strong><\/h5>\n\n\n\n<ul class=\"is-style-tw-checkmark wp-block-list\">\n<li>Vanliga sopor<\/li>\n\n\n\n<li>Farligt avfall<\/li>\n\n\n\n<li>Industriavfall<\/li>\n\n\n\n<li>Gr\u00f6nt avfall (v\u00e4xtbaserat)<\/li>\n<\/ul>\n\n\n\n<div class=\"wp-block-buttons is-layout-flex wp-block-buttons-is-layout-flex\">\n<div class=\"wp-block-button has-custom-font-size has-small-font-size\"><a class=\"wp-block-button__link wp-element-button\" href=\"https:\/\/www.visbygk.com\/sv\/besoka-kronholmen\/\">Vill du veta mer? Kontakta oss<\/a><\/div>\n<\/div>\n\n\n\n<div class=\"wp-block-buttons is-layout-flex wp-block-buttons-is-layout-flex\"><\/div>\n\n\n\n<hr class=\"wp-block-separator has-css-opacity\"\/>\n","protected":false},"excerpt":{"rendered":"<p>V\u00e5rda resurserna \u2013 nyckeln till framg\u00e5ng Vatten \u00e4r nyckeln till v\u00e5r \u00e4lskade golfbanas v\u00e4lm\u00e5ende. Vatten \u00e4r blodomloppet som f\u00f6rser och ingjuter varje organ; greener, fairway och ruff med liv. Jorden&hellip;<\/p>\n","protected":false},"author":12,"featured_media":0,"parent":10715,"menu_order":0,"comment_status":"closed","ping_status":"closed","template":"tw-header-transparent-light.php","meta":{"_golfpress_post_requires_user":false,"footnotes":""},"class_list":["post-10747","page","type-page","status-publish","hentry"],"featured_image_urls_v2":{"full":"","thumbnail":"","medium":"","medium_large":"","large":"","1536x1536":"","2048x2048":"","post-thumbnail":"","twentytwenty-fullscreen":""},"post_excerpt_stackable_v2":"<p>VattenEnergiMaterial V\u00e5rda resurserna \u2013 nyckeln till framg\u00e5ng Vatten \u00e4r nyckeln till v\u00e5r \u00e4lskade golfbanas v\u00e4lm\u00e5ende. Vatten \u00e4r blodomloppet som f\u00f6rser och ingjuter varje organ; greener, fairway och ruff med liv. Jorden \u00e4r musklerna. Gr\u00e4set huden. Inget vatten \u2013 inget liv. S\u00e5 h\u00e4r arbetar Visby Golfklubb f\u00f6r att minska den totala bevattningsytan Bevattning styrs endast till viktigaste spelytorna L\u00e5ter banan bli naturligare, genom att anpassa v\u00e5ra v\u00e4xter \/ planteringar Byter till v\u00e4xter som klarar torka, d\u00e4r det fungerar V\u00e4ljer gr\u00e4ssorter som passar i v\u00e5rt klimat och lokala f\u00f6rh\u00e5llanden Detta tar Visby Golfklubb h\u00e4nsyn till vid schemal\u00e4ggning av bevattning V\u00e4derleksprognoser Lokalt mikroklimat&hellip;<\/p>\n","category_list_v2":"","author_info_v2":{"name":"Rasmus Evensen","url":"https:\/\/www.visbygk.com\/sv\/author\/rasmus\/"},"comments_num_v2":"0 comments","yoast_head":"<!-- This site is optimized with the Yoast SEO plugin v24.7 - https:\/\/yoast.com\/wordpress\/plugins\/seo\/ -->\n<title>Resurser - Visby GK<\/title>\n<meta name=\"description\" content=\"V\u00e4lkommen till en av Sveriges vackraste golfbanor! H\u00e4r p\u00e5 Visby GK och Kronholmen spelar vi golf och njuter av utsikten mot \u00d6stersj\u00f6n.\" \/>\n<meta name=\"robots\" content=\"index, follow, max-snippet:-1, max-image-preview:large, max-video-preview:-1\" \/>\n<link rel=\"canonical\" href=\"https:\/\/www.visbygk.com\/sv\/hallbarhet\/resurser\/\" \/>\n<meta property=\"og:locale\" content=\"sv_SE\" \/>\n<meta property=\"og:type\" content=\"article\" \/>\n<meta property=\"og:title\" content=\"Resurser - Visby GK\" \/>\n<meta property=\"og:description\" content=\"V\u00e4lkommen till en av Sveriges vackraste golfbanor! H\u00e4r p\u00e5 Visby GK och Kronholmen spelar vi golf och njuter av utsikten mot \u00d6stersj\u00f6n.\" \/>\n<meta property=\"og:url\" content=\"https:\/\/www.visbygk.com\/sv\/hallbarhet\/resurser\/\" \/>\n<meta property=\"og:site_name\" content=\"Visby GK\" \/>\n<meta property=\"article:modified_time\" content=\"2023-03-10T10:48:26+00:00\" \/>\n<meta property=\"og:image\" content=\"https:\/\/www.visbygk.com\/wp-content\/uploads\/2023\/03\/Certified_Logo_Reverse.png\" \/>\n<meta name=\"twitter:card\" content=\"summary_large_image\" \/>\n<meta name=\"twitter:label1\" content=\"Est. reading time\" \/>\n\t<meta name=\"twitter:data1\" content=\"5 minuter\" \/>\n<script type=\"application\/ld+json\" class=\"yoast-schema-graph\">{\"@context\":\"https:\/\/schema.org\",\"@graph\":[{\"@type\":\"WebPage\",\"@id\":\"https:\/\/www.visbygk.com\/sv\/hallbarhet\/resurser\/\",\"url\":\"https:\/\/www.visbygk.com\/sv\/hallbarhet\/resurser\/\",\"name\":\"Resurser - Visby GK\",\"isPartOf\":{\"@id\":\"https:\/\/www.visbygk.com\/sv\/#website\"},\"primaryImageOfPage\":{\"@id\":\"https:\/\/www.visbygk.com\/sv\/hallbarhet\/resurser\/#primaryimage\"},\"image\":{\"@id\":\"https:\/\/www.visbygk.com\/sv\/hallbarhet\/resurser\/#primaryimage\"},\"thumbnailUrl\":\"https:\/\/www.visbygk.com\/wp-content\/uploads\/2023\/03\/Certified_Logo_Reverse.png\",\"datePublished\":\"2023-02-27T10:57:08+00:00\",\"dateModified\":\"2023-03-10T10:48:26+00:00\",\"description\":\"V\u00e4lkommen till en av Sveriges vackraste golfbanor! H\u00e4r p\u00e5 Visby GK och Kronholmen spelar vi golf och njuter av utsikten mot \u00d6stersj\u00f6n.\",\"breadcrumb\":{\"@id\":\"https:\/\/www.visbygk.com\/sv\/hallbarhet\/resurser\/#breadcrumb\"},\"inLanguage\":\"sv-SE\",\"potentialAction\":[{\"@type\":\"ReadAction\",\"target\":[\"https:\/\/www.visbygk.com\/sv\/hallbarhet\/resurser\/\"]}]},{\"@type\":\"ImageObject\",\"inLanguage\":\"sv-SE\",\"@id\":\"https:\/\/www.visbygk.com\/sv\/hallbarhet\/resurser\/#primaryimage\",\"url\":\"https:\/\/www.visbygk.com\/wp-content\/uploads\/2023\/03\/Certified_Logo_Reverse.png\",\"contentUrl\":\"https:\/\/www.visbygk.com\/wp-content\/uploads\/2023\/03\/Certified_Logo_Reverse.png\"},{\"@type\":\"BreadcrumbList\",\"@id\":\"https:\/\/www.visbygk.com\/sv\/hallbarhet\/resurser\/#breadcrumb\",\"itemListElement\":[{\"@type\":\"ListItem\",\"position\":1,\"name\":\"Home\",\"item\":\"https:\/\/www.visbygk.com\/sv\/\"},{\"@type\":\"ListItem\",\"position\":2,\"name\":\"H\u00e5llbarhet\",\"item\":\"https:\/\/www.visbygk.com\/sv\/hallbarhet\/\"},{\"@type\":\"ListItem\",\"position\":3,\"name\":\"Resurser\"}]},{\"@type\":\"WebSite\",\"@id\":\"https:\/\/www.visbygk.com\/sv\/#website\",\"url\":\"https:\/\/www.visbygk.com\/sv\/\",\"name\":\"Visby GK\",\"description\":\"Visby GK\",\"publisher\":{\"@id\":\"https:\/\/www.visbygk.com\/sv\/#organization\"},\"potentialAction\":[{\"@type\":\"SearchAction\",\"target\":{\"@type\":\"EntryPoint\",\"urlTemplate\":\"https:\/\/www.visbygk.com\/sv\/?s={search_term_string}\"},\"query-input\":{\"@type\":\"PropertyValueSpecification\",\"valueRequired\":true,\"valueName\":\"search_term_string\"}}],\"inLanguage\":\"sv-SE\"},{\"@type\":\"Organization\",\"@id\":\"https:\/\/www.visbygk.com\/sv\/#organization\",\"name\":\"Visby GK\",\"url\":\"https:\/\/www.visbygk.com\/sv\/\",\"logo\":{\"@type\":\"ImageObject\",\"inLanguage\":\"sv-SE\",\"@id\":\"https:\/\/www.visbygk.com\/sv\/#\/schema\/logo\/image\/\",\"url\":\"https:\/\/www.visbygk.com\/wp-content\/uploads\/2021\/01\/visbygk-svart-1.png\",\"contentUrl\":\"https:\/\/www.visbygk.com\/wp-content\/uploads\/2021\/01\/visbygk-svart-1.png\",\"width\":800,\"height\":800,\"caption\":\"Visby GK\"},\"image\":{\"@id\":\"https:\/\/www.visbygk.com\/sv\/#\/schema\/logo\/image\/\"}}]}<\/script>\n<!-- \/ Yoast SEO plugin. -->","yoast_head_json":{"title":"Resurser - Visby GK","description":"V\u00e4lkommen till en av Sveriges vackraste golfbanor! H\u00e4r p\u00e5 Visby GK och Kronholmen spelar vi golf och njuter av utsikten mot \u00d6stersj\u00f6n.","robots":{"index":"index","follow":"follow","max-snippet":"max-snippet:-1","max-image-preview":"max-image-preview:large","max-video-preview":"max-video-preview:-1"},"canonical":"https:\/\/www.visbygk.com\/sv\/hallbarhet\/resurser\/","og_locale":"sv_SE","og_type":"article","og_title":"Resurser - Visby GK","og_description":"V\u00e4lkommen till en av Sveriges vackraste golfbanor! H\u00e4r p\u00e5 Visby GK och Kronholmen spelar vi golf och njuter av utsikten mot \u00d6stersj\u00f6n.","og_url":"https:\/\/www.visbygk.com\/sv\/hallbarhet\/resurser\/","og_site_name":"Visby GK","article_modified_time":"2023-03-10T10:48:26+00:00","og_image":[{"url":"https:\/\/www.visbygk.com\/wp-content\/uploads\/2023\/03\/Certified_Logo_Reverse.png","type":"","width":"","height":""}],"twitter_card":"summary_large_image","twitter_misc":{"Est. reading time":"5 minuter"},"schema":{"@context":"https:\/\/schema.org","@graph":[{"@type":"WebPage","@id":"https:\/\/www.visbygk.com\/sv\/hallbarhet\/resurser\/","url":"https:\/\/www.visbygk.com\/sv\/hallbarhet\/resurser\/","name":"Resurser - Visby GK","isPartOf":{"@id":"https:\/\/www.visbygk.com\/sv\/#website"},"primaryImageOfPage":{"@id":"https:\/\/www.visbygk.com\/sv\/hallbarhet\/resurser\/#primaryimage"},"image":{"@id":"https:\/\/www.visbygk.com\/sv\/hallbarhet\/resurser\/#primaryimage"},"thumbnailUrl":"https:\/\/www.visbygk.com\/wp-content\/uploads\/2023\/03\/Certified_Logo_Reverse.png","datePublished":"2023-02-27T10:57:08+00:00","dateModified":"2023-03-10T10:48:26+00:00","description":"V\u00e4lkommen till en av Sveriges vackraste golfbanor! H\u00e4r p\u00e5 Visby GK och Kronholmen spelar vi golf och njuter av utsikten mot \u00d6stersj\u00f6n.","breadcrumb":{"@id":"https:\/\/www.visbygk.com\/sv\/hallbarhet\/resurser\/#breadcrumb"},"inLanguage":"sv-SE","potentialAction":[{"@type":"ReadAction","target":["https:\/\/www.visbygk.com\/sv\/hallbarhet\/resurser\/"]}]},{"@type":"ImageObject","inLanguage":"sv-SE","@id":"https:\/\/www.visbygk.com\/sv\/hallbarhet\/resurser\/#primaryimage","url":"https:\/\/www.visbygk.com\/wp-content\/uploads\/2023\/03\/Certified_Logo_Reverse.png","contentUrl":"https:\/\/www.visbygk.com\/wp-content\/uploads\/2023\/03\/Certified_Logo_Reverse.png"},{"@type":"BreadcrumbList","@id":"https:\/\/www.visbygk.com\/sv\/hallbarhet\/resurser\/#breadcrumb","itemListElement":[{"@type":"ListItem","position":1,"name":"Home","item":"https:\/\/www.visbygk.com\/sv\/"},{"@type":"ListItem","position":2,"name":"H\u00e5llbarhet","item":"https:\/\/www.visbygk.com\/sv\/hallbarhet\/"},{"@type":"ListItem","position":3,"name":"Resurser"}]},{"@type":"WebSite","@id":"https:\/\/www.visbygk.com\/sv\/#website","url":"https:\/\/www.visbygk.com\/sv\/","name":"Visby GK","description":"Visby GK","publisher":{"@id":"https:\/\/www.visbygk.com\/sv\/#organization"},"potentialAction":[{"@type":"SearchAction","target":{"@type":"EntryPoint","urlTemplate":"https:\/\/www.visbygk.com\/sv\/?s={search_term_string}"},"query-input":{"@type":"PropertyValueSpecification","valueRequired":true,"valueName":"search_term_string"}}],"inLanguage":"sv-SE"},{"@type":"Organization","@id":"https:\/\/www.visbygk.com\/sv\/#organization","name":"Visby GK","url":"https:\/\/www.visbygk.com\/sv\/","logo":{"@type":"ImageObject","inLanguage":"sv-SE","@id":"https:\/\/www.visbygk.com\/sv\/#\/schema\/logo\/image\/","url":"https:\/\/www.visbygk.com\/wp-content\/uploads\/2021\/01\/visbygk-svart-1.png","contentUrl":"https:\/\/www.visbygk.com\/wp-content\/uploads\/2021\/01\/visbygk-svart-1.png","width":800,"height":800,"caption":"Visby GK"},"image":{"@id":"https:\/\/www.visbygk.com\/sv\/#\/schema\/logo\/image\/"}}]}},"_links":{"self":[{"href":"https:\/\/www.visbygk.com\/sv\/wp-json\/wp\/v2\/pages\/10747","targetHints":{"allow":["GET"]}}],"collection":[{"href":"https:\/\/www.visbygk.com\/sv\/wp-json\/wp\/v2\/pages"}],"about":[{"href":"https:\/\/www.visbygk.com\/sv\/wp-json\/wp\/v2\/types\/page"}],"author":[{"embeddable":true,"href":"https:\/\/www.visbygk.com\/sv\/wp-json\/wp\/v2\/users\/12"}],"replies":[{"embeddable":true,"href":"https:\/\/www.visbygk.com\/sv\/wp-json\/wp\/v2\/comments?post=10747"}],"version-history":[{"count":9,"href":"https:\/\/www.visbygk.com\/sv\/wp-json\/wp\/v2\/pages\/10747\/revisions"}],"predecessor-version":[{"id":10937,"href":"https:\/\/www.visbygk.com\/sv\/wp-json\/wp\/v2\/pages\/10747\/revisions\/10937"}],"up":[{"embeddable":true,"href":"https:\/\/www.visbygk.com\/sv\/wp-json\/wp\/v2\/pages\/10715"}],"wp:attachment":[{"href":"https:\/\/www.visbygk.com\/sv\/wp-json\/wp\/v2\/media?parent=10747"}],"curies":[{"name":"wp","href":"https:\/\/api.w.org\/{rel}","templated":true}]}}