{"id":10735,"date":"2023-02-27T11:45:48","date_gmt":"2023-02-27T10:45:48","guid":{"rendered":"https:\/\/www.visbygk.com\/?page_id=10735"},"modified":"2024-11-22T11:12:52","modified_gmt":"2024-11-22T10:12:52","slug":"natur","status":"publish","type":"page","link":"https:\/\/www.visbygk.com\/sv\/hallbarhet\/natur\/","title":{"rendered":"Natur"},"content":{"rendered":"\n<div class=\"wp-block-cover alignfull is-light has-parallax has-background-dim-20 has-background-dim\" style=\"min-height:100vh;aspect-ratio:unset;\"><span aria-hidden=\"true\" class=\"wp-block-cover__background has-background-dim-0 has-background-dim\"><\/span><div class=\"wp-block-cover__image-background wp-image-10737 has-parallax\" style=\"background-position:50% 50%;background-image:url(https:\/\/www.visbygk.com\/wp-content\/uploads\/2023\/02\/hero-natur.jpg)\"><\/div><div class=\"wp-block-cover__inner-container is-layout-flow wp-block-cover-is-layout-flow\">\n<h1 class=\"wp-block-heading has-text-align-center\" id=\"visby-golfklubb\" style=\"font-size:50px\"><span style=\"color: #ededed;\" class=\"stk-highlight\">Gr\u00e4sytor<\/span><br>Biologisk m\u00e5ngfald<br>Att f\u00f6rebygga f\u00f6roreningar<\/h1>\n\n\n<div class=\"wp-block-image\">\n<figure class=\"aligncenter size-full\"><img decoding=\"async\" width=\"100\" height=\"104\" sizes=\"(max-width: 799px) 200vw,(max-width: 1920px) 100vw,1920px\" src=\"https:\/\/www.visbygk.com\/wp-content\/uploads\/2023\/03\/Certified_Logo_Reverse.png\" alt=\"\" class=\"wp-image-10906\"\/><\/figure><\/div><\/div><\/div>\n\n\n\n<h2 class=\"wp-block-heading\">V\u00e5r natur \u2013 v\u00e5r framtid<\/h2>\n\n\n\n<p>F\u00f6r att kunna s\u00e4kerst\u00e4lla framtida golf p\u00e5 Kronholmen m\u00e5ste v\u00e5ra klippta gr\u00e4sytor v\u00e5rdas varsamt, den biologiska m\u00e5ngfalden v\u00e4rnas och riskerna f\u00f6r att f\u00f6rorena marken f\u00f6rebyggas.<\/p>\n\n\n\n<h5 class=\"wp-block-heading\"><strong>Visby Golfklubb gynnar den biologiska m\u00e5ngfalden genom att<\/strong><\/h5>\n\n\n\n<ul class=\"wp-block-list is-style-tw-checkmark\">\n<li>Prioritera inhemska arter av varierande storlek vid plantering<\/li>\n\n\n\n<li>Vara noga med att bevara stora k\u00e4rnomr\u00e5den i viktiga livsmilj\u00f6er<\/li>\n\n\n\n<li>Skapa och uppr\u00e4tth\u00e5lla naturliga korridorer mellan livsmilj\u00f6omr\u00e5den<\/li>\n\n\n\n<li>Koppla livsmilj\u00f6er p\u00e5 golfbanan till omgivande livsmilj\u00f6er d\u00e4r det \u00e4r m\u00f6jligt<\/li>\n\n\n\n<li>S\u00e4tta upp f\u00e5gelholkar. Ha insektshotell, bikupor och \u00f6ppna sandytor<\/li>\n<\/ul>\n\n\n\n<h5 class=\"wp-block-heading\"><strong>F\u00f6r att \u00f6ka naturv\u00e4rdena p\u00e5 Visby Golfklubb g\u00f6r vi f\u00f6ljande<\/strong><\/h5>\n\n\n\n<ul class=\"wp-block-list is-style-tw-checkmark\">\n<li>Skapar \u00e4ngar och sm\u00e5omr\u00e5den med vilda blommar<\/li>\n\n\n\n<li>Undviker g\u00f6dsling i gr\u00e4s-och \u00e4ngsmarker<\/li>\n\n\n\n<li>Klipper och tar bort gr\u00e4sklippet en g\u00e5ng per \u00e5r f\u00f6r att h\u00e5lla niv\u00e5n p\u00e5 n\u00e4rings\u00e4mnen l\u00e5g<\/li>\n\n\n\n<li>Undviker att klippa ner alla gr\u00e4somr\u00e5den samtidigt samt samt klippa vid r\u00e4tt tid och med r\u00e4tt redskap (sk\u00e4rande)<\/li>\n\n\n\n<li>L\u00e4mnar d\u00f6da tr\u00e4d och d\u00f6d ved<\/li>\n\n\n\n<li>Planterar inhemska \/ lokala tr\u00e4d och buskar<\/li>\n\n\n\n<li>Skapar buffertzoner mellan vatten och annan intensiv sk\u00f6tsel ex klippning mm<\/li>\n\n\n\n<li>Skapar och h\u00e5ller efter bevuxna l\u00e5ga kanter\/bankar mot dammar och sm\u00e5vatten<\/li>\n\n\n\n<li>L\u00e5ter vattenniv\u00e5erna skifta beroende p\u00e5 s\u00e4song<\/li>\n\n\n\n<li>Planterar inhemska\/lokala vattenv\u00e4xter i olika storlekar och av varierande typ<\/li>\n<\/ul>\n\n\n\n<h5 class=\"wp-block-heading\"><strong>S\u00e5 h\u00e4r tar Visby Golfklubb ansvar f\u00f6r anl\u00e4ggningens naturomr\u00e5den och livsmilj\u00f6er<\/strong><\/h5>\n\n\n\n<ul class=\"wp-block-list is-style-tw-checkmark\">\n<li>Inventerar alla livsmilj\u00f6er (Biotoper) p\u00e5 och runt anl\u00e4ggningen<\/li>\n\n\n\n<li>\u00c5rlig revision av v\u00e5r sk\u00f6tselplan f\u00f6r naturomr\u00e5den \/ livsmilj\u00f6er<\/li>\n\n\n\n<li>\u00c4r medvetna om ev. juridiska skyldigheter (reservat eller annat skydd) av livsmilj\u00f6er och arter<\/li>\n\n\n\n<li>Skyddar och lyfter fram v\u00e5ra arkeologiska, historiska och kulturella l\u00e4mningar<\/li>\n\n\n\n<li>Registrerar anm\u00e4rkningsv\u00e4rda arter som uppt\u00e4cks i omr\u00e5det (skyddade, s\u00e4llsynta eller utrotningshotade)<\/li>\n\n\n\n<li>Regelbundna inventeringar av biologisk m\u00e5ngfald<\/li>\n<\/ul>\n\n\n\n<h5 class=\"wp-block-heading\"><strong>Visby Golfklubb f\u00f6rs\u00f6ker st\u00e4ndigt f\u00f6rb\u00e4ttra greenernas jordkvalitet genom att<\/strong><\/h5>\n\n\n\n<ul class=\"wp-block-list is-style-tw-checkmark\">\n<li>Noggrant utv\u00e4rderar anv\u00e4ndning av bek\u00e4mpningsmedel<\/li>\n\n\n\n<li>Testar och h\u00e5ller koll p\u00e5 jordens PH<\/li>\n\n\n\n<li>Tills\u00e4tter organiskt material vid g\u00f6dning och toppdressing<\/li>\n\n\n\n<li>Applicerar kompostl\u00f6sningar \/ &#8221;Biostimulanter&#8221;\/biostimulanter<\/li>\n<\/ul>\n\n\n\n<h5 class=\"wp-block-heading\"><strong>I Visby Golfklubbs g\u00f6dslingsstrategi tas h\u00e4nsyn till<\/strong><\/h5>\n\n\n\n<ul class=\"wp-block-list is-style-tw-checkmark\">\n<li>Temperatur<\/li>\n\n\n\n<li>Skugga<\/li>\n\n\n\n<li>Stress p\u00e5 grund av slitage<\/li>\n\n\n\n<li>Jordprover<\/li>\n\n\n\n<li>Bladv\u00e4vnadstester<\/li>\n<\/ul>\n\n\n\n<h5 class=\"wp-block-heading\"><strong>Vid val av gr\u00e4ssorter beaktas f\u00f6ljande<\/strong><\/h5>\n\n\n\n<ul class=\"wp-block-list is-style-tw-checkmark\">\n<li>Torkt\u00e5lighet<\/li>\n\n\n\n<li>F\u00f6rm\u00e5ga att st\u00e5 emot sjukdomar<\/li>\n\n\n\n<li>V\u00e4rmet\u00e5lighet<\/li>\n\n\n\n<li>\u00d6vervintringsf\u00f6rm\u00e5ga<\/li>\n\n\n\n<li>F\u00f6rm\u00e5ga att t\u00e5la salt<\/li>\n\n\n\n<li>Skuggt\u00e5lighet<\/li>\n\n\n\n<li>Slitaget\u00e5lighet<\/li>\n\n\n\n<li>Jordtyp<\/li>\n\n\n\n<li>Jordens pH och andra v\u00e4rden<\/li>\n<\/ul>\n\n\n\n<h5 class=\"wp-block-heading\"><strong>S\u00e5 h\u00e4r sk\u00f6ter Visby Golfklubb greenerna<\/strong><\/h5>\n\n\n\n<ul class=\"wp-block-list is-style-tw-checkmark\">\n<li>Slipar greenklipparnas knivar cirka fem g\u00e5nger per \u00e5r.<\/li>\n\n\n\n<li>Varierar klippm\u00f6nster varje dag<\/li>\n\n\n\n<li>V\u00e4lta i st\u00e4llet f\u00f6r att klippa om m\u00f6jligt<\/li>\n\n\n\n<li>Borttagning av dagg varje dag under v\u00e4xtperiod<\/li>\n\n\n\n<li>Vertikalsk\u00e4rning en g\u00e5ng per \u00e5r<\/li>\n\n\n\n<li>Knivluftning en g\u00e5ng per \u00e5r<\/li>\n\n\n\n<li>H\u00e5lpipning tre g\u00e5nger per \u00e5r<\/li>\n\n\n\n<li>Byter h\u00e5l varje dag under s\u00e4song<\/li>\n<\/ul>\n\n\n\n<h5 class=\"wp-block-heading\"><strong>S\u00e5 h\u00e4r identifierar och bevakar Visby Golfklubb trycket fr\u00e5n skadedjur och sjukdomar<\/strong><\/h5>\n\n\n\n<ul class=\"wp-block-list is-style-tw-checkmark\">\n<li>Letar speciellt p\u00e5 utsatta st\u00e4llen efter tecken p\u00e5 sjukdom<\/li>\n\n\n\n<li>Markerar p\u00e5 karta s\u00e4rskilt sjukdomsutsatta omr\u00e5den<\/li>\n\n\n\n<li>Anv\u00e4nder utomst\u00e5ende kunskap f\u00f6r diagnos och identifiering av skadedjur och sjukdomar<\/li>\n\n\n\n<li>Kvantifierar skadetrycket p\u00e5 olika delar\/omr\u00e5den av banan<\/li>\n\n\n\n<li>F\u00f6rs\u00f6ker att best\u00e4mma h\u00f6gsta acceptabla niv\u00e5 f\u00f6r skadedjur och sjukdomar<\/li>\n\n\n\n<li>Tv\u00e4ttar maskiner ofta i f\u00f6rebyggande syfte<\/li>\n<\/ul>\n\n\n\n<h5 class=\"wp-block-heading\"><strong>Visby Golfklubb minskar risken f\u00f6r f\u00f6roreningar genom att<\/strong><\/h5>\n\n\n\n<ul class=\"wp-block-list is-style-tw-checkmark\">\n<li>Ha en handlingsplan om spillolyckor uppst\u00e5r<\/li>\n\n\n\n<li>Sk\u00f6ta sk\u00f6tselskyddszoner runt v\u00e5ra vatten och runt ekologiskt k\u00e4nsliga omr\u00e5den<\/li>\n\n\n\n<li>Sk\u00f6ta sprut- och g\u00f6dningsbuffertzonerna kring v\u00e5ra vatten och kring ekologiskt k\u00e4nsliga omr\u00e5den<\/li>\n\n\n\n<li>Vattna endast l\u00e4tt efter g\u00f6dning<\/li>\n\n\n\n<li>Plocka ogr\u00e4s f\u00f6r hand n\u00e4r detta \u00e4r m\u00f6jligt<\/li>\n<\/ul>\n\n\n\n<div class=\"wp-block-buttons is-layout-flex wp-block-buttons-is-layout-flex\">\n<div class=\"wp-block-button has-custom-font-size has-small-font-size\"><a class=\"wp-block-button__link wp-element-button\" href=\"https:\/\/www.visbygk.com\/sv\/besoka-kronholmen\/\">Vill du veta mer? Kontakta oss<\/a><\/div>\n<\/div>\n\n\n\n<div class=\"wp-block-buttons is-layout-flex wp-block-buttons-is-layout-flex\"><\/div>\n\n\n\n<hr class=\"wp-block-separator has-css-opacity\"\/>\n","protected":false},"excerpt":{"rendered":"<p>V\u00e5r natur \u2013 v\u00e5r framtid F\u00f6r att kunna s\u00e4kerst\u00e4lla framtida golf p\u00e5 Kronholmen m\u00e5ste v\u00e5ra klippta gr\u00e4sytor v\u00e5rdas varsamt, den biologiska m\u00e5ngfalden v\u00e4rnas och riskerna f\u00f6r att f\u00f6rorena marken f\u00f6rebyggas.&hellip;<\/p>\n","protected":false},"author":12,"featured_media":0,"parent":10715,"menu_order":0,"comment_status":"closed","ping_status":"closed","template":"tw-header-transparent-light.php","meta":{"_golfpress_post_requires_user":false,"footnotes":""},"class_list":["post-10735","page","type-page","status-publish","hentry"],"featured_image_urls_v2":{"full":"","thumbnail":"","medium":"","medium_large":"","large":"","1536x1536":"","2048x2048":"","post-thumbnail":"","twentytwenty-fullscreen":""},"post_excerpt_stackable_v2":"<p>Gr\u00e4sytorBiologisk m\u00e5ngfaldAtt f\u00f6rebygga f\u00f6roreningar V\u00e5r natur \u2013 v\u00e5r framtid F\u00f6r att kunna s\u00e4kerst\u00e4lla framtida golf p\u00e5 Kronholmen m\u00e5ste v\u00e5ra klippta gr\u00e4sytor v\u00e5rdas varsamt, den biologiska m\u00e5ngfalden v\u00e4rnas och riskerna f\u00f6r att f\u00f6rorena marken f\u00f6rebyggas. Visby Golfklubb gynnar den biologiska m\u00e5ngfalden genom att Prioritera inhemska arter av varierande storlek vid plantering Vara noga med att bevara stora k\u00e4rnomr\u00e5den i viktiga livsmilj\u00f6er Skapa och uppr\u00e4tth\u00e5lla naturliga korridorer mellan livsmilj\u00f6omr\u00e5den Koppla livsmilj\u00f6er p\u00e5 golfbanan till omgivande livsmilj\u00f6er d\u00e4r det \u00e4r m\u00f6jligt S\u00e4tta upp f\u00e5gelholkar. Ha insektshotell, bikupor och \u00f6ppna sandytor F\u00f6r att \u00f6ka naturv\u00e4rdena p\u00e5 Visby Golfklubb g\u00f6r vi f\u00f6ljande Skapar \u00e4ngar och&hellip;<\/p>\n","category_list_v2":"","author_info_v2":{"name":"Rasmus Evensen","url":"https:\/\/www.visbygk.com\/sv\/author\/rasmus\/"},"comments_num_v2":"0 comments","yoast_head":"<!-- This site is optimized with the Yoast SEO plugin v24.7 - https:\/\/yoast.com\/wordpress\/plugins\/seo\/ -->\n<title>Natur - Visby GK<\/title>\n<meta name=\"description\" content=\"V\u00e4lkommen till en av Sveriges vackraste golfbanor! H\u00e4r p\u00e5 Visby GK och Kronholmen spelar vi golf och njuter av utsikten mot \u00d6stersj\u00f6n.\" \/>\n<meta name=\"robots\" content=\"index, follow, max-snippet:-1, max-image-preview:large, max-video-preview:-1\" \/>\n<link rel=\"canonical\" href=\"https:\/\/www.visbygk.com\/sv\/hallbarhet\/natur\/\" \/>\n<meta property=\"og:locale\" content=\"sv_SE\" \/>\n<meta property=\"og:type\" content=\"article\" \/>\n<meta property=\"og:title\" content=\"Natur - Visby GK\" \/>\n<meta property=\"og:description\" content=\"V\u00e4lkommen till en av Sveriges vackraste golfbanor! H\u00e4r p\u00e5 Visby GK och Kronholmen spelar vi golf och njuter av utsikten mot \u00d6stersj\u00f6n.\" \/>\n<meta property=\"og:url\" content=\"https:\/\/www.visbygk.com\/sv\/hallbarhet\/natur\/\" \/>\n<meta property=\"og:site_name\" content=\"Visby GK\" \/>\n<meta property=\"article:modified_time\" content=\"2024-11-22T10:12:52+00:00\" \/>\n<meta property=\"og:image\" content=\"https:\/\/www.visbygk.com\/wp-content\/uploads\/2023\/03\/Certified_Logo_Reverse.png\" \/>\n\t<meta property=\"og:image:width\" content=\"100\" \/>\n\t<meta property=\"og:image:height\" content=\"104\" \/>\n\t<meta property=\"og:image:type\" content=\"image\/png\" \/>\n<meta name=\"twitter:card\" content=\"summary_large_image\" \/>\n<meta name=\"twitter:label1\" content=\"Est. reading time\" \/>\n\t<meta name=\"twitter:data1\" content=\"3 minuter\" \/>\n<script type=\"application\/ld+json\" class=\"yoast-schema-graph\">{\"@context\":\"https:\/\/schema.org\",\"@graph\":[{\"@type\":\"WebPage\",\"@id\":\"https:\/\/www.visbygk.com\/sv\/hallbarhet\/natur\/\",\"url\":\"https:\/\/www.visbygk.com\/sv\/hallbarhet\/natur\/\",\"name\":\"Natur - Visby GK\",\"isPartOf\":{\"@id\":\"https:\/\/www.visbygk.com\/sv\/#website\"},\"primaryImageOfPage\":{\"@id\":\"https:\/\/www.visbygk.com\/sv\/hallbarhet\/natur\/#primaryimage\"},\"image\":{\"@id\":\"https:\/\/www.visbygk.com\/sv\/hallbarhet\/natur\/#primaryimage\"},\"thumbnailUrl\":\"https:\/\/www.visbygk.com\/wp-content\/uploads\/2023\/03\/Certified_Logo_Reverse.png\",\"datePublished\":\"2023-02-27T10:45:48+00:00\",\"dateModified\":\"2024-11-22T10:12:52+00:00\",\"description\":\"V\u00e4lkommen till en av Sveriges vackraste golfbanor! H\u00e4r p\u00e5 Visby GK och Kronholmen spelar vi golf och njuter av utsikten mot \u00d6stersj\u00f6n.\",\"breadcrumb\":{\"@id\":\"https:\/\/www.visbygk.com\/sv\/hallbarhet\/natur\/#breadcrumb\"},\"inLanguage\":\"sv-SE\",\"potentialAction\":[{\"@type\":\"ReadAction\",\"target\":[\"https:\/\/www.visbygk.com\/sv\/hallbarhet\/natur\/\"]}]},{\"@type\":\"ImageObject\",\"inLanguage\":\"sv-SE\",\"@id\":\"https:\/\/www.visbygk.com\/sv\/hallbarhet\/natur\/#primaryimage\",\"url\":\"https:\/\/www.visbygk.com\/wp-content\/uploads\/2023\/03\/Certified_Logo_Reverse.png\",\"contentUrl\":\"https:\/\/www.visbygk.com\/wp-content\/uploads\/2023\/03\/Certified_Logo_Reverse.png\"},{\"@type\":\"BreadcrumbList\",\"@id\":\"https:\/\/www.visbygk.com\/sv\/hallbarhet\/natur\/#breadcrumb\",\"itemListElement\":[{\"@type\":\"ListItem\",\"position\":1,\"name\":\"Home\",\"item\":\"https:\/\/www.visbygk.com\/sv\/\"},{\"@type\":\"ListItem\",\"position\":2,\"name\":\"H\u00e5llbarhet\",\"item\":\"https:\/\/www.visbygk.com\/sv\/hallbarhet\/\"},{\"@type\":\"ListItem\",\"position\":3,\"name\":\"Natur\"}]},{\"@type\":\"WebSite\",\"@id\":\"https:\/\/www.visbygk.com\/sv\/#website\",\"url\":\"https:\/\/www.visbygk.com\/sv\/\",\"name\":\"Visby GK\",\"description\":\"Visby GK\",\"publisher\":{\"@id\":\"https:\/\/www.visbygk.com\/sv\/#organization\"},\"potentialAction\":[{\"@type\":\"SearchAction\",\"target\":{\"@type\":\"EntryPoint\",\"urlTemplate\":\"https:\/\/www.visbygk.com\/sv\/?s={search_term_string}\"},\"query-input\":{\"@type\":\"PropertyValueSpecification\",\"valueRequired\":true,\"valueName\":\"search_term_string\"}}],\"inLanguage\":\"sv-SE\"},{\"@type\":\"Organization\",\"@id\":\"https:\/\/www.visbygk.com\/sv\/#organization\",\"name\":\"Visby GK\",\"url\":\"https:\/\/www.visbygk.com\/sv\/\",\"logo\":{\"@type\":\"ImageObject\",\"inLanguage\":\"sv-SE\",\"@id\":\"https:\/\/www.visbygk.com\/sv\/#\/schema\/logo\/image\/\",\"url\":\"https:\/\/www.visbygk.com\/wp-content\/uploads\/2021\/01\/visbygk-svart-1.png\",\"contentUrl\":\"https:\/\/www.visbygk.com\/wp-content\/uploads\/2021\/01\/visbygk-svart-1.png\",\"width\":800,\"height\":800,\"caption\":\"Visby GK\"},\"image\":{\"@id\":\"https:\/\/www.visbygk.com\/sv\/#\/schema\/logo\/image\/\"}}]}<\/script>\n<!-- \/ Yoast SEO plugin. -->","yoast_head_json":{"title":"Natur - Visby GK","description":"V\u00e4lkommen till en av Sveriges vackraste golfbanor! H\u00e4r p\u00e5 Visby GK och Kronholmen spelar vi golf och njuter av utsikten mot \u00d6stersj\u00f6n.","robots":{"index":"index","follow":"follow","max-snippet":"max-snippet:-1","max-image-preview":"max-image-preview:large","max-video-preview":"max-video-preview:-1"},"canonical":"https:\/\/www.visbygk.com\/sv\/hallbarhet\/natur\/","og_locale":"sv_SE","og_type":"article","og_title":"Natur - Visby GK","og_description":"V\u00e4lkommen till en av Sveriges vackraste golfbanor! H\u00e4r p\u00e5 Visby GK och Kronholmen spelar vi golf och njuter av utsikten mot \u00d6stersj\u00f6n.","og_url":"https:\/\/www.visbygk.com\/sv\/hallbarhet\/natur\/","og_site_name":"Visby GK","article_modified_time":"2024-11-22T10:12:52+00:00","og_image":[{"width":100,"height":104,"url":"https:\/\/www.visbygk.com\/wp-content\/uploads\/2023\/03\/Certified_Logo_Reverse.png","type":"image\/png"}],"twitter_card":"summary_large_image","twitter_misc":{"Est. reading time":"3 minuter"},"schema":{"@context":"https:\/\/schema.org","@graph":[{"@type":"WebPage","@id":"https:\/\/www.visbygk.com\/sv\/hallbarhet\/natur\/","url":"https:\/\/www.visbygk.com\/sv\/hallbarhet\/natur\/","name":"Natur - Visby GK","isPartOf":{"@id":"https:\/\/www.visbygk.com\/sv\/#website"},"primaryImageOfPage":{"@id":"https:\/\/www.visbygk.com\/sv\/hallbarhet\/natur\/#primaryimage"},"image":{"@id":"https:\/\/www.visbygk.com\/sv\/hallbarhet\/natur\/#primaryimage"},"thumbnailUrl":"https:\/\/www.visbygk.com\/wp-content\/uploads\/2023\/03\/Certified_Logo_Reverse.png","datePublished":"2023-02-27T10:45:48+00:00","dateModified":"2024-11-22T10:12:52+00:00","description":"V\u00e4lkommen till en av Sveriges vackraste golfbanor! H\u00e4r p\u00e5 Visby GK och Kronholmen spelar vi golf och njuter av utsikten mot \u00d6stersj\u00f6n.","breadcrumb":{"@id":"https:\/\/www.visbygk.com\/sv\/hallbarhet\/natur\/#breadcrumb"},"inLanguage":"sv-SE","potentialAction":[{"@type":"ReadAction","target":["https:\/\/www.visbygk.com\/sv\/hallbarhet\/natur\/"]}]},{"@type":"ImageObject","inLanguage":"sv-SE","@id":"https:\/\/www.visbygk.com\/sv\/hallbarhet\/natur\/#primaryimage","url":"https:\/\/www.visbygk.com\/wp-content\/uploads\/2023\/03\/Certified_Logo_Reverse.png","contentUrl":"https:\/\/www.visbygk.com\/wp-content\/uploads\/2023\/03\/Certified_Logo_Reverse.png"},{"@type":"BreadcrumbList","@id":"https:\/\/www.visbygk.com\/sv\/hallbarhet\/natur\/#breadcrumb","itemListElement":[{"@type":"ListItem","position":1,"name":"Home","item":"https:\/\/www.visbygk.com\/sv\/"},{"@type":"ListItem","position":2,"name":"H\u00e5llbarhet","item":"https:\/\/www.visbygk.com\/sv\/hallbarhet\/"},{"@type":"ListItem","position":3,"name":"Natur"}]},{"@type":"WebSite","@id":"https:\/\/www.visbygk.com\/sv\/#website","url":"https:\/\/www.visbygk.com\/sv\/","name":"Visby GK","description":"Visby GK","publisher":{"@id":"https:\/\/www.visbygk.com\/sv\/#organization"},"potentialAction":[{"@type":"SearchAction","target":{"@type":"EntryPoint","urlTemplate":"https:\/\/www.visbygk.com\/sv\/?s={search_term_string}"},"query-input":{"@type":"PropertyValueSpecification","valueRequired":true,"valueName":"search_term_string"}}],"inLanguage":"sv-SE"},{"@type":"Organization","@id":"https:\/\/www.visbygk.com\/sv\/#organization","name":"Visby GK","url":"https:\/\/www.visbygk.com\/sv\/","logo":{"@type":"ImageObject","inLanguage":"sv-SE","@id":"https:\/\/www.visbygk.com\/sv\/#\/schema\/logo\/image\/","url":"https:\/\/www.visbygk.com\/wp-content\/uploads\/2021\/01\/visbygk-svart-1.png","contentUrl":"https:\/\/www.visbygk.com\/wp-content\/uploads\/2021\/01\/visbygk-svart-1.png","width":800,"height":800,"caption":"Visby GK"},"image":{"@id":"https:\/\/www.visbygk.com\/sv\/#\/schema\/logo\/image\/"}}]}},"_links":{"self":[{"href":"https:\/\/www.visbygk.com\/sv\/wp-json\/wp\/v2\/pages\/10735","targetHints":{"allow":["GET"]}}],"collection":[{"href":"https:\/\/www.visbygk.com\/sv\/wp-json\/wp\/v2\/pages"}],"about":[{"href":"https:\/\/www.visbygk.com\/sv\/wp-json\/wp\/v2\/types\/page"}],"author":[{"embeddable":true,"href":"https:\/\/www.visbygk.com\/sv\/wp-json\/wp\/v2\/users\/12"}],"replies":[{"embeddable":true,"href":"https:\/\/www.visbygk.com\/sv\/wp-json\/wp\/v2\/comments?post=10735"}],"version-history":[{"count":16,"href":"https:\/\/www.visbygk.com\/sv\/wp-json\/wp\/v2\/pages\/10735\/revisions"}],"predecessor-version":[{"id":14536,"href":"https:\/\/www.visbygk.com\/sv\/wp-json\/wp\/v2\/pages\/10735\/revisions\/14536"}],"up":[{"embeddable":true,"href":"https:\/\/www.visbygk.com\/sv\/wp-json\/wp\/v2\/pages\/10715"}],"wp:attachment":[{"href":"https:\/\/www.visbygk.com\/sv\/wp-json\/wp\/v2\/media?parent=10735"}],"curies":[{"name":"wp","href":"https:\/\/api.w.org\/{rel}","templated":true}]}}