{"id":10715,"date":"2023-02-27T11:57:10","date_gmt":"2023-02-27T10:57:10","guid":{"rendered":"https:\/\/www.visbygk.com\/?page_id=10715"},"modified":"2023-03-10T11:25:48","modified_gmt":"2023-03-10T10:25:48","slug":"hallbarhet","status":"publish","type":"page","link":"https:\/\/www.visbygk.com\/sv\/hallbarhet\/","title":{"rendered":"H\u00e5llbarhet"},"content":{"rendered":"\n<div class=\"wp-block-cover alignfull is-light has-parallax has-background-dim-20 has-background-dim\" style=\"min-height:100vh;aspect-ratio:unset;\"><span aria-hidden=\"true\" class=\"wp-block-cover__background has-background-dim-0 has-background-dim\"><\/span><div role=\"img\" class=\"wp-block-cover__image-background wp-image-10901 has-parallax\" style=\"background-position:50% 50%;background-image:url(https:\/\/www.visbygk.com\/wp-content\/uploads\/2023\/03\/hero-hallbarhet.jpg)\"><\/div><div class=\"wp-block-cover__inner-container is-layout-flow wp-block-cover-is-layout-flow\">\n<h1 class=\"has-text-align-center wp-block-heading\" id=\"visby-golfklubb\"><span style=\"color: #ededed;\" class=\"stk-highlight\">H\u00e5llbarhet<\/span><\/h1>\n\n\n<div class=\"wp-block-image\">\n<figure class=\"aligncenter size-full\"><img decoding=\"async\" width=\"100\" height=\"104\" sizes=\"(max-width: 799px) 200vw,(max-width: 1920px) 100vw,1920px\" src=\"https:\/\/www.visbygk.com\/wp-content\/uploads\/2023\/03\/Certified_Logo_Reverse.png\" alt=\"\" class=\"wp-image-10906\"\/><\/figure><\/div><\/div><\/div>\n\n\n\n<h2 class=\"has-text-align-center wp-block-heading\" id=\"banan-sjalen-solen-gladjen\">Mot framtiden \u2013 tillsammans<\/h2>\n\n\n\n<div class=\"wp-block-stackable-columns stk-block-columns stk-block stk-e39881e\" data-block-id=\"e39881e\"><div class=\"stk-row stk-inner-blocks stk-block-content stk-content-align stk-e39881e-column\">\n<div class=\"wp-block-stackable-column stk-block-column stk-block-column--v2 stk-column stk-block stk-c3bc369\" data-block-id=\"c3bc369\"><style>@media screen and (min-width:768px){.stk-c3bc369{flex:1 1 66.7% !important}}<\/style><div class=\"stk-column-wrapper stk-block-column__content stk-container stk-c3bc369-container stk--no-background stk--no-padding\"><div class=\"stk-block-content stk-inner-blocks stk-c3bc369-inner-blocks\">\n<p>Visby Golfklubb vill vara en f\u00f6rebild f\u00f6r h\u00e5llbarhet och klimat\u00e5tg\u00e4rder i golfsverige och \u00e4r GEO-certifierade sedan 2022.<\/p>\n\n\n\n<p>GEO Foundation \u00e4r den enda ideella organisationen i v\u00e4rlden som fr\u00e4mjar h\u00e5llbarhet i och genom golf.<\/p>\n\n\n\n<p>GEO-certifiering tilldelas klubbar som genomg\u00e5r en grundlig tredjepartsverifiering och som bevisligen uppfyller fastst\u00e4llda h\u00e5llbarhetskriterier<\/p>\n<\/div><\/div><\/div>\n\n\n\n<div class=\"wp-block-stackable-column stk-block-column stk-block-column--v2 stk-column stk-block stk-eae1ec8\" data-block-id=\"eae1ec8\"><style>.stk-eae1ec8-container{margin-top:0px !important;margin-right:12px !important;margin-bottom:0px !important;margin-left:12px !important}@media screen and (min-width:768px){.stk-eae1ec8{flex:1 1 33.3% !important}}<\/style><div class=\"stk-column-wrapper stk-block-column__content stk-container stk-eae1ec8-container stk--no-background stk--no-padding\"><div class=\"stk-block-content stk-inner-blocks stk-eae1ec8-inner-blocks\">\n<figure class=\"wp-block-image size-large tw-mt-0\"><img decoding=\"async\" width=\"986\" height=\"1024\" src=\"https:\/\/www.visbygk.com\/wp-content\/uploads\/2023\/03\/Certified_Logo_Green-986x1024.png\" alt=\"\" class=\"wp-image-10895\" srcset=\"https:\/\/www.visbygk.com\/wp-content\/uploads\/2023\/03\/Certified_Logo_Green-986x1024.png 986w, https:\/\/www.visbygk.com\/wp-content\/uploads\/2023\/03\/Certified_Logo_Green-289x300.png 289w, https:\/\/www.visbygk.com\/wp-content\/uploads\/2023\/03\/Certified_Logo_Green-768x797.png 768w, https:\/\/www.visbygk.com\/wp-content\/uploads\/2023\/03\/Certified_Logo_Green.png 1200w\" sizes=\"(max-width: 986px) 100vw, 986px\" \/><\/figure>\n<\/div><a class=\"stk-link stk-block-link stk--transparent-overlay\" href=\"https:\/\/sustainable.golf\/vision\" aria-hidden=\"true\" tabindex=\"-1\" target=\"_blank\" rel=\"noreferrer noopener\"><\/a><\/div><\/div>\n<\/div><\/div>\n\n\n\n<hr class=\"wp-block-separator has-css-opacity\"\/>\n\n\n\n<div class=\"alignfull wp-block-ugb-image-box ugb-image-box ugb-3907d4a ugb-image-box--v4 ugb-image-box--columns-3 ugb-image-box--design-basic ugb-main-block\"><style>.ugb-3907d4a .ugb-image-box__box{border-radius:0px !important}.ugb-3907d4a .ugb-image-box__item1 .ugb-image-box__image{background-image:url(https:\/\/www.visbygk.com\/wp-content\/uploads\/2023\/02\/puff-natur.jpg)}.ugb-3907d4a .ugb-image-box__item2 .ugb-image-box__image{background-image:url(https:\/\/www.visbygk.com\/wp-content\/uploads\/2023\/03\/puff-resurser02.jpg)}.ugb-3907d4a .ugb-image-box__item3 .ugb-image-box__image{background-image:url(https:\/\/www.visbygk.com\/wp-content\/uploads\/2023\/03\/puff-gemenskap.jpg)}.ugb-3907d4a .ugb-image-box__image{background-position:center center !important;background-size:cover !important}.ugb-3907d4a .ugb-image-box__item:not(:hover) .ugb-image-box__overlay{opacity:0.2 !important}.ugb-3907d4a .ugb-image-box__item:hover .ugb-image-box__overlay-hover{opacity:0.3 !important}.ugb-3907d4a .ugb-image-box__title{font-size:45px !important}@media screen and (min-width:768px){.ugb-3907d4a.ugb-image-box{margin-bottom:1px !important;padding-right:0px !important;padding-left:0px !important}}@media screen and (min-width:768px) and (max-width:1025px){.ugb-3907d4a.ugb-image-box{margin-top:0px !important;margin-bottom:0px !important}}@media screen and (max-width:768px){.ugb-3907d4a.ugb-image-box{margin-top:0px !important;margin-bottom:0px !important;padding-right:0px !important;padding-bottom:1px !important;padding-left:0px !important}}<\/style><div class=\"ugb-inner-block\"><h4 class=\"ugb-block-title\">Vid GEO-certifieringen har<br>Visby Golfklubb bed\u00f6mts enligt f\u00f6ljande:<\/h4><div class=\"ugb-block-content\"><div class=\"ugb-image-box__item ugb-image-box__item1 ugb-image-box__box ugb--shadow-1\"><div class=\"ugb-image-box__box ugb-image-box__image-wrapper\"><div class=\"ugb-image-box__box ugb-image-box__image\" role=\"img\" aria-label=\"Natur\"><\/div><\/div><div class=\"ugb-image-box__box ugb-image-box__overlay\"><\/div><div class=\"ugb-image-box__box ugb-image-box__overlay-hover\"><\/div><div class=\"ugb-image-box__content\"><div class=\"ugb-image-box__header\"><h1 class=\"ugb-image-box__title\">Natur<\/h1><\/div><\/div><a class=\"ugb-image-box__overlay-link\" href=\"https:\/\/www.visbygk.com\/sv\/hallbarhet\/natur\/\" title=\"Natur\" aria-label=\"Natur\"><\/a><\/div><div class=\"ugb-image-box__item ugb-image-box__item2 ugb-image-box__box ugb--shadow-1\"><div class=\"ugb-image-box__box ugb-image-box__image-wrapper\"><div class=\"ugb-image-box__box ugb-image-box__image\" role=\"img\" aria-label=\"Resurser\"><\/div><\/div><div class=\"ugb-image-box__box ugb-image-box__overlay\"><\/div><div class=\"ugb-image-box__box ugb-image-box__overlay-hover\"><\/div><div class=\"ugb-image-box__content\"><div class=\"ugb-image-box__header\"><h1 class=\"ugb-image-box__title\">Resurser<\/h1><\/div><\/div><a class=\"ugb-image-box__overlay-link\" href=\"https:\/\/www.visbygk.com\/sv\/hallbarhet\/resurser\/\" title=\"Resurser\" aria-label=\"Resurser\"><\/a><\/div><div class=\"ugb-image-box__item ugb-image-box__item3 ugb-image-box__box ugb--shadow-1\"><div class=\"ugb-image-box__box ugb-image-box__image-wrapper\"><div class=\"ugb-image-box__box ugb-image-box__image\" role=\"img\" aria-label=\"Gemenskap\"><\/div><\/div><div class=\"ugb-image-box__box ugb-image-box__overlay\"><\/div><div class=\"ugb-image-box__box ugb-image-box__overlay-hover\"><\/div><div class=\"ugb-image-box__content\"><div class=\"ugb-image-box__header\"><h1 class=\"ugb-image-box__title\">Gemenskap<\/h1><\/div><\/div><a class=\"ugb-image-box__overlay-link\" href=\"https:\/\/www.visbygk.com\/sv\/hallbarhet\/gemenskap\/\" title=\"Gemenskap\" aria-label=\"Gemenskap\"><\/a><\/div><\/div><\/div><\/div>\n","protected":false},"excerpt":{"rendered":"<p>Mot framtiden \u2013 tillsammans Visby Golfklubb vill vara en f\u00f6rebild f\u00f6r h\u00e5llbarhet och klimat\u00e5tg\u00e4rder i golfsverige och \u00e4r GEO-certifierade sedan 2022. GEO Foundation \u00e4r den enda ideella organisationen i v\u00e4rlden&hellip;<\/p>\n","protected":false},"author":12,"featured_media":0,"parent":0,"menu_order":0,"comment_status":"closed","ping_status":"closed","template":"tw-header-transparent-light.php","meta":{"_golfpress_post_requires_user":false,"footnotes":""},"class_list":["post-10715","page","type-page","status-publish","hentry"],"featured_image_urls_v2":{"full":"","thumbnail":"","medium":"","medium_large":"","large":"","1536x1536":"","2048x2048":"","post-thumbnail":"","twentytwenty-fullscreen":""},"post_excerpt_stackable_v2":"<p>H\u00e5llbarhet Mot framtiden \u2013 tillsammans Visby Golfklubb vill vara en f\u00f6rebild f\u00f6r h\u00e5llbarhet och klimat\u00e5tg\u00e4rder i golfsverige och \u00e4r GEO-certifierade sedan 2022. GEO Foundation \u00e4r den enda ideella organisationen i v\u00e4rlden som fr\u00e4mjar h\u00e5llbarhet i och genom golf. GEO-certifiering tilldelas klubbar som genomg\u00e5r en grundlig tredjepartsverifiering och som bevisligen uppfyller fastst\u00e4llda h\u00e5llbarhetskriterier Vid GEO-certifieringen harVisby Golfklubb bed\u00f6mts enligt f\u00f6ljande:NaturResurserGemenskap<\/p>\n","category_list_v2":"","author_info_v2":{"name":"Rasmus Evensen","url":"https:\/\/www.visbygk.com\/sv\/author\/rasmus\/"},"comments_num_v2":"0 comments","yoast_head":"<!-- This site is optimized with the Yoast SEO plugin v24.7 - https:\/\/yoast.com\/wordpress\/plugins\/seo\/ -->\n<title>H\u00e5llbarhet - Visby GK<\/title>\n<meta name=\"description\" content=\"V\u00e4lkommen till en av Sveriges vackraste golfbanor! H\u00e4r p\u00e5 Visby GK och Kronholmen spelar vi golf och njuter av utsikten mot \u00d6stersj\u00f6n.\" \/>\n<meta name=\"robots\" content=\"index, follow, max-snippet:-1, max-image-preview:large, max-video-preview:-1\" \/>\n<link rel=\"canonical\" href=\"https:\/\/www.visbygk.com\/sv\/hallbarhet\/\" \/>\n<meta property=\"og:locale\" content=\"sv_SE\" \/>\n<meta property=\"og:type\" content=\"article\" \/>\n<meta property=\"og:title\" content=\"H\u00e5llbarhet - Visby GK\" \/>\n<meta property=\"og:description\" content=\"V\u00e4lkommen till en av Sveriges vackraste golfbanor! H\u00e4r p\u00e5 Visby GK och Kronholmen spelar vi golf och njuter av utsikten mot \u00d6stersj\u00f6n.\" \/>\n<meta property=\"og:url\" content=\"https:\/\/www.visbygk.com\/sv\/hallbarhet\/\" \/>\n<meta property=\"og:site_name\" content=\"Visby GK\" \/>\n<meta property=\"article:modified_time\" content=\"2023-03-10T10:25:48+00:00\" \/>\n<meta property=\"og:image\" content=\"https:\/\/www.visbygk.com\/wp-content\/uploads\/2023\/03\/Certified_Logo_Reverse.png\" \/>\n<meta name=\"twitter:card\" content=\"summary_large_image\" \/>\n<meta name=\"twitter:label1\" content=\"Est. reading time\" \/>\n\t<meta name=\"twitter:data1\" content=\"1 minut\" \/>\n<script type=\"application\/ld+json\" class=\"yoast-schema-graph\">{\"@context\":\"https:\/\/schema.org\",\"@graph\":[{\"@type\":\"WebPage\",\"@id\":\"https:\/\/www.visbygk.com\/sv\/hallbarhet\/\",\"url\":\"https:\/\/www.visbygk.com\/sv\/hallbarhet\/\",\"name\":\"H\u00e5llbarhet - Visby GK\",\"isPartOf\":{\"@id\":\"https:\/\/www.visbygk.com\/sv\/#website\"},\"primaryImageOfPage\":{\"@id\":\"https:\/\/www.visbygk.com\/sv\/hallbarhet\/#primaryimage\"},\"image\":{\"@id\":\"https:\/\/www.visbygk.com\/sv\/hallbarhet\/#primaryimage\"},\"thumbnailUrl\":\"https:\/\/www.visbygk.com\/wp-content\/uploads\/2023\/03\/Certified_Logo_Reverse.png\",\"datePublished\":\"2023-02-27T10:57:10+00:00\",\"dateModified\":\"2023-03-10T10:25:48+00:00\",\"description\":\"V\u00e4lkommen till en av Sveriges vackraste golfbanor! H\u00e4r p\u00e5 Visby GK och Kronholmen spelar vi golf och njuter av utsikten mot \u00d6stersj\u00f6n.\",\"breadcrumb\":{\"@id\":\"https:\/\/www.visbygk.com\/sv\/hallbarhet\/#breadcrumb\"},\"inLanguage\":\"sv-SE\",\"potentialAction\":[{\"@type\":\"ReadAction\",\"target\":[\"https:\/\/www.visbygk.com\/sv\/hallbarhet\/\"]}]},{\"@type\":\"ImageObject\",\"inLanguage\":\"sv-SE\",\"@id\":\"https:\/\/www.visbygk.com\/sv\/hallbarhet\/#primaryimage\",\"url\":\"https:\/\/www.visbygk.com\/wp-content\/uploads\/2023\/03\/Certified_Logo_Reverse.png\",\"contentUrl\":\"https:\/\/www.visbygk.com\/wp-content\/uploads\/2023\/03\/Certified_Logo_Reverse.png\"},{\"@type\":\"BreadcrumbList\",\"@id\":\"https:\/\/www.visbygk.com\/sv\/hallbarhet\/#breadcrumb\",\"itemListElement\":[{\"@type\":\"ListItem\",\"position\":1,\"name\":\"Home\",\"item\":\"https:\/\/www.visbygk.com\/sv\/\"},{\"@type\":\"ListItem\",\"position\":2,\"name\":\"H\u00e5llbarhet\"}]},{\"@type\":\"WebSite\",\"@id\":\"https:\/\/www.visbygk.com\/sv\/#website\",\"url\":\"https:\/\/www.visbygk.com\/sv\/\",\"name\":\"Visby GK\",\"description\":\"Visby GK\",\"publisher\":{\"@id\":\"https:\/\/www.visbygk.com\/sv\/#organization\"},\"potentialAction\":[{\"@type\":\"SearchAction\",\"target\":{\"@type\":\"EntryPoint\",\"urlTemplate\":\"https:\/\/www.visbygk.com\/sv\/?s={search_term_string}\"},\"query-input\":{\"@type\":\"PropertyValueSpecification\",\"valueRequired\":true,\"valueName\":\"search_term_string\"}}],\"inLanguage\":\"sv-SE\"},{\"@type\":\"Organization\",\"@id\":\"https:\/\/www.visbygk.com\/sv\/#organization\",\"name\":\"Visby GK\",\"url\":\"https:\/\/www.visbygk.com\/sv\/\",\"logo\":{\"@type\":\"ImageObject\",\"inLanguage\":\"sv-SE\",\"@id\":\"https:\/\/www.visbygk.com\/sv\/#\/schema\/logo\/image\/\",\"url\":\"https:\/\/www.visbygk.com\/wp-content\/uploads\/2021\/01\/visbygk-svart-1.png\",\"contentUrl\":\"https:\/\/www.visbygk.com\/wp-content\/uploads\/2021\/01\/visbygk-svart-1.png\",\"width\":800,\"height\":800,\"caption\":\"Visby GK\"},\"image\":{\"@id\":\"https:\/\/www.visbygk.com\/sv\/#\/schema\/logo\/image\/\"}}]}<\/script>\n<!-- \/ Yoast SEO plugin. -->","yoast_head_json":{"title":"H\u00e5llbarhet - Visby GK","description":"V\u00e4lkommen till en av Sveriges vackraste golfbanor! H\u00e4r p\u00e5 Visby GK och Kronholmen spelar vi golf och njuter av utsikten mot \u00d6stersj\u00f6n.","robots":{"index":"index","follow":"follow","max-snippet":"max-snippet:-1","max-image-preview":"max-image-preview:large","max-video-preview":"max-video-preview:-1"},"canonical":"https:\/\/www.visbygk.com\/sv\/hallbarhet\/","og_locale":"sv_SE","og_type":"article","og_title":"H\u00e5llbarhet - Visby GK","og_description":"V\u00e4lkommen till en av Sveriges vackraste golfbanor! H\u00e4r p\u00e5 Visby GK och Kronholmen spelar vi golf och njuter av utsikten mot \u00d6stersj\u00f6n.","og_url":"https:\/\/www.visbygk.com\/sv\/hallbarhet\/","og_site_name":"Visby GK","article_modified_time":"2023-03-10T10:25:48+00:00","og_image":[{"url":"https:\/\/www.visbygk.com\/wp-content\/uploads\/2023\/03\/Certified_Logo_Reverse.png","type":"","width":"","height":""}],"twitter_card":"summary_large_image","twitter_misc":{"Est. reading time":"1 minut"},"schema":{"@context":"https:\/\/schema.org","@graph":[{"@type":"WebPage","@id":"https:\/\/www.visbygk.com\/sv\/hallbarhet\/","url":"https:\/\/www.visbygk.com\/sv\/hallbarhet\/","name":"H\u00e5llbarhet - Visby GK","isPartOf":{"@id":"https:\/\/www.visbygk.com\/sv\/#website"},"primaryImageOfPage":{"@id":"https:\/\/www.visbygk.com\/sv\/hallbarhet\/#primaryimage"},"image":{"@id":"https:\/\/www.visbygk.com\/sv\/hallbarhet\/#primaryimage"},"thumbnailUrl":"https:\/\/www.visbygk.com\/wp-content\/uploads\/2023\/03\/Certified_Logo_Reverse.png","datePublished":"2023-02-27T10:57:10+00:00","dateModified":"2023-03-10T10:25:48+00:00","description":"V\u00e4lkommen till en av Sveriges vackraste golfbanor! H\u00e4r p\u00e5 Visby GK och Kronholmen spelar vi golf och njuter av utsikten mot \u00d6stersj\u00f6n.","breadcrumb":{"@id":"https:\/\/www.visbygk.com\/sv\/hallbarhet\/#breadcrumb"},"inLanguage":"sv-SE","potentialAction":[{"@type":"ReadAction","target":["https:\/\/www.visbygk.com\/sv\/hallbarhet\/"]}]},{"@type":"ImageObject","inLanguage":"sv-SE","@id":"https:\/\/www.visbygk.com\/sv\/hallbarhet\/#primaryimage","url":"https:\/\/www.visbygk.com\/wp-content\/uploads\/2023\/03\/Certified_Logo_Reverse.png","contentUrl":"https:\/\/www.visbygk.com\/wp-content\/uploads\/2023\/03\/Certified_Logo_Reverse.png"},{"@type":"BreadcrumbList","@id":"https:\/\/www.visbygk.com\/sv\/hallbarhet\/#breadcrumb","itemListElement":[{"@type":"ListItem","position":1,"name":"Home","item":"https:\/\/www.visbygk.com\/sv\/"},{"@type":"ListItem","position":2,"name":"H\u00e5llbarhet"}]},{"@type":"WebSite","@id":"https:\/\/www.visbygk.com\/sv\/#website","url":"https:\/\/www.visbygk.com\/sv\/","name":"Visby GK","description":"Visby GK","publisher":{"@id":"https:\/\/www.visbygk.com\/sv\/#organization"},"potentialAction":[{"@type":"SearchAction","target":{"@type":"EntryPoint","urlTemplate":"https:\/\/www.visbygk.com\/sv\/?s={search_term_string}"},"query-input":{"@type":"PropertyValueSpecification","valueRequired":true,"valueName":"search_term_string"}}],"inLanguage":"sv-SE"},{"@type":"Organization","@id":"https:\/\/www.visbygk.com\/sv\/#organization","name":"Visby GK","url":"https:\/\/www.visbygk.com\/sv\/","logo":{"@type":"ImageObject","inLanguage":"sv-SE","@id":"https:\/\/www.visbygk.com\/sv\/#\/schema\/logo\/image\/","url":"https:\/\/www.visbygk.com\/wp-content\/uploads\/2021\/01\/visbygk-svart-1.png","contentUrl":"https:\/\/www.visbygk.com\/wp-content\/uploads\/2021\/01\/visbygk-svart-1.png","width":800,"height":800,"caption":"Visby GK"},"image":{"@id":"https:\/\/www.visbygk.com\/sv\/#\/schema\/logo\/image\/"}}]}},"_links":{"self":[{"href":"https:\/\/www.visbygk.com\/sv\/wp-json\/wp\/v2\/pages\/10715","targetHints":{"allow":["GET"]}}],"collection":[{"href":"https:\/\/www.visbygk.com\/sv\/wp-json\/wp\/v2\/pages"}],"about":[{"href":"https:\/\/www.visbygk.com\/sv\/wp-json\/wp\/v2\/types\/page"}],"author":[{"embeddable":true,"href":"https:\/\/www.visbygk.com\/sv\/wp-json\/wp\/v2\/users\/12"}],"replies":[{"embeddable":true,"href":"https:\/\/www.visbygk.com\/sv\/wp-json\/wp\/v2\/comments?post=10715"}],"version-history":[{"count":27,"href":"https:\/\/www.visbygk.com\/sv\/wp-json\/wp\/v2\/pages\/10715\/revisions"}],"predecessor-version":[{"id":10933,"href":"https:\/\/www.visbygk.com\/sv\/wp-json\/wp\/v2\/pages\/10715\/revisions\/10933"}],"wp:attachment":[{"href":"https:\/\/www.visbygk.com\/sv\/wp-json\/wp\/v2\/media?parent=10715"}],"curies":[{"name":"wp","href":"https:\/\/api.w.org\/{rel}","templated":true}]}}